{"id":11775,"date":"2024-10-22T08:34:49","date_gmt":"2024-10-22T08:34:49","guid":{"rendered":"https:\/\/angrystag.com\/?post_type=product&#038;p=11775"},"modified":"2025-07-18T06:27:43","modified_gmt":"2025-07-18T06:27:43","slug":"thermoscope-als-384-20-trimode","status":"publish","type":"product","link":"https:\/\/angrystag.com\/de\/product\/thermal-scope-as-384-20-trimode\/","title":{"rendered":"Thermal Scope AS-384-20 TriMode\u2122"},"content":{"rendered":"<h4><strong>Jetzt vorbestellen! Versand im 3. Quartal 25<\/strong><\/h4>\n<p><span style=\"font-weight: 400;\">Dieses Teleskop verf\u00fcgt \u00fcber eine niedrige &lt;25mK 384\u00d7288 Sensoraufl\u00f6sung. Es wurde mit der neuesten Technologie entwickelt, um dem Benutzer ein hochwertiges Bilderlebnis zu bieten. Dieses Zielfernrohr ist vielseitig einsetzbar und kann als Clip-on, handgehaltene oder Gewehrmontage verwendet werden. Das Zielfernrohr verf\u00fcgt \u00fcber einen manuellen Fokus und ein 20-mm-Objektiv. Das Zielfernrohr verf\u00fcgt au\u00dferdem \u00fcber ein 1024\u00d7768 HD OLED-Mikrodisplay und eine Bildwiederholfrequenz von 60 Hz. Zus\u00e4tzlich zu diesen Merkmalen ist das Zielfernrohr mit einem Shutter und einem Shutterless NUC sowie einer Falschfarbenverbesserung und einer stufenlosen digitalen 12-Stufen-Vergr\u00f6\u00dferung ausgestattet. Das Zielfernrohr verf\u00fcgt \u00fcber einen langlebigen Akku, der bis zu 10 Stunden Betriebszeit bietet (Energiesparfunktion), und bietet Pre-Event-Aufnahme-, Foto- und Videofunktionen sowie 16 GB zuverl\u00e4ssigen Onboard-EMMC-Flash-Speicher.<\/span><\/p>\n<p><span style=\"font-weight: 400;\">Es ist mit Wi-Fi-Streaming und USB-C-Laden ausgestattet. Die Firmware kann vor Ort aktualisiert werden. F\u00fcr noch mehr Funktionalit\u00e4t k\u00f6nnen Benutzer sich f\u00fcr das 1 km Laser-Entfernungsmesser Snap-in-Zubeh\u00f6r entscheiden. Mit der stromsparenden Tilt-Funktion kann die Akkulaufzeit um 20% verl\u00e4ngert werden. Und das Beste von allem ist, dass dieses Zielfernrohr die niedrigsten Kosten in der Branche hat und stolz in den USA hergestellt wird.<\/span><\/p>\n<p><strong>Eigenschaften<\/strong><\/p>\n<ul>\n<li>Clip-on oder Gewehrmontage m\u00f6glich<\/li>\n<li>Manueller Fokus, 35mm, 50mm Objektivoptionen<\/li>\n<li>720P OLED-Mikro-Display<\/li>\n<li>50Hz Bildfrequenz<\/li>\n<li>Ausl\u00f6ser und ausl\u00f6serloser NUC<\/li>\n<li>7 Falschfarbenerweiterung<\/li>\n<li>Digitale Vergr\u00f6\u00dferung<\/li>\n<li>8 Stunden wiederaufladbare Akkulaufzeit<\/li>\n<li>Pre-Event-Aufnahme, Standbilder, Video mit zuverl\u00e4ssigem On-Board-EMMC-Flash-Speicher<\/li>\n<li>Wi-Fi-Streaming<\/li>\n<li>USB-C-Laden<\/li>\n<li>Laser-Entfernungsmesser als Zubeh\u00f6r mit ballistischen Berechnungen<\/li>\n<li>Neuester Stand der Technik, ultraleicht<\/li>\n<li>Geh\u00e4use aus Flugzeug-Aluminium<\/li>\n<li>Energiesparfunktion und automatische Abschaltung f\u00fcr l\u00e4ngere Akkulaufzeit<\/li>\n<li>Geringste Kosten in der Branche<\/li>\n<li>Hergestellt in den USA<\/li>\n<\/ul>\n<p><strong>Spezifikation<\/strong><\/p>\n<ul>\n<li style=\"font-weight: 400;\" aria-level=\"4\"><span style=\"font-weight: 400;\">Sensor - &lt;25mK 384\u00d7288 Thermosensor (22mK typisch)<\/span><\/li>\n<li style=\"font-weight: 400;\" aria-level=\"4\"><span style=\"font-weight: 400;\">TriMode\u2122-Okular erm\u00f6glicht den Betrieb mit Clip-on, Zielfernrohr oder aus der Hand (Patent Pending)<\/span><\/li>\n<li style=\"font-weight: 400;\" aria-level=\"4\"><span style=\"font-weight: 400;\">ThermaLoc\u2122 - erm\u00f6glicht die Jagd bei Tag und Nacht, ohne das Ziel zu verlieren (Patent Pending)<\/span><\/li>\n<li style=\"font-weight: 400;\" aria-level=\"4\"><span style=\"font-weight: 400;\">Aufzeichnung - Video, Standbilder, Pre-Event, 16 GB On-Board-Flash (10 Stunden Video)<\/span><\/li>\n<li style=\"font-weight: 400;\" aria-level=\"4\"><span style=\"font-weight: 400;\">USB-C-Laden<\/span><\/li>\n<li style=\"font-weight: 400;\" aria-level=\"4\"><span style=\"font-weight: 400;\">Wi-Fi-Streaming<\/span><\/li>\n<li style=\"font-weight: 400;\" aria-level=\"4\"><span style=\"font-weight: 400;\">Anzeige - 1024\u00d7768 OLED, 60Hz<\/span><\/li>\n<li style=\"font-weight: 400;\" aria-level=\"4\"><span style=\"font-weight: 400;\">12-stufige, stufenlose digitale Vergr\u00f6\u00dferung<\/span><\/li>\n<li style=\"font-weight: 400;\" aria-level=\"4\"><span style=\"font-weight: 400;\">USB-C Feld Firmware aktualisierbar<\/span><\/li>\n<li style=\"font-weight: 400;\" aria-level=\"4\"><span style=\"font-weight: 400;\">6 Sprachen<\/span><\/li>\n<li style=\"font-weight: 400;\" aria-level=\"4\"><span style=\"font-weight: 400;\">5 mehrfarbige Absehen<\/span><\/li>\n<li style=\"font-weight: 400;\" aria-level=\"4\"><span style=\"font-weight: 400;\">6 w\u00e4hlbare Farbpaletten<\/span><\/li>\n<li style=\"font-weight: 400;\" aria-level=\"4\"><span style=\"font-weight: 400;\">Integrierte wiederaufladbare 3AH-Batterie, 8+ Stunden<\/span><\/li>\n<li style=\"font-weight: 400;\" aria-level=\"4\"><span style=\"font-weight: 400;\">Einmalige Ausrichtung<\/span><\/li>\n<li style=\"font-weight: 400;\" aria-level=\"4\"><span style=\"font-weight: 400;\">Verschlusslose Ungleichf\u00f6rmigkeitskorrektur (NUC), kalibriert 20C bis 60C<\/span><\/li>\n<li style=\"font-weight: 400;\" aria-level=\"4\"><span style=\"font-weight: 400;\">Neigungsenergieeinsparung kann die Akkulaufzeit auf \u00fcber 10 Stunden verl\u00e4ngern<\/span><\/li>\n<li style=\"font-weight: 400;\" aria-level=\"4\"><span style=\"font-weight: 400;\">Aufladen \u00fcber USB-Adapter (mitgeliefert) oder ein beliebiges Netzteil<\/span><\/li>\n<li>1,5-9x Vergr\u00f6\u00dferung<\/li>\n<\/ul>\n<p><strong style=\"font-family: var(--e-global-typography-text-font-family);\">Zubeh\u00f6r in der Schachtel<\/strong><\/p>\n<ul>\n<li>Weiche EVA-Tragetasche<\/li>\n<li>Clip-on und Gewehrmontage-Okularmuscheln<\/li>\n<li>Picatinny-Schienenmontage<\/li>\n<li>Lanyard f\u00fcr Handbetrieb<\/li>\n<li>Mikrofaser-Linsenreiniger<\/li>\n<li>2A USB-C Batterieladeger\u00e4t<\/li>\n<li>Ziel ausrichten<\/li>\n<li>Aufklebbare W\u00e4rmekissen Alignment 5<\/li>\n<li>Schnellstart-Anleitung<\/li>\n<li>Detailliertes Benutzerhandbuch<\/li>\n<\/ul>\n<p><strong>Ressourcen<\/strong><\/p>\n<ul>\n<li><a href=\"https:\/\/angrystag.com\/wp-content\/uploads\/2025\/01\/SalesSheetScopes1-5-25sm.pdf\">Verkaufsblatt ansehen<\/a><\/li>\n<li><a href=\"https:\/\/angrystag.com\/wp-content\/uploads\/2025\/07\/Scope_UserGuide7-14-253.pdf\">Benutzerhandbuch anzeigen<\/a><\/li>\n<li><a href=\"https:\/\/angrystag.com\/wp-content\/uploads\/2024\/12\/Scope_Quickstart_12-3-24.pdf\">Schnellstartanleitung anzeigen<\/a><\/li>\n<\/ul>\n<p><strong>Produktname<\/strong><\/p>\n<ul>\n<li>AS-384-20<\/li>\n<\/ul>","protected":false},"excerpt":{"rendered":"<p><span style=\"font-weight: 400;\">Erleben Sie \u00fcberragende W\u00e4rmebilder mit diesem fortschrittlichen Zielfernrohr mit einem 384\u00d7288-Sensor. Es wurde f\u00fcr den vielseitigen Einsatz entwickelt und bietet erstklassige W\u00e4rmebilder, manuellen Fokus und ein 20-mm-Objektiv. Ausgestattet mit einem shutterlosen NUC, Falschfarbenverbesserung und digitaler Vergr\u00f6\u00dferung bietet dieses Zielfernrohr eine au\u00dfergew\u00f6hnliche Leistung. Es wird von einem langlebigen Akku betrieben und bietet Wi-Fi-Streaming und USB-C-Laden. Das Thermal Scope AS384 ist aus robustem Flugzeugaluminium gefertigt und bietet Funktionen wie Pre-Event-Aufnahme, Standbilder und Video. Alle Angry Stag Thermal Scopes sind standardm\u00e4\u00dfig mit Trimode\u2122 ausgestattet, das die Verwendung als Zielfernrohr, Clip-on oder Handheld erm\u00f6glicht, sowie mit ThermaLoc\u2122 f\u00fcr die Jagd und Beobachtung bei Tag. Hergestellt in den USA, ist es erschwinglich f\u00fcr J\u00e4ger und Enthusiasten, die ein erstklassiges W\u00e4rmebildger\u00e4t suchen.<\/span><\/p>","protected":false},"featured_media":12488,"comment_status":"closed","ping_status":"closed","template":"","meta":[],"product_cat":[15,168,164],"product_tag":[240],"class_list":{"0":"post-11775","1":"product","2":"type-product","3":"status-publish","4":"has-post-thumbnail","6":"product_cat-all-products","7":"product_cat-scopes","8":"product_cat-thermal-scopes","9":"product_tag-384-20","10":"pa_1000gs-tested-yes","11":"pa_5-year-limited-warranty-yes","12":"pa_50hz-refresh-rate-yes","13":"pa_6-reticles-3-colors-yes","14":"pa_7-false-color-pallets-yes","15":"pa_accessories-carrying-case","16":"pa_accessories-eyecup-for-riflescope-and-clip-on","17":"pa_accessories-flip-up-lens-cover","18":"pa_accessories-microfiber-lens-cleaner","19":"pa_accessories-owners-manual","20":"pa_accessories-quickstart-guide","21":"pa_accessories-thermal-targets","22":"pa_accessories-usb-c-changing-adpater","23":"pa_accessories-usb-c-streaming-cable","24":"pa_field-firmware-update-no","25":"pa_horizontal-field-of-view-25-degrees","26":"pa_mk-76","27":"pa_oled-1024x768-yes","28":"pa_one-shot-freeze-alignment-yes","29":"pa_pixel-size-17um","30":"pa_sensor-resolution-384x288","31":"pa_thermal-lens-20mm","32":"pa_tilt-power-savings-yes","33":"pa_tilt-sensor-yes","34":"pa_trimode-mount-yes","36":"first","37":"instock","38":"featured","39":"taxable","40":"shipping-taxable","41":"purchasable","42":"product-type-simple"},"yoast_head":"<!-- This site is optimized with the Yoast SEO plugin v27.2 - https:\/\/yoast.com\/product\/yoast-seo-wordpress\/ -->\n<title>Thermal Scope AS-384-20 TriMode\u2122 - Angry Stag<\/title>\n<meta name=\"robots\" content=\"index, follow, max-snippet:-1, max-image-preview:large, max-video-preview:-1\" \/>\n<link rel=\"canonical\" href=\"https:\/\/angrystag.com\/de\/product\/thermoscope-als-384-20-trimode\/\" \/>\n<meta property=\"og:locale\" content=\"de_DE\" \/>\n<meta property=\"og:type\" content=\"article\" \/>\n<meta property=\"og:title\" content=\"Thermal Scope AS-384-20 TriMode\u2122 - Angry Stag\" \/>\n<meta property=\"og:description\" content=\"Experience superior thermal imaging with this advanced scope featuring a 384\u00d7288 sensor. Designed for versatile use, it offers best-in-class thermal imaging, manual focus, and a 20mm lens. Equipped with a shutterless NUC, false color enhancement, and digital magnification, this scope delivers exceptional performance. Powered by a long-lasting battery, it provides Wi-Fi streaming and USB-C charging. The Thermal Scope AS384 is built with durable aircraft Aluminum and offers features like pre-event recording, stills, and video. All Angry Stag Thermal scopes come standard with Trimode\u2122 allowing for use as a riflescope, a clip-on, or a handheld, and ThermaLoc\u2122 allowing for daytime hunting and observing. Made in the USA, it\u2019s affordable for hunters and enthusiasts seeking top-tier thermal imaging.\" \/>\n<meta property=\"og:url\" content=\"https:\/\/angrystag.com\/de\/product\/thermoscope-als-384-20-trimode\/\" \/>\n<meta property=\"og:site_name\" content=\"Angry Stag\" \/>\n<meta property=\"article:publisher\" content=\"https:\/\/www.facebook.com\/profile.php?id=100083670355772&amp;mibextid=LQQJ4d\" \/>\n<meta property=\"article:modified_time\" content=\"2025-07-18T06:27:43+00:00\" \/>\n<meta property=\"og:image\" content=\"https:\/\/angrystag.com\/wp-content\/uploads\/2024\/10\/thermal-scope-as-384-20-trimode.jpg\" \/>\n\t<meta property=\"og:image:width\" content=\"2560\" \/>\n\t<meta property=\"og:image:height\" content=\"2560\" \/>\n\t<meta property=\"og:image:type\" content=\"image\/jpeg\" \/>\n<meta name=\"twitter:card\" content=\"summary_large_image\" \/>\n<meta name=\"twitter:label1\" content=\"Est. reading time\" \/>\n\t<meta name=\"twitter:data1\" content=\"2 minutes\" \/>\n<script type=\"application\/ld+json\" class=\"yoast-schema-graph\">{\"@context\":\"https:\/\/schema.org\",\"@graph\":[{\"@type\":\"WebPage\",\"@id\":\"https:\/\/angrystag.com\/product\/thermal-scope-as-384-20-trimode\/\",\"url\":\"https:\/\/angrystag.com\/product\/thermal-scope-as-384-20-trimode\/\",\"name\":\"Thermal Scope AS-384-20 TriMode\u2122 - Angry Stag\",\"isPartOf\":{\"@id\":\"https:\/\/angrystag.com\/#website\"},\"primaryImageOfPage\":{\"@id\":\"https:\/\/angrystag.com\/product\/thermal-scope-as-384-20-trimode\/#primaryimage\"},\"image\":{\"@id\":\"https:\/\/angrystag.com\/product\/thermal-scope-as-384-20-trimode\/#primaryimage\"},\"thumbnailUrl\":\"https:\/\/angrystag.com\/wp-content\/uploads\/2024\/10\/thermal-scope-as-384-20-trimode.jpg\",\"datePublished\":\"2024-10-22T08:34:49+00:00\",\"dateModified\":\"2025-07-18T06:27:43+00:00\",\"breadcrumb\":{\"@id\":\"https:\/\/angrystag.com\/product\/thermal-scope-as-384-20-trimode\/#breadcrumb\"},\"inLanguage\":\"de-DE\",\"potentialAction\":[{\"@type\":\"ReadAction\",\"target\":[\"https:\/\/angrystag.com\/product\/thermal-scope-as-384-20-trimode\/\"]}]},{\"@type\":\"ImageObject\",\"inLanguage\":\"de-DE\",\"@id\":\"https:\/\/angrystag.com\/product\/thermal-scope-as-384-20-trimode\/#primaryimage\",\"url\":\"https:\/\/angrystag.com\/wp-content\/uploads\/2024\/10\/thermal-scope-as-384-20-trimode.jpg\",\"contentUrl\":\"https:\/\/angrystag.com\/wp-content\/uploads\/2024\/10\/thermal-scope-as-384-20-trimode.jpg\",\"width\":2560,\"height\":2560,\"caption\":\"Thermal Scope AS-384-20 TriMode\u2122\"},{\"@type\":\"BreadcrumbList\",\"@id\":\"https:\/\/angrystag.com\/product\/thermal-scope-as-384-20-trimode\/#breadcrumb\",\"itemListElement\":[{\"@type\":\"ListItem\",\"position\":1,\"name\":\"Home\",\"item\":\"https:\/\/angrystag.com\/\"},{\"@type\":\"ListItem\",\"position\":2,\"name\":\"Shop\",\"item\":\"https:\/\/angrystag.com\/shop\/\"},{\"@type\":\"ListItem\",\"position\":3,\"name\":\"Thermal Scope AS-384-20 TriMode\u2122\"}]},{\"@type\":\"WebSite\",\"@id\":\"https:\/\/angrystag.com\/#website\",\"url\":\"https:\/\/angrystag.com\/\",\"name\":\"Angry Stag\",\"description\":\"Innovative &amp; Reliable Outdoor Products\",\"publisher\":{\"@id\":\"https:\/\/angrystag.com\/#organization\"},\"potentialAction\":[{\"@type\":\"SearchAction\",\"target\":{\"@type\":\"EntryPoint\",\"urlTemplate\":\"https:\/\/angrystag.com\/?s={search_term_string}\"},\"query-input\":{\"@type\":\"PropertyValueSpecification\",\"valueRequired\":true,\"valueName\":\"search_term_string\"}}],\"inLanguage\":\"de-DE\"},{\"@type\":\"Organization\",\"@id\":\"https:\/\/angrystag.com\/#organization\",\"name\":\"Angry Stag\",\"url\":\"https:\/\/angrystag.com\/\",\"logo\":{\"@type\":\"ImageObject\",\"inLanguage\":\"de-DE\",\"@id\":\"https:\/\/angrystag.com\/#\/schema\/logo\/image\/\",\"url\":\"https:\/\/angrystag.com\/wp-content\/uploads\/2024\/09\/Angry-Stag-Horizontal-Logo.png\",\"contentUrl\":\"https:\/\/angrystag.com\/wp-content\/uploads\/2024\/09\/Angry-Stag-Horizontal-Logo.png\",\"width\":800,\"height\":214,\"caption\":\"Angry Stag\"},\"image\":{\"@id\":\"https:\/\/angrystag.com\/#\/schema\/logo\/image\/\"},\"sameAs\":[\"https:\/\/www.facebook.com\/profile.php?id=100083670355772&mibextid=LQQJ4d\",\"https:\/\/www.instagram.com\/angrystagbrand\/\"]}]}<\/script>\n<!-- \/ Yoast SEO plugin. -->","yoast_head_json":{"title":"W\u00e4rmebildger\u00e4t AS-384-20 TriMode\u2122 - Angry Stag","robots":{"index":"index","follow":"follow","max-snippet":"max-snippet:-1","max-image-preview":"max-image-preview:large","max-video-preview":"max-video-preview:-1"},"canonical":"https:\/\/angrystag.com\/de\/product\/thermoscope-als-384-20-trimode\/","og_locale":"de_DE","og_type":"article","og_title":"Thermal Scope AS-384-20 TriMode\u2122 - Angry Stag","og_description":"Experience superior thermal imaging with this advanced scope featuring a 384\u00d7288 sensor. Designed for versatile use, it offers best-in-class thermal imaging, manual focus, and a 20mm lens. Equipped with a shutterless NUC, false color enhancement, and digital magnification, this scope delivers exceptional performance. Powered by a long-lasting battery, it provides Wi-Fi streaming and USB-C charging. The Thermal Scope AS384 is built with durable aircraft Aluminum and offers features like pre-event recording, stills, and video. All Angry Stag Thermal scopes come standard with Trimode\u2122 allowing for use as a riflescope, a clip-on, or a handheld, and ThermaLoc\u2122 allowing for daytime hunting and observing. Made in the USA, it\u2019s affordable for hunters and enthusiasts seeking top-tier thermal imaging.","og_url":"https:\/\/angrystag.com\/de\/product\/thermoscope-als-384-20-trimode\/","og_site_name":"Angry Stag","article_publisher":"https:\/\/www.facebook.com\/profile.php?id=100083670355772&mibextid=LQQJ4d","article_modified_time":"2025-07-18T06:27:43+00:00","og_image":[{"width":2560,"height":2560,"url":"https:\/\/angrystag.com\/wp-content\/uploads\/2024\/10\/thermal-scope-as-384-20-trimode.jpg","type":"image\/jpeg"}],"twitter_card":"summary_large_image","twitter_misc":{"Est. reading time":"2 minutes"},"schema":{"@context":"https:\/\/schema.org","@graph":[{"@type":"WebPage","@id":"https:\/\/angrystag.com\/product\/thermal-scope-as-384-20-trimode\/","url":"https:\/\/angrystag.com\/product\/thermal-scope-as-384-20-trimode\/","name":"W\u00e4rmebildger\u00e4t AS-384-20 TriMode\u2122 - Angry Stag","isPartOf":{"@id":"https:\/\/angrystag.com\/#website"},"primaryImageOfPage":{"@id":"https:\/\/angrystag.com\/product\/thermal-scope-as-384-20-trimode\/#primaryimage"},"image":{"@id":"https:\/\/angrystag.com\/product\/thermal-scope-as-384-20-trimode\/#primaryimage"},"thumbnailUrl":"https:\/\/angrystag.com\/wp-content\/uploads\/2024\/10\/thermal-scope-as-384-20-trimode.jpg","datePublished":"2024-10-22T08:34:49+00:00","dateModified":"2025-07-18T06:27:43+00:00","breadcrumb":{"@id":"https:\/\/angrystag.com\/product\/thermal-scope-as-384-20-trimode\/#breadcrumb"},"inLanguage":"de-DE","potentialAction":[{"@type":"ReadAction","target":["https:\/\/angrystag.com\/product\/thermal-scope-as-384-20-trimode\/"]}]},{"@type":"ImageObject","inLanguage":"de-DE","@id":"https:\/\/angrystag.com\/product\/thermal-scope-as-384-20-trimode\/#primaryimage","url":"https:\/\/angrystag.com\/wp-content\/uploads\/2024\/10\/thermal-scope-as-384-20-trimode.jpg","contentUrl":"https:\/\/angrystag.com\/wp-content\/uploads\/2024\/10\/thermal-scope-as-384-20-trimode.jpg","width":2560,"height":2560,"caption":"Thermal Scope AS-384-20 TriMode\u2122"},{"@type":"BreadcrumbList","@id":"https:\/\/angrystag.com\/product\/thermal-scope-as-384-20-trimode\/#breadcrumb","itemListElement":[{"@type":"ListItem","position":1,"name":"Home","item":"https:\/\/angrystag.com\/"},{"@type":"ListItem","position":2,"name":"Shop","item":"https:\/\/angrystag.com\/shop\/"},{"@type":"ListItem","position":3,"name":"Thermal Scope AS-384-20 TriMode\u2122"}]},{"@type":"WebSite","@id":"https:\/\/angrystag.com\/#website","url":"https:\/\/angrystag.com\/","name":"W\u00fctender Hirsch","description":"Innovative und zuverl\u00e4ssige Outdoor-Produkte","publisher":{"@id":"https:\/\/angrystag.com\/#organization"},"potentialAction":[{"@type":"SearchAction","target":{"@type":"EntryPoint","urlTemplate":"https:\/\/angrystag.com\/?s={search_term_string}"},"query-input":{"@type":"PropertyValueSpecification","valueRequired":true,"valueName":"search_term_string"}}],"inLanguage":"de-DE"},{"@type":"Organization","@id":"https:\/\/angrystag.com\/#organization","name":"W\u00fctender Hirsch","url":"https:\/\/angrystag.com\/","logo":{"@type":"ImageObject","inLanguage":"de-DE","@id":"https:\/\/angrystag.com\/#\/schema\/logo\/image\/","url":"https:\/\/angrystag.com\/wp-content\/uploads\/2024\/09\/Angry-Stag-Horizontal-Logo.png","contentUrl":"https:\/\/angrystag.com\/wp-content\/uploads\/2024\/09\/Angry-Stag-Horizontal-Logo.png","width":800,"height":214,"caption":"Angry Stag"},"image":{"@id":"https:\/\/angrystag.com\/#\/schema\/logo\/image\/"},"sameAs":["https:\/\/www.facebook.com\/profile.php?id=100083670355772&mibextid=LQQJ4d","https:\/\/www.instagram.com\/angrystagbrand\/"]}]}},"_links":{"self":[{"href":"https:\/\/angrystag.com\/de\/wp-json\/wp\/v2\/product\/11775","targetHints":{"allow":["GET"]}}],"collection":[{"href":"https:\/\/angrystag.com\/de\/wp-json\/wp\/v2\/product"}],"about":[{"href":"https:\/\/angrystag.com\/de\/wp-json\/wp\/v2\/types\/product"}],"replies":[{"embeddable":true,"href":"https:\/\/angrystag.com\/de\/wp-json\/wp\/v2\/comments?post=11775"}],"wp:featuredmedia":[{"embeddable":true,"href":"https:\/\/angrystag.com\/de\/wp-json\/wp\/v2\/media\/12488"}],"wp:attachment":[{"href":"https:\/\/angrystag.com\/de\/wp-json\/wp\/v2\/media?parent=11775"}],"wp:term":[{"taxonomy":"product_cat","embeddable":true,"href":"https:\/\/angrystag.com\/de\/wp-json\/wp\/v2\/product_cat?post=11775"},{"taxonomy":"product_tag","embeddable":true,"href":"https:\/\/angrystag.com\/de\/wp-json\/wp\/v2\/product_tag?post=11775"}],"curies":[{"name":"WP","href":"https:\/\/api.w.org\/{rel}","templated":true}]}}