{"id":12951,"date":"2025-12-15T18:43:35","date_gmt":"2025-12-15T18:43:35","guid":{"rendered":"https:\/\/angrystag.com\/?post_type=product&#038;p=12951"},"modified":"2025-12-15T18:59:16","modified_gmt":"2025-12-15T18:59:16","slug":"thermal-scope-as-320-15-trimode","status":"publish","type":"product","link":"https:\/\/angrystag.com\/de\/product\/thermal-scope-as-320-15-trimode\/","title":{"rendered":"W\u00e4rmebildkamera AS-320-15 TriMode\u2122"},"content":{"rendered":"<p><span style=\"font-weight: 400\">Unser Zielfernrohr ist in einer Sensoraufl\u00f6sung von 320x240 erh\u00e4ltlich. Dieses Zielfernrohr wurde mit modernster Technologie entwickelt, um Benutzern ein hochwertiges Bildgebungs-Erlebnis zu bieten. Dieses Zielfernrohr ist vielseitig einsetzbar und kann mit einer Clip-On-Halterung oder einer Montage auf einem Gewehr verwendet werden. Das Zielfernrohr verf\u00fcgt \u00fcber einen manuellen Fokus und hat eine 15<\/span><span style=\"font-weight: 400\">mm-Objektiv. Es verf\u00fcgt au\u00dferdem \u00fcber ein 720P OLED-Mikrodisplay und eine Bildwiederholrate von 50 Hz. Zus\u00e4tzlich zu diesen Merkmalen ist dieses Zielfernrohr mit einem Shutter und einem Shutterless NUC sowie einer Falschfarben-Anhebung und einem digitalen Zoom ausgestattet. Dieses Zielfernrohr verf\u00fcgt \u00fcber einen langlebigen Akku, der bis zu 12 Stunden Nutzung erm\u00f6glicht, und ist mit Pre-Event-Aufnahme-, Standbild- und Videofunktionen sowie zuverl\u00e4ssigem integriertem EMMC-Flash-Speicher ausgestattet.<\/span><\/p>\n<p><span style=\"font-weight: 400\">Das Fernglas verf\u00fcgt \u00fcber Wi-Fi-Streaming und USB-C-Ladefunktionen. Die Firmware kann vor Ort aktualisiert werden. F\u00fcr noch mehr Funktionalit\u00e4t k\u00f6nnen Benutzer das optional erh\u00e4ltliche Laser-Entfernungsmesser-Snap-in-Zubeh\u00f6r verwenden, das ballistische Berechnungen erm\u00f6glicht. Dieses Fernglas ist au\u00dferdem extrem leicht. Das Fernglas verf\u00fcgt \u00fcber eine Neigungs-Stromsparfachnis und eine automatische Abschaltfunktion, um die Batterielebensdauer zu verl\u00e4ngern. Und das Beste daran: Dieses Fernglas ist das preiswerteste in der Branche und wird stolz in den USA hergestellt.<\/span><\/p>\n<p><strong>Eigenschaften<\/strong><\/p>\n<ul>\n<li>Clip-on oder Gewehrmontage m\u00f6glich<\/li>\n<li>Manueller Fokus, 35mm, 50mm Objektivoptionen<\/li>\n<li>720P OLED-Mikro-Display<\/li>\n<li>50Hz Bildfrequenz<\/li>\n<li>Ausl\u00f6ser und ausl\u00f6serloser NUC<\/li>\n<li>7 Falschfarbenerweiterung<\/li>\n<li>Digitale Vergr\u00f6\u00dferung<\/li>\n<li>8 Stunden wiederaufladbare Akkulaufzeit<\/li>\n<li>Pre-Event-Aufnahme, Standbilder, Video mit zuverl\u00e4ssigem On-Board-EMMC-Flash-Speicher<\/li>\n<li>Wi-Fi-Streaming<\/li>\n<li>USB-C-Laden<\/li>\n<li>Laser-Entfernungsmesser als Zubeh\u00f6r mit ballistischen Berechnungen<\/li>\n<li>Neuester Stand der Technik, ultraleicht<\/li>\n<li>Geh\u00e4use aus Flugzeug-Aluminium<\/li>\n<li>Energiesparfunktion und automatische Abschaltung f\u00fcr l\u00e4ngere Akkulaufzeit<\/li>\n<li>Geringste Kosten in der Branche<\/li>\n<li>Hergestellt in den USA<\/li>\n<\/ul>\n<p><strong>Spezifikation<\/strong><\/p>\n<ul>\n<li>320\u00d7240 Sensor<\/li>\n<li>15-mm-Objektiv<\/li>\n<li>3-9-fache Vergr\u00f6\u00dferung<\/li>\n<li>15 Grad HFOV<\/li>\n<li>TriMode\u2122.<\/li>\n<li>ThermaLoc\u2122.<\/li>\n<\/ul>\n<p><strong>Zubeh\u00f6r in der Schachtel<\/strong><\/p>\n<ul>\n<li>Weiche EVA-Tragetasche<\/li>\n<li>Clip-on und Gewehrmontage-Okularmuscheln<\/li>\n<li>Picatinny-Schienenmontage<\/li>\n<li>Lanyard f\u00fcr Handbetrieb<\/li>\n<li>Mikrofaser-Linsenreiniger<\/li>\n<li>2A USB-C Batterieladeger\u00e4t<\/li>\n<li>Ziel ausrichten<\/li>\n<li>Aufklebbare W\u00e4rmekissen Alignment 5<\/li>\n<li>Schnellstart-Anleitung<\/li>\n<li>Detailliertes Benutzerhandbuch<\/li>\n<\/ul>\n<p><strong>Ressourcen<\/strong><\/p>\n<ul>\n<li><a href=\"https:\/\/angrystag.com\/wp-content\/uploads\/2025\/01\/SalesSheetScopes1-5-25sm.pdf\">Verkaufsblatt ansehen<\/a><\/li>\n<li><a href=\"https:\/\/angrystag.com\/wp-content\/uploads\/2025\/07\/Scope_UserGuide7-14-253.pdf\">Benutzerhandbuch anzeigen<\/a><\/li>\n<li><a href=\"https:\/\/angrystag.com\/wp-content\/uploads\/2024\/12\/Scope_Quickstart_12-3-24.pdf\">Schnellstartanleitung anzeigen<\/a><\/li>\n<\/ul>\n<p><strong>Produktname<\/strong><\/p>\n<ul>\n<li>AS-320-15<\/li>\n<\/ul>","protected":false},"excerpt":{"rendered":"<p><span style=\"font-weight: 400\">Erleben Sie \u00fcberragende W\u00e4rmebilder mit diesem fortschrittlichen Zielfernrohr, das ein <\/span><span style=\"font-weight: 400\">320\u00d7240<\/span><span style=\"font-weight: 400\"> Sensor. Sie wurde f\u00fcr den vielseitigen Einsatz konzipiert und bietet erstklassige W\u00e4rmebilder, manuellen Fokus und ein 15<\/span><span style=\"font-weight: 400\">mm-Objektiv. Ausgestattet mit einem verschlusslosen NUC, Farb\u00fcberlagerung und digitaler Vergr\u00f6\u00dferung bietet dieses Zielfernrohr eine au\u00dfergew\u00f6hnliche Leistung. Angetrieben von einem langlebigen Akku, erm\u00f6glicht es WLAN-Streaming und USB-C-Ladung. Das Thermal Scope AS320 ist aus strapazierf\u00e4higem Flugzeugaluminium gefertigt und bietet Funktionen wie Voraufzeichnung, Standbilder und Video. Alle Angry Stag Thermal Scopes sind standardm\u00e4\u00dfig mit Trimode\u2122 ausgestattet, das die Verwendung als Zielfernrohr, Vorsatzger\u00e4t oder Handger\u00e4t erm\u00f6glicht, und ThermaLoc\u2122, das f\u00fcr die Jagd und Beobachtung bei Tag geeignet ist. Hergestellt in den USA, ist es f\u00fcr J\u00e4ger und Enthusiasten, die hochmoderne W\u00e4rmebildtechnik suchen, erschwinglich.<\/span><\/p>","protected":false},"featured_media":12483,"comment_status":"closed","ping_status":"closed","template":"","meta":[],"product_cat":[168,164],"product_tag":[263],"class_list":{"0":"post-12951","1":"product","2":"type-product","3":"status-publish","4":"has-post-thumbnail","6":"product_cat-scopes","7":"product_cat-thermal-scopes","8":"product_tag-320-15","9":"pa_1000gs-tested-yes","10":"pa_5-year-limited-warranty-yes","11":"pa_50hz-refresh-rate-yes","12":"pa_6-reticles-3-colors-yes","13":"pa_7-false-color-pallets-yes","14":"pa_accessories-carrying-case","15":"pa_accessories-eyecup-for-riflescope-and-clip-on","16":"pa_accessories-flip-up-lens-cover","17":"pa_accessories-microfiber-lens-cleaner","18":"pa_accessories-owners-manual","19":"pa_accessories-quickstart-guide","20":"pa_accessories-thermal-targets","21":"pa_accessories-usb-c-changing-adpater","22":"pa_accessories-usb-c-streaming-cable","23":"pa_field-firmware-update-no","24":"pa_horizontal-field-of-view-15-degrees","25":"pa_mk-74","26":"pa_oled-1024x768-yes","27":"pa_one-shot-freeze-alignment-yes","28":"pa_pixel-size-12um","29":"pa_sensor-resolution-320x240","30":"pa_thermal-lens-15mm","31":"pa_tilt-power-savings-yes","32":"pa_tilt-sensor-yes","33":"pa_trimode-mount-yes","35":"first","36":"instock","37":"taxable","38":"shipping-taxable","39":"purchasable","40":"product-type-simple"},"yoast_head":"<!-- This site is optimized with the Yoast SEO plugin v27.2 - https:\/\/yoast.com\/product\/yoast-seo-wordpress\/ -->\n<title>Thermal Scope AS-320-15 TriMode\u2122 - Angry Stag<\/title>\n<meta name=\"robots\" content=\"index, follow, max-snippet:-1, max-image-preview:large, max-video-preview:-1\" \/>\n<link rel=\"canonical\" href=\"https:\/\/angrystag.com\/de\/product\/thermal-scope-as-320-15-trimode\/\" \/>\n<meta property=\"og:locale\" content=\"de_DE\" \/>\n<meta property=\"og:type\" content=\"article\" \/>\n<meta property=\"og:title\" content=\"Thermal Scope AS-320-15 TriMode\u2122 - Angry Stag\" \/>\n<meta property=\"og:description\" content=\"Experience superior thermal imaging with this advanced scope featuring a 320\u00d7240 sensor. Designed for versatile use, it offers best-in-class thermal imaging, manual focus, and a 15mm lens. Equipped with a shutterless NUC, false color enhancement, and digital magnification, this scope delivers exceptional performance. Powered by a long-lasting battery, it provides Wi-Fi streaming and USB-C charging. The Thermal Scope AS320 is built with durable aircraft Aluminum and offers features like pre-event recording, stills, and video. All Angry Stag Thermal scopes come standard with Trimode\u2122 allowing for use as a riflescope, a clip-on, or a handheld, and ThermaLoc\u2122 allowing for daytime hunting and observing. Made in the USA, it\u2019s affordable for hunters and enthusiasts seeking top-tier thermal imaging.\" \/>\n<meta property=\"og:url\" content=\"https:\/\/angrystag.com\/de\/product\/thermal-scope-as-320-15-trimode\/\" \/>\n<meta property=\"og:site_name\" content=\"Angry Stag\" \/>\n<meta property=\"article:publisher\" content=\"https:\/\/www.facebook.com\/profile.php?id=100083670355772&amp;mibextid=LQQJ4d\" \/>\n<meta property=\"article:modified_time\" content=\"2025-12-15T18:59:16+00:00\" \/>\n<meta property=\"og:image\" content=\"https:\/\/angrystag.com\/wp-content\/uploads\/2024\/09\/thermal-scope-as-256-15-trimode.png\" \/>\n\t<meta property=\"og:image:width\" content=\"1536\" \/>\n\t<meta property=\"og:image:height\" content=\"1536\" \/>\n\t<meta property=\"og:image:type\" content=\"image\/png\" \/>\n<meta name=\"twitter:card\" content=\"summary_large_image\" \/>\n<meta name=\"twitter:label1\" content=\"Est. reading time\" \/>\n\t<meta name=\"twitter:data1\" content=\"2 minutes\" \/>\n<script type=\"application\/ld+json\" class=\"yoast-schema-graph\">{\"@context\":\"https:\/\/schema.org\",\"@graph\":[{\"@type\":\"WebPage\",\"@id\":\"https:\/\/angrystag.com\/product\/thermal-scope-as-320-15-trimode\/\",\"url\":\"https:\/\/angrystag.com\/product\/thermal-scope-as-320-15-trimode\/\",\"name\":\"Thermal Scope AS-320-15 TriMode\u2122 - Angry Stag\",\"isPartOf\":{\"@id\":\"https:\/\/angrystag.com\/#website\"},\"primaryImageOfPage\":{\"@id\":\"https:\/\/angrystag.com\/product\/thermal-scope-as-320-15-trimode\/#primaryimage\"},\"image\":{\"@id\":\"https:\/\/angrystag.com\/product\/thermal-scope-as-320-15-trimode\/#primaryimage\"},\"thumbnailUrl\":\"https:\/\/angrystag.com\/wp-content\/uploads\/2024\/09\/thermal-scope-as-256-15-trimode.png\",\"datePublished\":\"2025-12-15T18:43:35+00:00\",\"dateModified\":\"2025-12-15T18:59:16+00:00\",\"breadcrumb\":{\"@id\":\"https:\/\/angrystag.com\/product\/thermal-scope-as-320-15-trimode\/#breadcrumb\"},\"inLanguage\":\"de-DE\",\"potentialAction\":[{\"@type\":\"ReadAction\",\"target\":[\"https:\/\/angrystag.com\/product\/thermal-scope-as-320-15-trimode\/\"]}]},{\"@type\":\"ImageObject\",\"inLanguage\":\"de-DE\",\"@id\":\"https:\/\/angrystag.com\/product\/thermal-scope-as-320-15-trimode\/#primaryimage\",\"url\":\"https:\/\/angrystag.com\/wp-content\/uploads\/2024\/09\/thermal-scope-as-256-15-trimode.png\",\"contentUrl\":\"https:\/\/angrystag.com\/wp-content\/uploads\/2024\/09\/thermal-scope-as-256-15-trimode.png\",\"width\":1536,\"height\":1536,\"caption\":\"Thermal Scope AS-256-15 TriMode\u2122\"},{\"@type\":\"BreadcrumbList\",\"@id\":\"https:\/\/angrystag.com\/product\/thermal-scope-as-320-15-trimode\/#breadcrumb\",\"itemListElement\":[{\"@type\":\"ListItem\",\"position\":1,\"name\":\"Home\",\"item\":\"https:\/\/angrystag.com\/\"},{\"@type\":\"ListItem\",\"position\":2,\"name\":\"Shop\",\"item\":\"https:\/\/angrystag.com\/shop\/\"},{\"@type\":\"ListItem\",\"position\":3,\"name\":\"Thermal Scope AS-320-15 TriMode\u2122\"}]},{\"@type\":\"WebSite\",\"@id\":\"https:\/\/angrystag.com\/#website\",\"url\":\"https:\/\/angrystag.com\/\",\"name\":\"Angry Stag\",\"description\":\"Innovative &amp; Reliable Outdoor Products\",\"publisher\":{\"@id\":\"https:\/\/angrystag.com\/#organization\"},\"potentialAction\":[{\"@type\":\"SearchAction\",\"target\":{\"@type\":\"EntryPoint\",\"urlTemplate\":\"https:\/\/angrystag.com\/?s={search_term_string}\"},\"query-input\":{\"@type\":\"PropertyValueSpecification\",\"valueRequired\":true,\"valueName\":\"search_term_string\"}}],\"inLanguage\":\"de-DE\"},{\"@type\":\"Organization\",\"@id\":\"https:\/\/angrystag.com\/#organization\",\"name\":\"Angry Stag\",\"url\":\"https:\/\/angrystag.com\/\",\"logo\":{\"@type\":\"ImageObject\",\"inLanguage\":\"de-DE\",\"@id\":\"https:\/\/angrystag.com\/#\/schema\/logo\/image\/\",\"url\":\"https:\/\/angrystag.com\/wp-content\/uploads\/2024\/09\/Angry-Stag-Horizontal-Logo.png\",\"contentUrl\":\"https:\/\/angrystag.com\/wp-content\/uploads\/2024\/09\/Angry-Stag-Horizontal-Logo.png\",\"width\":800,\"height\":214,\"caption\":\"Angry Stag\"},\"image\":{\"@id\":\"https:\/\/angrystag.com\/#\/schema\/logo\/image\/\"},\"sameAs\":[\"https:\/\/www.facebook.com\/profile.php?id=100083670355772&mibextid=LQQJ4d\",\"https:\/\/www.instagram.com\/angrystagbrand\/\"]}]}<\/script>\n<!-- \/ Yoast SEO plugin. -->","yoast_head_json":{"title":"W\u00e4rmebildkamera AS-320-15 TriMode\u2122 - Angry Stag","robots":{"index":"index","follow":"follow","max-snippet":"max-snippet:-1","max-image-preview":"max-image-preview:large","max-video-preview":"max-video-preview:-1"},"canonical":"https:\/\/angrystag.com\/de\/product\/thermal-scope-as-320-15-trimode\/","og_locale":"de_DE","og_type":"article","og_title":"Thermal Scope AS-320-15 TriMode\u2122 - Angry Stag","og_description":"Experience superior thermal imaging with this advanced scope featuring a 320\u00d7240 sensor. Designed for versatile use, it offers best-in-class thermal imaging, manual focus, and a 15mm lens. Equipped with a shutterless NUC, false color enhancement, and digital magnification, this scope delivers exceptional performance. Powered by a long-lasting battery, it provides Wi-Fi streaming and USB-C charging. The Thermal Scope AS320 is built with durable aircraft Aluminum and offers features like pre-event recording, stills, and video. All Angry Stag Thermal scopes come standard with Trimode\u2122 allowing for use as a riflescope, a clip-on, or a handheld, and ThermaLoc\u2122 allowing for daytime hunting and observing. Made in the USA, it\u2019s affordable for hunters and enthusiasts seeking top-tier thermal imaging.","og_url":"https:\/\/angrystag.com\/de\/product\/thermal-scope-as-320-15-trimode\/","og_site_name":"Angry Stag","article_publisher":"https:\/\/www.facebook.com\/profile.php?id=100083670355772&mibextid=LQQJ4d","article_modified_time":"2025-12-15T18:59:16+00:00","og_image":[{"width":1536,"height":1536,"url":"https:\/\/angrystag.com\/wp-content\/uploads\/2024\/09\/thermal-scope-as-256-15-trimode.png","type":"image\/png"}],"twitter_card":"summary_large_image","twitter_misc":{"Est. reading time":"2 minutes"},"schema":{"@context":"https:\/\/schema.org","@graph":[{"@type":"WebPage","@id":"https:\/\/angrystag.com\/product\/thermal-scope-as-320-15-trimode\/","url":"https:\/\/angrystag.com\/product\/thermal-scope-as-320-15-trimode\/","name":"W\u00e4rmebildkamera AS-320-15 TriMode\u2122 - Angry Stag","isPartOf":{"@id":"https:\/\/angrystag.com\/#website"},"primaryImageOfPage":{"@id":"https:\/\/angrystag.com\/product\/thermal-scope-as-320-15-trimode\/#primaryimage"},"image":{"@id":"https:\/\/angrystag.com\/product\/thermal-scope-as-320-15-trimode\/#primaryimage"},"thumbnailUrl":"https:\/\/angrystag.com\/wp-content\/uploads\/2024\/09\/thermal-scope-as-256-15-trimode.png","datePublished":"2025-12-15T18:43:35+00:00","dateModified":"2025-12-15T18:59:16+00:00","breadcrumb":{"@id":"https:\/\/angrystag.com\/product\/thermal-scope-as-320-15-trimode\/#breadcrumb"},"inLanguage":"de-DE","potentialAction":[{"@type":"ReadAction","target":["https:\/\/angrystag.com\/product\/thermal-scope-as-320-15-trimode\/"]}]},{"@type":"ImageObject","inLanguage":"de-DE","@id":"https:\/\/angrystag.com\/product\/thermal-scope-as-320-15-trimode\/#primaryimage","url":"https:\/\/angrystag.com\/wp-content\/uploads\/2024\/09\/thermal-scope-as-256-15-trimode.png","contentUrl":"https:\/\/angrystag.com\/wp-content\/uploads\/2024\/09\/thermal-scope-as-256-15-trimode.png","width":1536,"height":1536,"caption":"Thermal Scope AS-256-15 TriMode\u2122"},{"@type":"BreadcrumbList","@id":"https:\/\/angrystag.com\/product\/thermal-scope-as-320-15-trimode\/#breadcrumb","itemListElement":[{"@type":"ListItem","position":1,"name":"Home","item":"https:\/\/angrystag.com\/"},{"@type":"ListItem","position":2,"name":"Shop","item":"https:\/\/angrystag.com\/shop\/"},{"@type":"ListItem","position":3,"name":"Thermal Scope AS-320-15 TriMode\u2122"}]},{"@type":"WebSite","@id":"https:\/\/angrystag.com\/#website","url":"https:\/\/angrystag.com\/","name":"W\u00fctender Hirsch","description":"Innovative und zuverl\u00e4ssige Outdoor-Produkte","publisher":{"@id":"https:\/\/angrystag.com\/#organization"},"potentialAction":[{"@type":"SearchAction","target":{"@type":"EntryPoint","urlTemplate":"https:\/\/angrystag.com\/?s={search_term_string}"},"query-input":{"@type":"PropertyValueSpecification","valueRequired":true,"valueName":"search_term_string"}}],"inLanguage":"de-DE"},{"@type":"Organization","@id":"https:\/\/angrystag.com\/#organization","name":"W\u00fctender Hirsch","url":"https:\/\/angrystag.com\/","logo":{"@type":"ImageObject","inLanguage":"de-DE","@id":"https:\/\/angrystag.com\/#\/schema\/logo\/image\/","url":"https:\/\/angrystag.com\/wp-content\/uploads\/2024\/09\/Angry-Stag-Horizontal-Logo.png","contentUrl":"https:\/\/angrystag.com\/wp-content\/uploads\/2024\/09\/Angry-Stag-Horizontal-Logo.png","width":800,"height":214,"caption":"Angry Stag"},"image":{"@id":"https:\/\/angrystag.com\/#\/schema\/logo\/image\/"},"sameAs":["https:\/\/www.facebook.com\/profile.php?id=100083670355772&mibextid=LQQJ4d","https:\/\/www.instagram.com\/angrystagbrand\/"]}]}},"_links":{"self":[{"href":"https:\/\/angrystag.com\/de\/wp-json\/wp\/v2\/product\/12951","targetHints":{"allow":["GET"]}}],"collection":[{"href":"https:\/\/angrystag.com\/de\/wp-json\/wp\/v2\/product"}],"about":[{"href":"https:\/\/angrystag.com\/de\/wp-json\/wp\/v2\/types\/product"}],"replies":[{"embeddable":true,"href":"https:\/\/angrystag.com\/de\/wp-json\/wp\/v2\/comments?post=12951"}],"wp:featuredmedia":[{"embeddable":true,"href":"https:\/\/angrystag.com\/de\/wp-json\/wp\/v2\/media\/12483"}],"wp:attachment":[{"href":"https:\/\/angrystag.com\/de\/wp-json\/wp\/v2\/media?parent=12951"}],"wp:term":[{"taxonomy":"product_cat","embeddable":true,"href":"https:\/\/angrystag.com\/de\/wp-json\/wp\/v2\/product_cat?post=12951"},{"taxonomy":"product_tag","embeddable":true,"href":"https:\/\/angrystag.com\/de\/wp-json\/wp\/v2\/product_tag?post=12951"}],"curies":[{"name":"WP","href":"https:\/\/api.w.org\/{rel}","templated":true}]}}