{"id":4020,"date":"2024-09-24T07:39:14","date_gmt":"2024-09-24T07:39:14","guid":{"rendered":"https:\/\/angrystag.com\/?post_type=product&#038;p=4020"},"modified":"2025-03-12T13:50:05","modified_gmt":"2025-03-12T13:50:05","slug":"ez-load-elektronischer-magazinlader","status":"publish","type":"product","link":"https:\/\/angrystag.com\/de\/product\/ez-load-electronic-magazine-loader\/","title":{"rendered":"EZ Load Elektronischer Magazinlader"},"content":{"rendered":"<p>Der EZ load Magazinlader l\u00e4dt bis zu 45 223\/5.56 Universal AR15 Runden. Spart Daumen und viel Zeit beim Laden von Magazinen. Der EZ Load wird entweder mit einem Steckernetzteil (im Lieferumfang enthalten) oder mit 6 Lithium-AA-Batterien (nicht enthalten) betrieben. Es ist tragbar: Es hat einen praktischen Tragegriff und wiegt weniger als 2,7 kg (6 Pfund). Zum Betrieb geben Sie einfach die Anzahl der zu ladenden Patronen auf dem LCD-Bildschirm ein, legen bis zu 40 Patronen in den Beh\u00e4lter, schlie\u00dfen das Magazin an und dr\u00fccken auf \"Los\". Ideal f\u00fcr Schie\u00dfst\u00e4nde, Milit\u00e4r, Strafverfolgung und Waffenliebhaber. Funktioniert mit .223, 5.56 Universal, Messing- oder Nickelh\u00fclsenmunition. Hohlspitzmunition wird wegen der Abnutzung der Innenteile nicht empfohlen. Entwickelt in Kalifornien, hergestellt in TAA-konformen L\u00e4ndern.<\/p>\n<p>Wesentliche Merkmale<\/p>\n<ul>\n<li>Gro\u00dfes Fassungsverm\u00f6gen des Munitionstrichters: Der EZ Load Electric Magazine Loader fasst bis zu 40 Schuss, so dass Sie mehrere Magazine laden k\u00f6nnen, ohne anhalten und nachf\u00fcllen zu m\u00fcssen.<\/li>\n<li>Vielseitige Kompatibilit\u00e4t: Dieser Lader ist mit .223- und .556-Munition kompatibel, sodass Sie ihn mit einer Vielzahl von Schusswaffen verwenden k\u00f6nnen.<\/li>\n<li>Schnelle Ladegeschwindigkeit: Mit seinem leistungsstarken Elektromotor kann dieser Lader ein 30-Schuss-Magazin in weniger als 45 Sekunden f\u00fcllen - und das den ganzen Tag lang!<\/li>\n<li>Doppelte Stromversorgung: Der Angry Stag Electric Magazine Loader verf\u00fcgt \u00fcber eine doppelte Stromversorgung, so dass Sie mit dem Adapter leicht von Batterien auf Steckdosen umschalten k\u00f6nnen.<\/li>\n<li>Langlebige Konstruktion: Dieser Lader ist f\u00fcr eine lange Lebensdauer gebaut und verf\u00fcgt \u00fcber ein schlagfestes Geh\u00e4use, das auch regelm\u00e4\u00dfigem Gebrauch standh\u00e4lt.<\/li>\n<\/ul>\n<p><strong>Ressourcen<\/strong><\/p>\n<ul>\n<li><a href=\"https:\/\/angrystag.com\/wp-content\/uploads\/2025\/01\/SalesSheet-Muffs-EZ-12-15-24a.pdf\" target=\"_blank\" rel=\"noopener\">Verkaufsblatt ansehen<\/a><\/li>\n<li><a href=\"\/wp-content\/uploads\/2024\/10\/EZLoad_UserGuideSm-copy.pdf\">Benutzerhandbuch anzeigen<\/a><\/li>\n<\/ul>\n<p><strong>Produktnummer<\/strong><\/p>\n<ul>\n<li>AG-15ARLDR, 800807100015<\/li>\n<\/ul>\n<p><iframe src=\"https:\/\/player.vimeo.com\/video\/799277444?&amp;title=0&amp;color=ffd700&amp;byline=0&amp;portrait=0\" width=\"500px\" height=\"294px\"><\/iframe><\/p>\n<div style=\"width: 900px;\" class=\"wp-video\"><video class=\"wp-video-shortcode\" id=\"video-4020-1\" width=\"900\" height=\"506\" preload=\"metadata\" controls=\"controls\"><source type=\"video\/mp4\" src=\"https:\/\/angrystag.com\/wp-content\/uploads\/2023\/11\/Untitled-video-Made-with-Clipchamp.mp4?_=1\" \/><a href=\"https:\/\/angrystag.com\/wp-content\/uploads\/2023\/11\/Untitled-video-Made-with-Clipchamp.mp4\">https:\/\/angrystag.com\/wp-content\/uploads\/2023\/11\/Untitled-video-Made-with-Clipchamp.mp4<\/a><\/video><\/div>","protected":false},"excerpt":{"rendered":"<p><span data-sheets-root=\"1\">Laden Sie Ihre AR-15 Magazine schnell und effizient mit dem EZ Load Electric Magazine Loader. Dieses leistungsstarke und vielseitige Werkzeug kann bis zu 40 Schuss .223- oder .556-Munition laden und spart Ihnen Zeit und M\u00fche. Mit seiner doppelten Stromversorgung, dem praktischen Design und der robusten Konstruktion ist der EZ Load das perfekte Zubeh\u00f6r f\u00fcr jeden Waffenliebhaber.<\/span><\/p>","protected":false},"featured_media":12482,"comment_status":"closed","ping_status":"closed","template":"","meta":[],"product_cat":[15,166],"product_tag":[],"class_list":{"0":"post-4020","1":"product","2":"type-product","3":"status-publish","4":"has-post-thumbnail","6":"product_brand-angry-stag","7":"product_cat-all-products","8":"product_cat-magazine-loader","10":"first","11":"instock","12":"featured","13":"taxable","14":"shipping-taxable","15":"purchasable","16":"product-type-simple"},"yoast_head":"<!-- This site is optimized with the Yoast SEO plugin v27.2 - https:\/\/yoast.com\/product\/yoast-seo-wordpress\/ -->\n<title>EZ Load Electronic Magazine Loader - Angry Stag<\/title>\n<meta name=\"robots\" content=\"index, follow, max-snippet:-1, max-image-preview:large, max-video-preview:-1\" \/>\n<link rel=\"canonical\" href=\"https:\/\/angrystag.com\/de\/product\/ez-load-elektronischer-magazinlader\/\" \/>\n<meta property=\"og:locale\" content=\"de_DE\" \/>\n<meta property=\"og:type\" content=\"article\" \/>\n<meta property=\"og:title\" content=\"EZ Load Electronic Magazine Loader - Angry Stag\" \/>\n<meta property=\"og:description\" content=\"Load your AR-15 magazines quickly and efficiently with the EZ Load Electric Magazine Loader. This powerful and versatile tool can load up to 40 rounds of .223 or .556 ammunition, saving you time and effort. With its dual power supply, convenient design, and durable construction, the EZ Load is the perfect accessory for any gun enthusiast.\" \/>\n<meta property=\"og:url\" content=\"https:\/\/angrystag.com\/de\/product\/ez-load-elektronischer-magazinlader\/\" \/>\n<meta property=\"og:site_name\" content=\"Angry Stag\" \/>\n<meta property=\"article:publisher\" content=\"https:\/\/www.facebook.com\/profile.php?id=100083670355772&amp;mibextid=LQQJ4d\" \/>\n<meta property=\"article:modified_time\" content=\"2025-03-12T13:50:05+00:00\" \/>\n<meta property=\"og:image\" content=\"https:\/\/angrystag.com\/wp-content\/uploads\/2024\/09\/ez-load-electronic-magazine-loader.jpg\" \/>\n\t<meta property=\"og:image:width\" content=\"2000\" \/>\n\t<meta property=\"og:image:height\" content=\"2000\" \/>\n\t<meta property=\"og:image:type\" content=\"image\/jpeg\" \/>\n<meta name=\"twitter:card\" content=\"summary_large_image\" \/>\n<meta name=\"twitter:label1\" content=\"Est. reading time\" \/>\n\t<meta name=\"twitter:data1\" content=\"2 minutes\" \/>\n<script type=\"application\/ld+json\" class=\"yoast-schema-graph\">{\"@context\":\"https:\/\/schema.org\",\"@graph\":[{\"@type\":\"WebPage\",\"@id\":\"https:\/\/angrystag.com\/product\/ez-load-electronic-magazine-loader\/\",\"url\":\"https:\/\/angrystag.com\/product\/ez-load-electronic-magazine-loader\/\",\"name\":\"EZ Load Electronic Magazine Loader - Angry Stag\",\"isPartOf\":{\"@id\":\"https:\/\/angrystag.com\/#website\"},\"primaryImageOfPage\":{\"@id\":\"https:\/\/angrystag.com\/product\/ez-load-electronic-magazine-loader\/#primaryimage\"},\"image\":{\"@id\":\"https:\/\/angrystag.com\/product\/ez-load-electronic-magazine-loader\/#primaryimage\"},\"thumbnailUrl\":\"https:\/\/angrystag.com\/wp-content\/uploads\/2024\/09\/ez-load-electronic-magazine-loader.jpg\",\"datePublished\":\"2024-09-24T07:39:14+00:00\",\"dateModified\":\"2025-03-12T13:50:05+00:00\",\"breadcrumb\":{\"@id\":\"https:\/\/angrystag.com\/product\/ez-load-electronic-magazine-loader\/#breadcrumb\"},\"inLanguage\":\"de-DE\",\"potentialAction\":[{\"@type\":\"ReadAction\",\"target\":[\"https:\/\/angrystag.com\/product\/ez-load-electronic-magazine-loader\/\"]}]},{\"@type\":\"ImageObject\",\"inLanguage\":\"de-DE\",\"@id\":\"https:\/\/angrystag.com\/product\/ez-load-electronic-magazine-loader\/#primaryimage\",\"url\":\"https:\/\/angrystag.com\/wp-content\/uploads\/2024\/09\/ez-load-electronic-magazine-loader.jpg\",\"contentUrl\":\"https:\/\/angrystag.com\/wp-content\/uploads\/2024\/09\/ez-load-electronic-magazine-loader.jpg\",\"width\":2000,\"height\":2000,\"caption\":\"EZ Load Electronic Magazine Loader\"},{\"@type\":\"BreadcrumbList\",\"@id\":\"https:\/\/angrystag.com\/product\/ez-load-electronic-magazine-loader\/#breadcrumb\",\"itemListElement\":[{\"@type\":\"ListItem\",\"position\":1,\"name\":\"Home\",\"item\":\"https:\/\/angrystag.com\/\"},{\"@type\":\"ListItem\",\"position\":2,\"name\":\"Shop\",\"item\":\"https:\/\/angrystag.com\/shop\/\"},{\"@type\":\"ListItem\",\"position\":3,\"name\":\"EZ Load Electronic Magazine Loader\"}]},{\"@type\":\"WebSite\",\"@id\":\"https:\/\/angrystag.com\/#website\",\"url\":\"https:\/\/angrystag.com\/\",\"name\":\"Angry Stag\",\"description\":\"Innovative &amp; Reliable Outdoor Products\",\"publisher\":{\"@id\":\"https:\/\/angrystag.com\/#organization\"},\"potentialAction\":[{\"@type\":\"SearchAction\",\"target\":{\"@type\":\"EntryPoint\",\"urlTemplate\":\"https:\/\/angrystag.com\/?s={search_term_string}\"},\"query-input\":{\"@type\":\"PropertyValueSpecification\",\"valueRequired\":true,\"valueName\":\"search_term_string\"}}],\"inLanguage\":\"de-DE\"},{\"@type\":\"Organization\",\"@id\":\"https:\/\/angrystag.com\/#organization\",\"name\":\"Angry Stag\",\"url\":\"https:\/\/angrystag.com\/\",\"logo\":{\"@type\":\"ImageObject\",\"inLanguage\":\"de-DE\",\"@id\":\"https:\/\/angrystag.com\/#\/schema\/logo\/image\/\",\"url\":\"https:\/\/angrystag.com\/wp-content\/uploads\/2024\/09\/Angry-Stag-Horizontal-Logo.png\",\"contentUrl\":\"https:\/\/angrystag.com\/wp-content\/uploads\/2024\/09\/Angry-Stag-Horizontal-Logo.png\",\"width\":800,\"height\":214,\"caption\":\"Angry Stag\"},\"image\":{\"@id\":\"https:\/\/angrystag.com\/#\/schema\/logo\/image\/\"},\"sameAs\":[\"https:\/\/www.facebook.com\/profile.php?id=100083670355772&mibextid=LQQJ4d\",\"https:\/\/www.instagram.com\/angrystagbrand\/\"]}]}<\/script>\n<!-- \/ Yoast SEO plugin. -->","yoast_head_json":{"title":"EZ Load Elektronischer Magazinlader - Angry Stag","robots":{"index":"index","follow":"follow","max-snippet":"max-snippet:-1","max-image-preview":"max-image-preview:large","max-video-preview":"max-video-preview:-1"},"canonical":"https:\/\/angrystag.com\/de\/product\/ez-load-elektronischer-magazinlader\/","og_locale":"de_DE","og_type":"article","og_title":"EZ Load Electronic Magazine Loader - Angry Stag","og_description":"Load your AR-15 magazines quickly and efficiently with the EZ Load Electric Magazine Loader. This powerful and versatile tool can load up to 40 rounds of .223 or .556 ammunition, saving you time and effort. With its dual power supply, convenient design, and durable construction, the EZ Load is the perfect accessory for any gun enthusiast.","og_url":"https:\/\/angrystag.com\/de\/product\/ez-load-elektronischer-magazinlader\/","og_site_name":"Angry Stag","article_publisher":"https:\/\/www.facebook.com\/profile.php?id=100083670355772&mibextid=LQQJ4d","article_modified_time":"2025-03-12T13:50:05+00:00","og_image":[{"width":2000,"height":2000,"url":"https:\/\/angrystag.com\/wp-content\/uploads\/2024\/09\/ez-load-electronic-magazine-loader.jpg","type":"image\/jpeg"}],"twitter_card":"summary_large_image","twitter_misc":{"Est. reading time":"2 minutes"},"schema":{"@context":"https:\/\/schema.org","@graph":[{"@type":"WebPage","@id":"https:\/\/angrystag.com\/product\/ez-load-electronic-magazine-loader\/","url":"https:\/\/angrystag.com\/product\/ez-load-electronic-magazine-loader\/","name":"EZ Load Elektronischer Magazinlader - Angry Stag","isPartOf":{"@id":"https:\/\/angrystag.com\/#website"},"primaryImageOfPage":{"@id":"https:\/\/angrystag.com\/product\/ez-load-electronic-magazine-loader\/#primaryimage"},"image":{"@id":"https:\/\/angrystag.com\/product\/ez-load-electronic-magazine-loader\/#primaryimage"},"thumbnailUrl":"https:\/\/angrystag.com\/wp-content\/uploads\/2024\/09\/ez-load-electronic-magazine-loader.jpg","datePublished":"2024-09-24T07:39:14+00:00","dateModified":"2025-03-12T13:50:05+00:00","breadcrumb":{"@id":"https:\/\/angrystag.com\/product\/ez-load-electronic-magazine-loader\/#breadcrumb"},"inLanguage":"de-DE","potentialAction":[{"@type":"ReadAction","target":["https:\/\/angrystag.com\/product\/ez-load-electronic-magazine-loader\/"]}]},{"@type":"ImageObject","inLanguage":"de-DE","@id":"https:\/\/angrystag.com\/product\/ez-load-electronic-magazine-loader\/#primaryimage","url":"https:\/\/angrystag.com\/wp-content\/uploads\/2024\/09\/ez-load-electronic-magazine-loader.jpg","contentUrl":"https:\/\/angrystag.com\/wp-content\/uploads\/2024\/09\/ez-load-electronic-magazine-loader.jpg","width":2000,"height":2000,"caption":"EZ Load Electronic Magazine Loader"},{"@type":"BreadcrumbList","@id":"https:\/\/angrystag.com\/product\/ez-load-electronic-magazine-loader\/#breadcrumb","itemListElement":[{"@type":"ListItem","position":1,"name":"Home","item":"https:\/\/angrystag.com\/"},{"@type":"ListItem","position":2,"name":"Shop","item":"https:\/\/angrystag.com\/shop\/"},{"@type":"ListItem","position":3,"name":"EZ Load Electronic Magazine Loader"}]},{"@type":"WebSite","@id":"https:\/\/angrystag.com\/#website","url":"https:\/\/angrystag.com\/","name":"W\u00fctender Hirsch","description":"Innovative und zuverl\u00e4ssige Outdoor-Produkte","publisher":{"@id":"https:\/\/angrystag.com\/#organization"},"potentialAction":[{"@type":"SearchAction","target":{"@type":"EntryPoint","urlTemplate":"https:\/\/angrystag.com\/?s={search_term_string}"},"query-input":{"@type":"PropertyValueSpecification","valueRequired":true,"valueName":"search_term_string"}}],"inLanguage":"de-DE"},{"@type":"Organization","@id":"https:\/\/angrystag.com\/#organization","name":"W\u00fctender Hirsch","url":"https:\/\/angrystag.com\/","logo":{"@type":"ImageObject","inLanguage":"de-DE","@id":"https:\/\/angrystag.com\/#\/schema\/logo\/image\/","url":"https:\/\/angrystag.com\/wp-content\/uploads\/2024\/09\/Angry-Stag-Horizontal-Logo.png","contentUrl":"https:\/\/angrystag.com\/wp-content\/uploads\/2024\/09\/Angry-Stag-Horizontal-Logo.png","width":800,"height":214,"caption":"Angry Stag"},"image":{"@id":"https:\/\/angrystag.com\/#\/schema\/logo\/image\/"},"sameAs":["https:\/\/www.facebook.com\/profile.php?id=100083670355772&mibextid=LQQJ4d","https:\/\/www.instagram.com\/angrystagbrand\/"]}]}},"_links":{"self":[{"href":"https:\/\/angrystag.com\/de\/wp-json\/wp\/v2\/product\/4020","targetHints":{"allow":["GET"]}}],"collection":[{"href":"https:\/\/angrystag.com\/de\/wp-json\/wp\/v2\/product"}],"about":[{"href":"https:\/\/angrystag.com\/de\/wp-json\/wp\/v2\/types\/product"}],"replies":[{"embeddable":true,"href":"https:\/\/angrystag.com\/de\/wp-json\/wp\/v2\/comments?post=4020"}],"wp:featuredmedia":[{"embeddable":true,"href":"https:\/\/angrystag.com\/de\/wp-json\/wp\/v2\/media\/12482"}],"wp:attachment":[{"href":"https:\/\/angrystag.com\/de\/wp-json\/wp\/v2\/media?parent=4020"}],"wp:term":[{"taxonomy":"product_cat","embeddable":true,"href":"https:\/\/angrystag.com\/de\/wp-json\/wp\/v2\/product_cat?post=4020"},{"taxonomy":"product_tag","embeddable":true,"href":"https:\/\/angrystag.com\/de\/wp-json\/wp\/v2\/product_tag?post=4020"}],"curies":[{"name":"WP","href":"https:\/\/api.w.org\/{rel}","templated":true}]}}