{"id":4031,"date":"2024-09-24T07:39:30","date_gmt":"2024-09-24T07:39:30","guid":{"rendered":"https:\/\/angrystag.com\/?post_type=product&#038;p=4031"},"modified":"2025-03-12T13:46:10","modified_gmt":"2025-03-12T13:46:10","slug":"sortiment-gehorschutzkapseln","status":"publish","type":"product","link":"https:\/\/angrystag.com\/de\/product\/range-protective-ear-muffs\/","title":{"rendered":"Bereich Geh\u00f6rschutzkapseln"},"content":{"rendered":"<p>Unsere Headsets wurden entwickelt, um Sch\u00fctzen das Zielen mit dem Gewehr zu erm\u00f6glichen, ohne die sperrigen Interferenzen gr\u00f6\u00dferer Geh\u00f6rschutzmuscheln zu verursachen, und dennoch solide NRR-Werte zu erhalten. Die Headsets sind faltbar und k\u00f6nnen zu einem kleinen, tragbaren Profil zusammengefaltet werden.<\/p>\n<p><strong>Merkmale:<\/strong><\/p>\n<ul>\n<li>Design und Komfort - Unsere Headsets sind so konzipiert, dass der Sch\u00fctze zielen kann<br \/>\nGewehre ohne die sperrige St\u00f6rung gr\u00f6\u00dferer Geh\u00f6rschutzkapseln, wobei die OSHA-Vorschriften von 25NRR f\u00fcr das Schie\u00dfen eingehalten werden. Alle unsere Headsets sind zusammenklappbar und k\u00f6nnen in ein kleines, tragbares Profil gefaltet werden. Alle sind standardm\u00e4\u00dfig mit Gel-Muscheln und dick gepolsterten Kopfb\u00e4ndern f\u00fcr den ganzt\u00e4gigen komfortablen Gebrauch ausgestattet.<\/li>\n<li>Komfort - wir haben gepolsterte Kopfb\u00e4nder und hochwertige Muffenkissen entwickelt. Sowohl Range als auch Tactical verwenden ein verbessertes gepolstertes Kopfband zusammen mit den seltenen Gel-Muffen, was zu den \"bequemsten Muffen der Welt\" f\u00fchrt. Diese sind das Nonplusultra an Komfort f\u00fcr den Langzeiteinsatz.<\/li>\n<li>Fortgeschrittene Algorithmen - Unsere Headsets verwenden modernste Geh\u00f6rschutz-Algorithmen, die von den Ingenieuren von Angry Stag entwickelt wurden, was zu d\u00fcnneren Kapseln mit soliden NRR-Werten f\u00fchrt.<\/li>\n<li>Umweltfreundlich - Im Gegensatz zu praktisch allen Headsets unter $100 sind alle unsere Headsets wiederaufladbar und haben eine Batterielebensdauer von 12 Stunden. Es m\u00fcssen also keine Batterien gewechselt oder entsorgt werden, was sowohl Ihre Betriebskosten als auch Ihren \u00f6kologischen Fu\u00dfabdruck reduziert.<\/li>\n<li>Anschlussm\u00f6glichkeiten - Alle unsere Headsets verf\u00fcgen \u00fcber eine Audioeingangsbuchse, \u00fcber die Sie<br \/>\nVerbindung zu einem beliebigen Funkger\u00e4t.<\/li>\n<li>Leistung - Unser DSP\/Verst\u00e4rker erm\u00f6glicht eine bis zu 3-fache Verst\u00e4rkung der lokalen Ger\u00e4usche und reagiert auf alle Ger\u00e4usche \u00fcber 85 dB in &lt;1 ms.<\/li>\n<\/ul>\n<p><strong>Spezifikationen:<\/strong><\/p>\n<ul>\n<li>Premium-Gel-Ohrsch\u00fctzer f\u00fcr h\u00f6chsten Tragekomfort.<\/li>\n<li>Volldigitale ultraschnelle Komprimierung und Wiederherstellung.<\/li>\n<li>2 leistungsstarke Mikrofone f\u00fcr verbesserte Audioleistung.<\/li>\n<\/ul>\n<p><strong>Ressourcen<\/strong><\/p>\n<ul>\n<li><a href=\"https:\/\/angrystag.com\/wp-content\/uploads\/2025\/01\/SalesSheet-Muffs-EZ-12-15-24a.pdf\">Verkaufsblatt ansehen<\/a><\/li>\n<li><a href=\"\/wp-content\/uploads\/2024\/10\/RangeRF-User-Guide-R-100-RFhqp.pdf\">Benutzerhandbuch anzeigen<\/a><\/li>\n<\/ul>\n<p><strong>Produkt-Nummer:<\/strong><\/p>\n<ul>\n<li>Bereich R-100HD, 800807100046<\/li>\n<\/ul>","protected":false},"excerpt":{"rendered":"<p><span style=\"font-weight: 400;\">Reichweite - Angry Stag Headsets werden von Grund auf hier in den USA entwickelt. Alle Geh\u00f6rsch\u00fctzer verf\u00fcgen \u00fcber eine ultraschnelle Kompression aller Ger\u00e4usche \u00fcber 85db und haben die von der OSHA geforderte Mindestst\u00e4rke von 25NRR. Alle unsere Headsets sind f\u00fcr den ganzt\u00e4gigen Gebrauch und Komfort ausgelegt und verf\u00fcgen standardm\u00e4\u00dfig \u00fcber wiederaufladbare Batterien, extrem gepolsterte Kopfb\u00fcgel, eine weiche gummierte Luxusbeschichtung und Gel-Muscheln. F\u00fchren Sie normale Gespr\u00e4che, aber wenn ein Schuss abgegeben wird, h\u00f6ren Sie ihn mit einem sicheren Pegel von 85db. <\/span><\/p>\n<p>&nbsp;<\/p>","protected":false},"featured_media":11386,"comment_status":"closed","ping_status":"closed","template":"","meta":[],"product_cat":[15,163],"product_tag":[],"class_list":{"0":"post-4031","1":"product","2":"type-product","3":"status-publish","4":"has-post-thumbnail","6":"product_brand-angry-stag","7":"product_cat-all-products","8":"product_cat-hearing-protection","9":"pa_85db-compression-yes","10":"pa_foldadable-yes","11":"pa_function-compression-1to1-1-to-many-7-channles-2-private","12":"pa_gel-ear-cups-yes","13":"pa_hours-continuous-use-201","14":"pa_instruction-manual-yes","15":"pa_local-sound-amplification-3x","16":"pa_mics-151","17":"pa_nrr-123","18":"pa_other-no","19":"pa_pod-battery-recharger-no","20":"pa_radio-input-jack-yes","21":"pa_reaction-time-1ms","22":"pa_rechargeable-yes","23":"pa_recovery-time-1ms","24":"pa_rubberized-soft-coating-yes","25":"pa_soft-case-yes","26":"pa_speakers-hd-sound-quality","27":"pa_special-feature-ultra-comfort","28":"pa_usage-range-all-day-use","29":"pa_usb-c-charge-adapter-yes","31":"first","32":"instock","33":"taxable","34":"shipping-taxable","35":"purchasable","36":"product-type-simple"},"yoast_head":"<!-- This site is optimized with the Yoast SEO plugin v27.2 - https:\/\/yoast.com\/product\/yoast-seo-wordpress\/ -->\n<title>Range Protective Ear Muffs - Angry Stag<\/title>\n<meta name=\"robots\" content=\"index, follow, max-snippet:-1, max-image-preview:large, max-video-preview:-1\" \/>\n<link rel=\"canonical\" href=\"https:\/\/angrystag.com\/de\/product\/sortiment-gehorschutzkapseln\/\" \/>\n<meta property=\"og:locale\" content=\"de_DE\" \/>\n<meta property=\"og:type\" content=\"article\" \/>\n<meta property=\"og:title\" content=\"Range Protective Ear Muffs - Angry Stag\" \/>\n<meta property=\"og:description\" content=\"Range - Angry Stag Headsets are designed from the ground up right here is the USA. All hearing protection has ultrafast compression of any sound over 85db and all have the minimum OSHA required 25NRR rating. All our headsets are designed for all day use and comfort and have rechargeable batteries, ultra padded headbands, soft rubberized luxury coating and Gel muffs, all standard. Have normal conversations, but when a shot is fired, you hear it at a safe 85db level.   &nbsp;\" \/>\n<meta property=\"og:url\" content=\"https:\/\/angrystag.com\/de\/product\/sortiment-gehorschutzkapseln\/\" \/>\n<meta property=\"og:site_name\" content=\"Angry Stag\" \/>\n<meta property=\"article:publisher\" content=\"https:\/\/www.facebook.com\/profile.php?id=100083670355772&amp;mibextid=LQQJ4d\" \/>\n<meta property=\"article:modified_time\" content=\"2025-03-12T13:46:10+00:00\" \/>\n<meta property=\"og:image\" content=\"https:\/\/angrystag.com\/wp-content\/uploads\/2024\/10\/1.jpg\" \/>\n\t<meta property=\"og:image:width\" content=\"2000\" \/>\n\t<meta property=\"og:image:height\" content=\"2000\" \/>\n\t<meta property=\"og:image:type\" content=\"image\/jpeg\" \/>\n<meta name=\"twitter:card\" content=\"summary_large_image\" \/>\n<meta name=\"twitter:label1\" content=\"Est. reading time\" \/>\n\t<meta name=\"twitter:data1\" content=\"2 minutes\" \/>\n<script type=\"application\/ld+json\" class=\"yoast-schema-graph\">{\"@context\":\"https:\/\/schema.org\",\"@graph\":[{\"@type\":\"WebPage\",\"@id\":\"https:\/\/angrystag.com\/product\/range-protective-ear-muffs\/\",\"url\":\"https:\/\/angrystag.com\/product\/range-protective-ear-muffs\/\",\"name\":\"Range Protective Ear Muffs - Angry Stag\",\"isPartOf\":{\"@id\":\"https:\/\/angrystag.com\/#website\"},\"primaryImageOfPage\":{\"@id\":\"https:\/\/angrystag.com\/product\/range-protective-ear-muffs\/#primaryimage\"},\"image\":{\"@id\":\"https:\/\/angrystag.com\/product\/range-protective-ear-muffs\/#primaryimage\"},\"thumbnailUrl\":\"https:\/\/angrystag.com\/wp-content\/uploads\/2024\/10\/1.jpg\",\"datePublished\":\"2024-09-24T07:39:30+00:00\",\"dateModified\":\"2025-03-12T13:46:10+00:00\",\"breadcrumb\":{\"@id\":\"https:\/\/angrystag.com\/product\/range-protective-ear-muffs\/#breadcrumb\"},\"inLanguage\":\"de-DE\",\"potentialAction\":[{\"@type\":\"ReadAction\",\"target\":[\"https:\/\/angrystag.com\/product\/range-protective-ear-muffs\/\"]}]},{\"@type\":\"ImageObject\",\"inLanguage\":\"de-DE\",\"@id\":\"https:\/\/angrystag.com\/product\/range-protective-ear-muffs\/#primaryimage\",\"url\":\"https:\/\/angrystag.com\/wp-content\/uploads\/2024\/10\/1.jpg\",\"contentUrl\":\"https:\/\/angrystag.com\/wp-content\/uploads\/2024\/10\/1.jpg\",\"width\":2000,\"height\":2000},{\"@type\":\"BreadcrumbList\",\"@id\":\"https:\/\/angrystag.com\/product\/range-protective-ear-muffs\/#breadcrumb\",\"itemListElement\":[{\"@type\":\"ListItem\",\"position\":1,\"name\":\"Home\",\"item\":\"https:\/\/angrystag.com\/\"},{\"@type\":\"ListItem\",\"position\":2,\"name\":\"Shop\",\"item\":\"https:\/\/angrystag.com\/shop\/\"},{\"@type\":\"ListItem\",\"position\":3,\"name\":\"Range Protective Ear Muffs\"}]},{\"@type\":\"WebSite\",\"@id\":\"https:\/\/angrystag.com\/#website\",\"url\":\"https:\/\/angrystag.com\/\",\"name\":\"Angry Stag\",\"description\":\"Innovative &amp; Reliable Outdoor Products\",\"publisher\":{\"@id\":\"https:\/\/angrystag.com\/#organization\"},\"potentialAction\":[{\"@type\":\"SearchAction\",\"target\":{\"@type\":\"EntryPoint\",\"urlTemplate\":\"https:\/\/angrystag.com\/?s={search_term_string}\"},\"query-input\":{\"@type\":\"PropertyValueSpecification\",\"valueRequired\":true,\"valueName\":\"search_term_string\"}}],\"inLanguage\":\"de-DE\"},{\"@type\":\"Organization\",\"@id\":\"https:\/\/angrystag.com\/#organization\",\"name\":\"Angry Stag\",\"url\":\"https:\/\/angrystag.com\/\",\"logo\":{\"@type\":\"ImageObject\",\"inLanguage\":\"de-DE\",\"@id\":\"https:\/\/angrystag.com\/#\/schema\/logo\/image\/\",\"url\":\"https:\/\/angrystag.com\/wp-content\/uploads\/2024\/09\/Angry-Stag-Horizontal-Logo.png\",\"contentUrl\":\"https:\/\/angrystag.com\/wp-content\/uploads\/2024\/09\/Angry-Stag-Horizontal-Logo.png\",\"width\":800,\"height\":214,\"caption\":\"Angry Stag\"},\"image\":{\"@id\":\"https:\/\/angrystag.com\/#\/schema\/logo\/image\/\"},\"sameAs\":[\"https:\/\/www.facebook.com\/profile.php?id=100083670355772&mibextid=LQQJ4d\",\"https:\/\/www.instagram.com\/angrystagbrand\/\"]}]}<\/script>\n<!-- \/ Yoast SEO plugin. -->","yoast_head_json":{"title":"Range Geh\u00f6rschutzkapseln - Angry Stag","robots":{"index":"index","follow":"follow","max-snippet":"max-snippet:-1","max-image-preview":"max-image-preview:large","max-video-preview":"max-video-preview:-1"},"canonical":"https:\/\/angrystag.com\/de\/product\/sortiment-gehorschutzkapseln\/","og_locale":"de_DE","og_type":"article","og_title":"Range Protective Ear Muffs - Angry Stag","og_description":"Range - Angry Stag Headsets are designed from the ground up right here is the USA. All hearing protection has ultrafast compression of any sound over 85db and all have the minimum OSHA required 25NRR rating. All our headsets are designed for all day use and comfort and have rechargeable batteries, ultra padded headbands, soft rubberized luxury coating and Gel muffs, all standard. Have normal conversations, but when a shot is fired, you hear it at a safe 85db level.   &nbsp;","og_url":"https:\/\/angrystag.com\/de\/product\/sortiment-gehorschutzkapseln\/","og_site_name":"Angry Stag","article_publisher":"https:\/\/www.facebook.com\/profile.php?id=100083670355772&mibextid=LQQJ4d","article_modified_time":"2025-03-12T13:46:10+00:00","og_image":[{"width":2000,"height":2000,"url":"https:\/\/angrystag.com\/wp-content\/uploads\/2024\/10\/1.jpg","type":"image\/jpeg"}],"twitter_card":"summary_large_image","twitter_misc":{"Est. reading time":"2 minutes"},"schema":{"@context":"https:\/\/schema.org","@graph":[{"@type":"WebPage","@id":"https:\/\/angrystag.com\/product\/range-protective-ear-muffs\/","url":"https:\/\/angrystag.com\/product\/range-protective-ear-muffs\/","name":"Range Geh\u00f6rschutzkapseln - Angry Stag","isPartOf":{"@id":"https:\/\/angrystag.com\/#website"},"primaryImageOfPage":{"@id":"https:\/\/angrystag.com\/product\/range-protective-ear-muffs\/#primaryimage"},"image":{"@id":"https:\/\/angrystag.com\/product\/range-protective-ear-muffs\/#primaryimage"},"thumbnailUrl":"https:\/\/angrystag.com\/wp-content\/uploads\/2024\/10\/1.jpg","datePublished":"2024-09-24T07:39:30+00:00","dateModified":"2025-03-12T13:46:10+00:00","breadcrumb":{"@id":"https:\/\/angrystag.com\/product\/range-protective-ear-muffs\/#breadcrumb"},"inLanguage":"de-DE","potentialAction":[{"@type":"ReadAction","target":["https:\/\/angrystag.com\/product\/range-protective-ear-muffs\/"]}]},{"@type":"ImageObject","inLanguage":"de-DE","@id":"https:\/\/angrystag.com\/product\/range-protective-ear-muffs\/#primaryimage","url":"https:\/\/angrystag.com\/wp-content\/uploads\/2024\/10\/1.jpg","contentUrl":"https:\/\/angrystag.com\/wp-content\/uploads\/2024\/10\/1.jpg","width":2000,"height":2000},{"@type":"BreadcrumbList","@id":"https:\/\/angrystag.com\/product\/range-protective-ear-muffs\/#breadcrumb","itemListElement":[{"@type":"ListItem","position":1,"name":"Home","item":"https:\/\/angrystag.com\/"},{"@type":"ListItem","position":2,"name":"Shop","item":"https:\/\/angrystag.com\/shop\/"},{"@type":"ListItem","position":3,"name":"Range Protective Ear Muffs"}]},{"@type":"WebSite","@id":"https:\/\/angrystag.com\/#website","url":"https:\/\/angrystag.com\/","name":"W\u00fctender Hirsch","description":"Innovative und zuverl\u00e4ssige Outdoor-Produkte","publisher":{"@id":"https:\/\/angrystag.com\/#organization"},"potentialAction":[{"@type":"SearchAction","target":{"@type":"EntryPoint","urlTemplate":"https:\/\/angrystag.com\/?s={search_term_string}"},"query-input":{"@type":"PropertyValueSpecification","valueRequired":true,"valueName":"search_term_string"}}],"inLanguage":"de-DE"},{"@type":"Organization","@id":"https:\/\/angrystag.com\/#organization","name":"W\u00fctender Hirsch","url":"https:\/\/angrystag.com\/","logo":{"@type":"ImageObject","inLanguage":"de-DE","@id":"https:\/\/angrystag.com\/#\/schema\/logo\/image\/","url":"https:\/\/angrystag.com\/wp-content\/uploads\/2024\/09\/Angry-Stag-Horizontal-Logo.png","contentUrl":"https:\/\/angrystag.com\/wp-content\/uploads\/2024\/09\/Angry-Stag-Horizontal-Logo.png","width":800,"height":214,"caption":"Angry Stag"},"image":{"@id":"https:\/\/angrystag.com\/#\/schema\/logo\/image\/"},"sameAs":["https:\/\/www.facebook.com\/profile.php?id=100083670355772&mibextid=LQQJ4d","https:\/\/www.instagram.com\/angrystagbrand\/"]}]}},"_links":{"self":[{"href":"https:\/\/angrystag.com\/de\/wp-json\/wp\/v2\/product\/4031","targetHints":{"allow":["GET"]}}],"collection":[{"href":"https:\/\/angrystag.com\/de\/wp-json\/wp\/v2\/product"}],"about":[{"href":"https:\/\/angrystag.com\/de\/wp-json\/wp\/v2\/types\/product"}],"replies":[{"embeddable":true,"href":"https:\/\/angrystag.com\/de\/wp-json\/wp\/v2\/comments?post=4031"}],"wp:featuredmedia":[{"embeddable":true,"href":"https:\/\/angrystag.com\/de\/wp-json\/wp\/v2\/media\/11386"}],"wp:attachment":[{"href":"https:\/\/angrystag.com\/de\/wp-json\/wp\/v2\/media?parent=4031"}],"wp:term":[{"taxonomy":"product_cat","embeddable":true,"href":"https:\/\/angrystag.com\/de\/wp-json\/wp\/v2\/product_cat?post=4031"},{"taxonomy":"product_tag","embeddable":true,"href":"https:\/\/angrystag.com\/de\/wp-json\/wp\/v2\/product_tag?post=4031"}],"curies":[{"name":"wp","href":"https:\/\/api.w.org\/{rel}","templated":true}]}}