{"id":11924,"date":"2024-12-26T14:08:16","date_gmt":"2024-12-26T14:08:16","guid":{"rendered":"https:\/\/angrystag.com\/?post_type=product&#038;p=11924"},"modified":"2025-07-18T06:24:30","modified_gmt":"2025-07-18T06:24:30","slug":"alcance-termico-como-320-35-trimode","status":"publish","type":"product","link":"https:\/\/angrystag.com\/es\/product\/thermal-scope-as-320-35-trimode\/","title":{"rendered":"Termoscopio AS-320-35 TriMode\u2122."},"content":{"rendered":"<p><span style=\"font-weight: 400;\">Este visor estar\u00e1 disponible con una resoluci\u00f3n de 320\u00d7240 p\u00edxeles. Este visor est\u00e1 dise\u00f1ado con la \u00faltima tecnolog\u00eda para proporcionar a los usuarios una experiencia de imagen de alta calidad. Este visor est\u00e1 dise\u00f1ado para ser vers\u00e1til y se puede utilizar con una montura de clip o de rifle. El visor cuenta con un enfoque manual y tiene un alcance de 35<\/span><span style=\"font-weight: 400;\">mm. Este visor tambi\u00e9n cuenta con una micropantalla OLED 720P y una frecuencia de imagen de 50 Hz. Adem\u00e1s de estas caracter\u00edsticas, este videoscopio viene equipado con un obturador y un NUC sin obturador, as\u00ed como mejora de color falso y ampliaci\u00f3n digital. Este visor tiene una bater\u00eda recargable de larga duraci\u00f3n que proporciona hasta 12 horas de uso, y viene con capacidades de grabaci\u00f3n previa al evento, fotos y v\u00eddeo, as\u00ed como una fiable memoria flash EMMC a bordo.<\/span><\/p>\n<p><span style=\"font-weight: 400;\">Este osciloscopio viene con streaming Wi-Fi y capacidades de carga USB-C. El firmware se puede actualizar sobre el terreno. Para una funcionalidad a\u00fan mayor, los usuarios pueden optar por el accesorio de tel\u00e9metro l\u00e1ser a presi\u00f3n, que proporciona c\u00e1lculos bal\u00edsticos. Este visor tambi\u00e9n est\u00e1 dise\u00f1ado para ser ultraligero. El visor cuenta con funciones de ahorro de energ\u00eda y apagado autom\u00e1tico para prolongar la duraci\u00f3n de la bater\u00eda. Y, lo mejor de todo, este visor es el m\u00e1s barato del sector y est\u00e1 fabricado con orgullo en EE.UU.<\/span><\/p>\n<p><strong>Caracter\u00edsticas<\/strong><\/p>\n<ul>\n<li>Posibilidad de montaje con clip o en rifle<\/li>\n<li>Enfoque manual, opciones de objetivos de 35 mm y 50 mm<\/li>\n<li>Micropantalla OLED 720P<\/li>\n<li>Frecuencia de imagen de 50 Hz<\/li>\n<li>NUC con y sin obturador<\/li>\n<li>7 falsos colores de realce<\/li>\n<li>Aumento digital<\/li>\n<li>Bater\u00eda recargable de 8 horas de duraci\u00f3n<\/li>\n<li>Grabaci\u00f3n previa al evento, im\u00e1genes fijas y v\u00eddeo con memoria flash EMMC integrada de gran fiabilidad<\/li>\n<li>Transmisi\u00f3n Wi-Fi<\/li>\n<li>Carga USB-C<\/li>\n<li>Tel\u00e9metro l\u00e1ser opcional con c\u00e1lculos bal\u00edsticos<\/li>\n<li>Tecnolog\u00eda punta ultraligera<\/li>\n<li>Carcasa de aluminio de calidad aeron\u00e1utica<\/li>\n<li>Ahorro de energ\u00eda y apagado autom\u00e1tico para prolongar la duraci\u00f3n de la bater\u00eda<\/li>\n<li>El coste m\u00e1s bajo del sector<\/li>\n<li>Fabricado en EE.UU.<\/li>\n<\/ul>\n<p><strong>Especificaci\u00f3n<\/strong><\/p>\n<ul>\n<li>Sensor 320\u00d7240<\/li>\n<li>Objetivo de 35 mm<\/li>\n<li>5-30 aumentos<\/li>\n<li>6 grados HFOV<\/li>\n<li>TriMode\u2122.<\/li>\n<li>ThermaLoc\u2122<\/li>\n<\/ul>\n<p><strong>Accesorios en la caja<\/strong><\/p>\n<ul>\n<li>Funda de transporte blanda de EVA<\/li>\n<li>Oculares con clip y para fusil<\/li>\n<li>Montaje en carril Picatinny<\/li>\n<li>Cord\u00f3n de seguridad para manejo manual<\/li>\n<li>Limpiador de lentes de microfibra<\/li>\n<li>Cargador de bater\u00eda USB-C de 2 A<\/li>\n<li>Objetivo de alineaci\u00f3n<\/li>\n<li>Alineaci\u00f3n adhesiva 5 almohadillas t\u00e9rmicas<\/li>\n<li>Gu\u00eda de inicio r\u00e1pido<\/li>\n<li>Gu\u00eda detallada del usuario<\/li>\n<\/ul>\n<p><strong>Recursos<\/strong><\/p>\n<ul>\n<li><a href=\"https:\/\/angrystag.com\/wp-content\/uploads\/2025\/01\/SalesSheetScopes1-5-25sm.pdf\">Ver hoja de ventas<\/a><\/li>\n<li><a href=\"https:\/\/angrystag.com\/wp-content\/uploads\/2025\/07\/Scope_UserGuide7-14-253.pdf\">Ver la gu\u00eda del usuario<\/a><\/li>\n<li><a href=\"https:\/\/angrystag.com\/wp-content\/uploads\/2024\/12\/Scope_Quickstart_12-3-24.pdf\">Ver la Gu\u00eda de inicio r\u00e1pido<\/a><\/li>\n<\/ul>\n<p><strong>Nombre del producto<\/strong><\/p>\n<ul>\n<li>AS-320-35<\/li>\n<\/ul>","protected":false},"excerpt":{"rendered":"<p><span style=\"font-weight: 400;\">Experimente una imagen t\u00e9rmica superior con este visor avanzado que cuenta con un <\/span><span style=\"font-weight: 400;\">320&#215;240<\/span><span style=\"font-weight: 400;\"> sensor. Dise\u00f1ado para un uso vers\u00e1til, ofrece la mejor imagen t\u00e9rmica de su clase, enfoque manual y una resoluci\u00f3n de 35<\/span><span style=\"font-weight: 400;\">mm. Equipado con un NUC sin obturador, mejora del falso color y aumento digital, este visor ofrece un rendimiento excepcional. Alimentado por una bater\u00eda de larga duraci\u00f3n, proporciona transmisi\u00f3n Wi-Fi y carga USB. El visor t\u00e9rmico AS320 est\u00e1 fabricado con aluminio aeron\u00e1utico duradero y ofrece funciones como grabaci\u00f3n previa al evento, im\u00e1genes fijas y v\u00eddeo. Todos los visores t\u00e9rmicos Angry Stag vienen de serie con Trimode\u2122 que permite su uso como visor de punter\u00eda, de pinza o de mano, y ThermaLoc\u2122 que permite cazar y observar durante el d\u00eda. Fabricado en Estados Unidos, es asequible para cazadores y entusiastas que buscan im\u00e1genes t\u00e9rmicas de primer nivel.<\/span><\/p>","protected":false},"featured_media":12492,"comment_status":"closed","ping_status":"closed","template":"","meta":[],"product_cat":[168,164],"product_tag":[236],"class_list":{"0":"post-11924","1":"product","2":"type-product","3":"status-publish","4":"has-post-thumbnail","6":"product_cat-scopes","7":"product_cat-thermal-scopes","8":"product_tag-320-35","9":"pa_1000gs-tested-yes","10":"pa_5-year-limited-warranty-yes","11":"pa_50hz-refresh-rate-yes","12":"pa_6-reticles-3-colors-yes","13":"pa_7-false-color-pallets-yes","14":"pa_accessories-carrying-case","15":"pa_accessories-eyecup-for-riflescope-and-clip-on","16":"pa_accessories-flip-up-lens-cover","17":"pa_accessories-microfiber-lens-cleaner","18":"pa_accessories-owners-manual","19":"pa_accessories-quickstart-guide","20":"pa_accessories-thermal-targets","21":"pa_accessories-usb-c-changing-adpater","22":"pa_accessories-usb-c-streaming-cable","23":"pa_field-firmware-update-no","24":"pa_horizontal-field-of-view-6-degrees","25":"pa_mk-74","26":"pa_oled-1024x768-yes","27":"pa_one-shot-freeze-alignment-yes","28":"pa_pixel-size-12um","29":"pa_sensor-resolution-320x240","30":"pa_thermal-lens-35mm","31":"pa_tilt-power-savings-yes","32":"pa_tilt-sensor-yes","33":"pa_trimode-mount-yes","35":"first","36":"instock","37":"taxable","38":"shipping-taxable","39":"purchasable","40":"product-type-simple"},"yoast_head":"<!-- This site is optimized with the Yoast SEO plugin v27.2 - https:\/\/yoast.com\/product\/yoast-seo-wordpress\/ -->\n<title>Thermal Scope AS-320-35 TriMode\u2122 - Angry Stag<\/title>\n<meta name=\"robots\" content=\"index, follow, max-snippet:-1, max-image-preview:large, max-video-preview:-1\" \/>\n<link rel=\"canonical\" href=\"https:\/\/angrystag.com\/es\/product\/alcance-termico-como-320-35-trimode\/\" \/>\n<meta property=\"og:locale\" content=\"es_ES\" \/>\n<meta property=\"og:type\" content=\"article\" \/>\n<meta property=\"og:title\" content=\"Thermal Scope AS-320-35 TriMode\u2122 - Angry Stag\" \/>\n<meta property=\"og:description\" content=\"Experience superior thermal imaging with this advanced scope featuring a 320x240 sensor. Designed for versatile use, it offers best-in-class thermal imaging, manual focus, and a 35mm lens. Equipped with a shutterless NUC, false color enhancement, and digital magnification, this scope delivers exceptional performance. Powered by a long-lasting battery, it provides Wi-Fi streaming and USB charging. The Thermal Scope AS320 is built with durable aircraft Aluminum and offers features like pre-event recording, stills, and video. All Angry Stag Thermal scopes come standard with Trimode\u2122 allowing for use as a riflescope, a clip-on, or a handheld, and ThermaLoc\u2122 allowing for daytime hunting and observing. Made in the USA, it\u2019s affordable for hunters and enthusiasts seeking top-tier thermal imaging.\" \/>\n<meta property=\"og:url\" content=\"https:\/\/angrystag.com\/es\/product\/alcance-termico-como-320-35-trimode\/\" \/>\n<meta property=\"og:site_name\" content=\"Angry Stag\" \/>\n<meta property=\"article:publisher\" content=\"https:\/\/www.facebook.com\/profile.php?id=100083670355772&amp;mibextid=LQQJ4d\" \/>\n<meta property=\"article:modified_time\" content=\"2025-07-18T06:24:30+00:00\" \/>\n<meta property=\"og:image\" content=\"https:\/\/angrystag.com\/wp-content\/uploads\/2024\/12\/thermal-scope-as-320-35-trimode.png\" \/>\n\t<meta property=\"og:image:width\" content=\"1536\" \/>\n\t<meta property=\"og:image:height\" content=\"1536\" \/>\n\t<meta property=\"og:image:type\" content=\"image\/png\" \/>\n<meta name=\"twitter:card\" content=\"summary_large_image\" \/>\n<meta name=\"twitter:label1\" content=\"Est. reading time\" \/>\n\t<meta name=\"twitter:data1\" content=\"2 minutes\" \/>\n<script type=\"application\/ld+json\" class=\"yoast-schema-graph\">{\"@context\":\"https:\/\/schema.org\",\"@graph\":[{\"@type\":\"WebPage\",\"@id\":\"https:\/\/angrystag.com\/product\/thermal-scope-as-320-35-trimode\/\",\"url\":\"https:\/\/angrystag.com\/product\/thermal-scope-as-320-35-trimode\/\",\"name\":\"Thermal Scope AS-320-35 TriMode\u2122 - Angry Stag\",\"isPartOf\":{\"@id\":\"https:\/\/angrystag.com\/#website\"},\"primaryImageOfPage\":{\"@id\":\"https:\/\/angrystag.com\/product\/thermal-scope-as-320-35-trimode\/#primaryimage\"},\"image\":{\"@id\":\"https:\/\/angrystag.com\/product\/thermal-scope-as-320-35-trimode\/#primaryimage\"},\"thumbnailUrl\":\"https:\/\/angrystag.com\/wp-content\/uploads\/2024\/12\/thermal-scope-as-320-35-trimode.png\",\"datePublished\":\"2024-12-26T14:08:16+00:00\",\"dateModified\":\"2025-07-18T06:24:30+00:00\",\"breadcrumb\":{\"@id\":\"https:\/\/angrystag.com\/product\/thermal-scope-as-320-35-trimode\/#breadcrumb\"},\"inLanguage\":\"es-ES\",\"potentialAction\":[{\"@type\":\"ReadAction\",\"target\":[\"https:\/\/angrystag.com\/product\/thermal-scope-as-320-35-trimode\/\"]}]},{\"@type\":\"ImageObject\",\"inLanguage\":\"es-ES\",\"@id\":\"https:\/\/angrystag.com\/product\/thermal-scope-as-320-35-trimode\/#primaryimage\",\"url\":\"https:\/\/angrystag.com\/wp-content\/uploads\/2024\/12\/thermal-scope-as-320-35-trimode.png\",\"contentUrl\":\"https:\/\/angrystag.com\/wp-content\/uploads\/2024\/12\/thermal-scope-as-320-35-trimode.png\",\"width\":1536,\"height\":1536,\"caption\":\"Thermal Scope AS-320-35 TriMode\u2122\"},{\"@type\":\"BreadcrumbList\",\"@id\":\"https:\/\/angrystag.com\/product\/thermal-scope-as-320-35-trimode\/#breadcrumb\",\"itemListElement\":[{\"@type\":\"ListItem\",\"position\":1,\"name\":\"Home\",\"item\":\"https:\/\/angrystag.com\/\"},{\"@type\":\"ListItem\",\"position\":2,\"name\":\"Shop\",\"item\":\"https:\/\/angrystag.com\/shop\/\"},{\"@type\":\"ListItem\",\"position\":3,\"name\":\"Thermal Scope AS-320-35 TriMode\u2122\"}]},{\"@type\":\"WebSite\",\"@id\":\"https:\/\/angrystag.com\/#website\",\"url\":\"https:\/\/angrystag.com\/\",\"name\":\"Angry Stag\",\"description\":\"Innovative &amp; Reliable Outdoor Products\",\"publisher\":{\"@id\":\"https:\/\/angrystag.com\/#organization\"},\"potentialAction\":[{\"@type\":\"SearchAction\",\"target\":{\"@type\":\"EntryPoint\",\"urlTemplate\":\"https:\/\/angrystag.com\/?s={search_term_string}\"},\"query-input\":{\"@type\":\"PropertyValueSpecification\",\"valueRequired\":true,\"valueName\":\"search_term_string\"}}],\"inLanguage\":\"es-ES\"},{\"@type\":\"Organization\",\"@id\":\"https:\/\/angrystag.com\/#organization\",\"name\":\"Angry Stag\",\"url\":\"https:\/\/angrystag.com\/\",\"logo\":{\"@type\":\"ImageObject\",\"inLanguage\":\"es-ES\",\"@id\":\"https:\/\/angrystag.com\/#\/schema\/logo\/image\/\",\"url\":\"https:\/\/angrystag.com\/wp-content\/uploads\/2024\/09\/Angry-Stag-Horizontal-Logo.png\",\"contentUrl\":\"https:\/\/angrystag.com\/wp-content\/uploads\/2024\/09\/Angry-Stag-Horizontal-Logo.png\",\"width\":800,\"height\":214,\"caption\":\"Angry Stag\"},\"image\":{\"@id\":\"https:\/\/angrystag.com\/#\/schema\/logo\/image\/\"},\"sameAs\":[\"https:\/\/www.facebook.com\/profile.php?id=100083670355772&mibextid=LQQJ4d\",\"https:\/\/www.instagram.com\/angrystagbrand\/\"]}]}<\/script>\n<!-- \/ Yoast SEO plugin. -->","yoast_head_json":{"title":"Visor t\u00e9rmico AS-320-35 TriMode\u2122 - Angry Stag","robots":{"index":"index","follow":"follow","max-snippet":"max-snippet:-1","max-image-preview":"max-image-preview:large","max-video-preview":"max-video-preview:-1"},"canonical":"https:\/\/angrystag.com\/es\/product\/alcance-termico-como-320-35-trimode\/","og_locale":"es_ES","og_type":"article","og_title":"Thermal Scope AS-320-35 TriMode\u2122 - Angry Stag","og_description":"Experience superior thermal imaging with this advanced scope featuring a 320x240 sensor. Designed for versatile use, it offers best-in-class thermal imaging, manual focus, and a 35mm lens. Equipped with a shutterless NUC, false color enhancement, and digital magnification, this scope delivers exceptional performance. Powered by a long-lasting battery, it provides Wi-Fi streaming and USB charging. The Thermal Scope AS320 is built with durable aircraft Aluminum and offers features like pre-event recording, stills, and video. All Angry Stag Thermal scopes come standard with Trimode\u2122 allowing for use as a riflescope, a clip-on, or a handheld, and ThermaLoc\u2122 allowing for daytime hunting and observing. Made in the USA, it\u2019s affordable for hunters and enthusiasts seeking top-tier thermal imaging.","og_url":"https:\/\/angrystag.com\/es\/product\/alcance-termico-como-320-35-trimode\/","og_site_name":"Angry Stag","article_publisher":"https:\/\/www.facebook.com\/profile.php?id=100083670355772&mibextid=LQQJ4d","article_modified_time":"2025-07-18T06:24:30+00:00","og_image":[{"width":1536,"height":1536,"url":"https:\/\/angrystag.com\/wp-content\/uploads\/2024\/12\/thermal-scope-as-320-35-trimode.png","type":"image\/png"}],"twitter_card":"summary_large_image","twitter_misc":{"Est. reading time":"2 minutes"},"schema":{"@context":"https:\/\/schema.org","@graph":[{"@type":"WebPage","@id":"https:\/\/angrystag.com\/product\/thermal-scope-as-320-35-trimode\/","url":"https:\/\/angrystag.com\/product\/thermal-scope-as-320-35-trimode\/","name":"Visor t\u00e9rmico AS-320-35 TriMode\u2122 - Angry Stag","isPartOf":{"@id":"https:\/\/angrystag.com\/#website"},"primaryImageOfPage":{"@id":"https:\/\/angrystag.com\/product\/thermal-scope-as-320-35-trimode\/#primaryimage"},"image":{"@id":"https:\/\/angrystag.com\/product\/thermal-scope-as-320-35-trimode\/#primaryimage"},"thumbnailUrl":"https:\/\/angrystag.com\/wp-content\/uploads\/2024\/12\/thermal-scope-as-320-35-trimode.png","datePublished":"2024-12-26T14:08:16+00:00","dateModified":"2025-07-18T06:24:30+00:00","breadcrumb":{"@id":"https:\/\/angrystag.com\/product\/thermal-scope-as-320-35-trimode\/#breadcrumb"},"inLanguage":"es-ES","potentialAction":[{"@type":"ReadAction","target":["https:\/\/angrystag.com\/product\/thermal-scope-as-320-35-trimode\/"]}]},{"@type":"ImageObject","inLanguage":"es-ES","@id":"https:\/\/angrystag.com\/product\/thermal-scope-as-320-35-trimode\/#primaryimage","url":"https:\/\/angrystag.com\/wp-content\/uploads\/2024\/12\/thermal-scope-as-320-35-trimode.png","contentUrl":"https:\/\/angrystag.com\/wp-content\/uploads\/2024\/12\/thermal-scope-as-320-35-trimode.png","width":1536,"height":1536,"caption":"Thermal Scope AS-320-35 TriMode\u2122"},{"@type":"BreadcrumbList","@id":"https:\/\/angrystag.com\/product\/thermal-scope-as-320-35-trimode\/#breadcrumb","itemListElement":[{"@type":"ListItem","position":1,"name":"Home","item":"https:\/\/angrystag.com\/"},{"@type":"ListItem","position":2,"name":"Shop","item":"https:\/\/angrystag.com\/shop\/"},{"@type":"ListItem","position":3,"name":"Thermal Scope AS-320-35 TriMode\u2122"}]},{"@type":"WebSite","@id":"https:\/\/angrystag.com\/#website","url":"https:\/\/angrystag.com\/","name":"Ciervo furioso","description":"Productos innovadores y fiables para exteriores","publisher":{"@id":"https:\/\/angrystag.com\/#organization"},"potentialAction":[{"@type":"SearchAction","target":{"@type":"EntryPoint","urlTemplate":"https:\/\/angrystag.com\/?s={search_term_string}"},"query-input":{"@type":"PropertyValueSpecification","valueRequired":true,"valueName":"search_term_string"}}],"inLanguage":"es-ES"},{"@type":"Organization","@id":"https:\/\/angrystag.com\/#organization","name":"Ciervo furioso","url":"https:\/\/angrystag.com\/","logo":{"@type":"ImageObject","inLanguage":"es-ES","@id":"https:\/\/angrystag.com\/#\/schema\/logo\/image\/","url":"https:\/\/angrystag.com\/wp-content\/uploads\/2024\/09\/Angry-Stag-Horizontal-Logo.png","contentUrl":"https:\/\/angrystag.com\/wp-content\/uploads\/2024\/09\/Angry-Stag-Horizontal-Logo.png","width":800,"height":214,"caption":"Angry Stag"},"image":{"@id":"https:\/\/angrystag.com\/#\/schema\/logo\/image\/"},"sameAs":["https:\/\/www.facebook.com\/profile.php?id=100083670355772&mibextid=LQQJ4d","https:\/\/www.instagram.com\/angrystagbrand\/"]}]}},"_links":{"self":[{"href":"https:\/\/angrystag.com\/es\/wp-json\/wp\/v2\/product\/11924","targetHints":{"allow":["GET"]}}],"collection":[{"href":"https:\/\/angrystag.com\/es\/wp-json\/wp\/v2\/product"}],"about":[{"href":"https:\/\/angrystag.com\/es\/wp-json\/wp\/v2\/types\/product"}],"replies":[{"embeddable":true,"href":"https:\/\/angrystag.com\/es\/wp-json\/wp\/v2\/comments?post=11924"}],"wp:featuredmedia":[{"embeddable":true,"href":"https:\/\/angrystag.com\/es\/wp-json\/wp\/v2\/media\/12492"}],"wp:attachment":[{"href":"https:\/\/angrystag.com\/es\/wp-json\/wp\/v2\/media?parent=11924"}],"wp:term":[{"taxonomy":"product_cat","embeddable":true,"href":"https:\/\/angrystag.com\/es\/wp-json\/wp\/v2\/product_cat?post=11924"},{"taxonomy":"product_tag","embeddable":true,"href":"https:\/\/angrystag.com\/es\/wp-json\/wp\/v2\/product_tag?post=11924"}],"curies":[{"name":"wp","href":"https:\/\/api.w.org\/{rel}","templated":true}]}}