{"id":4031,"date":"2024-09-24T07:39:30","date_gmt":"2024-09-24T07:39:30","guid":{"rendered":"https:\/\/angrystag.com\/?post_type=product&#038;p=4031"},"modified":"2025-03-12T13:46:10","modified_gmt":"2025-03-12T13:46:10","slug":"gama-de-orejeras-de-proteccion","status":"publish","type":"product","link":"https:\/\/angrystag.com\/es\/product\/range-protective-ear-muffs\/","title":{"rendered":"Gama Orejeras de Protecci\u00f3n"},"content":{"rendered":"<p>Nuestros auriculares est\u00e1n dise\u00f1ados para permitir a los tiradores apuntar con los rifles sin la voluminosa interferencia de los protectores auditivos tipo manguito m\u00e1s grandes, a la vez que mantienen s\u00f3lidos \u00edndices NRR. Los auriculares son plegables y se pueden plegar en un perfil peque\u00f1o y port\u00e1til.<\/p>\n<p><strong>Caracter\u00edsticas:<\/strong><\/p>\n<ul>\n<li>Dise\u00f1o y comodidad - Nuestros auriculares est\u00e1n dise\u00f1ados para permitir a los tiradores apuntar<br \/>\nrifles sin la voluminosa interferencia de los protectores auditivos tipo manguito m\u00e1s grandes, al tiempo que se mantiene el 25NRR exigido por la OSHA para el tiro. Todos nuestros auriculares son plegables y se pueden plegar en un perfil peque\u00f1o, port\u00e1til y todos son est\u00e1ndar con manguitos de gel y gruesas diademas acolchadas para un uso c\u00f3modo durante todo el d\u00eda.<\/li>\n<li>Comodidad: hemos dise\u00f1ado diademas acolchadas y almohadillas de alta calidad para las orejeras. Tanto los Range como los Tactical utilizan una diadema acolchada mejorada junto con unas orejeras de gel poco habituales, lo que da como resultado \"las orejeras m\u00e1s c\u00f3modas del planeta\". Son lo \u00faltimo en comodidad para un uso prolongado.<\/li>\n<li>Algoritmos avanzados - Nuestros auriculares emplean algoritmos de protecci\u00f3n auditiva de \u00faltima generaci\u00f3n desarrollados por los ingenieros de Angry Stag, lo que da como resultado unas orejeras m\u00e1s finas con s\u00f3lidas clasificaciones NRR.<\/li>\n<li>Ecol\u00f3gicos - A diferencia de pr\u00e1cticamente todos los auriculares de menos de $100, todos nuestros auriculares son recargables con 12 horas de autonom\u00eda, por lo que no hay pilas que cambiar ni desechar, lo que reduce tanto el coste de funcionamiento como la huella de carbono.<\/li>\n<li>Conectividad - Todos nuestros auriculares tienen una toma de entrada de audio que permite<br \/>\nconexi\u00f3n a cualquier radio.<\/li>\n<li>Rendimiento - Nuestro DSP\/amplificador permite amplificar hasta 3 veces el sonido local a la vez que reacciona a cualquier sonido superior a 85 dB en &lt;1 ms.<\/li>\n<\/ul>\n<p><strong>Especificaciones:<\/strong><\/p>\n<ul>\n<li>Orejeras de gel de primera calidad para una experiencia m\u00e1s c\u00f3moda.<\/li>\n<li>Compresi\u00f3n y recuperaci\u00f3n ultrarr\u00e1pidas totalmente digitales.<\/li>\n<li>2 potentes micr\u00f3fonos para mejorar el rendimiento de audio.<\/li>\n<\/ul>\n<p><strong>Recursos<\/strong><\/p>\n<ul>\n<li><a href=\"https:\/\/angrystag.com\/wp-content\/uploads\/2025\/01\/SalesSheet-Muffs-EZ-12-15-24a.pdf\">Ver hoja de ventas<\/a><\/li>\n<li><a href=\"\/wp-content\/uploads\/2024\/10\/RangeRF-User-Guide-R-100-RFhqp.pdf\">Ver la gu\u00eda del usuario<\/a><\/li>\n<\/ul>\n<p><strong>N\u00famero de producto:<\/strong><\/p>\n<ul>\n<li>Gama R-100HD, 800807100046<\/li>\n<\/ul>","protected":false},"excerpt":{"rendered":"<p><span style=\"font-weight: 400;\">Gama - Los auriculares Angry Stag est\u00e1n dise\u00f1ados desde cero aqu\u00ed mismo, en Estados Unidos. Todas las protecciones auditivas tienen una compresi\u00f3n ultrarr\u00e1pida de cualquier sonido superior a 85db y todas tienen la clasificaci\u00f3n m\u00ednima 25NRR requerida por la OSHA. Todos nuestros auriculares est\u00e1n dise\u00f1ados para su uso y comodidad durante todo el d\u00eda y cuentan con bater\u00edas recargables, diademas ultra acolchadas, revestimiento de goma suave de lujo y orejeras de gel, todo de serie. Mantenga conversaciones normales, pero cuando se produzca un disparo, lo oir\u00e1 a un nivel seguro de 85db. <\/span><\/p>\n<p>&nbsp;<\/p>","protected":false},"featured_media":11386,"comment_status":"closed","ping_status":"closed","template":"","meta":[],"product_cat":[15,163],"product_tag":[],"class_list":{"0":"post-4031","1":"product","2":"type-product","3":"status-publish","4":"has-post-thumbnail","6":"product_brand-angry-stag","7":"product_cat-all-products","8":"product_cat-hearing-protection","9":"pa_85db-compression-yes","10":"pa_foldadable-yes","11":"pa_function-compression-1to1-1-to-many-7-channles-2-private","12":"pa_gel-ear-cups-yes","13":"pa_hours-continuous-use-201","14":"pa_instruction-manual-yes","15":"pa_local-sound-amplification-3x","16":"pa_mics-151","17":"pa_nrr-123","18":"pa_other-no","19":"pa_pod-battery-recharger-no","20":"pa_radio-input-jack-yes","21":"pa_reaction-time-1ms","22":"pa_rechargeable-yes","23":"pa_recovery-time-1ms","24":"pa_rubberized-soft-coating-yes","25":"pa_soft-case-yes","26":"pa_speakers-hd-sound-quality","27":"pa_special-feature-ultra-comfort","28":"pa_usage-range-all-day-use","29":"pa_usb-c-charge-adapter-yes","31":"first","32":"instock","33":"taxable","34":"shipping-taxable","35":"purchasable","36":"product-type-simple"},"yoast_head":"<!-- This site is optimized with the Yoast SEO plugin v27.2 - https:\/\/yoast.com\/product\/yoast-seo-wordpress\/ -->\n<title>Range Protective Ear Muffs - Angry Stag<\/title>\n<meta name=\"robots\" content=\"index, follow, max-snippet:-1, max-image-preview:large, max-video-preview:-1\" \/>\n<link rel=\"canonical\" href=\"https:\/\/angrystag.com\/es\/product\/gama-de-orejeras-de-proteccion\/\" \/>\n<meta property=\"og:locale\" content=\"es_ES\" \/>\n<meta property=\"og:type\" content=\"article\" \/>\n<meta property=\"og:title\" content=\"Range Protective Ear Muffs - Angry Stag\" \/>\n<meta property=\"og:description\" content=\"Range - Angry Stag Headsets are designed from the ground up right here is the USA. All hearing protection has ultrafast compression of any sound over 85db and all have the minimum OSHA required 25NRR rating. All our headsets are designed for all day use and comfort and have rechargeable batteries, ultra padded headbands, soft rubberized luxury coating and Gel muffs, all standard. Have normal conversations, but when a shot is fired, you hear it at a safe 85db level.   &nbsp;\" \/>\n<meta property=\"og:url\" content=\"https:\/\/angrystag.com\/es\/product\/gama-de-orejeras-de-proteccion\/\" \/>\n<meta property=\"og:site_name\" content=\"Angry Stag\" \/>\n<meta property=\"article:publisher\" content=\"https:\/\/www.facebook.com\/profile.php?id=100083670355772&amp;mibextid=LQQJ4d\" \/>\n<meta property=\"article:modified_time\" content=\"2025-03-12T13:46:10+00:00\" \/>\n<meta property=\"og:image\" content=\"https:\/\/angrystag.com\/wp-content\/uploads\/2024\/10\/1.jpg\" \/>\n\t<meta property=\"og:image:width\" content=\"2000\" \/>\n\t<meta property=\"og:image:height\" content=\"2000\" \/>\n\t<meta property=\"og:image:type\" content=\"image\/jpeg\" \/>\n<meta name=\"twitter:card\" content=\"summary_large_image\" \/>\n<meta name=\"twitter:label1\" content=\"Est. reading time\" \/>\n\t<meta name=\"twitter:data1\" content=\"2 minutes\" \/>\n<script type=\"application\/ld+json\" class=\"yoast-schema-graph\">{\"@context\":\"https:\/\/schema.org\",\"@graph\":[{\"@type\":\"WebPage\",\"@id\":\"https:\/\/angrystag.com\/product\/range-protective-ear-muffs\/\",\"url\":\"https:\/\/angrystag.com\/product\/range-protective-ear-muffs\/\",\"name\":\"Range Protective Ear Muffs - Angry Stag\",\"isPartOf\":{\"@id\":\"https:\/\/angrystag.com\/#website\"},\"primaryImageOfPage\":{\"@id\":\"https:\/\/angrystag.com\/product\/range-protective-ear-muffs\/#primaryimage\"},\"image\":{\"@id\":\"https:\/\/angrystag.com\/product\/range-protective-ear-muffs\/#primaryimage\"},\"thumbnailUrl\":\"https:\/\/angrystag.com\/wp-content\/uploads\/2024\/10\/1.jpg\",\"datePublished\":\"2024-09-24T07:39:30+00:00\",\"dateModified\":\"2025-03-12T13:46:10+00:00\",\"breadcrumb\":{\"@id\":\"https:\/\/angrystag.com\/product\/range-protective-ear-muffs\/#breadcrumb\"},\"inLanguage\":\"es-ES\",\"potentialAction\":[{\"@type\":\"ReadAction\",\"target\":[\"https:\/\/angrystag.com\/product\/range-protective-ear-muffs\/\"]}]},{\"@type\":\"ImageObject\",\"inLanguage\":\"es-ES\",\"@id\":\"https:\/\/angrystag.com\/product\/range-protective-ear-muffs\/#primaryimage\",\"url\":\"https:\/\/angrystag.com\/wp-content\/uploads\/2024\/10\/1.jpg\",\"contentUrl\":\"https:\/\/angrystag.com\/wp-content\/uploads\/2024\/10\/1.jpg\",\"width\":2000,\"height\":2000},{\"@type\":\"BreadcrumbList\",\"@id\":\"https:\/\/angrystag.com\/product\/range-protective-ear-muffs\/#breadcrumb\",\"itemListElement\":[{\"@type\":\"ListItem\",\"position\":1,\"name\":\"Home\",\"item\":\"https:\/\/angrystag.com\/\"},{\"@type\":\"ListItem\",\"position\":2,\"name\":\"Shop\",\"item\":\"https:\/\/angrystag.com\/shop\/\"},{\"@type\":\"ListItem\",\"position\":3,\"name\":\"Range Protective Ear Muffs\"}]},{\"@type\":\"WebSite\",\"@id\":\"https:\/\/angrystag.com\/#website\",\"url\":\"https:\/\/angrystag.com\/\",\"name\":\"Angry Stag\",\"description\":\"Innovative &amp; Reliable Outdoor Products\",\"publisher\":{\"@id\":\"https:\/\/angrystag.com\/#organization\"},\"potentialAction\":[{\"@type\":\"SearchAction\",\"target\":{\"@type\":\"EntryPoint\",\"urlTemplate\":\"https:\/\/angrystag.com\/?s={search_term_string}\"},\"query-input\":{\"@type\":\"PropertyValueSpecification\",\"valueRequired\":true,\"valueName\":\"search_term_string\"}}],\"inLanguage\":\"es-ES\"},{\"@type\":\"Organization\",\"@id\":\"https:\/\/angrystag.com\/#organization\",\"name\":\"Angry Stag\",\"url\":\"https:\/\/angrystag.com\/\",\"logo\":{\"@type\":\"ImageObject\",\"inLanguage\":\"es-ES\",\"@id\":\"https:\/\/angrystag.com\/#\/schema\/logo\/image\/\",\"url\":\"https:\/\/angrystag.com\/wp-content\/uploads\/2024\/09\/Angry-Stag-Horizontal-Logo.png\",\"contentUrl\":\"https:\/\/angrystag.com\/wp-content\/uploads\/2024\/09\/Angry-Stag-Horizontal-Logo.png\",\"width\":800,\"height\":214,\"caption\":\"Angry Stag\"},\"image\":{\"@id\":\"https:\/\/angrystag.com\/#\/schema\/logo\/image\/\"},\"sameAs\":[\"https:\/\/www.facebook.com\/profile.php?id=100083670355772&mibextid=LQQJ4d\",\"https:\/\/www.instagram.com\/angrystagbrand\/\"]}]}<\/script>\n<!-- \/ Yoast SEO plugin. -->","yoast_head_json":{"title":"Gama Orejeras de Protecci\u00f3n - Angry Stag","robots":{"index":"index","follow":"follow","max-snippet":"max-snippet:-1","max-image-preview":"max-image-preview:large","max-video-preview":"max-video-preview:-1"},"canonical":"https:\/\/angrystag.com\/es\/product\/gama-de-orejeras-de-proteccion\/","og_locale":"es_ES","og_type":"article","og_title":"Range Protective Ear Muffs - Angry Stag","og_description":"Range - Angry Stag Headsets are designed from the ground up right here is the USA. All hearing protection has ultrafast compression of any sound over 85db and all have the minimum OSHA required 25NRR rating. All our headsets are designed for all day use and comfort and have rechargeable batteries, ultra padded headbands, soft rubberized luxury coating and Gel muffs, all standard. Have normal conversations, but when a shot is fired, you hear it at a safe 85db level.   &nbsp;","og_url":"https:\/\/angrystag.com\/es\/product\/gama-de-orejeras-de-proteccion\/","og_site_name":"Angry Stag","article_publisher":"https:\/\/www.facebook.com\/profile.php?id=100083670355772&mibextid=LQQJ4d","article_modified_time":"2025-03-12T13:46:10+00:00","og_image":[{"width":2000,"height":2000,"url":"https:\/\/angrystag.com\/wp-content\/uploads\/2024\/10\/1.jpg","type":"image\/jpeg"}],"twitter_card":"summary_large_image","twitter_misc":{"Est. reading time":"2 minutes"},"schema":{"@context":"https:\/\/schema.org","@graph":[{"@type":"WebPage","@id":"https:\/\/angrystag.com\/product\/range-protective-ear-muffs\/","url":"https:\/\/angrystag.com\/product\/range-protective-ear-muffs\/","name":"Gama Orejeras de Protecci\u00f3n - Angry Stag","isPartOf":{"@id":"https:\/\/angrystag.com\/#website"},"primaryImageOfPage":{"@id":"https:\/\/angrystag.com\/product\/range-protective-ear-muffs\/#primaryimage"},"image":{"@id":"https:\/\/angrystag.com\/product\/range-protective-ear-muffs\/#primaryimage"},"thumbnailUrl":"https:\/\/angrystag.com\/wp-content\/uploads\/2024\/10\/1.jpg","datePublished":"2024-09-24T07:39:30+00:00","dateModified":"2025-03-12T13:46:10+00:00","breadcrumb":{"@id":"https:\/\/angrystag.com\/product\/range-protective-ear-muffs\/#breadcrumb"},"inLanguage":"es-ES","potentialAction":[{"@type":"ReadAction","target":["https:\/\/angrystag.com\/product\/range-protective-ear-muffs\/"]}]},{"@type":"ImageObject","inLanguage":"es-ES","@id":"https:\/\/angrystag.com\/product\/range-protective-ear-muffs\/#primaryimage","url":"https:\/\/angrystag.com\/wp-content\/uploads\/2024\/10\/1.jpg","contentUrl":"https:\/\/angrystag.com\/wp-content\/uploads\/2024\/10\/1.jpg","width":2000,"height":2000},{"@type":"BreadcrumbList","@id":"https:\/\/angrystag.com\/product\/range-protective-ear-muffs\/#breadcrumb","itemListElement":[{"@type":"ListItem","position":1,"name":"Home","item":"https:\/\/angrystag.com\/"},{"@type":"ListItem","position":2,"name":"Shop","item":"https:\/\/angrystag.com\/shop\/"},{"@type":"ListItem","position":3,"name":"Range Protective Ear Muffs"}]},{"@type":"WebSite","@id":"https:\/\/angrystag.com\/#website","url":"https:\/\/angrystag.com\/","name":"Ciervo furioso","description":"Productos innovadores y fiables para exteriores","publisher":{"@id":"https:\/\/angrystag.com\/#organization"},"potentialAction":[{"@type":"SearchAction","target":{"@type":"EntryPoint","urlTemplate":"https:\/\/angrystag.com\/?s={search_term_string}"},"query-input":{"@type":"PropertyValueSpecification","valueRequired":true,"valueName":"search_term_string"}}],"inLanguage":"es-ES"},{"@type":"Organization","@id":"https:\/\/angrystag.com\/#organization","name":"Ciervo furioso","url":"https:\/\/angrystag.com\/","logo":{"@type":"ImageObject","inLanguage":"es-ES","@id":"https:\/\/angrystag.com\/#\/schema\/logo\/image\/","url":"https:\/\/angrystag.com\/wp-content\/uploads\/2024\/09\/Angry-Stag-Horizontal-Logo.png","contentUrl":"https:\/\/angrystag.com\/wp-content\/uploads\/2024\/09\/Angry-Stag-Horizontal-Logo.png","width":800,"height":214,"caption":"Angry Stag"},"image":{"@id":"https:\/\/angrystag.com\/#\/schema\/logo\/image\/"},"sameAs":["https:\/\/www.facebook.com\/profile.php?id=100083670355772&mibextid=LQQJ4d","https:\/\/www.instagram.com\/angrystagbrand\/"]}]}},"_links":{"self":[{"href":"https:\/\/angrystag.com\/es\/wp-json\/wp\/v2\/product\/4031","targetHints":{"allow":["GET"]}}],"collection":[{"href":"https:\/\/angrystag.com\/es\/wp-json\/wp\/v2\/product"}],"about":[{"href":"https:\/\/angrystag.com\/es\/wp-json\/wp\/v2\/types\/product"}],"replies":[{"embeddable":true,"href":"https:\/\/angrystag.com\/es\/wp-json\/wp\/v2\/comments?post=4031"}],"wp:featuredmedia":[{"embeddable":true,"href":"https:\/\/angrystag.com\/es\/wp-json\/wp\/v2\/media\/11386"}],"wp:attachment":[{"href":"https:\/\/angrystag.com\/es\/wp-json\/wp\/v2\/media?parent=4031"}],"wp:term":[{"taxonomy":"product_cat","embeddable":true,"href":"https:\/\/angrystag.com\/es\/wp-json\/wp\/v2\/product_cat?post=4031"},{"taxonomy":"product_tag","embeddable":true,"href":"https:\/\/angrystag.com\/es\/wp-json\/wp\/v2\/product_tag?post=4031"}],"curies":[{"name":"wp","href":"https:\/\/api.w.org\/{rel}","templated":true}]}}