{"id":4034,"date":"2024-09-24T07:39:40","date_gmt":"2024-09-24T07:39:40","guid":{"rendered":"https:\/\/angrystag.com\/?post_type=product&#038;p=4034"},"modified":"2025-03-12T13:45:14","modified_gmt":"2025-03-12T13:45:14","slug":"orejeras-protectoras-tacticas-bluetooth","status":"publish","type":"product","link":"https:\/\/angrystag.com\/es\/product\/tactical-bluetooth-protective-ear-muffs\/","title":{"rendered":"Orejeras protectoras Bluetooth t\u00e1cticas"},"content":{"rendered":"<p>Nuestros auriculares est\u00e1n dise\u00f1ados para permitir a los tiradores apuntar con los rifles sin la voluminosa interferencia de los protectores auditivos tipo manguito m\u00e1s grandes, a la vez que mantienen s\u00f3lidos \u00edndices NRR. Los auriculares son plegables y se pueden plegar en un perfil peque\u00f1o y port\u00e1til.<\/p>\n<p><strong>Caracter\u00edsticas:<\/strong><\/p>\n<ul>\n<li>Dise\u00f1o - Nuestros auriculares est\u00e1n dise\u00f1ados para permitir a los tiradores apuntar<br \/>\nrifles sin la voluminosa interferencia de los protectores auditivos tipo manguito m\u00e1s grandes, al tiempo que se mantiene el 25NRR exigido por la OSHA para el tiro. Todos nuestros auriculares son plegables y se pueden plegar en un perfil peque\u00f1o, port\u00e1til y todos son est\u00e1ndar con manguitos de gel y gruesas diademas acolchadas para un uso c\u00f3modo durante todo el d\u00eda.<\/li>\n<li>Algoritmos avanzados - Nuestros auriculares emplean algoritmos de protecci\u00f3n auditiva de \u00faltima generaci\u00f3n desarrollados por los ingenieros de Angry Stag, lo que da como resultado unas orejeras m\u00e1s finas con s\u00f3lidas clasificaciones NRR.<\/li>\n<li>Comodidad: hemos dise\u00f1ado diademas acolchadas y almohadillas de alta calidad para las orejeras. Tanto los Range como los Tactical utilizan una diadema acolchada mejorada junto con unas orejeras de gel poco habituales, lo que da como resultado \"las orejeras m\u00e1s c\u00f3modas del planeta\". Son lo \u00faltimo en comodidad para un uso prolongado.<\/li>\n<li>Verde - <span style=\"font-weight: 400;\">Todos nuestros auriculares son recargables y tienen pilas de larga duraci\u00f3n, por lo que no hay que cambiarlas ni desecharlas, lo que reduce tanto el coste de funcionamiento como la huella de carbono.<\/span><\/li>\n<li>Conectividad - Todos nuestros auriculares tienen una toma de entrada de audio que permite la conexi\u00f3n a radios FRS u otras. Los auriculares t\u00e1cticos emplean el \u00faltimo chipset Bluetooth junto con NFC para facilitar la conexi\u00f3n. Puede atender llamadas telef\u00f3nicas o escuchar m\u00fasica en streaming desde su smartphone, tableta u otro dispositivo Bluetooth.<\/li>\n<li>Rendimiento - Nuestro DSP\/amplificador permite amplificar hasta 5 veces el sonido local al tiempo que reacciona a cualquier sonido superior a 85 dB en &lt;1 ms.<\/li>\n<\/ul>\n<p><strong>Especificaciones:<\/strong><\/p>\n<ul>\n<li>Bluetooth 5.3 admite llamadas telef\u00f3nicas y transmisi\u00f3n de m\u00fasica.<\/li>\n<li>Orejeras de gel de primera calidad para la experiencia m\u00e1s c\u00f3moda.<\/li>\n<li>3 potentes micr\u00f3fonos para mejorar el rendimiento de audio.<\/li>\n<\/ul>\n<p><strong>Recursos<\/strong><\/p>\n<ul>\n<li><a href=\"https:\/\/angrystag.com\/wp-content\/uploads\/2025\/01\/SalesSheet-Muffs-EZ-12-15-24a.pdf\">Ver hoja de ventas<\/a><\/li>\n<li><a href=\"\/wp-content\/uploads\/2024\/10\/Tactical-BT-User-Guide-T-100-BThqp.pdf\">Ver la gu\u00eda del usuario<\/a><\/li>\n<\/ul>\n<p><strong>N\u00famero de producto:<\/strong><\/p>\n<ul>\n<li>T\u00e1ctico: T-100, 800807100077<\/li>\n<\/ul>","protected":false},"excerpt":{"rendered":"<p><span style=\"font-weight: 400;\">Tactical BT - Los auriculares Angry Stag est\u00e1n dise\u00f1ados desde cero aqu\u00ed mismo, en Estados Unidos. Todas las protecciones auditivas tienen una compresi\u00f3n ultrarr\u00e1pida de cualquier sonido superior a 85db y todas tienen la clasificaci\u00f3n m\u00ednima 25NRR requerida por OSHA. Todos nuestros auriculares est\u00e1n dise\u00f1ados para su uso y comodidad durante todo el d\u00eda y cuentan con bater\u00edas recargables, diademas ultra acolchadas, revestimiento de goma suave de lujo y orejeras de gel, todo de serie. Mantenga conversaciones normales, pero cuando se produzca un disparo, lo oir\u00e1 a un nivel seguro de 85db.  Tactical BT a\u00f1ade tecnolog\u00eda Bluetooth que permite al usuario escuchar m\u00fasica y atender llamadas telef\u00f3nicas. Elija el que elija, no le decepcionar\u00e1.<\/span><\/p>","protected":false},"featured_media":11387,"comment_status":"closed","ping_status":"closed","template":"","meta":[],"product_cat":[15,163],"product_tag":[],"class_list":{"0":"post-4034","1":"product","2":"type-product","3":"status-publish","4":"has-post-thumbnail","6":"product_brand-angry-stag","7":"product_cat-all-products","8":"product_cat-hearing-protection","9":"pa_85db-compression-yes","10":"pa_foldadable-yes","11":"pa_function-take-calls-play-music-with-local-sound-compression","12":"pa_gel-ear-cups-yes","13":"pa_hours-continuous-use-10ptt-140","14":"pa_instruction-manual-yes","15":"pa_local-sound-amplification-5x","16":"pa_mics-152","17":"pa_nrr-123","18":"pa_other-no","19":"pa_pod-battery-recharger-no","20":"pa_radio-input-jack-yes","21":"pa_reaction-time-1ms","22":"pa_rechargeable-yes","23":"pa_recovery-time-1ms","24":"pa_rubberized-soft-coating-yes","25":"pa_soft-case-yes","26":"pa_speakers-hd-sound-quality","27":"pa_special-feature-bt-5-3","28":"pa_usage-shooting-hunting-home-use","29":"pa_usb-c-charge-adapter-yes","31":"first","32":"instock","33":"featured","34":"taxable","35":"shipping-taxable","36":"purchasable","37":"product-type-simple"},"yoast_head":"<!-- This site is optimized with the Yoast SEO plugin v27.2 - https:\/\/yoast.com\/product\/yoast-seo-wordpress\/ -->\n<title>Tactical Bluetooth Protective Ear Muffs - Angry Stag<\/title>\n<meta name=\"robots\" content=\"index, follow, max-snippet:-1, max-image-preview:large, max-video-preview:-1\" \/>\n<link rel=\"canonical\" href=\"https:\/\/angrystag.com\/es\/product\/orejeras-protectoras-tacticas-bluetooth\/\" \/>\n<meta property=\"og:locale\" content=\"es_ES\" \/>\n<meta property=\"og:type\" content=\"article\" \/>\n<meta property=\"og:title\" content=\"Tactical Bluetooth Protective Ear Muffs - Angry Stag\" \/>\n<meta property=\"og:description\" content=\"Tactical BT - Angry Stag Headsets are designed from the ground up right here is the USA. All hearing protection has ultrafast compression of any sound over 85db and all have the minimum OSHA required 25NRR rating. All our headsets are designed for all day use and comfort and have rechargeable batteries, ultra padded headbands, soft rubberized luxury coating and Gel muffs, all standard. Have normal conversations, but when a shot is fired, you hear it at a safe 85db level.\u00a0 Tactical BT adds Bluetooth technology allowing the user to listen to music and take phone calls. Whichever you choose, you will not be disappointed.\" \/>\n<meta property=\"og:url\" content=\"https:\/\/angrystag.com\/es\/product\/orejeras-protectoras-tacticas-bluetooth\/\" \/>\n<meta property=\"og:site_name\" content=\"Angry Stag\" \/>\n<meta property=\"article:publisher\" content=\"https:\/\/www.facebook.com\/profile.php?id=100083670355772&amp;mibextid=LQQJ4d\" \/>\n<meta property=\"article:modified_time\" content=\"2025-03-12T13:45:14+00:00\" \/>\n<meta property=\"og:image\" content=\"https:\/\/angrystag.com\/wp-content\/uploads\/2024\/10\/5.jpg\" \/>\n\t<meta property=\"og:image:width\" content=\"2000\" \/>\n\t<meta property=\"og:image:height\" content=\"2000\" \/>\n\t<meta property=\"og:image:type\" content=\"image\/jpeg\" \/>\n<meta name=\"twitter:card\" content=\"summary_large_image\" \/>\n<meta name=\"twitter:label1\" content=\"Est. reading time\" \/>\n\t<meta name=\"twitter:data1\" content=\"2 minutes\" \/>\n<script type=\"application\/ld+json\" class=\"yoast-schema-graph\">{\"@context\":\"https:\/\/schema.org\",\"@graph\":[{\"@type\":\"WebPage\",\"@id\":\"https:\/\/angrystag.com\/pt\/produto\/auriculares-de-protecao-bluetooth-tacticos\/\",\"url\":\"https:\/\/angrystag.com\/pt\/produto\/auriculares-de-protecao-bluetooth-tacticos\/\",\"name\":\"Tactical Bluetooth Protective Ear Muffs - Angry Stag\",\"isPartOf\":{\"@id\":\"https:\/\/angrystag.com\/#website\"},\"primaryImageOfPage\":{\"@id\":\"https:\/\/angrystag.com\/pt\/produto\/auriculares-de-protecao-bluetooth-tacticos\/#primaryimage\"},\"image\":{\"@id\":\"https:\/\/angrystag.com\/pt\/produto\/auriculares-de-protecao-bluetooth-tacticos\/#primaryimage\"},\"thumbnailUrl\":\"https:\/\/angrystag.com\/wp-content\/uploads\/2024\/10\/5.jpg\",\"datePublished\":\"2024-09-24T07:39:40+00:00\",\"dateModified\":\"2025-03-12T13:45:14+00:00\",\"breadcrumb\":{\"@id\":\"https:\/\/angrystag.com\/pt\/produto\/auriculares-de-protecao-bluetooth-tacticos\/#breadcrumb\"},\"inLanguage\":\"es-ES\",\"potentialAction\":[{\"@type\":\"ReadAction\",\"target\":[\"https:\/\/angrystag.com\/pt\/produto\/auriculares-de-protecao-bluetooth-tacticos\/\"]}]},{\"@type\":\"ImageObject\",\"inLanguage\":\"es-ES\",\"@id\":\"https:\/\/angrystag.com\/pt\/produto\/auriculares-de-protecao-bluetooth-tacticos\/#primaryimage\",\"url\":\"https:\/\/angrystag.com\/wp-content\/uploads\/2024\/10\/5.jpg\",\"contentUrl\":\"https:\/\/angrystag.com\/wp-content\/uploads\/2024\/10\/5.jpg\",\"width\":2000,\"height\":2000},{\"@type\":\"BreadcrumbList\",\"@id\":\"https:\/\/angrystag.com\/pt\/produto\/auriculares-de-protecao-bluetooth-tacticos\/#breadcrumb\",\"itemListElement\":[{\"@type\":\"ListItem\",\"position\":1,\"name\":\"Home\",\"item\":\"https:\/\/angrystag.com\/\"},{\"@type\":\"ListItem\",\"position\":2,\"name\":\"Shop\",\"item\":\"https:\/\/angrystag.com\/shop\/\"},{\"@type\":\"ListItem\",\"position\":3,\"name\":\"Tactical Bluetooth Protective Ear Muffs\"}]},{\"@type\":\"WebSite\",\"@id\":\"https:\/\/angrystag.com\/#website\",\"url\":\"https:\/\/angrystag.com\/\",\"name\":\"Angry Stag\",\"description\":\"Innovative &amp; Reliable Outdoor Products\",\"publisher\":{\"@id\":\"https:\/\/angrystag.com\/#organization\"},\"potentialAction\":[{\"@type\":\"SearchAction\",\"target\":{\"@type\":\"EntryPoint\",\"urlTemplate\":\"https:\/\/angrystag.com\/?s={search_term_string}\"},\"query-input\":{\"@type\":\"PropertyValueSpecification\",\"valueRequired\":true,\"valueName\":\"search_term_string\"}}],\"inLanguage\":\"es-ES\"},{\"@type\":\"Organization\",\"@id\":\"https:\/\/angrystag.com\/#organization\",\"name\":\"Angry Stag\",\"url\":\"https:\/\/angrystag.com\/\",\"logo\":{\"@type\":\"ImageObject\",\"inLanguage\":\"es-ES\",\"@id\":\"https:\/\/angrystag.com\/#\/schema\/logo\/image\/\",\"url\":\"https:\/\/angrystag.com\/wp-content\/uploads\/2024\/09\/Angry-Stag-Horizontal-Logo.png\",\"contentUrl\":\"https:\/\/angrystag.com\/wp-content\/uploads\/2024\/09\/Angry-Stag-Horizontal-Logo.png\",\"width\":800,\"height\":214,\"caption\":\"Angry Stag\"},\"image\":{\"@id\":\"https:\/\/angrystag.com\/#\/schema\/logo\/image\/\"},\"sameAs\":[\"https:\/\/www.facebook.com\/profile.php?id=100083670355772&mibextid=LQQJ4d\",\"https:\/\/www.instagram.com\/angrystagbrand\/\"]}]}<\/script>\n<!-- \/ Yoast SEO plugin. -->","yoast_head_json":{"title":"Orejeras protectoras Bluetooth t\u00e1cticas - Angry Stag","robots":{"index":"index","follow":"follow","max-snippet":"max-snippet:-1","max-image-preview":"max-image-preview:large","max-video-preview":"max-video-preview:-1"},"canonical":"https:\/\/angrystag.com\/es\/product\/orejeras-protectoras-tacticas-bluetooth\/","og_locale":"es_ES","og_type":"article","og_title":"Tactical Bluetooth Protective Ear Muffs - Angry Stag","og_description":"Tactical BT - Angry Stag Headsets are designed from the ground up right here is the USA. All hearing protection has ultrafast compression of any sound over 85db and all have the minimum OSHA required 25NRR rating. All our headsets are designed for all day use and comfort and have rechargeable batteries, ultra padded headbands, soft rubberized luxury coating and Gel muffs, all standard. Have normal conversations, but when a shot is fired, you hear it at a safe 85db level.\u00a0 Tactical BT adds Bluetooth technology allowing the user to listen to music and take phone calls. Whichever you choose, you will not be disappointed.","og_url":"https:\/\/angrystag.com\/es\/product\/orejeras-protectoras-tacticas-bluetooth\/","og_site_name":"Angry Stag","article_publisher":"https:\/\/www.facebook.com\/profile.php?id=100083670355772&mibextid=LQQJ4d","article_modified_time":"2025-03-12T13:45:14+00:00","og_image":[{"width":2000,"height":2000,"url":"https:\/\/angrystag.com\/wp-content\/uploads\/2024\/10\/5.jpg","type":"image\/jpeg"}],"twitter_card":"summary_large_image","twitter_misc":{"Est. reading time":"2 minutes"},"schema":{"@context":"https:\/\/schema.org","@graph":[{"@type":"WebPage","@id":"https:\/\/angrystag.com\/pt\/produto\/auriculares-de-protecao-bluetooth-tacticos\/","url":"https:\/\/angrystag.com\/pt\/produto\/auriculares-de-protecao-bluetooth-tacticos\/","name":"Orejeras protectoras Bluetooth t\u00e1cticas - Angry Stag","isPartOf":{"@id":"https:\/\/angrystag.com\/#website"},"primaryImageOfPage":{"@id":"https:\/\/angrystag.com\/pt\/produto\/auriculares-de-protecao-bluetooth-tacticos\/#primaryimage"},"image":{"@id":"https:\/\/angrystag.com\/pt\/produto\/auriculares-de-protecao-bluetooth-tacticos\/#primaryimage"},"thumbnailUrl":"https:\/\/angrystag.com\/wp-content\/uploads\/2024\/10\/5.jpg","datePublished":"2024-09-24T07:39:40+00:00","dateModified":"2025-03-12T13:45:14+00:00","breadcrumb":{"@id":"https:\/\/angrystag.com\/pt\/produto\/auriculares-de-protecao-bluetooth-tacticos\/#breadcrumb"},"inLanguage":"es-ES","potentialAction":[{"@type":"ReadAction","target":["https:\/\/angrystag.com\/pt\/produto\/auriculares-de-protecao-bluetooth-tacticos\/"]}]},{"@type":"ImageObject","inLanguage":"es-ES","@id":"https:\/\/angrystag.com\/pt\/produto\/auriculares-de-protecao-bluetooth-tacticos\/#primaryimage","url":"https:\/\/angrystag.com\/wp-content\/uploads\/2024\/10\/5.jpg","contentUrl":"https:\/\/angrystag.com\/wp-content\/uploads\/2024\/10\/5.jpg","width":2000,"height":2000},{"@type":"BreadcrumbList","@id":"https:\/\/angrystag.com\/pt\/produto\/auriculares-de-protecao-bluetooth-tacticos\/#breadcrumb","itemListElement":[{"@type":"ListItem","position":1,"name":"Home","item":"https:\/\/angrystag.com\/"},{"@type":"ListItem","position":2,"name":"Shop","item":"https:\/\/angrystag.com\/shop\/"},{"@type":"ListItem","position":3,"name":"Tactical Bluetooth Protective Ear Muffs"}]},{"@type":"WebSite","@id":"https:\/\/angrystag.com\/#website","url":"https:\/\/angrystag.com\/","name":"Ciervo furioso","description":"Productos innovadores y fiables para exteriores","publisher":{"@id":"https:\/\/angrystag.com\/#organization"},"potentialAction":[{"@type":"SearchAction","target":{"@type":"EntryPoint","urlTemplate":"https:\/\/angrystag.com\/?s={search_term_string}"},"query-input":{"@type":"PropertyValueSpecification","valueRequired":true,"valueName":"search_term_string"}}],"inLanguage":"es-ES"},{"@type":"Organization","@id":"https:\/\/angrystag.com\/#organization","name":"Ciervo furioso","url":"https:\/\/angrystag.com\/","logo":{"@type":"ImageObject","inLanguage":"es-ES","@id":"https:\/\/angrystag.com\/#\/schema\/logo\/image\/","url":"https:\/\/angrystag.com\/wp-content\/uploads\/2024\/09\/Angry-Stag-Horizontal-Logo.png","contentUrl":"https:\/\/angrystag.com\/wp-content\/uploads\/2024\/09\/Angry-Stag-Horizontal-Logo.png","width":800,"height":214,"caption":"Angry Stag"},"image":{"@id":"https:\/\/angrystag.com\/#\/schema\/logo\/image\/"},"sameAs":["https:\/\/www.facebook.com\/profile.php?id=100083670355772&mibextid=LQQJ4d","https:\/\/www.instagram.com\/angrystagbrand\/"]}]}},"_links":{"self":[{"href":"https:\/\/angrystag.com\/es\/wp-json\/wp\/v2\/product\/4034","targetHints":{"allow":["GET"]}}],"collection":[{"href":"https:\/\/angrystag.com\/es\/wp-json\/wp\/v2\/product"}],"about":[{"href":"https:\/\/angrystag.com\/es\/wp-json\/wp\/v2\/types\/product"}],"replies":[{"embeddable":true,"href":"https:\/\/angrystag.com\/es\/wp-json\/wp\/v2\/comments?post=4034"}],"wp:featuredmedia":[{"embeddable":true,"href":"https:\/\/angrystag.com\/es\/wp-json\/wp\/v2\/media\/11387"}],"wp:attachment":[{"href":"https:\/\/angrystag.com\/es\/wp-json\/wp\/v2\/media?parent=4034"}],"wp:term":[{"taxonomy":"product_cat","embeddable":true,"href":"https:\/\/angrystag.com\/es\/wp-json\/wp\/v2\/product_cat?post=4034"},{"taxonomy":"product_tag","embeddable":true,"href":"https:\/\/angrystag.com\/es\/wp-json\/wp\/v2\/product_tag?post=4034"}],"curies":[{"name":"wp","href":"https:\/\/api.w.org\/{rel}","templated":true}]}}