{"id":4055,"date":"2024-09-24T07:40:10","date_gmt":"2024-09-24T07:40:10","guid":{"rendered":"https:\/\/angrystag.com\/?post_type=product&#038;p=4055"},"modified":"2025-03-12T13:19:48","modified_gmt":"2025-03-12T13:19:48","slug":"gama-rf","status":"publish","type":"product","link":"https:\/\/angrystag.com\/es\/product\/range-rf\/","title":{"rendered":"Gama RF"},"content":{"rendered":"<p>Nuestros auriculares est\u00e1n dise\u00f1ados para permitir a los tiradores apuntar con los rifles sin la voluminosa interferencia de los protectores auditivos tipo manguito m\u00e1s grandes, a la vez que mantienen s\u00f3lidos \u00edndices NRR. Los auriculares son plegables y se pueden plegar en un perfil peque\u00f1o y port\u00e1til.<\/p>\n<p><strong>Caracter\u00edsticas:<\/strong><\/p>\n<ul>\n<li>Dise\u00f1o y comodidad - Nuestros auriculares est\u00e1n dise\u00f1ados para permitir a los tiradores apuntar<br \/>\nrifles sin la voluminosa interferencia de los protectores auditivos tipo manguito m\u00e1s grandes, al tiempo que se mantiene el 25NRR exigido por la OSHA para el tiro. Todos nuestros auriculares son plegables y se pueden plegar en un perfil peque\u00f1o, port\u00e1til y todos son est\u00e1ndar con manguitos de gel y gruesas diademas acolchadas para un uso c\u00f3modo durante todo el d\u00eda.<\/li>\n<li>Algoritmos avanzados: nuestros auriculares emplean la tecnolog\u00eda auditiva m\u00e1s avanzada.<br \/>\nAlgoritmos de protecci\u00f3n desarrollados por los ingenieros de Angry Stag, que dan como resultado<br \/>\nmanguitos m\u00e1s finos, as\u00ed como la funci\u00f3n bimodal que permite el uso simult\u00e1neo de<br \/>\nCompresi\u00f3n de 85 dB Y comunicaciones inal\u00e1mbricas.<\/li>\n<li>Verde - A diferencia de pr\u00e1cticamente todos los auriculares de menos de $100, todos nuestros auriculares son todos<br \/>\nrecargable con 70 horas de duraci\u00f3n de la bater\u00eda, 10 horas si se utiliza la funci\u00f3n PTT, por lo que hay<br \/>\nno hay pilas que cambiar ni desechar, lo que reduce el coste de<br \/>\nas\u00ed como reducir su huella de carbono.<\/li>\n<li>Conectividad - Todos nuestros auriculares tienen una toma de entrada de audio que permite<br \/>\nconexi\u00f3n a cualquier radio. El auricular Range RF emplea la \u00faltima tecnolog\u00eda FRS<br \/>\nchipset de radio con 7 canales abiertos para formaci\u00f3n y comunicaciones abiertas<br \/>\ny 2 canales privados. Hemos dise\u00f1ado este auricular para corto alcance 100m<br \/>\ndistancias principalmente para el entrenamiento Range, pero puede utilizarse para grupos peque\u00f1os<br \/>\ncacer\u00edas, pelota de dolor o en una obra.<\/li>\n<li>Rendimiento - Nuestro DSP\/amplificador permite una amplificaci\u00f3n de hasta 5X de la se\u00f1al local.<br \/>\nal tiempo que reacciona a cualquier sonido superior a 85 dB en &lt;1 ms. El rango RF es<br \/>\nBi-Mode y se puede utilizar simult\u00e1neamente, la protecci\u00f3n auditiva y RF-PTT<br \/>\n(pulsar para hablar), as\u00ed como el conocimiento de la situaci\u00f3n.<\/li>\n<\/ul>\n<p><strong>Especificaciones:<\/strong><\/p>\n<ul>\n<li>La radio FRS admite 7 canales abiertos y 2 privados.<\/li>\n<li>Orejeras de gel de primera calidad para una experiencia m\u00e1s c\u00f3moda.<\/li>\n<li>3 potentes micr\u00f3fonos para mejorar el rendimiento de audio.<\/li>\n<\/ul>\n<p><strong>Recursos<\/strong><\/p>\n<ul>\n<li><a href=\"https:\/\/angrystag.com\/wp-content\/uploads\/2025\/01\/SalesSheet-Muffs-EZ-12-15-24a.pdf\">Ver hoja de ventas<\/a><\/li>\n<li><a href=\"\/wp-content\/uploads\/2024\/10\/RangeRF-User-Guide-R-100-RFhqp.pdf\">Ver la gu\u00eda del usuario<\/a><\/li>\n<\/ul>\n<p><strong>N\u00famero de producto:\u00a0<\/strong><\/p>\n<ul>\n<li>Gama RF, R-100HD-RF, 800807100053<\/li>\n<\/ul>","protected":false},"excerpt":{"rendered":"<p><span style=\"font-weight: 400;\">Rango RF - Angry Stag auriculares est\u00e1n dise\u00f1ados desde cero aqu\u00ed es los EE.UU.. Todos los protectores auditivos tienen una compresi\u00f3n ultrarr\u00e1pida de cualquier sonido superior a 85db y todos tienen la clasificaci\u00f3n m\u00ednima 25NRR requerida por OSHA. Todos nuestros auriculares est\u00e1n dise\u00f1ados para su uso y comodidad durante todo el d\u00eda y cuentan con bater\u00edas recargables, diademas ultra acolchadas, revestimiento de goma suave de lujo y orejeras de gel, todo de serie. Mantenga conversaciones normales, pero cuando se produzca un disparo, lo oir\u00e1 a un nivel seguro de 85 dB.  El Range RF a\u00f1ade una radio FRS integrada que permite conversaciones uno a uno o uno a muchos.  Ideal para el entrenamiento o la caza en grupos peque\u00f1os o incluso paintball.\u00a0<\/span><\/p>","protected":false},"featured_media":12475,"comment_status":"closed","ping_status":"closed","template":"","meta":[],"product_cat":[15,163],"product_tag":[],"class_list":{"0":"post-4055","1":"product","2":"type-product","3":"status-publish","4":"has-post-thumbnail","6":"product_brand-angry-stag","7":"product_cat-all-products","8":"product_cat-hearing-protection","9":"pa_85db-compression-yes","10":"pa_foldadable-yes","11":"pa_function-compression-1to1-1-to-many-7-channles-2-private","12":"pa_gel-ear-cups-yes","13":"pa_hours-continuous-use-70-10ptt","14":"pa_instruction-manual-yes","15":"pa_local-sound-amplification-5x","16":"pa_mics-152","17":"pa_nrr-123","18":"pa_other-no","19":"pa_pod-battery-recharger-no","20":"pa_radio-input-jack-yes","21":"pa_reaction-time-1ms","22":"pa_rechargeable-yes","23":"pa_recovery-time-1ms","24":"pa_rubberized-soft-coating-yes","25":"pa_soft-case-yes","26":"pa_speakers-hd-sound-quality","27":"pa_special-feature-walkie-talkie-built-in","28":"pa_usage-training-small-hunting-parties-construction-home","29":"pa_usb-c-charge-adapter-yes","31":"first","32":"instock","33":"taxable","34":"shipping-taxable","35":"purchasable","36":"product-type-simple"},"yoast_head":"<!-- This site is optimized with the Yoast SEO plugin v27.2 - https:\/\/yoast.com\/product\/yoast-seo-wordpress\/ -->\n<title>Range RF - Angry Stag<\/title>\n<meta name=\"robots\" content=\"index, follow, max-snippet:-1, max-image-preview:large, max-video-preview:-1\" \/>\n<link rel=\"canonical\" href=\"https:\/\/angrystag.com\/es\/product\/gama-rf\/\" \/>\n<meta property=\"og:locale\" content=\"es_ES\" \/>\n<meta property=\"og:type\" content=\"article\" \/>\n<meta property=\"og:title\" content=\"Range RF - Angry Stag\" \/>\n<meta property=\"og:description\" content=\"Range RF - Angry Stag Headsets are designed from the ground up right here is the USA. All hearing protection has ultrafast compression of any sound over 85db and all have the minimum OSHA required 25NRR rating. All our headsets are designed for all day use and comfort and have rechargeable batteries, ultra padded headbands, soft rubberized luxury coating and Gel muffs, all standard. Have normal conversations, but when a shot is fired, you hear it at a safe 85db level.\u00a0 The Range RF adds a built in FRS push to talk radio allowing for one to one, or one to many conversations.\u00a0 Great for training or small group hunts or even paintball.\u00a0\" \/>\n<meta property=\"og:url\" content=\"https:\/\/angrystag.com\/es\/product\/gama-rf\/\" \/>\n<meta property=\"og:site_name\" content=\"Angry Stag\" \/>\n<meta property=\"article:publisher\" content=\"https:\/\/www.facebook.com\/profile.php?id=100083670355772&amp;mibextid=LQQJ4d\" \/>\n<meta property=\"article:modified_time\" content=\"2025-03-12T13:19:48+00:00\" \/>\n<meta property=\"og:image\" content=\"https:\/\/angrystag.com\/wp-content\/uploads\/2024\/09\/range-rf.jpg\" \/>\n\t<meta property=\"og:image:width\" content=\"2000\" \/>\n\t<meta property=\"og:image:height\" content=\"2000\" \/>\n\t<meta property=\"og:image:type\" content=\"image\/jpeg\" \/>\n<meta name=\"twitter:card\" content=\"summary_large_image\" \/>\n<meta name=\"twitter:label1\" content=\"Est. reading time\" \/>\n\t<meta name=\"twitter:data1\" content=\"2 minutes\" \/>\n<script type=\"application\/ld+json\" class=\"yoast-schema-graph\">{\"@context\":\"https:\/\/schema.org\",\"@graph\":[{\"@type\":\"WebPage\",\"@id\":\"https:\/\/angrystag.com\/product\/range-rf\/\",\"url\":\"https:\/\/angrystag.com\/product\/range-rf\/\",\"name\":\"Range RF - Angry Stag\",\"isPartOf\":{\"@id\":\"https:\/\/angrystag.com\/#website\"},\"primaryImageOfPage\":{\"@id\":\"https:\/\/angrystag.com\/product\/range-rf\/#primaryimage\"},\"image\":{\"@id\":\"https:\/\/angrystag.com\/product\/range-rf\/#primaryimage\"},\"thumbnailUrl\":\"https:\/\/angrystag.com\/wp-content\/uploads\/2024\/09\/range-rf.jpg\",\"datePublished\":\"2024-09-24T07:40:10+00:00\",\"dateModified\":\"2025-03-12T13:19:48+00:00\",\"breadcrumb\":{\"@id\":\"https:\/\/angrystag.com\/product\/range-rf\/#breadcrumb\"},\"inLanguage\":\"es-ES\",\"potentialAction\":[{\"@type\":\"ReadAction\",\"target\":[\"https:\/\/angrystag.com\/product\/range-rf\/\"]}]},{\"@type\":\"ImageObject\",\"inLanguage\":\"es-ES\",\"@id\":\"https:\/\/angrystag.com\/product\/range-rf\/#primaryimage\",\"url\":\"https:\/\/angrystag.com\/wp-content\/uploads\/2024\/09\/range-rf.jpg\",\"contentUrl\":\"https:\/\/angrystag.com\/wp-content\/uploads\/2024\/09\/range-rf.jpg\",\"width\":2000,\"height\":2000,\"caption\":\"Range RF\"},{\"@type\":\"BreadcrumbList\",\"@id\":\"https:\/\/angrystag.com\/product\/range-rf\/#breadcrumb\",\"itemListElement\":[{\"@type\":\"ListItem\",\"position\":1,\"name\":\"Home\",\"item\":\"https:\/\/angrystag.com\/\"},{\"@type\":\"ListItem\",\"position\":2,\"name\":\"Shop\",\"item\":\"https:\/\/angrystag.com\/shop\/\"},{\"@type\":\"ListItem\",\"position\":3,\"name\":\"Range RF\"}]},{\"@type\":\"WebSite\",\"@id\":\"https:\/\/angrystag.com\/#website\",\"url\":\"https:\/\/angrystag.com\/\",\"name\":\"Angry Stag\",\"description\":\"Innovative &amp; Reliable Outdoor Products\",\"publisher\":{\"@id\":\"https:\/\/angrystag.com\/#organization\"},\"potentialAction\":[{\"@type\":\"SearchAction\",\"target\":{\"@type\":\"EntryPoint\",\"urlTemplate\":\"https:\/\/angrystag.com\/?s={search_term_string}\"},\"query-input\":{\"@type\":\"PropertyValueSpecification\",\"valueRequired\":true,\"valueName\":\"search_term_string\"}}],\"inLanguage\":\"es-ES\"},{\"@type\":\"Organization\",\"@id\":\"https:\/\/angrystag.com\/#organization\",\"name\":\"Angry Stag\",\"url\":\"https:\/\/angrystag.com\/\",\"logo\":{\"@type\":\"ImageObject\",\"inLanguage\":\"es-ES\",\"@id\":\"https:\/\/angrystag.com\/#\/schema\/logo\/image\/\",\"url\":\"https:\/\/angrystag.com\/wp-content\/uploads\/2024\/09\/Angry-Stag-Horizontal-Logo.png\",\"contentUrl\":\"https:\/\/angrystag.com\/wp-content\/uploads\/2024\/09\/Angry-Stag-Horizontal-Logo.png\",\"width\":800,\"height\":214,\"caption\":\"Angry Stag\"},\"image\":{\"@id\":\"https:\/\/angrystag.com\/#\/schema\/logo\/image\/\"},\"sameAs\":[\"https:\/\/www.facebook.com\/profile.php?id=100083670355772&mibextid=LQQJ4d\",\"https:\/\/www.instagram.com\/angrystagbrand\/\"]}]}<\/script>\n<!-- \/ Yoast SEO plugin. -->","yoast_head_json":{"title":"Gama RF - Ciervo Enfadado","robots":{"index":"index","follow":"follow","max-snippet":"max-snippet:-1","max-image-preview":"max-image-preview:large","max-video-preview":"max-video-preview:-1"},"canonical":"https:\/\/angrystag.com\/es\/product\/gama-rf\/","og_locale":"es_ES","og_type":"article","og_title":"Range RF - Angry Stag","og_description":"Range RF - Angry Stag Headsets are designed from the ground up right here is the USA. All hearing protection has ultrafast compression of any sound over 85db and all have the minimum OSHA required 25NRR rating. All our headsets are designed for all day use and comfort and have rechargeable batteries, ultra padded headbands, soft rubberized luxury coating and Gel muffs, all standard. Have normal conversations, but when a shot is fired, you hear it at a safe 85db level.\u00a0 The Range RF adds a built in FRS push to talk radio allowing for one to one, or one to many conversations.\u00a0 Great for training or small group hunts or even paintball.\u00a0","og_url":"https:\/\/angrystag.com\/es\/product\/gama-rf\/","og_site_name":"Angry Stag","article_publisher":"https:\/\/www.facebook.com\/profile.php?id=100083670355772&mibextid=LQQJ4d","article_modified_time":"2025-03-12T13:19:48+00:00","og_image":[{"width":2000,"height":2000,"url":"https:\/\/angrystag.com\/wp-content\/uploads\/2024\/09\/range-rf.jpg","type":"image\/jpeg"}],"twitter_card":"summary_large_image","twitter_misc":{"Est. reading time":"2 minutes"},"schema":{"@context":"https:\/\/schema.org","@graph":[{"@type":"WebPage","@id":"https:\/\/angrystag.com\/product\/range-rf\/","url":"https:\/\/angrystag.com\/product\/range-rf\/","name":"Gama RF - Ciervo Enfadado","isPartOf":{"@id":"https:\/\/angrystag.com\/#website"},"primaryImageOfPage":{"@id":"https:\/\/angrystag.com\/product\/range-rf\/#primaryimage"},"image":{"@id":"https:\/\/angrystag.com\/product\/range-rf\/#primaryimage"},"thumbnailUrl":"https:\/\/angrystag.com\/wp-content\/uploads\/2024\/09\/range-rf.jpg","datePublished":"2024-09-24T07:40:10+00:00","dateModified":"2025-03-12T13:19:48+00:00","breadcrumb":{"@id":"https:\/\/angrystag.com\/product\/range-rf\/#breadcrumb"},"inLanguage":"es-ES","potentialAction":[{"@type":"ReadAction","target":["https:\/\/angrystag.com\/product\/range-rf\/"]}]},{"@type":"ImageObject","inLanguage":"es-ES","@id":"https:\/\/angrystag.com\/product\/range-rf\/#primaryimage","url":"https:\/\/angrystag.com\/wp-content\/uploads\/2024\/09\/range-rf.jpg","contentUrl":"https:\/\/angrystag.com\/wp-content\/uploads\/2024\/09\/range-rf.jpg","width":2000,"height":2000,"caption":"Range RF"},{"@type":"BreadcrumbList","@id":"https:\/\/angrystag.com\/product\/range-rf\/#breadcrumb","itemListElement":[{"@type":"ListItem","position":1,"name":"Home","item":"https:\/\/angrystag.com\/"},{"@type":"ListItem","position":2,"name":"Shop","item":"https:\/\/angrystag.com\/shop\/"},{"@type":"ListItem","position":3,"name":"Range RF"}]},{"@type":"WebSite","@id":"https:\/\/angrystag.com\/#website","url":"https:\/\/angrystag.com\/","name":"Ciervo furioso","description":"Productos innovadores y fiables para exteriores","publisher":{"@id":"https:\/\/angrystag.com\/#organization"},"potentialAction":[{"@type":"SearchAction","target":{"@type":"EntryPoint","urlTemplate":"https:\/\/angrystag.com\/?s={search_term_string}"},"query-input":{"@type":"PropertyValueSpecification","valueRequired":true,"valueName":"search_term_string"}}],"inLanguage":"es-ES"},{"@type":"Organization","@id":"https:\/\/angrystag.com\/#organization","name":"Ciervo furioso","url":"https:\/\/angrystag.com\/","logo":{"@type":"ImageObject","inLanguage":"es-ES","@id":"https:\/\/angrystag.com\/#\/schema\/logo\/image\/","url":"https:\/\/angrystag.com\/wp-content\/uploads\/2024\/09\/Angry-Stag-Horizontal-Logo.png","contentUrl":"https:\/\/angrystag.com\/wp-content\/uploads\/2024\/09\/Angry-Stag-Horizontal-Logo.png","width":800,"height":214,"caption":"Angry Stag"},"image":{"@id":"https:\/\/angrystag.com\/#\/schema\/logo\/image\/"},"sameAs":["https:\/\/www.facebook.com\/profile.php?id=100083670355772&mibextid=LQQJ4d","https:\/\/www.instagram.com\/angrystagbrand\/"]}]}},"_links":{"self":[{"href":"https:\/\/angrystag.com\/es\/wp-json\/wp\/v2\/product\/4055","targetHints":{"allow":["GET"]}}],"collection":[{"href":"https:\/\/angrystag.com\/es\/wp-json\/wp\/v2\/product"}],"about":[{"href":"https:\/\/angrystag.com\/es\/wp-json\/wp\/v2\/types\/product"}],"replies":[{"embeddable":true,"href":"https:\/\/angrystag.com\/es\/wp-json\/wp\/v2\/comments?post=4055"}],"wp:featuredmedia":[{"embeddable":true,"href":"https:\/\/angrystag.com\/es\/wp-json\/wp\/v2\/media\/12475"}],"wp:attachment":[{"href":"https:\/\/angrystag.com\/es\/wp-json\/wp\/v2\/media?parent=4055"}],"wp:term":[{"taxonomy":"product_cat","embeddable":true,"href":"https:\/\/angrystag.com\/es\/wp-json\/wp\/v2\/product_cat?post=4055"},{"taxonomy":"product_tag","embeddable":true,"href":"https:\/\/angrystag.com\/es\/wp-json\/wp\/v2\/product_tag?post=4055"}],"curies":[{"name":"wp","href":"https:\/\/api.w.org\/{rel}","templated":true}]}}