{"id":11112,"date":"2024-09-30T11:42:29","date_gmt":"2024-09-30T11:42:29","guid":{"rendered":"https:\/\/angrystag.com\/?post_type=product&#038;p=11112"},"modified":"2025-07-18T06:31:05","modified_gmt":"2025-07-18T06:31:05","slug":"thermometre-comme-256-15-trimode","status":"publish","type":"product","link":"https:\/\/angrystag.com\/fr\/product\/thermal-scope-as-256-15-trimode\/","title":{"rendered":"Appareil de mesure thermique AS-256-15 TriMode\u2122"},"content":{"rendered":"<p><span style=\"font-weight: 400;\">Cette lunette sera disponible avec une r\u00e9solution de 256\u00d7192. Cette lunette est con\u00e7ue avec les derni\u00e8res technologies pour offrir aux utilisateurs une exp\u00e9rience d'imagerie de haute qualit\u00e9. Cette lunette est con\u00e7ue pour \u00eatre polyvalente et peut \u00eatre utilis\u00e9e avec une monture \u00e0 clip ou une monture de fusil. La lunette est dot\u00e9e d'une mise au point manuelle et d'un objectif de 15<\/span><span style=\"font-weight: 400;\">mm. Cette lunette dispose \u00e9galement d'un micro-\u00e9cran OLED 720P et d'une fr\u00e9quence d'images de 50 Hz. En plus de ces caract\u00e9ristiques, cette cam\u00e9ra est \u00e9quip\u00e9e d'un obturateur et d'un NUC sans obturateur, ainsi que d'une am\u00e9lioration des fausses couleurs et d'un grossissement num\u00e9rique. Cette lunette est \u00e9quip\u00e9e d'une batterie rechargeable longue dur\u00e9e qui offre jusqu'\u00e0 12 heures d'utilisation. Elle est \u00e9galement dot\u00e9e de fonctions d'enregistrement avant \u00e9v\u00e9nement, de prise de vue et de vid\u00e9o, ainsi que d'une m\u00e9moire flash EMMC embarqu\u00e9e fiable.<\/span><\/p>\n<p><span style=\"font-weight: 400;\">Cette lunette de vis\u00e9e est livr\u00e9e avec des capacit\u00e9s de streaming Wi-Fi et de charge USB-C. Le micrologiciel peut \u00eatre mis \u00e0 jour sur le terrain. Pour encore plus de fonctionnalit\u00e9s, les utilisateurs peuvent opter pour l'accessoire encliquetable du t\u00e9l\u00e9m\u00e8tre laser, qui permet d'effectuer des calculs balistiques. Cette lunette est \u00e9galement con\u00e7ue pour \u00eatre ultra-l\u00e9g\u00e8re. La lunette est dot\u00e9e de fonctions d'\u00e9conomie d'\u00e9nergie par inclinaison et d'arr\u00eat automatique pour prolonger la dur\u00e9e de vie de la batterie. Enfin, cette lunette est la moins ch\u00e8re de l'industrie et est fi\u00e8rement fabriqu\u00e9e aux \u00c9tats-Unis.<\/span><\/p>\n<p><strong>Caract\u00e9ristiques<\/strong><\/p>\n<ul>\n<li>Possibilit\u00e9 de montage \u00e0 l'aide d'un clip ou d'un fusil<\/li>\n<li>Mise au point manuelle, options d'objectifs 35 mm, 50 mm<\/li>\n<li>Micro-\u00e9cran OLED 720P<\/li>\n<li>Fr\u00e9quence d'images de 50 Hz<\/li>\n<li>NUC avec ou sans obturateur<\/li>\n<li>7 Am\u00e9lioration des fausses couleurs<\/li>\n<li>Agrandissement num\u00e9rique<\/li>\n<li>Batterie rechargeable d'une dur\u00e9e de 8 heures<\/li>\n<li>Enregistrement avant l'\u00e9v\u00e9nement, photos et vid\u00e9os gr\u00e2ce \u00e0 une m\u00e9moire flash EMMC int\u00e9gr\u00e9e fiable<\/li>\n<li>Diffusion en continu par Wi-Fi<\/li>\n<li>Chargement par USB-C<\/li>\n<li>T\u00e9l\u00e9m\u00e8tre laser en option avec calculs balistiques<\/li>\n<li>\u00c9tat de l'art, ultra l\u00e9ger<\/li>\n<li>Bo\u00eetier en aluminium de qualit\u00e9 a\u00e9ronautique<\/li>\n<li>\u00c9conomie d'\u00e9nergie par inclinaison et arr\u00eat automatique pour une dur\u00e9e de vie prolong\u00e9e de la batterie<\/li>\n<li>Co\u00fbt le plus bas de l'industrie<\/li>\n<li>Fabriqu\u00e9 aux \u00c9tats-Unis<\/li>\n<\/ul>\n<p><strong>Sp\u00e9cifications<\/strong><\/p>\n<ul>\n<li>256\u00d7192 Capteur<\/li>\n<li>Objectif de 15 mm<\/li>\n<li>Grossissement 2-8x<\/li>\n<li>8 deg HFOV<\/li>\n<li>TriMode\u2122<\/li>\n<li>ThermaLoc\u2122<\/li>\n<\/ul>\n<p><strong>Accessoires dans la bo\u00eete<\/strong><\/p>\n<ul>\n<li>\u00c9tui de transport souple en EVA<\/li>\n<li>\u0152illeton \u00e0 pince et \u0153illeton pour monture de fusil<\/li>\n<li>Montage sur rail Picatinny<\/li>\n<li>Lani\u00e8re pour l'utilisation de l'appareil \u00e0 main<\/li>\n<li>Nettoyeur de lentilles en microfibre<\/li>\n<li>Chargeur de batterie USB-C 2A<\/li>\n<li>Cible d'alignement<\/li>\n<li>Coussins chauffants autocollants Alignment 5<\/li>\n<li>Guide de d\u00e9marrage rapide<\/li>\n<li>Guide d\u00e9taill\u00e9 de l'utilisateur<\/li>\n<\/ul>\n<p><strong>Ressources<\/strong><\/p>\n<ul>\n<li><a href=\"https:\/\/angrystag.com\/wp-content\/uploads\/2025\/01\/SalesSheetScopes1-5-25sm.pdf\">Voir la fiche de vente<\/a><\/li>\n<li><a href=\"https:\/\/angrystag.com\/wp-content\/uploads\/2025\/07\/Scope_UserGuide7-14-253.pdf\">Voir le guide de l'utilisateur<\/a><\/li>\n<li><a href=\"https:\/\/angrystag.com\/wp-content\/uploads\/2024\/12\/Scope_Quickstart_12-3-24.pdf\">Voir le guide de d\u00e9marrage rapide<\/a><\/li>\n<\/ul>\n<p><strong>Nom du produit<\/strong><\/p>\n<ul>\n<li>AS-256-15<\/li>\n<\/ul>","protected":false},"excerpt":{"rendered":"<p><span style=\"font-weight: 400;\">Faites l'exp\u00e9rience d'une imagerie thermique de qualit\u00e9 sup\u00e9rieure gr\u00e2ce \u00e0 cette lunette de vis\u00e9e avanc\u00e9e dot\u00e9e d'un capteur de temp\u00e9rature et d'humidit\u00e9. <\/span><span style=\"font-weight: 400;\">256\u00d7192<\/span><span style=\"font-weight: 400;\"> capteur. Con\u00e7u pour une utilisation polyvalente, il offre la meilleure imagerie thermique de sa cat\u00e9gorie, une mise au point manuelle et un capteur de 15 mm de diam\u00e8tre.<\/span><span style=\"font-weight: 400;\">mm. Dot\u00e9e d'un NUC sans obturateur, d'une am\u00e9lioration des fausses couleurs et d'un grossissement num\u00e9rique, cette lunette offre des performances exceptionnelles. Aliment\u00e9e par une batterie longue dur\u00e9e, elle permet le streaming Wi-Fi et la charge USB-C. La lunette thermique AS256 est construite avec de l'aluminium a\u00e9ronautique durable et offre des fonctionnalit\u00e9s telles que l'enregistrement avant l'\u00e9v\u00e9nement, les photos et la vid\u00e9o. Toutes les lunettes thermiques Angry Stag sont livr\u00e9es en standard avec Trimode\u2122 permettant une utilisation en tant que lunette de vis\u00e9e, clip-on ou \u00e0 main, et ThermaLoc\u2122 permettant la chasse et l'observation de jour. Fabriqu\u00e9e aux \u00c9tats-Unis, elle est abordable pour les chasseurs et les passionn\u00e9s \u00e0 la recherche d'une imagerie thermique de premier plan.<\/span><\/p>","protected":false},"featured_media":12483,"comment_status":"closed","ping_status":"closed","template":"","meta":[],"product_cat":[168,164],"product_tag":[245],"class_list":{"0":"post-11112","1":"product","2":"type-product","3":"status-publish","4":"has-post-thumbnail","6":"product_cat-scopes","7":"product_cat-thermal-scopes","8":"product_tag-256-15","9":"pa_1000gs-tested-yes","10":"pa_5-year-limited-warranty-yes","11":"pa_50hz-refresh-rate-yes","12":"pa_6-reticles-3-colors-yes","13":"pa_7-false-color-pallets-yes","14":"pa_accessories-carrying-case","15":"pa_accessories-eyecup-for-riflescope-and-clip-on","16":"pa_accessories-flip-up-lens-cover","17":"pa_accessories-microfiber-lens-cleaner","18":"pa_accessories-owners-manual","19":"pa_accessories-quickstart-guide","20":"pa_accessories-thermal-targets","21":"pa_accessories-usb-c-changing-adpater","22":"pa_accessories-usb-c-streaming-cable","23":"pa_field-firmware-update-no","24":"pa_horizontal-field-of-view-11-degrees","25":"pa_mk-74","26":"pa_oled-1024x768-yes","27":"pa_one-shot-freeze-alignment-yes","28":"pa_pixel-size-12um","29":"pa_sensor-resolution-256x190","30":"pa_thermal-lens-15mm","31":"pa_tilt-power-savings-yes","32":"pa_tilt-sensor-yes","33":"pa_trimode-mount-yes","35":"first","36":"instock","37":"taxable","38":"shipping-taxable","39":"purchasable","40":"product-type-simple"},"yoast_head":"<!-- This site is optimized with the Yoast SEO plugin v27.2 - https:\/\/yoast.com\/product\/yoast-seo-wordpress\/ -->\n<title>Thermal Scope AS-256-15 TriMode\u2122 - Angry Stag<\/title>\n<meta name=\"robots\" content=\"index, follow, max-snippet:-1, max-image-preview:large, max-video-preview:-1\" \/>\n<link rel=\"canonical\" href=\"https:\/\/angrystag.com\/fr\/produit\/thermometre-comme-256-15-trimode\/\" \/>\n<meta property=\"og:locale\" content=\"fr_FR\" \/>\n<meta property=\"og:type\" content=\"article\" \/>\n<meta property=\"og:title\" content=\"Thermal Scope AS-256-15 TriMode\u2122 - Angry Stag\" \/>\n<meta property=\"og:description\" content=\"Experience superior thermal imaging with this advanced scope featuring a 256\u00d7192 sensor. Designed for versatile use, it offers best-in-class thermal imaging, manual focus, and a 15mm lens. Equipped with a shutterless NUC, false color enhancement, and digital magnification, this scope delivers exceptional performance. Powered by a long-lasting battery, it provides Wi-Fi streaming and USB-C charging. The Thermal Scope AS256 is built with durable aircraft Aluminum and offers features like pre-event recording, stills, and video. All Angry Stag Thermal scopes come standard with Trimode\u2122 allowing for use as a riflescope, a clip-on, or a handheld, and ThermaLoc\u2122 allowing for daytime hunting and observing. Made in the USA, it\u2019s affordable for hunters and enthusiasts seeking top-tier thermal imaging.\" \/>\n<meta property=\"og:url\" content=\"https:\/\/angrystag.com\/fr\/produit\/thermometre-comme-256-15-trimode\/\" \/>\n<meta property=\"og:site_name\" content=\"Angry Stag\" \/>\n<meta property=\"article:publisher\" content=\"https:\/\/www.facebook.com\/profile.php?id=100083670355772&amp;mibextid=LQQJ4d\" \/>\n<meta property=\"article:modified_time\" content=\"2025-07-18T06:31:05+00:00\" \/>\n<meta property=\"og:image\" content=\"https:\/\/angrystag.com\/wp-content\/uploads\/2024\/09\/thermal-scope-as-256-15-trimode.png\" \/>\n\t<meta property=\"og:image:width\" content=\"1536\" \/>\n\t<meta property=\"og:image:height\" content=\"1536\" \/>\n\t<meta property=\"og:image:type\" content=\"image\/png\" \/>\n<meta name=\"twitter:card\" content=\"summary_large_image\" \/>\n<meta name=\"twitter:label1\" content=\"Est. reading time\" \/>\n\t<meta name=\"twitter:data1\" content=\"2 minutes\" \/>\n<script type=\"application\/ld+json\" class=\"yoast-schema-graph\">{\"@context\":\"https:\/\/schema.org\",\"@graph\":[{\"@type\":\"WebPage\",\"@id\":\"https:\/\/angrystag.com\/es\/product\/alcance-termico-como-256-15-trimode\/\",\"url\":\"https:\/\/angrystag.com\/es\/product\/alcance-termico-como-256-15-trimode\/\",\"name\":\"Thermal Scope AS-256-15 TriMode\u2122 - Angry Stag\",\"isPartOf\":{\"@id\":\"https:\/\/angrystag.com\/#website\"},\"primaryImageOfPage\":{\"@id\":\"https:\/\/angrystag.com\/es\/product\/alcance-termico-como-256-15-trimode\/#primaryimage\"},\"image\":{\"@id\":\"https:\/\/angrystag.com\/es\/product\/alcance-termico-como-256-15-trimode\/#primaryimage\"},\"thumbnailUrl\":\"https:\/\/angrystag.com\/wp-content\/uploads\/2024\/09\/thermal-scope-as-256-15-trimode.png\",\"datePublished\":\"2024-09-30T11:42:29+00:00\",\"dateModified\":\"2025-07-18T06:31:05+00:00\",\"breadcrumb\":{\"@id\":\"https:\/\/angrystag.com\/es\/product\/alcance-termico-como-256-15-trimode\/#breadcrumb\"},\"inLanguage\":\"fr-FR\",\"potentialAction\":[{\"@type\":\"ReadAction\",\"target\":[\"https:\/\/angrystag.com\/es\/product\/alcance-termico-como-256-15-trimode\/\"]}]},{\"@type\":\"ImageObject\",\"inLanguage\":\"fr-FR\",\"@id\":\"https:\/\/angrystag.com\/es\/product\/alcance-termico-como-256-15-trimode\/#primaryimage\",\"url\":\"https:\/\/angrystag.com\/wp-content\/uploads\/2024\/09\/thermal-scope-as-256-15-trimode.png\",\"contentUrl\":\"https:\/\/angrystag.com\/wp-content\/uploads\/2024\/09\/thermal-scope-as-256-15-trimode.png\",\"width\":1536,\"height\":1536,\"caption\":\"Thermal Scope AS-256-15 TriMode\u2122\"},{\"@type\":\"BreadcrumbList\",\"@id\":\"https:\/\/angrystag.com\/es\/product\/alcance-termico-como-256-15-trimode\/#breadcrumb\",\"itemListElement\":[{\"@type\":\"ListItem\",\"position\":1,\"name\":\"Home\",\"item\":\"https:\/\/angrystag.com\/\"},{\"@type\":\"ListItem\",\"position\":2,\"name\":\"Shop\",\"item\":\"https:\/\/angrystag.com\/shop\/\"},{\"@type\":\"ListItem\",\"position\":3,\"name\":\"Thermal Scope AS-256-15 TriMode\u2122\"}]},{\"@type\":\"WebSite\",\"@id\":\"https:\/\/angrystag.com\/#website\",\"url\":\"https:\/\/angrystag.com\/\",\"name\":\"Angry Stag\",\"description\":\"Innovative &amp; Reliable Outdoor Products\",\"publisher\":{\"@id\":\"https:\/\/angrystag.com\/#organization\"},\"potentialAction\":[{\"@type\":\"SearchAction\",\"target\":{\"@type\":\"EntryPoint\",\"urlTemplate\":\"https:\/\/angrystag.com\/?s={search_term_string}\"},\"query-input\":{\"@type\":\"PropertyValueSpecification\",\"valueRequired\":true,\"valueName\":\"search_term_string\"}}],\"inLanguage\":\"fr-FR\"},{\"@type\":\"Organization\",\"@id\":\"https:\/\/angrystag.com\/#organization\",\"name\":\"Angry Stag\",\"url\":\"https:\/\/angrystag.com\/\",\"logo\":{\"@type\":\"ImageObject\",\"inLanguage\":\"fr-FR\",\"@id\":\"https:\/\/angrystag.com\/#\/schema\/logo\/image\/\",\"url\":\"https:\/\/angrystag.com\/wp-content\/uploads\/2024\/09\/Angry-Stag-Horizontal-Logo.png\",\"contentUrl\":\"https:\/\/angrystag.com\/wp-content\/uploads\/2024\/09\/Angry-Stag-Horizontal-Logo.png\",\"width\":800,\"height\":214,\"caption\":\"Angry Stag\"},\"image\":{\"@id\":\"https:\/\/angrystag.com\/#\/schema\/logo\/image\/\"},\"sameAs\":[\"https:\/\/www.facebook.com\/profile.php?id=100083670355772&mibextid=LQQJ4d\",\"https:\/\/www.instagram.com\/angrystagbrand\/\"]}]}<\/script>\n<!-- \/ Yoast SEO plugin. -->","yoast_head_json":{"title":"Lunette thermique AS-256-15 TriMode\u2122 - Angry Stag","robots":{"index":"index","follow":"follow","max-snippet":"max-snippet:-1","max-image-preview":"max-image-preview:large","max-video-preview":"max-video-preview:-1"},"canonical":"https:\/\/angrystag.com\/fr\/produit\/thermometre-comme-256-15-trimode\/","og_locale":"fr_FR","og_type":"article","og_title":"Thermal Scope AS-256-15 TriMode\u2122 - Angry Stag","og_description":"Experience superior thermal imaging with this advanced scope featuring a 256\u00d7192 sensor. Designed for versatile use, it offers best-in-class thermal imaging, manual focus, and a 15mm lens. Equipped with a shutterless NUC, false color enhancement, and digital magnification, this scope delivers exceptional performance. Powered by a long-lasting battery, it provides Wi-Fi streaming and USB-C charging. The Thermal Scope AS256 is built with durable aircraft Aluminum and offers features like pre-event recording, stills, and video. All Angry Stag Thermal scopes come standard with Trimode\u2122 allowing for use as a riflescope, a clip-on, or a handheld, and ThermaLoc\u2122 allowing for daytime hunting and observing. Made in the USA, it\u2019s affordable for hunters and enthusiasts seeking top-tier thermal imaging.","og_url":"https:\/\/angrystag.com\/fr\/produit\/thermometre-comme-256-15-trimode\/","og_site_name":"Angry Stag","article_publisher":"https:\/\/www.facebook.com\/profile.php?id=100083670355772&mibextid=LQQJ4d","article_modified_time":"2025-07-18T06:31:05+00:00","og_image":[{"width":1536,"height":1536,"url":"https:\/\/angrystag.com\/wp-content\/uploads\/2024\/09\/thermal-scope-as-256-15-trimode.png","type":"image\/png"}],"twitter_card":"summary_large_image","twitter_misc":{"Est. reading time":"2 minutes"},"schema":{"@context":"https:\/\/schema.org","@graph":[{"@type":"WebPage","@id":"https:\/\/angrystag.com\/es\/product\/alcance-termico-como-256-15-trimode\/","url":"https:\/\/angrystag.com\/es\/product\/alcance-termico-como-256-15-trimode\/","name":"Lunette thermique AS-256-15 TriMode\u2122 - Angry Stag","isPartOf":{"@id":"https:\/\/angrystag.com\/#website"},"primaryImageOfPage":{"@id":"https:\/\/angrystag.com\/es\/product\/alcance-termico-como-256-15-trimode\/#primaryimage"},"image":{"@id":"https:\/\/angrystag.com\/es\/product\/alcance-termico-como-256-15-trimode\/#primaryimage"},"thumbnailUrl":"https:\/\/angrystag.com\/wp-content\/uploads\/2024\/09\/thermal-scope-as-256-15-trimode.png","datePublished":"2024-09-30T11:42:29+00:00","dateModified":"2025-07-18T06:31:05+00:00","breadcrumb":{"@id":"https:\/\/angrystag.com\/es\/product\/alcance-termico-como-256-15-trimode\/#breadcrumb"},"inLanguage":"fr-FR","potentialAction":[{"@type":"ReadAction","target":["https:\/\/angrystag.com\/es\/product\/alcance-termico-como-256-15-trimode\/"]}]},{"@type":"ImageObject","inLanguage":"fr-FR","@id":"https:\/\/angrystag.com\/es\/product\/alcance-termico-como-256-15-trimode\/#primaryimage","url":"https:\/\/angrystag.com\/wp-content\/uploads\/2024\/09\/thermal-scope-as-256-15-trimode.png","contentUrl":"https:\/\/angrystag.com\/wp-content\/uploads\/2024\/09\/thermal-scope-as-256-15-trimode.png","width":1536,"height":1536,"caption":"Thermal Scope AS-256-15 TriMode\u2122"},{"@type":"BreadcrumbList","@id":"https:\/\/angrystag.com\/es\/product\/alcance-termico-como-256-15-trimode\/#breadcrumb","itemListElement":[{"@type":"ListItem","position":1,"name":"Home","item":"https:\/\/angrystag.com\/"},{"@type":"ListItem","position":2,"name":"Shop","item":"https:\/\/angrystag.com\/shop\/"},{"@type":"ListItem","position":3,"name":"Thermal Scope AS-256-15 TriMode\u2122"}]},{"@type":"WebSite","@id":"https:\/\/angrystag.com\/#website","url":"https:\/\/angrystag.com\/","name":"Cerf en col\u00e8re","description":"Produits d'ext\u00e9rieur innovants et fiables","publisher":{"@id":"https:\/\/angrystag.com\/#organization"},"potentialAction":[{"@type":"SearchAction","target":{"@type":"EntryPoint","urlTemplate":"https:\/\/angrystag.com\/?s={search_term_string}"},"query-input":{"@type":"PropertyValueSpecification","valueRequired":true,"valueName":"search_term_string"}}],"inLanguage":"fr-FR"},{"@type":"Organization","@id":"https:\/\/angrystag.com\/#organization","name":"Cerf en col\u00e8re","url":"https:\/\/angrystag.com\/","logo":{"@type":"ImageObject","inLanguage":"fr-FR","@id":"https:\/\/angrystag.com\/#\/schema\/logo\/image\/","url":"https:\/\/angrystag.com\/wp-content\/uploads\/2024\/09\/Angry-Stag-Horizontal-Logo.png","contentUrl":"https:\/\/angrystag.com\/wp-content\/uploads\/2024\/09\/Angry-Stag-Horizontal-Logo.png","width":800,"height":214,"caption":"Angry Stag"},"image":{"@id":"https:\/\/angrystag.com\/#\/schema\/logo\/image\/"},"sameAs":["https:\/\/www.facebook.com\/profile.php?id=100083670355772&mibextid=LQQJ4d","https:\/\/www.instagram.com\/angrystagbrand\/"]}]}},"_links":{"self":[{"href":"https:\/\/angrystag.com\/fr\/wp-json\/wp\/v2\/product\/11112","targetHints":{"allow":["GET"]}}],"collection":[{"href":"https:\/\/angrystag.com\/fr\/wp-json\/wp\/v2\/product"}],"about":[{"href":"https:\/\/angrystag.com\/fr\/wp-json\/wp\/v2\/types\/product"}],"replies":[{"embeddable":true,"href":"https:\/\/angrystag.com\/fr\/wp-json\/wp\/v2\/comments?post=11112"}],"wp:featuredmedia":[{"embeddable":true,"href":"https:\/\/angrystag.com\/fr\/wp-json\/wp\/v2\/media\/12483"}],"wp:attachment":[{"href":"https:\/\/angrystag.com\/fr\/wp-json\/wp\/v2\/media?parent=11112"}],"wp:term":[{"taxonomy":"product_cat","embeddable":true,"href":"https:\/\/angrystag.com\/fr\/wp-json\/wp\/v2\/product_cat?post=11112"},{"taxonomy":"product_tag","embeddable":true,"href":"https:\/\/angrystag.com\/fr\/wp-json\/wp\/v2\/product_tag?post=11112"}],"curies":[{"name":"wp","href":"https:\/\/api.w.org\/{rel}","templated":true}]}}