{"id":11937,"date":"2024-12-26T15:30:25","date_gmt":"2024-12-26T15:30:25","guid":{"rendered":"https:\/\/angrystag.com\/?post_type=product&#038;p=11937"},"modified":"2025-03-12T13:18:24","modified_gmt":"2025-03-12T13:18:24","slug":"laniere-de-fixation-de-la-lunette-de-visee-courroie-de-maintien","status":"publish","type":"product","link":"https:\/\/angrystag.com\/fr\/product\/lanyard-scope-handstrap\/","title":{"rendered":"Lanyard (dragonne de la lunette)"},"content":{"rendered":"<p>Support de dragonne pour toutes les lunettes Angry Stag, filetage 1\/4-20. Peut \u00e9galement convenir \u00e0 d'autres lunettes de vis\u00e9e avec un tr\u00e9pied standard 1\/4\u2033-20.<\/p>","protected":false},"excerpt":{"rendered":"<p>Support de dragonne pour toutes les lunettes Angry Stag, filetage 1\/4-20. Peut \u00e9galement convenir \u00e0 d'autres lunettes de vis\u00e9e avec un tr\u00e9pied standard 1\/4\u2033-20.<\/p>","protected":false},"featured_media":12474,"comment_status":"closed","ping_status":"closed","template":"","meta":[],"product_cat":[169,164],"product_tag":[245,244,238,237,236,243,240,239,242,241,246],"class_list":{"0":"post-11937","1":"product","2":"type-product","3":"status-publish","4":"has-post-thumbnail","6":"product_cat-scope-accessories","7":"product_cat-thermal-scopes","8":"product_tag-256-15","9":"product_tag-256-20","10":"product_tag-256-25","11":"product_tag-320-25","12":"product_tag-320-35","13":"product_tag-384-15","14":"product_tag-384-20","15":"product_tag-384-25","16":"product_tag-384-35","17":"product_tag-384-50","18":"product_tag-640-50","20":"first","21":"instock","22":"taxable","23":"shipping-taxable","24":"purchasable","25":"product-type-simple"},"yoast_head":"<!-- This site is optimized with the Yoast SEO plugin v27.2 - https:\/\/yoast.com\/product\/yoast-seo-wordpress\/ -->\n<title>Lanyard (scope handstrap) - Angry Stag<\/title>\n<meta name=\"robots\" content=\"index, follow, max-snippet:-1, max-image-preview:large, max-video-preview:-1\" \/>\n<link rel=\"canonical\" href=\"https:\/\/angrystag.com\/fr\/produit\/laniere-de-fixation-de-la-lunette-de-visee-courroie-de-maintien\/\" \/>\n<meta property=\"og:locale\" content=\"fr_FR\" \/>\n<meta property=\"og:type\" content=\"article\" \/>\n<meta property=\"og:title\" content=\"Lanyard (scope handstrap) - Angry Stag\" \/>\n<meta property=\"og:description\" content=\"Lanyard mount for all Angry Stag scopes, 1\/4-20 thread. Maybe also fit other scopes with standard Tripod 1\/4&quot;-20 thread.\" \/>\n<meta property=\"og:url\" content=\"https:\/\/angrystag.com\/fr\/produit\/laniere-de-fixation-de-la-lunette-de-visee-courroie-de-maintien\/\" \/>\n<meta property=\"og:site_name\" content=\"Angry Stag\" \/>\n<meta property=\"article:publisher\" content=\"https:\/\/www.facebook.com\/profile.php?id=100083670355772&amp;mibextid=LQQJ4d\" \/>\n<meta property=\"article:modified_time\" content=\"2025-03-12T13:18:24+00:00\" \/>\n<meta property=\"og:image\" content=\"https:\/\/angrystag.com\/wp-content\/uploads\/2024\/12\/lanyard-scope-handstrap.jpg\" \/>\n\t<meta property=\"og:image:width\" content=\"2000\" \/>\n\t<meta property=\"og:image:height\" content=\"2000\" \/>\n\t<meta property=\"og:image:type\" content=\"image\/jpeg\" \/>\n<meta name=\"twitter:card\" content=\"summary_large_image\" \/>\n<meta name=\"twitter:label1\" content=\"Est. reading time\" \/>\n\t<meta name=\"twitter:data1\" content=\"1 minute\" \/>\n<script type=\"application\/ld+json\" class=\"yoast-schema-graph\">{\"@context\":\"https:\/\/schema.org\",\"@graph\":[{\"@type\":\"WebPage\",\"@id\":\"https:\/\/angrystag.com\/fr\/produit\/laniere-de-fixation-de-la-lunette-de-visee-courroie-de-maintien\/\",\"url\":\"https:\/\/angrystag.com\/fr\/produit\/laniere-de-fixation-de-la-lunette-de-visee-courroie-de-maintien\/\",\"name\":\"Lanyard (scope handstrap) - Angry Stag\",\"isPartOf\":{\"@id\":\"https:\/\/angrystag.com\/#website\"},\"primaryImageOfPage\":{\"@id\":\"https:\/\/angrystag.com\/fr\/produit\/laniere-de-fixation-de-la-lunette-de-visee-courroie-de-maintien\/#primaryimage\"},\"image\":{\"@id\":\"https:\/\/angrystag.com\/fr\/produit\/laniere-de-fixation-de-la-lunette-de-visee-courroie-de-maintien\/#primaryimage\"},\"thumbnailUrl\":\"https:\/\/angrystag.com\/wp-content\/uploads\/2024\/12\/lanyard-scope-handstrap.jpg\",\"datePublished\":\"2024-12-26T15:30:25+00:00\",\"dateModified\":\"2025-03-12T13:18:24+00:00\",\"breadcrumb\":{\"@id\":\"https:\/\/angrystag.com\/fr\/produit\/laniere-de-fixation-de-la-lunette-de-visee-courroie-de-maintien\/#breadcrumb\"},\"inLanguage\":\"fr-FR\",\"potentialAction\":[{\"@type\":\"ReadAction\",\"target\":[\"https:\/\/angrystag.com\/fr\/produit\/laniere-de-fixation-de-la-lunette-de-visee-courroie-de-maintien\/\"]}]},{\"@type\":\"ImageObject\",\"inLanguage\":\"fr-FR\",\"@id\":\"https:\/\/angrystag.com\/fr\/produit\/laniere-de-fixation-de-la-lunette-de-visee-courroie-de-maintien\/#primaryimage\",\"url\":\"https:\/\/angrystag.com\/wp-content\/uploads\/2024\/12\/lanyard-scope-handstrap.jpg\",\"contentUrl\":\"https:\/\/angrystag.com\/wp-content\/uploads\/2024\/12\/lanyard-scope-handstrap.jpg\",\"width\":2000,\"height\":2000,\"caption\":\"Lanyard (scope handstrap)\"},{\"@type\":\"BreadcrumbList\",\"@id\":\"https:\/\/angrystag.com\/fr\/produit\/laniere-de-fixation-de-la-lunette-de-visee-courroie-de-maintien\/#breadcrumb\",\"itemListElement\":[{\"@type\":\"ListItem\",\"position\":1,\"name\":\"Home\",\"item\":\"https:\/\/angrystag.com\/\"},{\"@type\":\"ListItem\",\"position\":2,\"name\":\"Shop\",\"item\":\"https:\/\/angrystag.com\/shop\/\"},{\"@type\":\"ListItem\",\"position\":3,\"name\":\"Lanyard (scope handstrap)\"}]},{\"@type\":\"WebSite\",\"@id\":\"https:\/\/angrystag.com\/#website\",\"url\":\"https:\/\/angrystag.com\/\",\"name\":\"Angry Stag\",\"description\":\"Innovative &amp; Reliable Outdoor Products\",\"publisher\":{\"@id\":\"https:\/\/angrystag.com\/#organization\"},\"potentialAction\":[{\"@type\":\"SearchAction\",\"target\":{\"@type\":\"EntryPoint\",\"urlTemplate\":\"https:\/\/angrystag.com\/?s={search_term_string}\"},\"query-input\":{\"@type\":\"PropertyValueSpecification\",\"valueRequired\":true,\"valueName\":\"search_term_string\"}}],\"inLanguage\":\"fr-FR\"},{\"@type\":\"Organization\",\"@id\":\"https:\/\/angrystag.com\/#organization\",\"name\":\"Angry Stag\",\"url\":\"https:\/\/angrystag.com\/\",\"logo\":{\"@type\":\"ImageObject\",\"inLanguage\":\"fr-FR\",\"@id\":\"https:\/\/angrystag.com\/#\/schema\/logo\/image\/\",\"url\":\"https:\/\/angrystag.com\/wp-content\/uploads\/2024\/09\/Angry-Stag-Horizontal-Logo.png\",\"contentUrl\":\"https:\/\/angrystag.com\/wp-content\/uploads\/2024\/09\/Angry-Stag-Horizontal-Logo.png\",\"width\":800,\"height\":214,\"caption\":\"Angry Stag\"},\"image\":{\"@id\":\"https:\/\/angrystag.com\/#\/schema\/logo\/image\/\"},\"sameAs\":[\"https:\/\/www.facebook.com\/profile.php?id=100083670355772&mibextid=LQQJ4d\",\"https:\/\/www.instagram.com\/angrystagbrand\/\"]}]}<\/script>\n<!-- \/ Yoast SEO plugin. -->","yoast_head_json":{"title":"Lanyard (dragonne de lunette) - Angry Stag","robots":{"index":"index","follow":"follow","max-snippet":"max-snippet:-1","max-image-preview":"max-image-preview:large","max-video-preview":"max-video-preview:-1"},"canonical":"https:\/\/angrystag.com\/fr\/produit\/laniere-de-fixation-de-la-lunette-de-visee-courroie-de-maintien\/","og_locale":"fr_FR","og_type":"article","og_title":"Lanyard (scope handstrap) - Angry Stag","og_description":"Lanyard mount for all Angry Stag scopes, 1\/4-20 thread. Maybe also fit other scopes with standard Tripod 1\/4\"-20 thread.","og_url":"https:\/\/angrystag.com\/fr\/produit\/laniere-de-fixation-de-la-lunette-de-visee-courroie-de-maintien\/","og_site_name":"Angry Stag","article_publisher":"https:\/\/www.facebook.com\/profile.php?id=100083670355772&mibextid=LQQJ4d","article_modified_time":"2025-03-12T13:18:24+00:00","og_image":[{"width":2000,"height":2000,"url":"https:\/\/angrystag.com\/wp-content\/uploads\/2024\/12\/lanyard-scope-handstrap.jpg","type":"image\/jpeg"}],"twitter_card":"summary_large_image","twitter_misc":{"Est. reading time":"1 minute"},"schema":{"@context":"https:\/\/schema.org","@graph":[{"@type":"WebPage","@id":"https:\/\/angrystag.com\/fr\/produit\/laniere-de-fixation-de-la-lunette-de-visee-courroie-de-maintien\/","url":"https:\/\/angrystag.com\/fr\/produit\/laniere-de-fixation-de-la-lunette-de-visee-courroie-de-maintien\/","name":"Lanyard (dragonne de lunette) - Angry Stag","isPartOf":{"@id":"https:\/\/angrystag.com\/#website"},"primaryImageOfPage":{"@id":"https:\/\/angrystag.com\/fr\/produit\/laniere-de-fixation-de-la-lunette-de-visee-courroie-de-maintien\/#primaryimage"},"image":{"@id":"https:\/\/angrystag.com\/fr\/produit\/laniere-de-fixation-de-la-lunette-de-visee-courroie-de-maintien\/#primaryimage"},"thumbnailUrl":"https:\/\/angrystag.com\/wp-content\/uploads\/2024\/12\/lanyard-scope-handstrap.jpg","datePublished":"2024-12-26T15:30:25+00:00","dateModified":"2025-03-12T13:18:24+00:00","breadcrumb":{"@id":"https:\/\/angrystag.com\/fr\/produit\/laniere-de-fixation-de-la-lunette-de-visee-courroie-de-maintien\/#breadcrumb"},"inLanguage":"fr-FR","potentialAction":[{"@type":"ReadAction","target":["https:\/\/angrystag.com\/fr\/produit\/laniere-de-fixation-de-la-lunette-de-visee-courroie-de-maintien\/"]}]},{"@type":"ImageObject","inLanguage":"fr-FR","@id":"https:\/\/angrystag.com\/fr\/produit\/laniere-de-fixation-de-la-lunette-de-visee-courroie-de-maintien\/#primaryimage","url":"https:\/\/angrystag.com\/wp-content\/uploads\/2024\/12\/lanyard-scope-handstrap.jpg","contentUrl":"https:\/\/angrystag.com\/wp-content\/uploads\/2024\/12\/lanyard-scope-handstrap.jpg","width":2000,"height":2000,"caption":"Lanyard (scope handstrap)"},{"@type":"BreadcrumbList","@id":"https:\/\/angrystag.com\/fr\/produit\/laniere-de-fixation-de-la-lunette-de-visee-courroie-de-maintien\/#breadcrumb","itemListElement":[{"@type":"ListItem","position":1,"name":"Home","item":"https:\/\/angrystag.com\/"},{"@type":"ListItem","position":2,"name":"Shop","item":"https:\/\/angrystag.com\/shop\/"},{"@type":"ListItem","position":3,"name":"Lanyard (scope handstrap)"}]},{"@type":"WebSite","@id":"https:\/\/angrystag.com\/#website","url":"https:\/\/angrystag.com\/","name":"Cerf en col\u00e8re","description":"Produits d'ext\u00e9rieur innovants et fiables","publisher":{"@id":"https:\/\/angrystag.com\/#organization"},"potentialAction":[{"@type":"SearchAction","target":{"@type":"EntryPoint","urlTemplate":"https:\/\/angrystag.com\/?s={search_term_string}"},"query-input":{"@type":"PropertyValueSpecification","valueRequired":true,"valueName":"search_term_string"}}],"inLanguage":"fr-FR"},{"@type":"Organization","@id":"https:\/\/angrystag.com\/#organization","name":"Cerf en col\u00e8re","url":"https:\/\/angrystag.com\/","logo":{"@type":"ImageObject","inLanguage":"fr-FR","@id":"https:\/\/angrystag.com\/#\/schema\/logo\/image\/","url":"https:\/\/angrystag.com\/wp-content\/uploads\/2024\/09\/Angry-Stag-Horizontal-Logo.png","contentUrl":"https:\/\/angrystag.com\/wp-content\/uploads\/2024\/09\/Angry-Stag-Horizontal-Logo.png","width":800,"height":214,"caption":"Angry Stag"},"image":{"@id":"https:\/\/angrystag.com\/#\/schema\/logo\/image\/"},"sameAs":["https:\/\/www.facebook.com\/profile.php?id=100083670355772&mibextid=LQQJ4d","https:\/\/www.instagram.com\/angrystagbrand\/"]}]}},"_links":{"self":[{"href":"https:\/\/angrystag.com\/fr\/wp-json\/wp\/v2\/product\/11937","targetHints":{"allow":["GET"]}}],"collection":[{"href":"https:\/\/angrystag.com\/fr\/wp-json\/wp\/v2\/product"}],"about":[{"href":"https:\/\/angrystag.com\/fr\/wp-json\/wp\/v2\/types\/product"}],"replies":[{"embeddable":true,"href":"https:\/\/angrystag.com\/fr\/wp-json\/wp\/v2\/comments?post=11937"}],"wp:featuredmedia":[{"embeddable":true,"href":"https:\/\/angrystag.com\/fr\/wp-json\/wp\/v2\/media\/12474"}],"wp:attachment":[{"href":"https:\/\/angrystag.com\/fr\/wp-json\/wp\/v2\/media?parent=11937"}],"wp:term":[{"taxonomy":"product_cat","embeddable":true,"href":"https:\/\/angrystag.com\/fr\/wp-json\/wp\/v2\/product_cat?post=11937"},{"taxonomy":"product_tag","embeddable":true,"href":"https:\/\/angrystag.com\/fr\/wp-json\/wp\/v2\/product_tag?post=11937"}],"curies":[{"name":"wp","href":"https:\/\/api.w.org\/{rel}","templated":true}]}}