{"id":4034,"date":"2024-09-24T07:39:40","date_gmt":"2024-09-24T07:39:40","guid":{"rendered":"https:\/\/angrystag.com\/?post_type=product&#038;p=4034"},"modified":"2025-03-12T13:45:14","modified_gmt":"2025-03-12T13:45:14","slug":"protege-oreilles-tactiques-bluetooth","status":"publish","type":"product","link":"https:\/\/angrystag.com\/fr\/product\/tactical-bluetooth-protective-ear-muffs\/","title":{"rendered":"Prot\u00e8ge-oreilles tactiques Bluetooth"},"content":{"rendered":"<p>Nos casques sont con\u00e7us pour permettre aux tireurs de viser les fusils sans l'interf\u00e9rence encombrante des protections auditives de type manchon, tout en conservant de solides valeurs NRR. Les casques sont pliables et peuvent \u00eatre repli\u00e9s dans un petit profil portable.<\/p>\n<p><strong>Caract\u00e9ristiques :<\/strong><\/p>\n<ul>\n<li>Conception - Nos casques sont con\u00e7us pour permettre aux tireurs de viser.<br \/>\nLes casques sont con\u00e7us pour \u00eatre utilis\u00e9s avec des carabines sans l'interf\u00e9rence encombrante des protections auditives de type manchon, tout en conservant les 25NRR exig\u00e9s par l'OSHA pour le tir. Tous nos casques sont pliables et peuvent \u00eatre repli\u00e9s dans un petit profil portable. Ils sont tous \u00e9quip\u00e9s en standard de manchons en gel et de bandeaux \u00e9pais et rembourr\u00e9s pour une utilisation confortable tout au long de la journ\u00e9e.<\/li>\n<li>Algorithmes avanc\u00e9s - Nos casques utilisent des algorithmes de protection auditive de pointe d\u00e9velopp\u00e9s par les ing\u00e9nieurs d'Angry Stag, ce qui permet d'obtenir des casques plus fins avec des valeurs NRR solides.<\/li>\n<li>Confort - nous avons con\u00e7u des bandeaux coussin\u00e9s et des coussins de casque de haute qualit\u00e9. Les mod\u00e8les Range et Tactical utilisent un bandeau coussin\u00e9 am\u00e9lior\u00e9 ainsi que des manchons en gel, rarement vus, ce qui donne \"les manchons les plus confortables de la plan\u00e8te\". C'est le nec plus ultra en mati\u00e8re de confort pour une utilisation de longue dur\u00e9e.<\/li>\n<li>Vert - <span style=\"font-weight: 400;\">Tous nos casques sont rechargeables et ont une longue dur\u00e9e de vie. Il n'y a donc pas de piles \u00e0 changer ou \u00e0 jeter, ce qui r\u00e9duit \u00e0 la fois vos co\u00fbts d'exploitation et votre empreinte carbone.<\/span><\/li>\n<li>Connectivit\u00e9 - Tous nos casques sont dot\u00e9s d'une prise d'entr\u00e9e audio qui permet de les connecter \u00e0 des radios FRS ou autres. Le casque tactique utilise les derni\u00e8res puces Bluetooth ainsi que le NFC pour une connexion facile. Vous pouvez prendre des appels t\u00e9l\u00e9phoniques ou \u00e9couter de la musique \u00e0 partir de votre smartphone, de votre tablette ou d'un autre appareil Bluetooth.<\/li>\n<li>Performance - Notre DSP\/amplificateur permet d'amplifier jusqu'\u00e0 5 fois le son local tout en r\u00e9agissant \u00e0 tout son sup\u00e9rieur \u00e0 85 dB en &lt;1ms.<\/li>\n<\/ul>\n<p><strong>Sp\u00e9cifications :<\/strong><\/p>\n<ul>\n<li>La technologie Bluetooth 5.3 permet de passer des appels t\u00e9l\u00e9phoniques et de diffuser de la musique en continu.<\/li>\n<li>Casques antibruit en gel de premi\u00e8re qualit\u00e9 pour une exp\u00e9rience des plus confortables.<\/li>\n<li>3 microphones puissants pour une meilleure performance audio.<\/li>\n<\/ul>\n<p><strong>Ressources<\/strong><\/p>\n<ul>\n<li><a href=\"https:\/\/angrystag.com\/wp-content\/uploads\/2025\/01\/SalesSheet-Muffs-EZ-12-15-24a.pdf\">Voir la fiche de vente<\/a><\/li>\n<li><a href=\"\/wp-content\/uploads\/2024\/10\/Tactical-BT-User-Guide-T-100-BThqp.pdf\">Voir le guide de l'utilisateur<\/a><\/li>\n<\/ul>\n<p><strong>Num\u00e9ro de produit :<\/strong><\/p>\n<ul>\n<li>Tactique : T-100, 800807100077<\/li>\n<\/ul>","protected":false},"excerpt":{"rendered":"<p><span style=\"font-weight: 400;\">Tactical BT - Les casques Angry Stag sont con\u00e7us ici m\u00eame aux \u00c9tats-Unis. Toutes les protections auditives ont une compression ultra-rapide de tout son sup\u00e9rieur \u00e0 85db et toutes ont le minimum requis par l'OSHA, \u00e0 savoir 25NRR. Tous nos casques sont con\u00e7us pour une utilisation quotidienne et confortable et sont \u00e9quip\u00e9s de batteries rechargeables, d'arceaux ultra rembourr\u00e9s, d'un rev\u00eatement caoutchout\u00e9 doux et luxueux et de coquilles en gel, le tout de s\u00e9rie. Vous pouvez avoir des conversations normales, mais lorsqu'un coup de feu est tir\u00e9, vous l'entendez \u00e0 un niveau s\u00fbr de 85 dB.  Le Tactical BT ajoute la technologie Bluetooth permettant \u00e0 l'utilisateur d'\u00e9couter de la musique et de prendre des appels t\u00e9l\u00e9phoniques. Quel que soit votre choix, vous ne serez pas d\u00e9\u00e7u.<\/span><\/p>","protected":false},"featured_media":11387,"comment_status":"closed","ping_status":"closed","template":"","meta":[],"product_cat":[15,163],"product_tag":[],"class_list":{"0":"post-4034","1":"product","2":"type-product","3":"status-publish","4":"has-post-thumbnail","6":"product_brand-angry-stag","7":"product_cat-all-products","8":"product_cat-hearing-protection","9":"pa_85db-compression-yes","10":"pa_foldadable-yes","11":"pa_function-take-calls-play-music-with-local-sound-compression","12":"pa_gel-ear-cups-yes","13":"pa_hours-continuous-use-10ptt-140","14":"pa_instruction-manual-yes","15":"pa_local-sound-amplification-5x","16":"pa_mics-152","17":"pa_nrr-123","18":"pa_other-no","19":"pa_pod-battery-recharger-no","20":"pa_radio-input-jack-yes","21":"pa_reaction-time-1ms","22":"pa_rechargeable-yes","23":"pa_recovery-time-1ms","24":"pa_rubberized-soft-coating-yes","25":"pa_soft-case-yes","26":"pa_speakers-hd-sound-quality","27":"pa_special-feature-bt-5-3","28":"pa_usage-shooting-hunting-home-use","29":"pa_usb-c-charge-adapter-yes","31":"first","32":"instock","33":"featured","34":"taxable","35":"shipping-taxable","36":"purchasable","37":"product-type-simple"},"yoast_head":"<!-- This site is optimized with the Yoast SEO plugin v27.2 - https:\/\/yoast.com\/product\/yoast-seo-wordpress\/ -->\n<title>Tactical Bluetooth Protective Ear Muffs - Angry Stag<\/title>\n<meta name=\"robots\" content=\"index, follow, max-snippet:-1, max-image-preview:large, max-video-preview:-1\" \/>\n<link rel=\"canonical\" href=\"https:\/\/angrystag.com\/fr\/produit\/protege-oreilles-tactiques-bluetooth\/\" \/>\n<meta property=\"og:locale\" content=\"fr_FR\" \/>\n<meta property=\"og:type\" content=\"article\" \/>\n<meta property=\"og:title\" content=\"Tactical Bluetooth Protective Ear Muffs - Angry Stag\" \/>\n<meta property=\"og:description\" content=\"Tactical BT - Angry Stag Headsets are designed from the ground up right here is the USA. All hearing protection has ultrafast compression of any sound over 85db and all have the minimum OSHA required 25NRR rating. All our headsets are designed for all day use and comfort and have rechargeable batteries, ultra padded headbands, soft rubberized luxury coating and Gel muffs, all standard. Have normal conversations, but when a shot is fired, you hear it at a safe 85db level.\u00a0 Tactical BT adds Bluetooth technology allowing the user to listen to music and take phone calls. Whichever you choose, you will not be disappointed.\" \/>\n<meta property=\"og:url\" content=\"https:\/\/angrystag.com\/fr\/produit\/protege-oreilles-tactiques-bluetooth\/\" \/>\n<meta property=\"og:site_name\" content=\"Angry Stag\" \/>\n<meta property=\"article:publisher\" content=\"https:\/\/www.facebook.com\/profile.php?id=100083670355772&amp;mibextid=LQQJ4d\" \/>\n<meta property=\"article:modified_time\" content=\"2025-03-12T13:45:14+00:00\" \/>\n<meta property=\"og:image\" content=\"https:\/\/angrystag.com\/wp-content\/uploads\/2024\/10\/5.jpg\" \/>\n\t<meta property=\"og:image:width\" content=\"2000\" \/>\n\t<meta property=\"og:image:height\" content=\"2000\" \/>\n\t<meta property=\"og:image:type\" content=\"image\/jpeg\" \/>\n<meta name=\"twitter:card\" content=\"summary_large_image\" \/>\n<meta name=\"twitter:label1\" content=\"Est. reading time\" \/>\n\t<meta name=\"twitter:data1\" content=\"2 minutes\" \/>\n<script type=\"application\/ld+json\" class=\"yoast-schema-graph\">{\"@context\":\"https:\/\/schema.org\",\"@graph\":[{\"@type\":\"WebPage\",\"@id\":\"https:\/\/angrystag.com\/pt\/produto\/auriculares-de-protecao-bluetooth-tacticos\/\",\"url\":\"https:\/\/angrystag.com\/pt\/produto\/auriculares-de-protecao-bluetooth-tacticos\/\",\"name\":\"Tactical Bluetooth Protective Ear Muffs - Angry Stag\",\"isPartOf\":{\"@id\":\"https:\/\/angrystag.com\/#website\"},\"primaryImageOfPage\":{\"@id\":\"https:\/\/angrystag.com\/pt\/produto\/auriculares-de-protecao-bluetooth-tacticos\/#primaryimage\"},\"image\":{\"@id\":\"https:\/\/angrystag.com\/pt\/produto\/auriculares-de-protecao-bluetooth-tacticos\/#primaryimage\"},\"thumbnailUrl\":\"https:\/\/angrystag.com\/wp-content\/uploads\/2024\/10\/5.jpg\",\"datePublished\":\"2024-09-24T07:39:40+00:00\",\"dateModified\":\"2025-03-12T13:45:14+00:00\",\"breadcrumb\":{\"@id\":\"https:\/\/angrystag.com\/pt\/produto\/auriculares-de-protecao-bluetooth-tacticos\/#breadcrumb\"},\"inLanguage\":\"fr-FR\",\"potentialAction\":[{\"@type\":\"ReadAction\",\"target\":[\"https:\/\/angrystag.com\/pt\/produto\/auriculares-de-protecao-bluetooth-tacticos\/\"]}]},{\"@type\":\"ImageObject\",\"inLanguage\":\"fr-FR\",\"@id\":\"https:\/\/angrystag.com\/pt\/produto\/auriculares-de-protecao-bluetooth-tacticos\/#primaryimage\",\"url\":\"https:\/\/angrystag.com\/wp-content\/uploads\/2024\/10\/5.jpg\",\"contentUrl\":\"https:\/\/angrystag.com\/wp-content\/uploads\/2024\/10\/5.jpg\",\"width\":2000,\"height\":2000},{\"@type\":\"BreadcrumbList\",\"@id\":\"https:\/\/angrystag.com\/pt\/produto\/auriculares-de-protecao-bluetooth-tacticos\/#breadcrumb\",\"itemListElement\":[{\"@type\":\"ListItem\",\"position\":1,\"name\":\"Home\",\"item\":\"https:\/\/angrystag.com\/\"},{\"@type\":\"ListItem\",\"position\":2,\"name\":\"Shop\",\"item\":\"https:\/\/angrystag.com\/shop\/\"},{\"@type\":\"ListItem\",\"position\":3,\"name\":\"Tactical Bluetooth Protective Ear Muffs\"}]},{\"@type\":\"WebSite\",\"@id\":\"https:\/\/angrystag.com\/#website\",\"url\":\"https:\/\/angrystag.com\/\",\"name\":\"Angry Stag\",\"description\":\"Innovative &amp; Reliable Outdoor Products\",\"publisher\":{\"@id\":\"https:\/\/angrystag.com\/#organization\"},\"potentialAction\":[{\"@type\":\"SearchAction\",\"target\":{\"@type\":\"EntryPoint\",\"urlTemplate\":\"https:\/\/angrystag.com\/?s={search_term_string}\"},\"query-input\":{\"@type\":\"PropertyValueSpecification\",\"valueRequired\":true,\"valueName\":\"search_term_string\"}}],\"inLanguage\":\"fr-FR\"},{\"@type\":\"Organization\",\"@id\":\"https:\/\/angrystag.com\/#organization\",\"name\":\"Angry Stag\",\"url\":\"https:\/\/angrystag.com\/\",\"logo\":{\"@type\":\"ImageObject\",\"inLanguage\":\"fr-FR\",\"@id\":\"https:\/\/angrystag.com\/#\/schema\/logo\/image\/\",\"url\":\"https:\/\/angrystag.com\/wp-content\/uploads\/2024\/09\/Angry-Stag-Horizontal-Logo.png\",\"contentUrl\":\"https:\/\/angrystag.com\/wp-content\/uploads\/2024\/09\/Angry-Stag-Horizontal-Logo.png\",\"width\":800,\"height\":214,\"caption\":\"Angry Stag\"},\"image\":{\"@id\":\"https:\/\/angrystag.com\/#\/schema\/logo\/image\/\"},\"sameAs\":[\"https:\/\/www.facebook.com\/profile.php?id=100083670355772&mibextid=LQQJ4d\",\"https:\/\/www.instagram.com\/angrystagbrand\/\"]}]}<\/script>\n<!-- \/ Yoast SEO plugin. -->","yoast_head_json":{"title":"Prot\u00e8ge-oreilles tactiques Bluetooth - Angry Stag","robots":{"index":"index","follow":"follow","max-snippet":"max-snippet:-1","max-image-preview":"max-image-preview:large","max-video-preview":"max-video-preview:-1"},"canonical":"https:\/\/angrystag.com\/fr\/produit\/protege-oreilles-tactiques-bluetooth\/","og_locale":"fr_FR","og_type":"article","og_title":"Tactical Bluetooth Protective Ear Muffs - Angry Stag","og_description":"Tactical BT - Angry Stag Headsets are designed from the ground up right here is the USA. All hearing protection has ultrafast compression of any sound over 85db and all have the minimum OSHA required 25NRR rating. All our headsets are designed for all day use and comfort and have rechargeable batteries, ultra padded headbands, soft rubberized luxury coating and Gel muffs, all standard. Have normal conversations, but when a shot is fired, you hear it at a safe 85db level.\u00a0 Tactical BT adds Bluetooth technology allowing the user to listen to music and take phone calls. Whichever you choose, you will not be disappointed.","og_url":"https:\/\/angrystag.com\/fr\/produit\/protege-oreilles-tactiques-bluetooth\/","og_site_name":"Angry Stag","article_publisher":"https:\/\/www.facebook.com\/profile.php?id=100083670355772&mibextid=LQQJ4d","article_modified_time":"2025-03-12T13:45:14+00:00","og_image":[{"width":2000,"height":2000,"url":"https:\/\/angrystag.com\/wp-content\/uploads\/2024\/10\/5.jpg","type":"image\/jpeg"}],"twitter_card":"summary_large_image","twitter_misc":{"Est. reading time":"2 minutes"},"schema":{"@context":"https:\/\/schema.org","@graph":[{"@type":"WebPage","@id":"https:\/\/angrystag.com\/pt\/produto\/auriculares-de-protecao-bluetooth-tacticos\/","url":"https:\/\/angrystag.com\/pt\/produto\/auriculares-de-protecao-bluetooth-tacticos\/","name":"Prot\u00e8ge-oreilles tactiques Bluetooth - Angry Stag","isPartOf":{"@id":"https:\/\/angrystag.com\/#website"},"primaryImageOfPage":{"@id":"https:\/\/angrystag.com\/pt\/produto\/auriculares-de-protecao-bluetooth-tacticos\/#primaryimage"},"image":{"@id":"https:\/\/angrystag.com\/pt\/produto\/auriculares-de-protecao-bluetooth-tacticos\/#primaryimage"},"thumbnailUrl":"https:\/\/angrystag.com\/wp-content\/uploads\/2024\/10\/5.jpg","datePublished":"2024-09-24T07:39:40+00:00","dateModified":"2025-03-12T13:45:14+00:00","breadcrumb":{"@id":"https:\/\/angrystag.com\/pt\/produto\/auriculares-de-protecao-bluetooth-tacticos\/#breadcrumb"},"inLanguage":"fr-FR","potentialAction":[{"@type":"ReadAction","target":["https:\/\/angrystag.com\/pt\/produto\/auriculares-de-protecao-bluetooth-tacticos\/"]}]},{"@type":"ImageObject","inLanguage":"fr-FR","@id":"https:\/\/angrystag.com\/pt\/produto\/auriculares-de-protecao-bluetooth-tacticos\/#primaryimage","url":"https:\/\/angrystag.com\/wp-content\/uploads\/2024\/10\/5.jpg","contentUrl":"https:\/\/angrystag.com\/wp-content\/uploads\/2024\/10\/5.jpg","width":2000,"height":2000},{"@type":"BreadcrumbList","@id":"https:\/\/angrystag.com\/pt\/produto\/auriculares-de-protecao-bluetooth-tacticos\/#breadcrumb","itemListElement":[{"@type":"ListItem","position":1,"name":"Home","item":"https:\/\/angrystag.com\/"},{"@type":"ListItem","position":2,"name":"Shop","item":"https:\/\/angrystag.com\/shop\/"},{"@type":"ListItem","position":3,"name":"Tactical Bluetooth Protective Ear Muffs"}]},{"@type":"WebSite","@id":"https:\/\/angrystag.com\/#website","url":"https:\/\/angrystag.com\/","name":"Cerf en col\u00e8re","description":"Produits d'ext\u00e9rieur innovants et fiables","publisher":{"@id":"https:\/\/angrystag.com\/#organization"},"potentialAction":[{"@type":"SearchAction","target":{"@type":"EntryPoint","urlTemplate":"https:\/\/angrystag.com\/?s={search_term_string}"},"query-input":{"@type":"PropertyValueSpecification","valueRequired":true,"valueName":"search_term_string"}}],"inLanguage":"fr-FR"},{"@type":"Organization","@id":"https:\/\/angrystag.com\/#organization","name":"Cerf en col\u00e8re","url":"https:\/\/angrystag.com\/","logo":{"@type":"ImageObject","inLanguage":"fr-FR","@id":"https:\/\/angrystag.com\/#\/schema\/logo\/image\/","url":"https:\/\/angrystag.com\/wp-content\/uploads\/2024\/09\/Angry-Stag-Horizontal-Logo.png","contentUrl":"https:\/\/angrystag.com\/wp-content\/uploads\/2024\/09\/Angry-Stag-Horizontal-Logo.png","width":800,"height":214,"caption":"Angry Stag"},"image":{"@id":"https:\/\/angrystag.com\/#\/schema\/logo\/image\/"},"sameAs":["https:\/\/www.facebook.com\/profile.php?id=100083670355772&mibextid=LQQJ4d","https:\/\/www.instagram.com\/angrystagbrand\/"]}]}},"_links":{"self":[{"href":"https:\/\/angrystag.com\/fr\/wp-json\/wp\/v2\/product\/4034","targetHints":{"allow":["GET"]}}],"collection":[{"href":"https:\/\/angrystag.com\/fr\/wp-json\/wp\/v2\/product"}],"about":[{"href":"https:\/\/angrystag.com\/fr\/wp-json\/wp\/v2\/types\/product"}],"replies":[{"embeddable":true,"href":"https:\/\/angrystag.com\/fr\/wp-json\/wp\/v2\/comments?post=4034"}],"wp:featuredmedia":[{"embeddable":true,"href":"https:\/\/angrystag.com\/fr\/wp-json\/wp\/v2\/media\/11387"}],"wp:attachment":[{"href":"https:\/\/angrystag.com\/fr\/wp-json\/wp\/v2\/media?parent=4034"}],"wp:term":[{"taxonomy":"product_cat","embeddable":true,"href":"https:\/\/angrystag.com\/fr\/wp-json\/wp\/v2\/product_cat?post=4034"},{"taxonomy":"product_tag","embeddable":true,"href":"https:\/\/angrystag.com\/fr\/wp-json\/wp\/v2\/product_tag?post=4034"}],"curies":[{"name":"wp","href":"https:\/\/api.w.org\/{rel}","templated":true}]}}