{"id":4055,"date":"2024-09-24T07:40:10","date_gmt":"2024-09-24T07:40:10","guid":{"rendered":"https:\/\/angrystag.com\/?post_type=product&#038;p=4055"},"modified":"2025-03-12T13:19:48","modified_gmt":"2025-03-12T13:19:48","slug":"gamme-rf","status":"publish","type":"product","link":"https:\/\/angrystag.com\/fr\/product\/range-rf\/","title":{"rendered":"Port\u00e9e RF"},"content":{"rendered":"<p>Nos casques sont con\u00e7us pour permettre aux tireurs de viser les fusils sans l'interf\u00e9rence encombrante des protections auditives de type manchon, tout en conservant de solides valeurs NRR. Les casques sont pliables et peuvent \u00eatre repli\u00e9s dans un petit profil portable.<\/p>\n<p><strong>Caract\u00e9ristiques :<\/strong><\/p>\n<ul>\n<li>Design et confort - Nos casques sont con\u00e7us pour permettre aux tireurs de viser.<br \/>\nLes casques sont con\u00e7us pour \u00eatre utilis\u00e9s avec des carabines sans l'interf\u00e9rence encombrante des protections auditives de type manchon, tout en conservant les 25NRR exig\u00e9s par l'OSHA pour le tir. Tous nos casques sont pliables et peuvent \u00eatre repli\u00e9s dans un petit profil portable. Ils sont tous \u00e9quip\u00e9s en standard de manchons en gel et de bandeaux \u00e9pais et rembourr\u00e9s pour une utilisation confortable tout au long de la journ\u00e9e.<\/li>\n<li>Algorithmes avanc\u00e9s - Nos casques utilisent des algorithmes auditifs de pointe.<br \/>\nAlgorithmes de protection d\u00e9velopp\u00e9s par les ing\u00e9nieurs d'Angry Stag.<br \/>\ndes coquilles plus fines ainsi qu'une fonctionnalit\u00e9 bi-mode permettant une utilisation simultan\u00e9e de l'appareil et de l'\u00e9quipement.<br \/>\nCompression de 85db ET communications sans fil.<\/li>\n<li>Vert - Contrairement \u00e0 la quasi-totalit\u00e9 des micro-casques de moins de $100, nos micro-casques sont tous<br \/>\nrechargeable avec une autonomie de 70 heures, 10 heures si l'on utilise la fonction PTT.<br \/>\nIl n'y a pas de piles \u00e0 changer ou \u00e0 jeter, ce qui r\u00e9duit le co\u00fbt de l'utilisation de l'appareil.<br \/>\ntout en r\u00e9duisant votre empreinte carbone.<\/li>\n<li>Connectivit\u00e9 - Tous nos casques sont dot\u00e9s d'une prise d'entr\u00e9e audio qui permet de<br \/>\n\u00e0 n'importe quelle radio. Le casque Range RF utilise les derni\u00e8res technologies FRS<br \/>\nchipset radio avec 7 canaux ouverts pour la formation et les communications ouvertes<br \/>\net 2 canaux priv\u00e9s. Nous avons con\u00e7u ce casque pour une courte port\u00e9e de 100m<br \/>\ndistances principalement pour l'entra\u00eenement sur le champ de tir, mais peut \u00eatre utilis\u00e9 pour des petits groupes.<br \/>\nchasse, balle au pied, ou sur un chantier.<\/li>\n<li>Performance - Notre DSP\/amplificateur permet de multiplier par 5 l'amplification des signaux locaux.<br \/>\ntout en r\u00e9agissant \u00e0 tout son sup\u00e9rieur \u00e0 85dB en &lt;1ms. La gamme RF est<br \/>\nBi-mode et peut \u00eatre utilis\u00e9 simultan\u00e9ment, protection auditive et RF-PTT<br \/>\n(push to talk) ainsi que la connaissance de la situation.<\/li>\n<\/ul>\n<p><strong>Sp\u00e9cifications :<\/strong><\/p>\n<ul>\n<li>La radio FRS prend en charge 7 canaux ouverts et 2 canaux priv\u00e9s.<\/li>\n<li>Casques antibruit en gel de premi\u00e8re qualit\u00e9 pour une exp\u00e9rience des plus confortables.<\/li>\n<li>3 microphones puissants pour une meilleure performance audio.<\/li>\n<\/ul>\n<p><strong>Ressources<\/strong><\/p>\n<ul>\n<li><a href=\"https:\/\/angrystag.com\/wp-content\/uploads\/2025\/01\/SalesSheet-Muffs-EZ-12-15-24a.pdf\">Voir la fiche de vente<\/a><\/li>\n<li><a href=\"\/wp-content\/uploads\/2024\/10\/RangeRF-User-Guide-R-100-RFhqp.pdf\">Voir le guide de l'utilisateur<\/a><\/li>\n<\/ul>\n<p><strong>Num\u00e9ro de produit :\u00a0<\/strong><\/p>\n<ul>\n<li>Gamme RF, R-100HD-RF, 800807100053<\/li>\n<\/ul>","protected":false},"excerpt":{"rendered":"<p><span style=\"font-weight: 400;\">Range RF - Les casques Angry Stag sont con\u00e7us ici m\u00eame aux \u00c9tats-Unis. Toutes les protections auditives ont une compression ultra-rapide de tout son sup\u00e9rieur \u00e0 85db et toutes ont le minimum requis par l'OSHA, \u00e0 savoir 25NRR. Tous nos casques sont con\u00e7us pour une utilisation quotidienne et confortable et sont \u00e9quip\u00e9s de batteries rechargeables, d'arceaux ultra rembourr\u00e9s, d'un rev\u00eatement caoutchout\u00e9 doux et luxueux et de coquilles en gel, le tout de s\u00e9rie. Vous pouvez avoir des conversations normales, mais lorsqu'un coup de feu est tir\u00e9, vous l'entendez \u00e0 un niveau s\u00fbr de 85 dB.  Le Range RF ajoute une radio FRS int\u00e9gr\u00e9e permettant des conversations en t\u00eate \u00e0 t\u00eate ou \u00e0 plusieurs.  Id\u00e9al pour l'entra\u00eenement, les chasses en petits groupes ou m\u00eame le paintball.\u00a0<\/span><\/p>","protected":false},"featured_media":12475,"comment_status":"closed","ping_status":"closed","template":"","meta":[],"product_cat":[15,163],"product_tag":[],"class_list":{"0":"post-4055","1":"product","2":"type-product","3":"status-publish","4":"has-post-thumbnail","6":"product_brand-angry-stag","7":"product_cat-all-products","8":"product_cat-hearing-protection","9":"pa_85db-compression-yes","10":"pa_foldadable-yes","11":"pa_function-compression-1to1-1-to-many-7-channles-2-private","12":"pa_gel-ear-cups-yes","13":"pa_hours-continuous-use-70-10ptt","14":"pa_instruction-manual-yes","15":"pa_local-sound-amplification-5x","16":"pa_mics-152","17":"pa_nrr-123","18":"pa_other-no","19":"pa_pod-battery-recharger-no","20":"pa_radio-input-jack-yes","21":"pa_reaction-time-1ms","22":"pa_rechargeable-yes","23":"pa_recovery-time-1ms","24":"pa_rubberized-soft-coating-yes","25":"pa_soft-case-yes","26":"pa_speakers-hd-sound-quality","27":"pa_special-feature-walkie-talkie-built-in","28":"pa_usage-training-small-hunting-parties-construction-home","29":"pa_usb-c-charge-adapter-yes","31":"first","32":"instock","33":"taxable","34":"shipping-taxable","35":"purchasable","36":"product-type-simple"},"yoast_head":"<!-- This site is optimized with the Yoast SEO plugin v27.2 - https:\/\/yoast.com\/product\/yoast-seo-wordpress\/ -->\n<title>Range RF - Angry Stag<\/title>\n<meta name=\"robots\" content=\"index, follow, max-snippet:-1, max-image-preview:large, max-video-preview:-1\" \/>\n<link rel=\"canonical\" href=\"https:\/\/angrystag.com\/fr\/produit\/gamme-rf\/\" \/>\n<meta property=\"og:locale\" content=\"fr_FR\" \/>\n<meta property=\"og:type\" content=\"article\" \/>\n<meta property=\"og:title\" content=\"Range RF - Angry Stag\" \/>\n<meta property=\"og:description\" content=\"Range RF - Angry Stag Headsets are designed from the ground up right here is the USA. All hearing protection has ultrafast compression of any sound over 85db and all have the minimum OSHA required 25NRR rating. All our headsets are designed for all day use and comfort and have rechargeable batteries, ultra padded headbands, soft rubberized luxury coating and Gel muffs, all standard. Have normal conversations, but when a shot is fired, you hear it at a safe 85db level.\u00a0 The Range RF adds a built in FRS push to talk radio allowing for one to one, or one to many conversations.\u00a0 Great for training or small group hunts or even paintball.\u00a0\" \/>\n<meta property=\"og:url\" content=\"https:\/\/angrystag.com\/fr\/produit\/gamme-rf\/\" \/>\n<meta property=\"og:site_name\" content=\"Angry Stag\" \/>\n<meta property=\"article:publisher\" content=\"https:\/\/www.facebook.com\/profile.php?id=100083670355772&amp;mibextid=LQQJ4d\" \/>\n<meta property=\"article:modified_time\" content=\"2025-03-12T13:19:48+00:00\" \/>\n<meta property=\"og:image\" content=\"https:\/\/angrystag.com\/wp-content\/uploads\/2024\/09\/range-rf.jpg\" \/>\n\t<meta property=\"og:image:width\" content=\"2000\" \/>\n\t<meta property=\"og:image:height\" content=\"2000\" \/>\n\t<meta property=\"og:image:type\" content=\"image\/jpeg\" \/>\n<meta name=\"twitter:card\" content=\"summary_large_image\" \/>\n<meta name=\"twitter:label1\" content=\"Est. reading time\" \/>\n\t<meta name=\"twitter:data1\" content=\"2 minutes\" \/>\n<script type=\"application\/ld+json\" class=\"yoast-schema-graph\">{\"@context\":\"https:\/\/schema.org\",\"@graph\":[{\"@type\":\"WebPage\",\"@id\":\"https:\/\/angrystag.com\/product\/range-rf\/\",\"url\":\"https:\/\/angrystag.com\/product\/range-rf\/\",\"name\":\"Range RF - Angry Stag\",\"isPartOf\":{\"@id\":\"https:\/\/angrystag.com\/#website\"},\"primaryImageOfPage\":{\"@id\":\"https:\/\/angrystag.com\/product\/range-rf\/#primaryimage\"},\"image\":{\"@id\":\"https:\/\/angrystag.com\/product\/range-rf\/#primaryimage\"},\"thumbnailUrl\":\"https:\/\/angrystag.com\/wp-content\/uploads\/2024\/09\/range-rf.jpg\",\"datePublished\":\"2024-09-24T07:40:10+00:00\",\"dateModified\":\"2025-03-12T13:19:48+00:00\",\"breadcrumb\":{\"@id\":\"https:\/\/angrystag.com\/product\/range-rf\/#breadcrumb\"},\"inLanguage\":\"fr-FR\",\"potentialAction\":[{\"@type\":\"ReadAction\",\"target\":[\"https:\/\/angrystag.com\/product\/range-rf\/\"]}]},{\"@type\":\"ImageObject\",\"inLanguage\":\"fr-FR\",\"@id\":\"https:\/\/angrystag.com\/product\/range-rf\/#primaryimage\",\"url\":\"https:\/\/angrystag.com\/wp-content\/uploads\/2024\/09\/range-rf.jpg\",\"contentUrl\":\"https:\/\/angrystag.com\/wp-content\/uploads\/2024\/09\/range-rf.jpg\",\"width\":2000,\"height\":2000,\"caption\":\"Range RF\"},{\"@type\":\"BreadcrumbList\",\"@id\":\"https:\/\/angrystag.com\/product\/range-rf\/#breadcrumb\",\"itemListElement\":[{\"@type\":\"ListItem\",\"position\":1,\"name\":\"Home\",\"item\":\"https:\/\/angrystag.com\/\"},{\"@type\":\"ListItem\",\"position\":2,\"name\":\"Shop\",\"item\":\"https:\/\/angrystag.com\/shop\/\"},{\"@type\":\"ListItem\",\"position\":3,\"name\":\"Range RF\"}]},{\"@type\":\"WebSite\",\"@id\":\"https:\/\/angrystag.com\/#website\",\"url\":\"https:\/\/angrystag.com\/\",\"name\":\"Angry Stag\",\"description\":\"Innovative &amp; Reliable Outdoor Products\",\"publisher\":{\"@id\":\"https:\/\/angrystag.com\/#organization\"},\"potentialAction\":[{\"@type\":\"SearchAction\",\"target\":{\"@type\":\"EntryPoint\",\"urlTemplate\":\"https:\/\/angrystag.com\/?s={search_term_string}\"},\"query-input\":{\"@type\":\"PropertyValueSpecification\",\"valueRequired\":true,\"valueName\":\"search_term_string\"}}],\"inLanguage\":\"fr-FR\"},{\"@type\":\"Organization\",\"@id\":\"https:\/\/angrystag.com\/#organization\",\"name\":\"Angry Stag\",\"url\":\"https:\/\/angrystag.com\/\",\"logo\":{\"@type\":\"ImageObject\",\"inLanguage\":\"fr-FR\",\"@id\":\"https:\/\/angrystag.com\/#\/schema\/logo\/image\/\",\"url\":\"https:\/\/angrystag.com\/wp-content\/uploads\/2024\/09\/Angry-Stag-Horizontal-Logo.png\",\"contentUrl\":\"https:\/\/angrystag.com\/wp-content\/uploads\/2024\/09\/Angry-Stag-Horizontal-Logo.png\",\"width\":800,\"height\":214,\"caption\":\"Angry Stag\"},\"image\":{\"@id\":\"https:\/\/angrystag.com\/#\/schema\/logo\/image\/\"},\"sameAs\":[\"https:\/\/www.facebook.com\/profile.php?id=100083670355772&mibextid=LQQJ4d\",\"https:\/\/www.instagram.com\/angrystagbrand\/\"]}]}<\/script>\n<!-- \/ Yoast SEO plugin. -->","yoast_head_json":{"title":"Gamme RF - Cerf en col\u00e8re","robots":{"index":"index","follow":"follow","max-snippet":"max-snippet:-1","max-image-preview":"max-image-preview:large","max-video-preview":"max-video-preview:-1"},"canonical":"https:\/\/angrystag.com\/fr\/produit\/gamme-rf\/","og_locale":"fr_FR","og_type":"article","og_title":"Range RF - Angry Stag","og_description":"Range RF - Angry Stag Headsets are designed from the ground up right here is the USA. All hearing protection has ultrafast compression of any sound over 85db and all have the minimum OSHA required 25NRR rating. All our headsets are designed for all day use and comfort and have rechargeable batteries, ultra padded headbands, soft rubberized luxury coating and Gel muffs, all standard. Have normal conversations, but when a shot is fired, you hear it at a safe 85db level.\u00a0 The Range RF adds a built in FRS push to talk radio allowing for one to one, or one to many conversations.\u00a0 Great for training or small group hunts or even paintball.\u00a0","og_url":"https:\/\/angrystag.com\/fr\/produit\/gamme-rf\/","og_site_name":"Angry Stag","article_publisher":"https:\/\/www.facebook.com\/profile.php?id=100083670355772&mibextid=LQQJ4d","article_modified_time":"2025-03-12T13:19:48+00:00","og_image":[{"width":2000,"height":2000,"url":"https:\/\/angrystag.com\/wp-content\/uploads\/2024\/09\/range-rf.jpg","type":"image\/jpeg"}],"twitter_card":"summary_large_image","twitter_misc":{"Est. reading time":"2 minutes"},"schema":{"@context":"https:\/\/schema.org","@graph":[{"@type":"WebPage","@id":"https:\/\/angrystag.com\/product\/range-rf\/","url":"https:\/\/angrystag.com\/product\/range-rf\/","name":"Gamme RF - Cerf en col\u00e8re","isPartOf":{"@id":"https:\/\/angrystag.com\/#website"},"primaryImageOfPage":{"@id":"https:\/\/angrystag.com\/product\/range-rf\/#primaryimage"},"image":{"@id":"https:\/\/angrystag.com\/product\/range-rf\/#primaryimage"},"thumbnailUrl":"https:\/\/angrystag.com\/wp-content\/uploads\/2024\/09\/range-rf.jpg","datePublished":"2024-09-24T07:40:10+00:00","dateModified":"2025-03-12T13:19:48+00:00","breadcrumb":{"@id":"https:\/\/angrystag.com\/product\/range-rf\/#breadcrumb"},"inLanguage":"fr-FR","potentialAction":[{"@type":"ReadAction","target":["https:\/\/angrystag.com\/product\/range-rf\/"]}]},{"@type":"ImageObject","inLanguage":"fr-FR","@id":"https:\/\/angrystag.com\/product\/range-rf\/#primaryimage","url":"https:\/\/angrystag.com\/wp-content\/uploads\/2024\/09\/range-rf.jpg","contentUrl":"https:\/\/angrystag.com\/wp-content\/uploads\/2024\/09\/range-rf.jpg","width":2000,"height":2000,"caption":"Range RF"},{"@type":"BreadcrumbList","@id":"https:\/\/angrystag.com\/product\/range-rf\/#breadcrumb","itemListElement":[{"@type":"ListItem","position":1,"name":"Home","item":"https:\/\/angrystag.com\/"},{"@type":"ListItem","position":2,"name":"Shop","item":"https:\/\/angrystag.com\/shop\/"},{"@type":"ListItem","position":3,"name":"Range RF"}]},{"@type":"WebSite","@id":"https:\/\/angrystag.com\/#website","url":"https:\/\/angrystag.com\/","name":"Cerf en col\u00e8re","description":"Produits d'ext\u00e9rieur innovants et fiables","publisher":{"@id":"https:\/\/angrystag.com\/#organization"},"potentialAction":[{"@type":"SearchAction","target":{"@type":"EntryPoint","urlTemplate":"https:\/\/angrystag.com\/?s={search_term_string}"},"query-input":{"@type":"PropertyValueSpecification","valueRequired":true,"valueName":"search_term_string"}}],"inLanguage":"fr-FR"},{"@type":"Organization","@id":"https:\/\/angrystag.com\/#organization","name":"Cerf en col\u00e8re","url":"https:\/\/angrystag.com\/","logo":{"@type":"ImageObject","inLanguage":"fr-FR","@id":"https:\/\/angrystag.com\/#\/schema\/logo\/image\/","url":"https:\/\/angrystag.com\/wp-content\/uploads\/2024\/09\/Angry-Stag-Horizontal-Logo.png","contentUrl":"https:\/\/angrystag.com\/wp-content\/uploads\/2024\/09\/Angry-Stag-Horizontal-Logo.png","width":800,"height":214,"caption":"Angry Stag"},"image":{"@id":"https:\/\/angrystag.com\/#\/schema\/logo\/image\/"},"sameAs":["https:\/\/www.facebook.com\/profile.php?id=100083670355772&mibextid=LQQJ4d","https:\/\/www.instagram.com\/angrystagbrand\/"]}]}},"_links":{"self":[{"href":"https:\/\/angrystag.com\/fr\/wp-json\/wp\/v2\/product\/4055","targetHints":{"allow":["GET"]}}],"collection":[{"href":"https:\/\/angrystag.com\/fr\/wp-json\/wp\/v2\/product"}],"about":[{"href":"https:\/\/angrystag.com\/fr\/wp-json\/wp\/v2\/types\/product"}],"replies":[{"embeddable":true,"href":"https:\/\/angrystag.com\/fr\/wp-json\/wp\/v2\/comments?post=4055"}],"wp:featuredmedia":[{"embeddable":true,"href":"https:\/\/angrystag.com\/fr\/wp-json\/wp\/v2\/media\/12475"}],"wp:attachment":[{"href":"https:\/\/angrystag.com\/fr\/wp-json\/wp\/v2\/media?parent=4055"}],"wp:term":[{"taxonomy":"product_cat","embeddable":true,"href":"https:\/\/angrystag.com\/fr\/wp-json\/wp\/v2\/product_cat?post=4055"},{"taxonomy":"product_tag","embeddable":true,"href":"https:\/\/angrystag.com\/fr\/wp-json\/wp\/v2\/product_tag?post=4055"}],"curies":[{"name":"wp","href":"https:\/\/api.w.org\/{rel}","templated":true}]}}