{"id":11122,"date":"2024-09-30T12:01:37","date_gmt":"2024-09-30T12:01:37","guid":{"rendered":"https:\/\/angrystag.com\/?post_type=product&#038;p=11122"},"modified":"2025-07-18T06:29:37","modified_gmt":"2025-07-18T06:29:37","slug":"cannocchiale-termico-as-384-35-trimode","status":"publish","type":"product","link":"https:\/\/angrystag.com\/it\/product\/thermal-scope-as-384-35-trimode\/","title":{"rendered":"Cannocchiale termico AS-384-35 TriMode"},"content":{"rendered":"<h4><strong>Ordina oggi stesso! Spedizione nel terzo trimestre 2025<\/strong><\/h4>\n<p><span style=\"font-weight: 400;\">Questo cannocchiale impiega una risoluzione del sensore 384\u00d7288 a basso &lt;25mK. \u00c8 stato progettato con la tecnologia pi\u00f9 avanzata per offrire agli utenti un&#039;esperienza di imaging di alta qualit\u00e0. Questo cannocchiale \u00e8 stato progettato per essere versatile e pu\u00f2 essere utilizzato come supporto a clip, a mano o su fucile. Il cannocchiale dispone di una messa a fuoco manuale e di un obiettivo da 35 mm. Il cannocchiale dispone anche di un microdisplay OLED HD 1024\u00d7768 e di una frequenza di fotogrammi di 60 Hz. Oltre a queste caratteristiche, questo cannocchiale \u00e8 dotato di un otturatore e di un NUC senza otturatore, nonch\u00e9 di un miglioramento dei falsi colori e di un ingrandimento digitale uniforme a 12 livelli. Il cannocchiale \u00e8 dotato di una batteria ricaricabile di lunga durata che garantisce fino a 10 ore di utilizzo (risparmio energetico attivato) e di funzionalit\u00e0 di registrazione pre-evento, foto e video, nonch\u00e9 di 16 GB di affidabile memoria flash EMMC integrata.<\/span><\/p>\n<p><span style=\"font-weight: 400;\">\u00c8 dotato di streaming Wi-Fi e ricarica USB-C. Il firmware pu\u00f2 essere aggiornato sul campo. Per una funzionalit\u00e0 ancora maggiore, gli utenti possono optare per l'accessorio snap-in con telemetro laser da 1 km. Con il risparmio energetico Tilt la durata della batteria pu\u00f2 essere prolungata di 20%. E, soprattutto, questo cannocchiale ha il costo pi\u00f9 basso del settore ed \u00e8 prodotto con orgoglio negli Stati Uniti.<\/span><\/p>\n<p><strong>Caratteristiche<\/strong><\/p>\n<ul>\n<li>Possibilit\u00e0 di montaggio a clip o su fucile<\/li>\n<li>Messa a fuoco manuale, opzioni obiettivo 35 mm e 50 mm<\/li>\n<li>Microdisplay OLED 720P<\/li>\n<li>Frequenza fotogrammi 50Hz<\/li>\n<li>NUC con e senza otturatore<\/li>\n<li>7 valorizzazione dei falsi colori<\/li>\n<li>Ingrandimento digitale<\/li>\n<li>8 ore di durata della batteria ricaricabile<\/li>\n<li>Registrazione pre-evento, fotogrammi e video con l'affidabile memoria Flash EMMC a bordo<\/li>\n<li>Streaming Wi-Fi<\/li>\n<li>Ricarica USB-C<\/li>\n<li>Telemetro laser opzionale a scatto con calcolo balistico<\/li>\n<li>Stato dell'arte, ultraleggero<\/li>\n<li>Alloggiamento in alluminio di grado aeronautico<\/li>\n<li>Risparmio energetico dell'inclinazione e spegnimento automatico per una maggiore durata della batteria<\/li>\n<li>Il costo pi\u00f9 basso del settore<\/li>\n<li>Prodotto negli Stati Uniti<\/li>\n<\/ul>\n<p><strong>Specifiche<\/strong><\/p>\n<ul>\n<li style=\"font-weight: 400;\" aria-level=\"4\"><span style=\"font-weight: 400;\">Sensore - Sensore termico 384\u00d7288 &lt;25mK (22mK tipico)<\/span><\/li>\n<li style=\"font-weight: 400;\" aria-level=\"4\"><span style=\"font-weight: 400;\">L'oculare TriMode\u2122 consente l'utilizzo a clip, con il cannocchiale o a mano (in attesa di brevetto).<\/span><\/li>\n<li style=\"font-weight: 400;\" aria-level=\"4\"><span style=\"font-weight: 400;\">ThermaLoc\u2122 - permette di cacciare di giorno o di notte senza perdere mai il bersaglio (in attesa di brevetto)<\/span><\/li>\n<li style=\"font-weight: 400;\" aria-level=\"4\"><span style=\"font-weight: 400;\">Registrazione - video, foto, pre-evento, 16 GB di flash a bordo (10 ore di video)<\/span><\/li>\n<li style=\"font-weight: 400;\" aria-level=\"4\"><span style=\"font-weight: 400;\">Ricarica USB-C<\/span><\/li>\n<li style=\"font-weight: 400;\" aria-level=\"4\"><span style=\"font-weight: 400;\">Streaming Wi-Fi<\/span><\/li>\n<li style=\"font-weight: 400;\" aria-level=\"4\"><span style=\"font-weight: 400;\">Display - 1024\u00d7768 OLED, 60Hz<\/span><\/li>\n<li style=\"font-weight: 400;\" aria-level=\"4\"><span style=\"font-weight: 400;\">Ingrandimento digitale regolare a 12 livelli<\/span><\/li>\n<li style=\"font-weight: 400;\" aria-level=\"4\"><span style=\"font-weight: 400;\">Firmware di campo USB-C aggiornabile<\/span><\/li>\n<li style=\"font-weight: 400;\" aria-level=\"4\"><span style=\"font-weight: 400;\">6 lingue<\/span><\/li>\n<li><span style=\"font-weight: 400;\">5 reticoli multicolore<\/span><\/li>\n<li style=\"font-weight: 400;\" aria-level=\"4\"><span style=\"font-weight: 400;\">6 palette di colori selezionabili<\/span><\/li>\n<li style=\"font-weight: 400;\" aria-level=\"4\"><span style=\"font-weight: 400;\">Batteria ricaricabile a bordo da 3AH, 8+ ore<\/span><\/li>\n<li style=\"font-weight: 400;\" aria-level=\"4\"><span style=\"font-weight: 400;\">Allineamento in un colpo solo<\/span><\/li>\n<li style=\"font-weight: 400;\" aria-level=\"4\"><span style=\"font-weight: 400;\">Correzione della non uniformit\u00e0 (NUC) senza otturatore, calibrata da 20C a 60C<\/span><\/li>\n<li style=\"font-weight: 400;\" aria-level=\"4\"><span style=\"font-weight: 400;\">Il risparmio energetico dell'inclinazione pu\u00f2 estendere la durata della batteria a pi\u00f9 di 10 ore<\/span><\/li>\n<li style=\"font-weight: 400;\" aria-level=\"4\"><span style=\"font-weight: 400;\">Ricarica da adattatore USB (in dotazione) o da un qualsiasi power brick<\/span><\/li>\n<li>Ingrandimento 3-18x<\/li>\n<\/ul>\n<p><strong>Accessori nella confezione<\/strong><\/p>\n<ul>\n<li>Custodia morbida in EVA per il trasporto<\/li>\n<li>Conchiglie oculari a clip e per fucile<\/li>\n<li>Montaggio su guida Picatinny<\/li>\n<li>Cordino per l'utilizzo a mano<\/li>\n<li>Detergente per lenti in microfibra<\/li>\n<li>Caricabatterie USB-C da 2A<\/li>\n<li>Obiettivo di allineamento<\/li>\n<li>Allineamento adesivo 5 pastiglie termiche<\/li>\n<li>Guida rapida<\/li>\n<li>Guida dettagliata per l'utente<\/li>\n<\/ul>\n<p><strong>Risorse<\/strong><\/p>\n<ul>\n<li><a href=\"https:\/\/angrystag.com\/wp-content\/uploads\/2025\/01\/SalesSheetScopes1-5-25sm.pdf\">Visualizza la scheda di vendita<\/a><\/li>\n<li><a href=\"https:\/\/angrystag.com\/wp-content\/uploads\/2025\/07\/Scope_UserGuide7-14-253.pdf\">Visualizza la Guida per l'utente<\/a><\/li>\n<li><a href=\"https:\/\/angrystag.com\/wp-content\/uploads\/2024\/12\/Scope_Quickstart_12-3-24.pdf\">Visualizza la Guida rapida<\/a><\/li>\n<\/ul>\n<p><strong>Nome del prodotto<\/strong><\/p>\n<ul>\n<li>AS-384-35<\/li>\n<\/ul>","protected":false},"excerpt":{"rendered":"<p><span style=\"font-weight: 400;\">Provate le immagini termiche di qualit\u00e0 superiore con questo cannocchiale avanzato dotato di un sensore 384\u00d7288. Progettato per un uso versatile, offre le migliori immagini termiche della categoria, la messa a fuoco manuale e un obiettivo da 35 mm. Dotato di NUC senza otturatore, miglioramento dei falsi colori e ingrandimento digitale, questo cannocchiale offre prestazioni eccezionali. Alimentato da una batteria di lunga durata, offre lo streaming Wi-Fi e la ricarica USB-C. Il Thermal Scope AS384 \u00e8 costruito in resistente alluminio aeronautico e offre funzioni come la registrazione pre-evento, foto e video. Tutti i cannocchiali termici Angry Stag sono dotati di serie di Trimode\u2122 che ne consente l'uso come cannocchiale da puntamento, clip-on o palmare, e di ThermaLoc\u2122 che consente la caccia e l'osservazione diurna. Prodotto negli Stati Uniti, \u00e8 conveniente per i cacciatori e gli appassionati che cercano immagini termiche di alto livello.<\/span><\/p>","protected":false},"featured_media":12486,"comment_status":"closed","ping_status":"closed","template":"","meta":[],"product_cat":[15,168,164],"product_tag":[242],"class_list":{"0":"post-11122","1":"product","2":"type-product","3":"status-publish","4":"has-post-thumbnail","6":"product_cat-all-products","7":"product_cat-scopes","8":"product_cat-thermal-scopes","9":"product_tag-384-35","10":"pa_1000gs-tested-yes","11":"pa_5-year-limited-warranty-yes","12":"pa_50hz-refresh-rate-yes","13":"pa_6-reticles-3-colors-yes","14":"pa_7-false-color-pallets-yes","15":"pa_accessories-carrying-case","16":"pa_accessories-eyecup-for-riflescope-and-clip-on","17":"pa_accessories-flip-up-lens-cover","18":"pa_accessories-microfiber-lens-cleaner","19":"pa_accessories-owners-manual","20":"pa_accessories-quickstart-guide","21":"pa_accessories-thermal-targets","22":"pa_accessories-usb-c-changing-adpater","23":"pa_accessories-usb-c-streaming-cable","24":"pa_field-firmware-update-no","25":"pa_horizontal-field-of-view-11-degrees","26":"pa_mk-76","27":"pa_oled-1024x768-yes","28":"pa_one-shot-freeze-alignment-yes","29":"pa_pixel-size-17um","30":"pa_sensor-resolution-384x288","31":"pa_thermal-lens-35mm","32":"pa_tilt-power-savings-yes","33":"pa_tilt-sensor-yes","34":"pa_trimode-mount-yes","36":"first","37":"instock","38":"taxable","39":"shipping-taxable","40":"purchasable","41":"product-type-simple"},"yoast_head":"<!-- This site is optimized with the Yoast SEO plugin v27.2 - https:\/\/yoast.com\/product\/yoast-seo-wordpress\/ -->\n<title>Thermal Scope AS-384-35 TriMode\u2122 - Angry Stag<\/title>\n<meta name=\"robots\" content=\"index, follow, max-snippet:-1, max-image-preview:large, max-video-preview:-1\" \/>\n<link rel=\"canonical\" href=\"https:\/\/angrystag.com\/it\/product\/cannocchiale-termico-as-384-35-trimode\/\" \/>\n<meta property=\"og:locale\" content=\"it_IT\" \/>\n<meta property=\"og:type\" content=\"article\" \/>\n<meta property=\"og:title\" content=\"Thermal Scope AS-384-35 TriMode\u2122 - Angry Stag\" \/>\n<meta property=\"og:description\" content=\"Experience superior thermal imaging with this advanced scope featuring a 384\u00d7288 sensor. Designed for versatile use, it offers best-in-class thermal imaging, manual focus, and a 35mm lens. Equipped with a shutterless NUC, false color enhancement, and digital magnification, this scope delivers exceptional performance. Powered by a long-lasting battery, it provides Wi-Fi streaming and USB-C charging. The Thermal Scope AS384 is built with durable aircraft Aluminum and offers features like pre-event recording, stills, and video. All Angry Stag Thermal scopes come standard with Trimode\u2122 allowing for use as a riflescope, a clip-on, or a handheld, and ThermaLoc\u2122 allowing for daytime hunting and observing. Made in the USA, it\u2019s affordable for hunters and enthusiasts seeking top-tier thermal imaging.\" \/>\n<meta property=\"og:url\" content=\"https:\/\/angrystag.com\/it\/product\/cannocchiale-termico-as-384-35-trimode\/\" \/>\n<meta property=\"og:site_name\" content=\"Angry Stag\" \/>\n<meta property=\"article:publisher\" content=\"https:\/\/www.facebook.com\/profile.php?id=100083670355772&amp;mibextid=LQQJ4d\" \/>\n<meta property=\"article:modified_time\" content=\"2025-07-18T06:29:37+00:00\" \/>\n<meta property=\"og:image\" content=\"https:\/\/angrystag.com\/wp-content\/uploads\/2024\/09\/thermal-scope-as-384-35-trimode.jpg\" \/>\n\t<meta property=\"og:image:width\" content=\"2560\" \/>\n\t<meta property=\"og:image:height\" content=\"2560\" \/>\n\t<meta property=\"og:image:type\" content=\"image\/jpeg\" \/>\n<meta name=\"twitter:card\" content=\"summary_large_image\" \/>\n<meta name=\"twitter:label1\" content=\"Est. reading time\" \/>\n\t<meta name=\"twitter:data1\" content=\"2 minutes\" \/>\n<script type=\"application\/ld+json\" class=\"yoast-schema-graph\">{\"@context\":\"https:\/\/schema.org\",\"@graph\":[{\"@type\":\"WebPage\",\"@id\":\"https:\/\/angrystag.com\/product\/thermal-scope-as-384-35-trimode\/\",\"url\":\"https:\/\/angrystag.com\/product\/thermal-scope-as-384-35-trimode\/\",\"name\":\"Thermal Scope AS-384-35 TriMode\u2122 - Angry Stag\",\"isPartOf\":{\"@id\":\"https:\/\/angrystag.com\/#website\"},\"primaryImageOfPage\":{\"@id\":\"https:\/\/angrystag.com\/product\/thermal-scope-as-384-35-trimode\/#primaryimage\"},\"image\":{\"@id\":\"https:\/\/angrystag.com\/product\/thermal-scope-as-384-35-trimode\/#primaryimage\"},\"thumbnailUrl\":\"https:\/\/angrystag.com\/wp-content\/uploads\/2024\/09\/thermal-scope-as-384-35-trimode.jpg\",\"datePublished\":\"2024-09-30T12:01:37+00:00\",\"dateModified\":\"2025-07-18T06:29:37+00:00\",\"breadcrumb\":{\"@id\":\"https:\/\/angrystag.com\/product\/thermal-scope-as-384-35-trimode\/#breadcrumb\"},\"inLanguage\":\"it-IT\",\"potentialAction\":[{\"@type\":\"ReadAction\",\"target\":[\"https:\/\/angrystag.com\/product\/thermal-scope-as-384-35-trimode\/\"]}]},{\"@type\":\"ImageObject\",\"inLanguage\":\"it-IT\",\"@id\":\"https:\/\/angrystag.com\/product\/thermal-scope-as-384-35-trimode\/#primaryimage\",\"url\":\"https:\/\/angrystag.com\/wp-content\/uploads\/2024\/09\/thermal-scope-as-384-35-trimode.jpg\",\"contentUrl\":\"https:\/\/angrystag.com\/wp-content\/uploads\/2024\/09\/thermal-scope-as-384-35-trimode.jpg\",\"width\":2560,\"height\":2560,\"caption\":\"Thermal Scope AS-384-35 TriMode\u2122\"},{\"@type\":\"BreadcrumbList\",\"@id\":\"https:\/\/angrystag.com\/product\/thermal-scope-as-384-35-trimode\/#breadcrumb\",\"itemListElement\":[{\"@type\":\"ListItem\",\"position\":1,\"name\":\"Home\",\"item\":\"https:\/\/angrystag.com\/\"},{\"@type\":\"ListItem\",\"position\":2,\"name\":\"Shop\",\"item\":\"https:\/\/angrystag.com\/shop\/\"},{\"@type\":\"ListItem\",\"position\":3,\"name\":\"Thermal Scope AS-384-35 TriMode\u2122\"}]},{\"@type\":\"WebSite\",\"@id\":\"https:\/\/angrystag.com\/#website\",\"url\":\"https:\/\/angrystag.com\/\",\"name\":\"Angry Stag\",\"description\":\"Innovative &amp; Reliable Outdoor Products\",\"publisher\":{\"@id\":\"https:\/\/angrystag.com\/#organization\"},\"potentialAction\":[{\"@type\":\"SearchAction\",\"target\":{\"@type\":\"EntryPoint\",\"urlTemplate\":\"https:\/\/angrystag.com\/?s={search_term_string}\"},\"query-input\":{\"@type\":\"PropertyValueSpecification\",\"valueRequired\":true,\"valueName\":\"search_term_string\"}}],\"inLanguage\":\"it-IT\"},{\"@type\":\"Organization\",\"@id\":\"https:\/\/angrystag.com\/#organization\",\"name\":\"Angry Stag\",\"url\":\"https:\/\/angrystag.com\/\",\"logo\":{\"@type\":\"ImageObject\",\"inLanguage\":\"it-IT\",\"@id\":\"https:\/\/angrystag.com\/#\/schema\/logo\/image\/\",\"url\":\"https:\/\/angrystag.com\/wp-content\/uploads\/2024\/09\/Angry-Stag-Horizontal-Logo.png\",\"contentUrl\":\"https:\/\/angrystag.com\/wp-content\/uploads\/2024\/09\/Angry-Stag-Horizontal-Logo.png\",\"width\":800,\"height\":214,\"caption\":\"Angry Stag\"},\"image\":{\"@id\":\"https:\/\/angrystag.com\/#\/schema\/logo\/image\/\"},\"sameAs\":[\"https:\/\/www.facebook.com\/profile.php?id=100083670355772&mibextid=LQQJ4d\",\"https:\/\/www.instagram.com\/angrystagbrand\/\"]}]}<\/script>\n<!-- \/ Yoast SEO plugin. -->","yoast_head_json":{"title":"Cannocchiale termico AS-384-35 TriMode\u2122 - Cervo arrabbiato","robots":{"index":"index","follow":"follow","max-snippet":"max-snippet:-1","max-image-preview":"max-image-preview:large","max-video-preview":"max-video-preview:-1"},"canonical":"https:\/\/angrystag.com\/it\/product\/cannocchiale-termico-as-384-35-trimode\/","og_locale":"it_IT","og_type":"article","og_title":"Thermal Scope AS-384-35 TriMode\u2122 - Angry Stag","og_description":"Experience superior thermal imaging with this advanced scope featuring a 384\u00d7288 sensor. Designed for versatile use, it offers best-in-class thermal imaging, manual focus, and a 35mm lens. Equipped with a shutterless NUC, false color enhancement, and digital magnification, this scope delivers exceptional performance. Powered by a long-lasting battery, it provides Wi-Fi streaming and USB-C charging. The Thermal Scope AS384 is built with durable aircraft Aluminum and offers features like pre-event recording, stills, and video. All Angry Stag Thermal scopes come standard with Trimode\u2122 allowing for use as a riflescope, a clip-on, or a handheld, and ThermaLoc\u2122 allowing for daytime hunting and observing. Made in the USA, it\u2019s affordable for hunters and enthusiasts seeking top-tier thermal imaging.","og_url":"https:\/\/angrystag.com\/it\/product\/cannocchiale-termico-as-384-35-trimode\/","og_site_name":"Angry Stag","article_publisher":"https:\/\/www.facebook.com\/profile.php?id=100083670355772&mibextid=LQQJ4d","article_modified_time":"2025-07-18T06:29:37+00:00","og_image":[{"width":2560,"height":2560,"url":"https:\/\/angrystag.com\/wp-content\/uploads\/2024\/09\/thermal-scope-as-384-35-trimode.jpg","type":"image\/jpeg"}],"twitter_card":"summary_large_image","twitter_misc":{"Est. reading time":"2 minutes"},"schema":{"@context":"https:\/\/schema.org","@graph":[{"@type":"WebPage","@id":"https:\/\/angrystag.com\/product\/thermal-scope-as-384-35-trimode\/","url":"https:\/\/angrystag.com\/product\/thermal-scope-as-384-35-trimode\/","name":"Cannocchiale termico AS-384-35 TriMode\u2122 - Cervo arrabbiato","isPartOf":{"@id":"https:\/\/angrystag.com\/#website"},"primaryImageOfPage":{"@id":"https:\/\/angrystag.com\/product\/thermal-scope-as-384-35-trimode\/#primaryimage"},"image":{"@id":"https:\/\/angrystag.com\/product\/thermal-scope-as-384-35-trimode\/#primaryimage"},"thumbnailUrl":"https:\/\/angrystag.com\/wp-content\/uploads\/2024\/09\/thermal-scope-as-384-35-trimode.jpg","datePublished":"2024-09-30T12:01:37+00:00","dateModified":"2025-07-18T06:29:37+00:00","breadcrumb":{"@id":"https:\/\/angrystag.com\/product\/thermal-scope-as-384-35-trimode\/#breadcrumb"},"inLanguage":"it-IT","potentialAction":[{"@type":"ReadAction","target":["https:\/\/angrystag.com\/product\/thermal-scope-as-384-35-trimode\/"]}]},{"@type":"ImageObject","inLanguage":"it-IT","@id":"https:\/\/angrystag.com\/product\/thermal-scope-as-384-35-trimode\/#primaryimage","url":"https:\/\/angrystag.com\/wp-content\/uploads\/2024\/09\/thermal-scope-as-384-35-trimode.jpg","contentUrl":"https:\/\/angrystag.com\/wp-content\/uploads\/2024\/09\/thermal-scope-as-384-35-trimode.jpg","width":2560,"height":2560,"caption":"Thermal Scope AS-384-35 TriMode\u2122"},{"@type":"BreadcrumbList","@id":"https:\/\/angrystag.com\/product\/thermal-scope-as-384-35-trimode\/#breadcrumb","itemListElement":[{"@type":"ListItem","position":1,"name":"Home","item":"https:\/\/angrystag.com\/"},{"@type":"ListItem","position":2,"name":"Shop","item":"https:\/\/angrystag.com\/shop\/"},{"@type":"ListItem","position":3,"name":"Thermal Scope AS-384-35 TriMode\u2122"}]},{"@type":"WebSite","@id":"https:\/\/angrystag.com\/#website","url":"https:\/\/angrystag.com\/","name":"Cervo arrabbiato","description":"Prodotti per esterni innovativi e affidabili","publisher":{"@id":"https:\/\/angrystag.com\/#organization"},"potentialAction":[{"@type":"SearchAction","target":{"@type":"EntryPoint","urlTemplate":"https:\/\/angrystag.com\/?s={search_term_string}"},"query-input":{"@type":"PropertyValueSpecification","valueRequired":true,"valueName":"search_term_string"}}],"inLanguage":"it-IT"},{"@type":"Organization","@id":"https:\/\/angrystag.com\/#organization","name":"Cervo arrabbiato","url":"https:\/\/angrystag.com\/","logo":{"@type":"ImageObject","inLanguage":"it-IT","@id":"https:\/\/angrystag.com\/#\/schema\/logo\/image\/","url":"https:\/\/angrystag.com\/wp-content\/uploads\/2024\/09\/Angry-Stag-Horizontal-Logo.png","contentUrl":"https:\/\/angrystag.com\/wp-content\/uploads\/2024\/09\/Angry-Stag-Horizontal-Logo.png","width":800,"height":214,"caption":"Angry Stag"},"image":{"@id":"https:\/\/angrystag.com\/#\/schema\/logo\/image\/"},"sameAs":["https:\/\/www.facebook.com\/profile.php?id=100083670355772&mibextid=LQQJ4d","https:\/\/www.instagram.com\/angrystagbrand\/"]}]}},"_links":{"self":[{"href":"https:\/\/angrystag.com\/it\/wp-json\/wp\/v2\/product\/11122","targetHints":{"allow":["GET"]}}],"collection":[{"href":"https:\/\/angrystag.com\/it\/wp-json\/wp\/v2\/product"}],"about":[{"href":"https:\/\/angrystag.com\/it\/wp-json\/wp\/v2\/types\/product"}],"replies":[{"embeddable":true,"href":"https:\/\/angrystag.com\/it\/wp-json\/wp\/v2\/comments?post=11122"}],"wp:featuredmedia":[{"embeddable":true,"href":"https:\/\/angrystag.com\/it\/wp-json\/wp\/v2\/media\/12486"}],"wp:attachment":[{"href":"https:\/\/angrystag.com\/it\/wp-json\/wp\/v2\/media?parent=11122"}],"wp:term":[{"taxonomy":"product_cat","embeddable":true,"href":"https:\/\/angrystag.com\/it\/wp-json\/wp\/v2\/product_cat?post=11122"},{"taxonomy":"product_tag","embeddable":true,"href":"https:\/\/angrystag.com\/it\/wp-json\/wp\/v2\/product_tag?post=11122"}],"curies":[{"name":"wp","href":"https:\/\/api.w.org\/{rel}","templated":true}]}}