{"id":11923,"date":"2024-12-26T14:04:28","date_gmt":"2024-12-26T14:04:28","guid":{"rendered":"https:\/\/angrystag.com\/?post_type=product&#038;p=11923"},"modified":"2026-02-06T07:27:27","modified_gmt":"2026-02-06T07:27:27","slug":"portata-termica-come-320-25-trimode","status":"publish","type":"product","link":"https:\/\/angrystag.com\/it\/product\/thermal-scope-as-320-25-trimode\/","title":{"rendered":"Cannocchiale termico AS-320-25 TriMode"},"content":{"rendered":"<p><span style=\"font-weight: 400;\">Questo cannocchiale sar\u00e0 disponibile con una risoluzione del sensore di 320\u00d7240. Questo cannocchiale \u00e8 stato progettato con la tecnologia pi\u00f9 avanzata per offrire agli utenti un'esperienza di imaging di alta qualit\u00e0. Questo cannocchiale \u00e8 stato progettato per essere versatile e pu\u00f2 essere utilizzato con un attacco a clip o per fucile. Il cannocchiale \u00e8 dotato di messa a fuoco manuale e ha una risoluzione di 25<\/span><span style=\"font-weight: 400;\">mm. Questo cannocchiale ha anche un microdisplay OLED da 720P e una frequenza di fotogrammi di 50Hz. Oltre a queste caratteristiche, questo cannocchiale \u00e8 dotato di un otturatore e di un NUC senza otturatore, nonch\u00e9 di un miglioramento dei falsi colori e di un ingrandimento digitale. Il cannocchiale \u00e8 dotato di una batteria ricaricabile di lunga durata che garantisce fino a 12 ore di utilizzo e di funzionalit\u00e0 di registrazione pre-evento, foto e video, nonch\u00e9 di un'affidabile memoria flash EMMC integrata.<\/span><\/p>\n<p><span style=\"font-weight: 400;\">Questo cannocchiale \u00e8 dotato di funzionalit\u00e0 di streaming Wi-Fi e di ricarica USB-C. Il firmware pu\u00f2 essere aggiornato sul campo. Per una funzionalit\u00e0 ancora maggiore, gli utenti possono optare per l'accessorio laser range finder snap-in, che fornisce calcoli balistici. Questo cannocchiale \u00e8 stato progettato per essere ultraleggero. Il cannocchiale \u00e8 dotato di funzioni di risparmio energetico e di spegnimento automatico per prolungare la durata della batteria. E soprattutto, questo cannocchiale ha il costo pi\u00f9 basso del settore ed \u00e8 prodotto con orgoglio negli Stati Uniti.<\/span><\/p>\n<p><strong>Caratteristiche<\/strong><\/p>\n<ul>\n<li>Possibilit\u00e0 di montaggio a clip o su fucile<\/li>\n<li>Messa a fuoco manuale, opzioni obiettivo 35 mm e 50 mm<\/li>\n<li>Microdisplay OLED 720P<\/li>\n<li>Frequenza fotogrammi 50Hz<\/li>\n<li>NUC con e senza otturatore<\/li>\n<li>7 valorizzazione dei falsi colori<\/li>\n<li>Ingrandimento digitale<\/li>\n<li>8 ore di durata della batteria ricaricabile<\/li>\n<li>Registrazione pre-evento, fotogrammi e video con l'affidabile memoria Flash EMMC a bordo<\/li>\n<li>Streaming Wi-Fi<\/li>\n<li>Ricarica USB-C<\/li>\n<li>Telemetro laser opzionale a scatto con calcolo balistico<\/li>\n<li>Stato dell'arte, ultraleggero<\/li>\n<li>Alloggiamento in alluminio di grado aeronautico<\/li>\n<li>Risparmio energetico dell'inclinazione e spegnimento automatico per una maggiore durata della batteria<\/li>\n<li>Il costo pi\u00f9 basso del settore<\/li>\n<li>Prodotto negli Stati Uniti<\/li>\n<\/ul>\n<p><strong>Specifiche<\/strong><\/p>\n<ul>\n<li>Sensore 320\u00d7240<\/li>\n<li>Obiettivo da 25 mm<\/li>\n<li>Ingrandimento 4-24x<\/li>\n<li>9 gradi HFOV<\/li>\n<li>TriMode\u2122<\/li>\n<li>ThermaLoc\u2122<\/li>\n<\/ul>\n<p><strong>Accessori nella confezione<\/strong><\/p>\n<ul>\n<li>Custodia morbida in EVA per il trasporto<\/li>\n<li>Conchiglie oculari a clip e per fucile<\/li>\n<li>Montaggio su guida Picatinny<\/li>\n<li>Cordino per l'utilizzo a mano<\/li>\n<li>Detergente per lenti in microfibra<\/li>\n<li>Caricabatterie USB-C da 2A<\/li>\n<li>Obiettivo di allineamento<\/li>\n<li>Allineamento adesivo 5 pastiglie termiche<\/li>\n<li>Guida rapida<\/li>\n<li>Guida dettagliata per l'utente<\/li>\n<\/ul>\n<p><strong>Risorse<\/strong><\/p>\n<ul>\n<li><a href=\"https:\/\/angrystag.com\/wp-content\/uploads\/2025\/01\/SalesSheetScopes1-5-25sm.pdf\">Visualizza la scheda di vendita<\/a><\/li>\n<li><a href=\"https:\/\/angrystag.com\/wp-content\/uploads\/2025\/07\/Scope_UserGuide7-14-253.pdf\">Visualizza la Guida per l'utente<\/a><\/li>\n<li><a href=\"https:\/\/angrystag.com\/wp-content\/uploads\/2024\/12\/Scope_Quickstart_12-3-24.pdf\">Visualizza la Guida rapida<\/a><\/li>\n<\/ul>\n<p><strong>Nome del prodotto<\/strong><\/p>\n<ul>\n<li>AS-320-25<\/li>\n<\/ul>","protected":false},"excerpt":{"rendered":"<p><span style=\"font-weight: 400;\">Provate l'esperienza di un'imaging termico superiore con questo cannocchiale avanzato dotato di un <\/span><span style=\"font-weight: 400;\">320&#215;240<\/span><span style=\"font-weight: 400;\"> sensore. Progettato per un uso versatile, offre le migliori immagini termiche della categoria, la messa a fuoco manuale e un 25<\/span><span style=\"font-weight: 400;\">mm. Dotato di NUC senza otturatore, miglioramento dei falsi colori e ingrandimento digitale, questo cannocchiale offre prestazioni eccezionali. Alimentato da una batteria di lunga durata, offre streaming Wi-Fi e ricarica USB. Il Thermal Scope AS320 \u00e8 costruito in resistente alluminio aeronautico e offre funzioni come la registrazione pre-evento, foto e video. Tutti i cannocchiali termici Angry Stag sono dotati di serie di Trimode\u2122 che consente l'uso come cannocchiale da puntamento, clip-on o palmare e di ThermaLoc\u2122 che consente la caccia e l'osservazione diurna. Prodotto negli Stati Uniti, \u00e8 conveniente per i cacciatori e gli appassionati che cercano immagini termiche di alto livello.<\/span><\/p>","protected":false},"featured_media":11608,"comment_status":"closed","ping_status":"closed","template":"","meta":[],"product_cat":[168,164],"product_tag":[237],"class_list":{"0":"post-11923","1":"product","2":"type-product","3":"status-publish","4":"has-post-thumbnail","6":"product_cat-scopes","7":"product_cat-thermal-scopes","8":"product_tag-320-25","9":"pa_1000gs-tested-yes","10":"pa_5-year-limited-warranty-yes","11":"pa_50hz-refresh-rate-yes","12":"pa_6-reticles-3-colors-yes","13":"pa_7-false-color-pallets-yes","14":"pa_accessories-carrying-case","15":"pa_accessories-eyecup-for-riflescope-and-clip-on","16":"pa_accessories-flip-up-lens-cover","17":"pa_accessories-microfiber-lens-cleaner","18":"pa_accessories-owners-manual","19":"pa_accessories-quickstart-guide","20":"pa_accessories-thermal-targets","21":"pa_accessories-usb-c-changing-adpater","22":"pa_accessories-usb-c-streaming-cable","23":"pa_field-firmware-update-no","24":"pa_horizontal-field-of-view-9-degrees","25":"pa_mk-74","26":"pa_oled-1024x768-yes","27":"pa_one-shot-freeze-alignment-yes","28":"pa_pixel-size-12um","29":"pa_sensor-resolution-320x240","30":"pa_thermal-lens-25mm","31":"pa_tilt-power-savings-yes","32":"pa_tilt-sensor-yes","33":"pa_trimode-mount-yes","35":"first","36":"instock","37":"taxable","38":"shipping-taxable","39":"purchasable","40":"product-type-simple"},"yoast_head":"<!-- This site is optimized with the Yoast SEO plugin v27.2 - https:\/\/yoast.com\/product\/yoast-seo-wordpress\/ -->\n<title>Thermal Scope AS-320-25 TriMode\u2122 - Angry Stag<\/title>\n<meta name=\"robots\" content=\"index, follow, max-snippet:-1, max-image-preview:large, max-video-preview:-1\" \/>\n<link rel=\"canonical\" href=\"https:\/\/angrystag.com\/it\/product\/portata-termica-come-320-25-trimode\/\" \/>\n<meta property=\"og:locale\" content=\"it_IT\" \/>\n<meta property=\"og:type\" content=\"article\" \/>\n<meta property=\"og:title\" content=\"Thermal Scope AS-320-25 TriMode\u2122 - Angry Stag\" \/>\n<meta property=\"og:description\" content=\"Experience superior thermal imaging with this advanced scope featuring a 320x240 sensor. Designed for versatile use, it offers best-in-class thermal imaging, manual focus, and a 25mm lens. Equipped with a shutterless NUC, false color enhancement, and digital magnification, this scope delivers exceptional performance. Powered by a long-lasting battery, it provides Wi-Fi streaming and USB charging. The Thermal Scope AS320 is built with durable aircraft Aluminum and offers features like pre-event recording, stills, and video. All Angry Stag Thermal scopes come standard with Trimode\u2122 allowing for use as a riflescope, a clip-on, or a handheld, and ThermaLoc\u2122 allowing for daytime hunting and observing. Made in the USA, it\u2019s affordable for hunters and enthusiasts seeking top-tier thermal imaging.\" \/>\n<meta property=\"og:url\" content=\"https:\/\/angrystag.com\/it\/product\/portata-termica-come-320-25-trimode\/\" \/>\n<meta property=\"og:site_name\" content=\"Angry Stag\" \/>\n<meta property=\"article:publisher\" content=\"https:\/\/www.facebook.com\/profile.php?id=100083670355772&amp;mibextid=LQQJ4d\" \/>\n<meta property=\"article:modified_time\" content=\"2026-02-06T07:27:27+00:00\" \/>\n<meta property=\"og:image\" content=\"https:\/\/angrystag.com\/wp-content\/uploads\/2024\/10\/35mm-scope-1-1536x1536-2.png\" \/>\n\t<meta property=\"og:image:width\" content=\"1536\" \/>\n\t<meta property=\"og:image:height\" content=\"1536\" \/>\n\t<meta property=\"og:image:type\" content=\"image\/png\" \/>\n<meta name=\"twitter:card\" content=\"summary_large_image\" \/>\n<meta name=\"twitter:label1\" content=\"Est. reading time\" \/>\n\t<meta name=\"twitter:data1\" content=\"2 minutes\" \/>\n<script type=\"application\/ld+json\" class=\"yoast-schema-graph\">{\"@context\":\"https:\/\/schema.org\",\"@graph\":[{\"@type\":\"WebPage\",\"@id\":\"https:\/\/angrystag.com\/product\/thermal-scope-as-320-25-trimode\/\",\"url\":\"https:\/\/angrystag.com\/product\/thermal-scope-as-320-25-trimode\/\",\"name\":\"Thermal Scope AS-320-25 TriMode\u2122 - Angry Stag\",\"isPartOf\":{\"@id\":\"https:\/\/angrystag.com\/#website\"},\"primaryImageOfPage\":{\"@id\":\"https:\/\/angrystag.com\/product\/thermal-scope-as-320-25-trimode\/#primaryimage\"},\"image\":{\"@id\":\"https:\/\/angrystag.com\/product\/thermal-scope-as-320-25-trimode\/#primaryimage\"},\"thumbnailUrl\":\"https:\/\/angrystag.com\/wp-content\/uploads\/2024\/10\/35mm-scope-1-1536x1536-2.png\",\"datePublished\":\"2024-12-26T14:04:28+00:00\",\"dateModified\":\"2026-02-06T07:27:27+00:00\",\"breadcrumb\":{\"@id\":\"https:\/\/angrystag.com\/product\/thermal-scope-as-320-25-trimode\/#breadcrumb\"},\"inLanguage\":\"it-IT\",\"potentialAction\":[{\"@type\":\"ReadAction\",\"target\":[\"https:\/\/angrystag.com\/product\/thermal-scope-as-320-25-trimode\/\"]}]},{\"@type\":\"ImageObject\",\"inLanguage\":\"it-IT\",\"@id\":\"https:\/\/angrystag.com\/product\/thermal-scope-as-320-25-trimode\/#primaryimage\",\"url\":\"https:\/\/angrystag.com\/wp-content\/uploads\/2024\/10\/35mm-scope-1-1536x1536-2.png\",\"contentUrl\":\"https:\/\/angrystag.com\/wp-content\/uploads\/2024\/10\/35mm-scope-1-1536x1536-2.png\",\"width\":1536,\"height\":1536},{\"@type\":\"BreadcrumbList\",\"@id\":\"https:\/\/angrystag.com\/product\/thermal-scope-as-320-25-trimode\/#breadcrumb\",\"itemListElement\":[{\"@type\":\"ListItem\",\"position\":1,\"name\":\"Home\",\"item\":\"https:\/\/angrystag.com\/\"},{\"@type\":\"ListItem\",\"position\":2,\"name\":\"Shop\",\"item\":\"https:\/\/angrystag.com\/shop\/\"},{\"@type\":\"ListItem\",\"position\":3,\"name\":\"Thermal Scope AS-320-25 TriMode\u2122\"}]},{\"@type\":\"WebSite\",\"@id\":\"https:\/\/angrystag.com\/#website\",\"url\":\"https:\/\/angrystag.com\/\",\"name\":\"Angry Stag\",\"description\":\"Innovative &amp; Reliable Outdoor Products\",\"publisher\":{\"@id\":\"https:\/\/angrystag.com\/#organization\"},\"potentialAction\":[{\"@type\":\"SearchAction\",\"target\":{\"@type\":\"EntryPoint\",\"urlTemplate\":\"https:\/\/angrystag.com\/?s={search_term_string}\"},\"query-input\":{\"@type\":\"PropertyValueSpecification\",\"valueRequired\":true,\"valueName\":\"search_term_string\"}}],\"inLanguage\":\"it-IT\"},{\"@type\":\"Organization\",\"@id\":\"https:\/\/angrystag.com\/#organization\",\"name\":\"Angry Stag\",\"url\":\"https:\/\/angrystag.com\/\",\"logo\":{\"@type\":\"ImageObject\",\"inLanguage\":\"it-IT\",\"@id\":\"https:\/\/angrystag.com\/#\/schema\/logo\/image\/\",\"url\":\"https:\/\/angrystag.com\/wp-content\/uploads\/2024\/09\/Angry-Stag-Horizontal-Logo.png\",\"contentUrl\":\"https:\/\/angrystag.com\/wp-content\/uploads\/2024\/09\/Angry-Stag-Horizontal-Logo.png\",\"width\":800,\"height\":214,\"caption\":\"Angry Stag\"},\"image\":{\"@id\":\"https:\/\/angrystag.com\/#\/schema\/logo\/image\/\"},\"sameAs\":[\"https:\/\/www.facebook.com\/profile.php?id=100083670355772&mibextid=LQQJ4d\",\"https:\/\/www.instagram.com\/angrystagbrand\/\"]}]}<\/script>\n<!-- \/ Yoast SEO plugin. -->","yoast_head_json":{"title":"Cannocchiale termico AS-320-25 TriMode\u2122 - Angry Stag","robots":{"index":"index","follow":"follow","max-snippet":"max-snippet:-1","max-image-preview":"max-image-preview:large","max-video-preview":"max-video-preview:-1"},"canonical":"https:\/\/angrystag.com\/it\/product\/portata-termica-come-320-25-trimode\/","og_locale":"it_IT","og_type":"article","og_title":"Thermal Scope AS-320-25 TriMode\u2122 - Angry Stag","og_description":"Experience superior thermal imaging with this advanced scope featuring a 320x240 sensor. Designed for versatile use, it offers best-in-class thermal imaging, manual focus, and a 25mm lens. Equipped with a shutterless NUC, false color enhancement, and digital magnification, this scope delivers exceptional performance. Powered by a long-lasting battery, it provides Wi-Fi streaming and USB charging. The Thermal Scope AS320 is built with durable aircraft Aluminum and offers features like pre-event recording, stills, and video. All Angry Stag Thermal scopes come standard with Trimode\u2122 allowing for use as a riflescope, a clip-on, or a handheld, and ThermaLoc\u2122 allowing for daytime hunting and observing. Made in the USA, it\u2019s affordable for hunters and enthusiasts seeking top-tier thermal imaging.","og_url":"https:\/\/angrystag.com\/it\/product\/portata-termica-come-320-25-trimode\/","og_site_name":"Angry Stag","article_publisher":"https:\/\/www.facebook.com\/profile.php?id=100083670355772&mibextid=LQQJ4d","article_modified_time":"2026-02-06T07:27:27+00:00","og_image":[{"width":1536,"height":1536,"url":"https:\/\/angrystag.com\/wp-content\/uploads\/2024\/10\/35mm-scope-1-1536x1536-2.png","type":"image\/png"}],"twitter_card":"summary_large_image","twitter_misc":{"Est. reading time":"2 minutes"},"schema":{"@context":"https:\/\/schema.org","@graph":[{"@type":"WebPage","@id":"https:\/\/angrystag.com\/product\/thermal-scope-as-320-25-trimode\/","url":"https:\/\/angrystag.com\/product\/thermal-scope-as-320-25-trimode\/","name":"Cannocchiale termico AS-320-25 TriMode\u2122 - Angry Stag","isPartOf":{"@id":"https:\/\/angrystag.com\/#website"},"primaryImageOfPage":{"@id":"https:\/\/angrystag.com\/product\/thermal-scope-as-320-25-trimode\/#primaryimage"},"image":{"@id":"https:\/\/angrystag.com\/product\/thermal-scope-as-320-25-trimode\/#primaryimage"},"thumbnailUrl":"https:\/\/angrystag.com\/wp-content\/uploads\/2024\/10\/35mm-scope-1-1536x1536-2.png","datePublished":"2024-12-26T14:04:28+00:00","dateModified":"2026-02-06T07:27:27+00:00","breadcrumb":{"@id":"https:\/\/angrystag.com\/product\/thermal-scope-as-320-25-trimode\/#breadcrumb"},"inLanguage":"it-IT","potentialAction":[{"@type":"ReadAction","target":["https:\/\/angrystag.com\/product\/thermal-scope-as-320-25-trimode\/"]}]},{"@type":"ImageObject","inLanguage":"it-IT","@id":"https:\/\/angrystag.com\/product\/thermal-scope-as-320-25-trimode\/#primaryimage","url":"https:\/\/angrystag.com\/wp-content\/uploads\/2024\/10\/35mm-scope-1-1536x1536-2.png","contentUrl":"https:\/\/angrystag.com\/wp-content\/uploads\/2024\/10\/35mm-scope-1-1536x1536-2.png","width":1536,"height":1536},{"@type":"BreadcrumbList","@id":"https:\/\/angrystag.com\/product\/thermal-scope-as-320-25-trimode\/#breadcrumb","itemListElement":[{"@type":"ListItem","position":1,"name":"Home","item":"https:\/\/angrystag.com\/"},{"@type":"ListItem","position":2,"name":"Shop","item":"https:\/\/angrystag.com\/shop\/"},{"@type":"ListItem","position":3,"name":"Thermal Scope AS-320-25 TriMode\u2122"}]},{"@type":"WebSite","@id":"https:\/\/angrystag.com\/#website","url":"https:\/\/angrystag.com\/","name":"Cervo arrabbiato","description":"Prodotti per esterni innovativi e affidabili","publisher":{"@id":"https:\/\/angrystag.com\/#organization"},"potentialAction":[{"@type":"SearchAction","target":{"@type":"EntryPoint","urlTemplate":"https:\/\/angrystag.com\/?s={search_term_string}"},"query-input":{"@type":"PropertyValueSpecification","valueRequired":true,"valueName":"search_term_string"}}],"inLanguage":"it-IT"},{"@type":"Organization","@id":"https:\/\/angrystag.com\/#organization","name":"Cervo arrabbiato","url":"https:\/\/angrystag.com\/","logo":{"@type":"ImageObject","inLanguage":"it-IT","@id":"https:\/\/angrystag.com\/#\/schema\/logo\/image\/","url":"https:\/\/angrystag.com\/wp-content\/uploads\/2024\/09\/Angry-Stag-Horizontal-Logo.png","contentUrl":"https:\/\/angrystag.com\/wp-content\/uploads\/2024\/09\/Angry-Stag-Horizontal-Logo.png","width":800,"height":214,"caption":"Angry Stag"},"image":{"@id":"https:\/\/angrystag.com\/#\/schema\/logo\/image\/"},"sameAs":["https:\/\/www.facebook.com\/profile.php?id=100083670355772&mibextid=LQQJ4d","https:\/\/www.instagram.com\/angrystagbrand\/"]}]}},"_links":{"self":[{"href":"https:\/\/angrystag.com\/it\/wp-json\/wp\/v2\/product\/11923","targetHints":{"allow":["GET"]}}],"collection":[{"href":"https:\/\/angrystag.com\/it\/wp-json\/wp\/v2\/product"}],"about":[{"href":"https:\/\/angrystag.com\/it\/wp-json\/wp\/v2\/types\/product"}],"replies":[{"embeddable":true,"href":"https:\/\/angrystag.com\/it\/wp-json\/wp\/v2\/comments?post=11923"}],"wp:featuredmedia":[{"embeddable":true,"href":"https:\/\/angrystag.com\/it\/wp-json\/wp\/v2\/media\/11608"}],"wp:attachment":[{"href":"https:\/\/angrystag.com\/it\/wp-json\/wp\/v2\/media?parent=11923"}],"wp:term":[{"taxonomy":"product_cat","embeddable":true,"href":"https:\/\/angrystag.com\/it\/wp-json\/wp\/v2\/product_cat?post=11923"},{"taxonomy":"product_tag","embeddable":true,"href":"https:\/\/angrystag.com\/it\/wp-json\/wp\/v2\/product_tag?post=11923"}],"curies":[{"name":"wp","href":"https:\/\/api.w.org\/{rel}","templated":true}]}}