{"id":4055,"date":"2024-09-24T07:40:10","date_gmt":"2024-09-24T07:40:10","guid":{"rendered":"https:\/\/angrystag.com\/?post_type=product&#038;p=4055"},"modified":"2025-03-12T13:19:48","modified_gmt":"2025-03-12T13:19:48","slug":"gamma-rf","status":"publish","type":"product","link":"https:\/\/angrystag.com\/it\/product\/range-rf\/","title":{"rendered":"Gamma RF"},"content":{"rendered":"<p>Le nostre cuffie sono state progettate per consentire ai tiratori di puntare i fucili senza l'ingombrante interferenza delle protezioni acustiche di tipo muffola, pur mantenendo solide valutazioni NRR. Le cuffie sono pieghevoli e possono essere ripiegate in un profilo piccolo e portatile.<\/p>\n<p><strong>Caratteristiche:<\/strong><\/p>\n<ul>\n<li>Design e comfort - Le nostre cuffie sono state progettate per permettere ai tiratori di mirare<br \/>\nfucili senza l'ingombrante interferenza di protezioni acustiche pi\u00f9 grandi, pur mantenendo i 25NRR richiesti dall'OSHA per il tiro. Tutte le nostre cuffie sono pieghevoli e possono essere ripiegate in un profilo piccolo e portatile e sono tutte dotate di manicotti in gel e spesse fasce imbottite per un uso confortevole per tutto il giorno.<\/li>\n<li>Algoritmi avanzati - Le nostre cuffie utilizzano lo stato dell'arte dell'udito.<br \/>\nAlgoritmi di protezione sviluppati dagli ingegneri di Angry Stag, con il risultato che<br \/>\npi\u00f9 sottili, nonch\u00e9 la funzionalit\u00e0 bimodale che consente di utilizzare contemporaneamente<br \/>\n85db di compressione E comunicazioni wireless.<\/li>\n<li>Verde - A differenza di quasi tutte le cuffie sotto la voce $100, le nostre cuffie sono tutte<br \/>\nricaricabile con un'autonomia di 70 ore, 10 ore se si utilizza la funzione PTT, per cui \u00e8 possibile<br \/>\nNon ci sono batterie da sostituire o smaltire, riducendo cos\u00ec i costi di gestione.<br \/>\ne ridurre l'impronta di carbonio.<\/li>\n<li>Connettivit\u00e0 - Tutte le nostre cuffie sono dotate di una presa di ingresso audio che permette di<br \/>\nconnessione a qualsiasi radio. Le cuffie Range RF utilizzano la pi\u00f9 recente tecnologia FRS<br \/>\nchipset radio con 7 canali aperti per l'addestramento e le comunicazioni aperte<br \/>\ne 2 canali privati. Abbiamo progettato queste cuffie per un raggio d'azione breve di 100 m.<br \/>\ndistanze principalmente per l'addestramento al poligono, ma pu\u00f2 essere utilizzato per piccoli gruppi.<br \/>\ncaccia, pain ball o in un cantiere.<\/li>\n<li>Prestazioni - Il nostro DSP\/amplificatore consente un'amplificazione fino a 5 volte del segnale locale.<br \/>\nreagendo a qualsiasi suono superiore a 85dB in &lt;1ms. La gamma RF \u00e8<br \/>\nBi-Mode e pu\u00f2 essere utilizzato contemporaneamente, protezione dell'udito e RF-PTT<br \/>\n(push to talk) e la consapevolezza della situazione.<\/li>\n<\/ul>\n<p><strong>Specifiche:<\/strong><\/p>\n<ul>\n<li>La radio FRS supporta 7 canali aperti e 2 privati.<\/li>\n<li>Cuffie in gel premium per un'esperienza di massimo comfort.<\/li>\n<li>3 potenti microfoni per prestazioni audio migliorate.<\/li>\n<\/ul>\n<p><strong>Risorse<\/strong><\/p>\n<ul>\n<li><a href=\"https:\/\/angrystag.com\/wp-content\/uploads\/2025\/01\/SalesSheet-Muffs-EZ-12-15-24a.pdf\">Visualizza la scheda di vendita<\/a><\/li>\n<li><a href=\"\/wp-content\/uploads\/2024\/10\/RangeRF-User-Guide-R-100-RFhqp.pdf\">Visualizza la Guida per l'utente<\/a><\/li>\n<\/ul>\n<p><strong>Numero di prodotto:\u00a0<\/strong><\/p>\n<ul>\n<li>Gamma RF, R-100HD-RF, 800807100053<\/li>\n<\/ul>","protected":false},"excerpt":{"rendered":"<p><span style=\"font-weight: 400;\">Gamma RF - Le cuffie Angry Stag sono progettate da zero proprio qui negli Stati Uniti. Tutte le protezioni acustiche sono dotate di una compressione ultrarapida di qualsiasi suono superiore a 85 db e hanno tutte la classificazione minima di 25NRR richiesta dall'OSHA. Tutte le nostre cuffie sono progettate per essere utilizzate tutto il giorno e per il massimo comfort e sono dotate di batterie ricaricabili, fasce ultra imbottite, morbido rivestimento gommato di lusso e manicotti in gel, tutti di serie. Potrete conversare normalmente, ma quando viene sparato un colpo, lo sentirete a un livello sicuro di 85 db.  Il Range RF aggiunge una radio FRS push to talk integrata che consente conversazioni uno a uno o uno a molti.  Ottimo per l'addestramento, la caccia in piccoli gruppi o persino per il paintball.\u00a0<\/span><\/p>","protected":false},"featured_media":12475,"comment_status":"closed","ping_status":"closed","template":"","meta":[],"product_cat":[15,163],"product_tag":[],"class_list":{"0":"post-4055","1":"product","2":"type-product","3":"status-publish","4":"has-post-thumbnail","6":"product_brand-angry-stag","7":"product_cat-all-products","8":"product_cat-hearing-protection","9":"pa_85db-compression-yes","10":"pa_foldadable-yes","11":"pa_function-compression-1to1-1-to-many-7-channles-2-private","12":"pa_gel-ear-cups-yes","13":"pa_hours-continuous-use-70-10ptt","14":"pa_instruction-manual-yes","15":"pa_local-sound-amplification-5x","16":"pa_mics-152","17":"pa_nrr-123","18":"pa_other-no","19":"pa_pod-battery-recharger-no","20":"pa_radio-input-jack-yes","21":"pa_reaction-time-1ms","22":"pa_rechargeable-yes","23":"pa_recovery-time-1ms","24":"pa_rubberized-soft-coating-yes","25":"pa_soft-case-yes","26":"pa_speakers-hd-sound-quality","27":"pa_special-feature-walkie-talkie-built-in","28":"pa_usage-training-small-hunting-parties-construction-home","29":"pa_usb-c-charge-adapter-yes","31":"first","32":"instock","33":"taxable","34":"shipping-taxable","35":"purchasable","36":"product-type-simple"},"yoast_head":"<!-- This site is optimized with the Yoast SEO plugin v27.2 - https:\/\/yoast.com\/product\/yoast-seo-wordpress\/ -->\n<title>Range RF - Angry Stag<\/title>\n<meta name=\"robots\" content=\"index, follow, max-snippet:-1, max-image-preview:large, max-video-preview:-1\" \/>\n<link rel=\"canonical\" href=\"https:\/\/angrystag.com\/it\/product\/gamma-rf\/\" \/>\n<meta property=\"og:locale\" content=\"it_IT\" \/>\n<meta property=\"og:type\" content=\"article\" \/>\n<meta property=\"og:title\" content=\"Range RF - Angry Stag\" \/>\n<meta property=\"og:description\" content=\"Range RF - Angry Stag Headsets are designed from the ground up right here is the USA. All hearing protection has ultrafast compression of any sound over 85db and all have the minimum OSHA required 25NRR rating. All our headsets are designed for all day use and comfort and have rechargeable batteries, ultra padded headbands, soft rubberized luxury coating and Gel muffs, all standard. Have normal conversations, but when a shot is fired, you hear it at a safe 85db level.\u00a0 The Range RF adds a built in FRS push to talk radio allowing for one to one, or one to many conversations.\u00a0 Great for training or small group hunts or even paintball.\u00a0\" \/>\n<meta property=\"og:url\" content=\"https:\/\/angrystag.com\/it\/product\/gamma-rf\/\" \/>\n<meta property=\"og:site_name\" content=\"Angry Stag\" \/>\n<meta property=\"article:publisher\" content=\"https:\/\/www.facebook.com\/profile.php?id=100083670355772&amp;mibextid=LQQJ4d\" \/>\n<meta property=\"article:modified_time\" content=\"2025-03-12T13:19:48+00:00\" \/>\n<meta property=\"og:image\" content=\"https:\/\/angrystag.com\/wp-content\/uploads\/2024\/09\/range-rf.jpg\" \/>\n\t<meta property=\"og:image:width\" content=\"2000\" \/>\n\t<meta property=\"og:image:height\" content=\"2000\" \/>\n\t<meta property=\"og:image:type\" content=\"image\/jpeg\" \/>\n<meta name=\"twitter:card\" content=\"summary_large_image\" \/>\n<meta name=\"twitter:label1\" content=\"Est. reading time\" \/>\n\t<meta name=\"twitter:data1\" content=\"2 minutes\" \/>\n<script type=\"application\/ld+json\" class=\"yoast-schema-graph\">{\"@context\":\"https:\/\/schema.org\",\"@graph\":[{\"@type\":\"WebPage\",\"@id\":\"https:\/\/angrystag.com\/product\/range-rf\/\",\"url\":\"https:\/\/angrystag.com\/product\/range-rf\/\",\"name\":\"Range RF - Angry Stag\",\"isPartOf\":{\"@id\":\"https:\/\/angrystag.com\/#website\"},\"primaryImageOfPage\":{\"@id\":\"https:\/\/angrystag.com\/product\/range-rf\/#primaryimage\"},\"image\":{\"@id\":\"https:\/\/angrystag.com\/product\/range-rf\/#primaryimage\"},\"thumbnailUrl\":\"https:\/\/angrystag.com\/wp-content\/uploads\/2024\/09\/range-rf.jpg\",\"datePublished\":\"2024-09-24T07:40:10+00:00\",\"dateModified\":\"2025-03-12T13:19:48+00:00\",\"breadcrumb\":{\"@id\":\"https:\/\/angrystag.com\/product\/range-rf\/#breadcrumb\"},\"inLanguage\":\"it-IT\",\"potentialAction\":[{\"@type\":\"ReadAction\",\"target\":[\"https:\/\/angrystag.com\/product\/range-rf\/\"]}]},{\"@type\":\"ImageObject\",\"inLanguage\":\"it-IT\",\"@id\":\"https:\/\/angrystag.com\/product\/range-rf\/#primaryimage\",\"url\":\"https:\/\/angrystag.com\/wp-content\/uploads\/2024\/09\/range-rf.jpg\",\"contentUrl\":\"https:\/\/angrystag.com\/wp-content\/uploads\/2024\/09\/range-rf.jpg\",\"width\":2000,\"height\":2000,\"caption\":\"Range RF\"},{\"@type\":\"BreadcrumbList\",\"@id\":\"https:\/\/angrystag.com\/product\/range-rf\/#breadcrumb\",\"itemListElement\":[{\"@type\":\"ListItem\",\"position\":1,\"name\":\"Home\",\"item\":\"https:\/\/angrystag.com\/\"},{\"@type\":\"ListItem\",\"position\":2,\"name\":\"Shop\",\"item\":\"https:\/\/angrystag.com\/shop\/\"},{\"@type\":\"ListItem\",\"position\":3,\"name\":\"Range RF\"}]},{\"@type\":\"WebSite\",\"@id\":\"https:\/\/angrystag.com\/#website\",\"url\":\"https:\/\/angrystag.com\/\",\"name\":\"Angry Stag\",\"description\":\"Innovative &amp; Reliable Outdoor Products\",\"publisher\":{\"@id\":\"https:\/\/angrystag.com\/#organization\"},\"potentialAction\":[{\"@type\":\"SearchAction\",\"target\":{\"@type\":\"EntryPoint\",\"urlTemplate\":\"https:\/\/angrystag.com\/?s={search_term_string}\"},\"query-input\":{\"@type\":\"PropertyValueSpecification\",\"valueRequired\":true,\"valueName\":\"search_term_string\"}}],\"inLanguage\":\"it-IT\"},{\"@type\":\"Organization\",\"@id\":\"https:\/\/angrystag.com\/#organization\",\"name\":\"Angry Stag\",\"url\":\"https:\/\/angrystag.com\/\",\"logo\":{\"@type\":\"ImageObject\",\"inLanguage\":\"it-IT\",\"@id\":\"https:\/\/angrystag.com\/#\/schema\/logo\/image\/\",\"url\":\"https:\/\/angrystag.com\/wp-content\/uploads\/2024\/09\/Angry-Stag-Horizontal-Logo.png\",\"contentUrl\":\"https:\/\/angrystag.com\/wp-content\/uploads\/2024\/09\/Angry-Stag-Horizontal-Logo.png\",\"width\":800,\"height\":214,\"caption\":\"Angry Stag\"},\"image\":{\"@id\":\"https:\/\/angrystag.com\/#\/schema\/logo\/image\/\"},\"sameAs\":[\"https:\/\/www.facebook.com\/profile.php?id=100083670355772&mibextid=LQQJ4d\",\"https:\/\/www.instagram.com\/angrystagbrand\/\"]}]}<\/script>\n<!-- \/ Yoast SEO plugin. -->","yoast_head_json":{"title":"Gamma RF - Cervo arrabbiato","robots":{"index":"index","follow":"follow","max-snippet":"max-snippet:-1","max-image-preview":"max-image-preview:large","max-video-preview":"max-video-preview:-1"},"canonical":"https:\/\/angrystag.com\/it\/product\/gamma-rf\/","og_locale":"it_IT","og_type":"article","og_title":"Range RF - Angry Stag","og_description":"Range RF - Angry Stag Headsets are designed from the ground up right here is the USA. All hearing protection has ultrafast compression of any sound over 85db and all have the minimum OSHA required 25NRR rating. All our headsets are designed for all day use and comfort and have rechargeable batteries, ultra padded headbands, soft rubberized luxury coating and Gel muffs, all standard. Have normal conversations, but when a shot is fired, you hear it at a safe 85db level.\u00a0 The Range RF adds a built in FRS push to talk radio allowing for one to one, or one to many conversations.\u00a0 Great for training or small group hunts or even paintball.\u00a0","og_url":"https:\/\/angrystag.com\/it\/product\/gamma-rf\/","og_site_name":"Angry Stag","article_publisher":"https:\/\/www.facebook.com\/profile.php?id=100083670355772&mibextid=LQQJ4d","article_modified_time":"2025-03-12T13:19:48+00:00","og_image":[{"width":2000,"height":2000,"url":"https:\/\/angrystag.com\/wp-content\/uploads\/2024\/09\/range-rf.jpg","type":"image\/jpeg"}],"twitter_card":"summary_large_image","twitter_misc":{"Est. reading time":"2 minutes"},"schema":{"@context":"https:\/\/schema.org","@graph":[{"@type":"WebPage","@id":"https:\/\/angrystag.com\/product\/range-rf\/","url":"https:\/\/angrystag.com\/product\/range-rf\/","name":"Gamma RF - Cervo arrabbiato","isPartOf":{"@id":"https:\/\/angrystag.com\/#website"},"primaryImageOfPage":{"@id":"https:\/\/angrystag.com\/product\/range-rf\/#primaryimage"},"image":{"@id":"https:\/\/angrystag.com\/product\/range-rf\/#primaryimage"},"thumbnailUrl":"https:\/\/angrystag.com\/wp-content\/uploads\/2024\/09\/range-rf.jpg","datePublished":"2024-09-24T07:40:10+00:00","dateModified":"2025-03-12T13:19:48+00:00","breadcrumb":{"@id":"https:\/\/angrystag.com\/product\/range-rf\/#breadcrumb"},"inLanguage":"it-IT","potentialAction":[{"@type":"ReadAction","target":["https:\/\/angrystag.com\/product\/range-rf\/"]}]},{"@type":"ImageObject","inLanguage":"it-IT","@id":"https:\/\/angrystag.com\/product\/range-rf\/#primaryimage","url":"https:\/\/angrystag.com\/wp-content\/uploads\/2024\/09\/range-rf.jpg","contentUrl":"https:\/\/angrystag.com\/wp-content\/uploads\/2024\/09\/range-rf.jpg","width":2000,"height":2000,"caption":"Range RF"},{"@type":"BreadcrumbList","@id":"https:\/\/angrystag.com\/product\/range-rf\/#breadcrumb","itemListElement":[{"@type":"ListItem","position":1,"name":"Home","item":"https:\/\/angrystag.com\/"},{"@type":"ListItem","position":2,"name":"Shop","item":"https:\/\/angrystag.com\/shop\/"},{"@type":"ListItem","position":3,"name":"Range RF"}]},{"@type":"WebSite","@id":"https:\/\/angrystag.com\/#website","url":"https:\/\/angrystag.com\/","name":"Cervo arrabbiato","description":"Prodotti per esterni innovativi e affidabili","publisher":{"@id":"https:\/\/angrystag.com\/#organization"},"potentialAction":[{"@type":"SearchAction","target":{"@type":"EntryPoint","urlTemplate":"https:\/\/angrystag.com\/?s={search_term_string}"},"query-input":{"@type":"PropertyValueSpecification","valueRequired":true,"valueName":"search_term_string"}}],"inLanguage":"it-IT"},{"@type":"Organization","@id":"https:\/\/angrystag.com\/#organization","name":"Cervo arrabbiato","url":"https:\/\/angrystag.com\/","logo":{"@type":"ImageObject","inLanguage":"it-IT","@id":"https:\/\/angrystag.com\/#\/schema\/logo\/image\/","url":"https:\/\/angrystag.com\/wp-content\/uploads\/2024\/09\/Angry-Stag-Horizontal-Logo.png","contentUrl":"https:\/\/angrystag.com\/wp-content\/uploads\/2024\/09\/Angry-Stag-Horizontal-Logo.png","width":800,"height":214,"caption":"Angry Stag"},"image":{"@id":"https:\/\/angrystag.com\/#\/schema\/logo\/image\/"},"sameAs":["https:\/\/www.facebook.com\/profile.php?id=100083670355772&mibextid=LQQJ4d","https:\/\/www.instagram.com\/angrystagbrand\/"]}]}},"_links":{"self":[{"href":"https:\/\/angrystag.com\/it\/wp-json\/wp\/v2\/product\/4055","targetHints":{"allow":["GET"]}}],"collection":[{"href":"https:\/\/angrystag.com\/it\/wp-json\/wp\/v2\/product"}],"about":[{"href":"https:\/\/angrystag.com\/it\/wp-json\/wp\/v2\/types\/product"}],"replies":[{"embeddable":true,"href":"https:\/\/angrystag.com\/it\/wp-json\/wp\/v2\/comments?post=4055"}],"wp:featuredmedia":[{"embeddable":true,"href":"https:\/\/angrystag.com\/it\/wp-json\/wp\/v2\/media\/12475"}],"wp:attachment":[{"href":"https:\/\/angrystag.com\/it\/wp-json\/wp\/v2\/media?parent=4055"}],"wp:term":[{"taxonomy":"product_cat","embeddable":true,"href":"https:\/\/angrystag.com\/it\/wp-json\/wp\/v2\/product_cat?post=4055"},{"taxonomy":"product_tag","embeddable":true,"href":"https:\/\/angrystag.com\/it\/wp-json\/wp\/v2\/product_tag?post=4055"}],"curies":[{"name":"wp","href":"https:\/\/api.w.org\/{rel}","templated":true}]}}