{"id":11776,"date":"2024-10-22T08:52:47","date_gmt":"2024-10-22T08:52:47","guid":{"rendered":"https:\/\/angrystag.com\/?post_type=product&#038;p=11776"},"modified":"2025-07-18T06:27:02","modified_gmt":"2025-07-18T06:27:02","slug":"termowizor-jako-trimoda-384-25","status":"publish","type":"product","link":"https:\/\/angrystag.com\/pl\/product\/thermal-scope-as-384-25-trimode\/","title":{"rendered":"Termowizor AS-384-25 TriMode\u2122"},"content":{"rendered":"<h4><strong>Pre-Order Today!<\/strong><\/h4>\n<p><span style=\"font-weight: 400;\">Zakres ten wykorzystuje czujnik o niskiej rozdzielczo\u015bci &lt;25mK 384\u00d7288. Zosta\u0142a zaprojektowana z wykorzystaniem najnowszych technologii, aby zapewni\u0107 u\u017cytkownikom wysokiej jako\u015bci obrazowanie. Ta luneta zosta\u0142a zaprojektowana z my\u015bl\u0105 o wszechstronno\u015bci i mo\u017ce by\u0107 u\u017cywana jako monta\u017c zatrzaskowy, r\u0119czny lub karabinowy. Luneta posiada r\u0119czne ustawianie ostro\u015bci i obiektyw 25 mm. Luneta posiada r\u00f3wnie\u017c mikro-wy\u015bwietlacz OLED 1024\u00d7768 HD i cz\u0119stotliwo\u015b\u0107 od\u015bwie\u017cania 60 Hz. Opr\u00f3cz tych funkcji, luneta jest wyposa\u017cona w migawk\u0119 i bezmigawkowy uk\u0142ad NUC, a tak\u017ce funkcj\u0119 fa\u0142szywych kolor\u00f3w i p\u0142ynne 12-stopniowe powi\u0119kszenie cyfrowe. Luneta jest wyposa\u017cona w akumulator o d\u0142ugiej \u017cywotno\u015bci, kt\u00f3ry zapewnia do 10 godzin pracy (przy w\u0142\u0105czonym trybie oszcz\u0119dzania energii) i jest wyposa\u017cona w funkcje nagrywania przed zdarzeniem, robienia zdj\u0119\u0107 i nagrywania wideo, a tak\u017ce 16 GB niezawodnej wbudowanej pami\u0119ci flash EMMC.<\/span><\/p>\n<p><span style=\"font-weight: 400;\">Jest on wyposa\u017cony w strumieniowanie Wi-Fi i \u0142adowanie USB-C. Oprogramowanie sprz\u0119towe mo\u017cna aktualizowa\u0107 w terenie. Aby uzyska\u0107 jeszcze wi\u0119ksz\u0105 funkcjonalno\u015b\u0107, u\u017cytkownicy mog\u0105 zdecydowa\u0107 si\u0119 na laserowy dalmierz o zasi\u0119gu 1 km. Dzi\u0119ki funkcji oszcz\u0119dzania energii Tilt \u017cywotno\u015b\u0107 baterii mo\u017ce zosta\u0107 wyd\u0142u\u017cona o 20%. A co najlepsze, ta luneta jest najta\u0144sza w bran\u017cy i jest dumnie produkowana w USA.<\/span><\/p>\n<p><strong>Cechy<\/strong><\/p>\n<ul>\n<li>Mo\u017cliwo\u015b\u0107 przypi\u0119cia lub zamontowania na karabinie<\/li>\n<li>R\u0119czne ustawianie ostro\u015bci, opcje obiektyw\u00f3w 35 mm i 50 mm<\/li>\n<li>Mikrowy\u015bwietlacz OLED 720P<\/li>\n<li>Cz\u0119stotliwo\u015b\u0107 od\u015bwie\u017cania 50 Hz<\/li>\n<li>NUC z migawk\u0105 i bez migawki<\/li>\n<li>7 ulepsze\u0144 fa\u0142szywych kolor\u00f3w<\/li>\n<li>Powi\u0119kszenie cyfrowe<\/li>\n<li>8-godzinna \u017cywotno\u015b\u0107 akumulatora<\/li>\n<li>Nagrywanie przed zdarzeniem, zdj\u0119cia, wideo z niezawodn\u0105 wbudowan\u0105 pami\u0119ci\u0105 flash EMMC<\/li>\n<li>Transmisja strumieniowa Wi-Fi<\/li>\n<li>\u0141adowanie przez USB-C<\/li>\n<li>Zatrzaskowy dalmierz laserowy w opcji akcesori\u00f3w z obliczeniami balistycznymi<\/li>\n<li>Najnowocze\u015bniejsze, ultralekkie<\/li>\n<li>Aluminiowa obudowa klasy lotniczej<\/li>\n<li>Oszcz\u0119dno\u015b\u0107 energii i automatyczne wy\u0142\u0105czanie w celu wyd\u0142u\u017cenia \u017cywotno\u015bci baterii<\/li>\n<li>Najni\u017cszy koszt w bran\u017cy<\/li>\n<li>Wyprodukowano w USA<\/li>\n<\/ul>\n<p><strong>Specyfikacja<\/strong><\/p>\n<ul>\n<li style=\"font-weight: 400;\" aria-level=\"4\"><span style=\"font-weight: 400;\">Czujnik - &lt;25mK 384\u00d7288 czujnik termiczny (typowo 22mK)<\/span><\/li>\n<li style=\"font-weight: 400;\" aria-level=\"4\"><span style=\"font-weight: 400;\">Okular TriMode\u2122 pozwala na obs\u0142ug\u0119 za pomoc\u0105 klipsa, lunety celowniczej lub z r\u0119ki (zg\u0142oszony patent).<\/span><\/li>\n<li style=\"font-weight: 400;\" aria-level=\"4\"><span style=\"font-weight: 400;\">ThermaLoc\u2122 - pozwala na polowanie w dzie\u0144 i w nocy, nigdy nie trac\u0105c celu (zg\u0142oszony patent).<\/span><\/li>\n<li style=\"font-weight: 400;\" aria-level=\"4\"><span style=\"font-weight: 400;\">Nagrywanie - wideo, zdj\u0119cia, przed zdarzeniem, 16 GB wbudowanej pami\u0119ci Flash (10 godzin wideo)<\/span><\/li>\n<li style=\"font-weight: 400;\" aria-level=\"4\"><span style=\"font-weight: 400;\">\u0141adowanie przez USB-C<\/span><\/li>\n<li style=\"font-weight: 400;\" aria-level=\"4\"><span style=\"font-weight: 400;\">Transmisja strumieniowa Wi-Fi<\/span><\/li>\n<li style=\"font-weight: 400;\" aria-level=\"4\"><span style=\"font-weight: 400;\">Wy\u015bwietlacz - 1024\u00d7768 OLED, 60 Hz<\/span><\/li>\n<li style=\"font-weight: 400;\" aria-level=\"4\"><span style=\"font-weight: 400;\">12-stopniowe p\u0142ynne powi\u0119kszenie cyfrowe<\/span><\/li>\n<li style=\"font-weight: 400;\" aria-level=\"4\"><span style=\"font-weight: 400;\">Mo\u017cliwo\u015b\u0107 aktualizacji oprogramowania sprz\u0119towego USB-C<\/span><\/li>\n<li style=\"font-weight: 400;\" aria-level=\"4\"><span style=\"font-weight: 400;\">6 j\u0119zyk\u00f3w<\/span><\/li>\n<li style=\"font-weight: 400;\" aria-level=\"4\"><span style=\"font-weight: 400;\">5 wielokolorowych siatek<\/span><\/li>\n<li style=\"font-weight: 400;\" aria-level=\"4\"><span style=\"font-weight: 400;\">6 palet kolor\u00f3w do wyboru<\/span><\/li>\n<li style=\"font-weight: 400;\" aria-level=\"4\"><span style=\"font-weight: 400;\">Wbudowany akumulator 3AH, ponad 8 godzin pracy<\/span><\/li>\n<li style=\"font-weight: 400;\" aria-level=\"4\"><span style=\"font-weight: 400;\">Wyr\u00f3wnanie jednym strza\u0142em<\/span><\/li>\n<li style=\"font-weight: 400;\" aria-level=\"4\"><span style=\"font-weight: 400;\">Bezmigawkowa korekcja niejednorodno\u015bci (NUC), skalibrowana od 20C do 60C<\/span><\/li>\n<li style=\"font-weight: 400;\" aria-level=\"4\"><span style=\"font-weight: 400;\">Oszcz\u0119dzanie energii przy pochyleniu mo\u017ce wyd\u0142u\u017cy\u0107 \u017cywotno\u015b\u0107 baterii do ponad 10 godzin<\/span><\/li>\n<li style=\"font-weight: 400;\" aria-level=\"4\"><span style=\"font-weight: 400;\">\u0141adowanie za pomoc\u0105 adaptera USB (w zestawie) lub dowolnego zasilacza sieciowego<\/span><\/li>\n<li>Powi\u0119kszenie 2-12x<\/li>\n<\/ul>\n<p><strong style=\"font-family: var(--e-global-typography-text-font-family);\">Akcesoria w pude\u0142ku<\/strong><\/p>\n<ul>\n<li>Mi\u0119kki futera\u0142 EVA<\/li>\n<li>Muszle oczne z mocowaniem zatrzaskowym i karabinowym<\/li>\n<li>Mocowanie na szyn\u0119 Picatinny<\/li>\n<li>Smycz do obs\u0142ugi r\u0119cznej<\/li>\n<li>\u015arodek do czyszczenia soczewek z mikrofibry<\/li>\n<li>2A \u0142adowarka baterii USB-C<\/li>\n<li>Cel wyr\u00f3wnania<\/li>\n<li>Przyklejane podk\u0142adki grzewcze Alignment 5<\/li>\n<li>Skr\u00f3cona instrukcja obs\u0142ugi<\/li>\n<li>Szczeg\u00f3\u0142owy podr\u0119cznik u\u017cytkownika<\/li>\n<\/ul>\n<p><strong>Zasoby<\/strong><\/p>\n<ul>\n<li><a href=\"https:\/\/angrystag.com\/wp-content\/uploads\/2025\/01\/SalesSheetScopes1-5-25sm.pdf\">Wy\u015bwietl arkusz sprzeda\u017cy<\/a><\/li>\n<li><a href=\"https:\/\/angrystag.com\/wp-content\/uploads\/2025\/07\/Scope_UserGuide7-14-253.pdf\">Wy\u015bwietl Podr\u0119cznik u\u017cytkownika<\/a><\/li>\n<li><a href=\"https:\/\/angrystag.com\/wp-content\/uploads\/2024\/12\/Scope_Quickstart_12-3-24.pdf\">Wy\u015bwietl skr\u00f3con\u0105 instrukcj\u0119 obs\u0142ugi<\/a><\/li>\n<\/ul>\n<p><strong>Nazwa produktu<\/strong><\/p>\n<ul>\n<li>AS-384-25<\/li>\n<\/ul>","protected":false},"excerpt":{"rendered":"<p><span style=\"font-weight: 400;\">Do\u015bwiadcz doskona\u0142ego obrazowania termowizyjnego dzi\u0119ki tej zaawansowanej lunecie z czujnikiem 384\u00d7288. Zaprojektowany do wszechstronnego u\u017cytku, oferuje najlepsze w swojej klasie obrazowanie termiczne, r\u0119czne ustawianie ostro\u015bci i obiektyw 25 mm. Wyposa\u017cony w bezmigawkow\u0105 matryc\u0119 NUC, funkcj\u0119 fa\u0142szywych kolor\u00f3w i cyfrowe powi\u0119kszenie, zapewnia wyj\u0105tkow\u0105 wydajno\u015b\u0107. Zasilany bateri\u0105 o d\u0142ugiej \u017cywotno\u015bci, zapewnia streaming Wi-Fi i \u0142adowanie przez USB-C. Luneta termowizyjna AS384 jest wykonana z wytrzyma\u0142ego aluminium lotniczego i oferuje takie funkcje, jak nagrywanie przed zdarzeniem, zdj\u0119cia i wideo. Wszystkie lunety termowizyjne Angry Stag s\u0105 standardowo wyposa\u017cone w Trimode \u2122, co pozwala na u\u017cywanie ich jako lunety celowniczej, przypinanej lub r\u0119cznej, a ThermaLoc \u2122 pozwala na polowanie i obserwacj\u0119 w ci\u0105gu dnia. Wyprodukowana w USA, jest przyst\u0119pna cenowo dla my\u015bliwych i entuzjast\u00f3w poszukuj\u0105cych najwy\u017cszej jako\u015bci termowizji.<\/span><\/p>","protected":false},"featured_media":12489,"comment_status":"closed","ping_status":"closed","template":"","meta":[],"product_cat":[15,168,164],"product_tag":[239],"class_list":{"0":"post-11776","1":"product","2":"type-product","3":"status-publish","4":"has-post-thumbnail","6":"product_cat-all-products","7":"product_cat-scopes","8":"product_cat-thermal-scopes","9":"product_tag-384-25","10":"pa_1000gs-tested-yes","11":"pa_5-year-limited-warranty-yes","12":"pa_50hz-refresh-rate-yes","13":"pa_6-reticles-3-colors-yes","14":"pa_7-false-color-pallets-yes","15":"pa_accessories-carrying-case","16":"pa_accessories-eyecup-for-riflescope-and-clip-on","17":"pa_accessories-flip-up-lens-cover","18":"pa_accessories-microfiber-lens-cleaner","19":"pa_accessories-owners-manual","20":"pa_accessories-quickstart-guide","21":"pa_accessories-thermal-targets","22":"pa_accessories-usb-c-changing-adpater","23":"pa_accessories-usb-c-streaming-cable","24":"pa_field-firmware-update-no","25":"pa_horizontal-field-of-view-25-degrees","26":"pa_mk-76","27":"pa_oled-1024x768-yes","28":"pa_one-shot-freeze-alignment-yes","29":"pa_pixel-size-17um","30":"pa_sensor-resolution-384x288","31":"pa_thermal-lens-25mm","32":"pa_tilt-power-savings-yes","33":"pa_tilt-sensor-yes","34":"pa_trimode-mount-yes","36":"first","37":"instock","38":"featured","39":"taxable","40":"shipping-taxable","41":"purchasable","42":"product-type-simple"},"yoast_head":"<!-- This site is optimized with the Yoast SEO plugin v27.2 - https:\/\/yoast.com\/product\/yoast-seo-wordpress\/ -->\n<title>Thermal Scope AS-384-25 TriMode\u2122 - Angry Stag<\/title>\n<meta name=\"robots\" content=\"index, follow, max-snippet:-1, max-image-preview:large, max-video-preview:-1\" \/>\n<link rel=\"canonical\" href=\"https:\/\/angrystag.com\/pl\/product\/termowizor-jako-trimoda-384-25\/\" \/>\n<meta property=\"og:locale\" content=\"pl_PL\" \/>\n<meta property=\"og:type\" content=\"article\" \/>\n<meta property=\"og:title\" content=\"Thermal Scope AS-384-25 TriMode\u2122 - Angry Stag\" \/>\n<meta property=\"og:description\" content=\"Experience superior thermal imaging with this advanced scope featuring a 384\u00d7288 sensor. Designed for versatile use, it offers best-in-class thermal imaging, manual focus, and a 25mm lens. Equipped with a shutterless NUC, false color enhancement, and digital magnification, this scope delivers exceptional performance. Powered by a long-lasting battery, it provides Wi-Fi streaming and USB-C charging. The Thermal Scope AS384 is built with durable aircraft Aluminum and offers features like pre-event recording, stills, and video. All Angry Stag Thermal scopes come standard with Trimode\u2122 allowing for use as a riflescope, a clip-on, or a handheld, and ThermaLoc\u2122 allowing for daytime hunting and observing. Made in the USA, it\u2019s affordable for hunters and enthusiasts seeking top-tier thermal imaging.\" \/>\n<meta property=\"og:url\" content=\"https:\/\/angrystag.com\/pl\/product\/termowizor-jako-trimoda-384-25\/\" \/>\n<meta property=\"og:site_name\" content=\"Angry Stag\" \/>\n<meta property=\"article:publisher\" content=\"https:\/\/www.facebook.com\/profile.php?id=100083670355772&amp;mibextid=LQQJ4d\" \/>\n<meta property=\"article:modified_time\" content=\"2025-07-18T06:27:02+00:00\" \/>\n<meta property=\"og:image\" content=\"https:\/\/angrystag.com\/wp-content\/uploads\/2024\/10\/thermal-scope-as-384-25-trimode.jpg\" \/>\n\t<meta property=\"og:image:width\" content=\"2560\" \/>\n\t<meta property=\"og:image:height\" content=\"2560\" \/>\n\t<meta property=\"og:image:type\" content=\"image\/jpeg\" \/>\n<meta name=\"twitter:card\" content=\"summary_large_image\" \/>\n<meta name=\"twitter:label1\" content=\"Est. reading time\" \/>\n\t<meta name=\"twitter:data1\" content=\"2 minutes\" \/>\n<script type=\"application\/ld+json\" class=\"yoast-schema-graph\">{\"@context\":\"https:\/\/schema.org\",\"@graph\":[{\"@type\":\"WebPage\",\"@id\":\"https:\/\/angrystag.com\/product\/thermal-scope-as-384-25-trimode\/\",\"url\":\"https:\/\/angrystag.com\/product\/thermal-scope-as-384-25-trimode\/\",\"name\":\"Thermal Scope AS-384-25 TriMode\u2122 - Angry Stag\",\"isPartOf\":{\"@id\":\"https:\/\/angrystag.com\/#website\"},\"primaryImageOfPage\":{\"@id\":\"https:\/\/angrystag.com\/product\/thermal-scope-as-384-25-trimode\/#primaryimage\"},\"image\":{\"@id\":\"https:\/\/angrystag.com\/product\/thermal-scope-as-384-25-trimode\/#primaryimage\"},\"thumbnailUrl\":\"https:\/\/angrystag.com\/wp-content\/uploads\/2024\/10\/thermal-scope-as-384-25-trimode.jpg\",\"datePublished\":\"2024-10-22T08:52:47+00:00\",\"dateModified\":\"2025-07-18T06:27:02+00:00\",\"breadcrumb\":{\"@id\":\"https:\/\/angrystag.com\/product\/thermal-scope-as-384-25-trimode\/#breadcrumb\"},\"inLanguage\":\"pl-PL\",\"potentialAction\":[{\"@type\":\"ReadAction\",\"target\":[\"https:\/\/angrystag.com\/product\/thermal-scope-as-384-25-trimode\/\"]}]},{\"@type\":\"ImageObject\",\"inLanguage\":\"pl-PL\",\"@id\":\"https:\/\/angrystag.com\/product\/thermal-scope-as-384-25-trimode\/#primaryimage\",\"url\":\"https:\/\/angrystag.com\/wp-content\/uploads\/2024\/10\/thermal-scope-as-384-25-trimode.jpg\",\"contentUrl\":\"https:\/\/angrystag.com\/wp-content\/uploads\/2024\/10\/thermal-scope-as-384-25-trimode.jpg\",\"width\":2560,\"height\":2560,\"caption\":\"Thermal Scope AS-384-25 TriMode\u2122\"},{\"@type\":\"BreadcrumbList\",\"@id\":\"https:\/\/angrystag.com\/product\/thermal-scope-as-384-25-trimode\/#breadcrumb\",\"itemListElement\":[{\"@type\":\"ListItem\",\"position\":1,\"name\":\"Home\",\"item\":\"https:\/\/angrystag.com\/\"},{\"@type\":\"ListItem\",\"position\":2,\"name\":\"Shop\",\"item\":\"https:\/\/angrystag.com\/shop\/\"},{\"@type\":\"ListItem\",\"position\":3,\"name\":\"Thermal Scope AS-384-25 TriMode\u2122\"}]},{\"@type\":\"WebSite\",\"@id\":\"https:\/\/angrystag.com\/#website\",\"url\":\"https:\/\/angrystag.com\/\",\"name\":\"Angry Stag\",\"description\":\"Innovative &amp; Reliable Outdoor Products\",\"publisher\":{\"@id\":\"https:\/\/angrystag.com\/#organization\"},\"potentialAction\":[{\"@type\":\"SearchAction\",\"target\":{\"@type\":\"EntryPoint\",\"urlTemplate\":\"https:\/\/angrystag.com\/?s={search_term_string}\"},\"query-input\":{\"@type\":\"PropertyValueSpecification\",\"valueRequired\":true,\"valueName\":\"search_term_string\"}}],\"inLanguage\":\"pl-PL\"},{\"@type\":\"Organization\",\"@id\":\"https:\/\/angrystag.com\/#organization\",\"name\":\"Angry Stag\",\"url\":\"https:\/\/angrystag.com\/\",\"logo\":{\"@type\":\"ImageObject\",\"inLanguage\":\"pl-PL\",\"@id\":\"https:\/\/angrystag.com\/#\/schema\/logo\/image\/\",\"url\":\"https:\/\/angrystag.com\/wp-content\/uploads\/2024\/09\/Angry-Stag-Horizontal-Logo.png\",\"contentUrl\":\"https:\/\/angrystag.com\/wp-content\/uploads\/2024\/09\/Angry-Stag-Horizontal-Logo.png\",\"width\":800,\"height\":214,\"caption\":\"Angry Stag\"},\"image\":{\"@id\":\"https:\/\/angrystag.com\/#\/schema\/logo\/image\/\"},\"sameAs\":[\"https:\/\/www.facebook.com\/profile.php?id=100083670355772&mibextid=LQQJ4d\",\"https:\/\/www.instagram.com\/angrystagbrand\/\"]}]}<\/script>\n<!-- \/ Yoast SEO plugin. -->","yoast_head_json":{"title":"Termowizor AS-384-25 TriMode\u2122 - Angry Stag","robots":{"index":"index","follow":"follow","max-snippet":"max-snippet:-1","max-image-preview":"max-image-preview:large","max-video-preview":"max-video-preview:-1"},"canonical":"https:\/\/angrystag.com\/pl\/product\/termowizor-jako-trimoda-384-25\/","og_locale":"pl_PL","og_type":"article","og_title":"Thermal Scope AS-384-25 TriMode\u2122 - Angry Stag","og_description":"Experience superior thermal imaging with this advanced scope featuring a 384\u00d7288 sensor. Designed for versatile use, it offers best-in-class thermal imaging, manual focus, and a 25mm lens. Equipped with a shutterless NUC, false color enhancement, and digital magnification, this scope delivers exceptional performance. Powered by a long-lasting battery, it provides Wi-Fi streaming and USB-C charging. The Thermal Scope AS384 is built with durable aircraft Aluminum and offers features like pre-event recording, stills, and video. All Angry Stag Thermal scopes come standard with Trimode\u2122 allowing for use as a riflescope, a clip-on, or a handheld, and ThermaLoc\u2122 allowing for daytime hunting and observing. Made in the USA, it\u2019s affordable for hunters and enthusiasts seeking top-tier thermal imaging.","og_url":"https:\/\/angrystag.com\/pl\/product\/termowizor-jako-trimoda-384-25\/","og_site_name":"Angry Stag","article_publisher":"https:\/\/www.facebook.com\/profile.php?id=100083670355772&mibextid=LQQJ4d","article_modified_time":"2025-07-18T06:27:02+00:00","og_image":[{"width":2560,"height":2560,"url":"https:\/\/angrystag.com\/wp-content\/uploads\/2024\/10\/thermal-scope-as-384-25-trimode.jpg","type":"image\/jpeg"}],"twitter_card":"summary_large_image","twitter_misc":{"Est. reading time":"2 minutes"},"schema":{"@context":"https:\/\/schema.org","@graph":[{"@type":"WebPage","@id":"https:\/\/angrystag.com\/product\/thermal-scope-as-384-25-trimode\/","url":"https:\/\/angrystag.com\/product\/thermal-scope-as-384-25-trimode\/","name":"Termowizor AS-384-25 TriMode\u2122 - Angry Stag","isPartOf":{"@id":"https:\/\/angrystag.com\/#website"},"primaryImageOfPage":{"@id":"https:\/\/angrystag.com\/product\/thermal-scope-as-384-25-trimode\/#primaryimage"},"image":{"@id":"https:\/\/angrystag.com\/product\/thermal-scope-as-384-25-trimode\/#primaryimage"},"thumbnailUrl":"https:\/\/angrystag.com\/wp-content\/uploads\/2024\/10\/thermal-scope-as-384-25-trimode.jpg","datePublished":"2024-10-22T08:52:47+00:00","dateModified":"2025-07-18T06:27:02+00:00","breadcrumb":{"@id":"https:\/\/angrystag.com\/product\/thermal-scope-as-384-25-trimode\/#breadcrumb"},"inLanguage":"pl-PL","potentialAction":[{"@type":"ReadAction","target":["https:\/\/angrystag.com\/product\/thermal-scope-as-384-25-trimode\/"]}]},{"@type":"ImageObject","inLanguage":"pl-PL","@id":"https:\/\/angrystag.com\/product\/thermal-scope-as-384-25-trimode\/#primaryimage","url":"https:\/\/angrystag.com\/wp-content\/uploads\/2024\/10\/thermal-scope-as-384-25-trimode.jpg","contentUrl":"https:\/\/angrystag.com\/wp-content\/uploads\/2024\/10\/thermal-scope-as-384-25-trimode.jpg","width":2560,"height":2560,"caption":"Thermal Scope AS-384-25 TriMode\u2122"},{"@type":"BreadcrumbList","@id":"https:\/\/angrystag.com\/product\/thermal-scope-as-384-25-trimode\/#breadcrumb","itemListElement":[{"@type":"ListItem","position":1,"name":"Home","item":"https:\/\/angrystag.com\/"},{"@type":"ListItem","position":2,"name":"Shop","item":"https:\/\/angrystag.com\/shop\/"},{"@type":"ListItem","position":3,"name":"Thermal Scope AS-384-25 TriMode\u2122"}]},{"@type":"WebSite","@id":"https:\/\/angrystag.com\/#website","url":"https:\/\/angrystag.com\/","name":"W\u015bciek\u0142y Jele\u0144","description":"Innowacyjne i niezawodne produkty outdoorowe","publisher":{"@id":"https:\/\/angrystag.com\/#organization"},"potentialAction":[{"@type":"SearchAction","target":{"@type":"EntryPoint","urlTemplate":"https:\/\/angrystag.com\/?s={search_term_string}"},"query-input":{"@type":"PropertyValueSpecification","valueRequired":true,"valueName":"search_term_string"}}],"inLanguage":"pl-PL"},{"@type":"Organization","@id":"https:\/\/angrystag.com\/#organization","name":"W\u015bciek\u0142y Jele\u0144","url":"https:\/\/angrystag.com\/","logo":{"@type":"ImageObject","inLanguage":"pl-PL","@id":"https:\/\/angrystag.com\/#\/schema\/logo\/image\/","url":"https:\/\/angrystag.com\/wp-content\/uploads\/2024\/09\/Angry-Stag-Horizontal-Logo.png","contentUrl":"https:\/\/angrystag.com\/wp-content\/uploads\/2024\/09\/Angry-Stag-Horizontal-Logo.png","width":800,"height":214,"caption":"Angry Stag"},"image":{"@id":"https:\/\/angrystag.com\/#\/schema\/logo\/image\/"},"sameAs":["https:\/\/www.facebook.com\/profile.php?id=100083670355772&mibextid=LQQJ4d","https:\/\/www.instagram.com\/angrystagbrand\/"]}]}},"_links":{"self":[{"href":"https:\/\/angrystag.com\/pl\/wp-json\/wp\/v2\/product\/11776","targetHints":{"allow":["GET"]}}],"collection":[{"href":"https:\/\/angrystag.com\/pl\/wp-json\/wp\/v2\/product"}],"about":[{"href":"https:\/\/angrystag.com\/pl\/wp-json\/wp\/v2\/types\/product"}],"replies":[{"embeddable":true,"href":"https:\/\/angrystag.com\/pl\/wp-json\/wp\/v2\/comments?post=11776"}],"wp:featuredmedia":[{"embeddable":true,"href":"https:\/\/angrystag.com\/pl\/wp-json\/wp\/v2\/media\/12489"}],"wp:attachment":[{"href":"https:\/\/angrystag.com\/pl\/wp-json\/wp\/v2\/media?parent=11776"}],"wp:term":[{"taxonomy":"product_cat","embeddable":true,"href":"https:\/\/angrystag.com\/pl\/wp-json\/wp\/v2\/product_cat?post=11776"},{"taxonomy":"product_tag","embeddable":true,"href":"https:\/\/angrystag.com\/pl\/wp-json\/wp\/v2\/product_tag?post=11776"}],"curies":[{"name":"wp","href":"https:\/\/api.w.org\/{rel}","templated":true}]}}