{"id":4034,"date":"2024-09-24T07:39:40","date_gmt":"2024-09-24T07:39:40","guid":{"rendered":"https:\/\/angrystag.com\/?post_type=product&#038;p=4034"},"modified":"2025-03-12T13:45:14","modified_gmt":"2025-03-12T13:45:14","slug":"taktyczne-nauszniki-ochronne-bluetooth","status":"publish","type":"product","link":"https:\/\/angrystag.com\/pl\/product\/tactical-bluetooth-protective-ear-muffs\/","title":{"rendered":"Taktyczne nauszniki ochronne Bluetooth"},"content":{"rendered":"<p>Nasze zestawy s\u0142uchawkowe zosta\u0142y zaprojektowane tak, aby umo\u017cliwi\u0107 strzelcom celowanie z karabin\u00f3w bez niepor\u0119cznych zak\u0142\u00f3ce\u0144 wi\u0119kszych ochronnik\u00f3w s\u0142uchu typu mufka, przy jednoczesnym zachowaniu solidnych wska\u017anik\u00f3w NRR. Zestawy s\u0142uchawkowe s\u0105 sk\u0142adane i mo\u017cna je z\u0142o\u017cy\u0107 do niewielkiego, przeno\u015bnego profilu.<\/p>\n<p><strong>Cechy:<\/strong><\/p>\n<ul>\n<li>Konstrukcja - Nasze zestawy s\u0142uchawkowe zosta\u0142y zaprojektowane tak, aby umo\u017cliwi\u0107 strzelcom celowanie<br \/>\nkarabin\u00f3w bez niepor\u0119cznych zak\u0142\u00f3ce\u0144 wi\u0119kszych ochronnik\u00f3w s\u0142uchu typu mufka, przy jednoczesnym zachowaniu wymaganego przez OSHA 25NRR do strzelania. Wszystkie nasze zestawy s\u0142uchawkowe s\u0105 sk\u0142adane i mo\u017cna je z\u0142o\u017cy\u0107 do ma\u0142ego, przeno\u015bnego profilu, a wszystkie s\u0105 standardowo wyposa\u017cone w \u017celowe nauszniki i grube, wy\u015bcie\u0142ane opaski na g\u0142ow\u0119, zapewniaj\u0105ce wygod\u0119 u\u017cytkowania przez ca\u0142y dzie\u0144.<\/li>\n<li>Zaawansowane algorytmy - nasze zestawy s\u0142uchawkowe wykorzystuj\u0105 najnowocze\u015bniejsze algorytmy ochrony s\u0142uchu opracowane przez in\u017cynier\u00f3w Angry Stag, co skutkuje cie\u0144szymi nausznikami o solidnych wska\u017anikach NRR.<\/li>\n<li>Komfort - zaprojektowali\u015bmy amortyzowane pa\u0142\u0105ki i wysokiej jako\u015bci poduszki nausznik\u00f3w. Zar\u00f3wno Range, jak i Tactical wykorzystuj\u0105 ulepszon\u0105 amortyzowan\u0105 opask\u0119 na g\u0142ow\u0119 wraz z rzadko spotykanymi \u017celowymi nausznikami, co skutkuje \"najwygodniejszymi nausznikami na \u015bwiecie\". Zapewniaj\u0105 one najwy\u017cszy komfort podczas d\u0142ugotrwa\u0142ego u\u017cytkowania.<\/li>\n<li>Zielony - <span style=\"font-weight: 400;\">Wszystkie nasze zestawy s\u0142uchawkowe s\u0105 \u0142adowalne i maj\u0105 d\u0142ug\u0105 \u017cywotno\u015b\u0107 baterii, wi\u0119c nie trzeba ich wymienia\u0107 ani utylizowa\u0107, co zmniejsza zar\u00f3wno koszty eksploatacji, jak i \u015blad w\u0119glowy.<\/span><\/li>\n<li>\u0141\u0105czno\u015b\u0107 - Wszystkie nasze zestawy s\u0142uchawkowe posiadaj\u0105 gniazdo wej\u015bciowe audio, kt\u00f3re umo\u017cliwia pod\u0142\u0105czenie do radiotelefon\u00f3w FRS lub innych. Taktyczny zestaw s\u0142uchawkowy wykorzystuje najnowszy chipset Bluetooth wraz z NFC dla \u0142atwego po\u0142\u0105czenia. Mo\u017cesz odbiera\u0107 po\u0142\u0105czenia telefoniczne lub s\u0142ucha\u0107 muzyki przesy\u0142anej strumieniowo ze smartfona, tabletu lub innego urz\u0105dzenia Bluetooth.<\/li>\n<li>Wydajno\u015b\u0107 - Nasz procesor DSP\/wzmacniacz pozwala na 5-krotne wzmocnienie lokalnego d\u017awi\u0119ku, reaguj\u0105c na ka\u017cdy d\u017awi\u0119k powy\u017cej 85 dB w czasie &lt;1 ms.<\/li>\n<\/ul>\n<p><strong>Specyfikacje:<\/strong><\/p>\n<ul>\n<li>Bluetooth 5.3 obs\u0142uguje po\u0142\u0105czenia telefoniczne i strumieniowe przesy\u0142anie muzyki.<\/li>\n<li>Wysokiej jako\u015bci \u017celowe nauszniki zapewniaj\u0105 najwy\u017cszy komfort u\u017cytkowania.<\/li>\n<li>3 pot\u0119\u017cne mikrofony dla lepszej jako\u015bci d\u017awi\u0119ku.<\/li>\n<\/ul>\n<p><strong>Zasoby<\/strong><\/p>\n<ul>\n<li><a href=\"https:\/\/angrystag.com\/wp-content\/uploads\/2025\/01\/SalesSheet-Muffs-EZ-12-15-24a.pdf\">Wy\u015bwietl arkusz sprzeda\u017cy<\/a><\/li>\n<li><a href=\"\/wp-content\/uploads\/2024\/10\/Tactical-BT-User-Guide-T-100-BThqp.pdf\">Wy\u015bwietl Podr\u0119cznik u\u017cytkownika<\/a><\/li>\n<\/ul>\n<p><strong>Numer produktu:<\/strong><\/p>\n<ul>\n<li>Taktyczne: T-100, 800807100077<\/li>\n<\/ul>","protected":false},"excerpt":{"rendered":"<p><span style=\"font-weight: 400;\">Tactical BT - Zestawy s\u0142uchawkowe Angry Stag s\u0105 projektowane od podstaw w USA. Wszystkie \u015brodki ochrony s\u0142uchu charakteryzuj\u0105 si\u0119 ultraszybk\u0105 kompresj\u0105 d\u017awi\u0119k\u00f3w o nat\u0119\u017ceniu powy\u017cej 85 dB i maj\u0105 minimalny wymagany przez OSHA wsp\u00f3\u0142czynnik 25NRR. Wszystkie nasze zestawy s\u0142uchawkowe zosta\u0142y zaprojektowane z my\u015bl\u0105 o ca\u0142odziennym u\u017cytkowaniu i komforcie oraz s\u0105 standardowo wyposa\u017cone w akumulatory, ultra wy\u015bcie\u0142ane pa\u0142\u0105ki, mi\u0119kk\u0105 gumowan\u0105 pow\u0142ok\u0119 i \u017celowe nauszniki. Mo\u017cesz prowadzi\u0107 normalne rozmowy, ale gdy padnie strza\u0142, us\u0142yszysz go na bezpiecznym poziomie 85 dB.  Tactical BT dodaje technologi\u0119 Bluetooth, umo\u017cliwiaj\u0105c u\u017cytkownikowi s\u0142uchanie muzyki i odbieranie po\u0142\u0105cze\u0144 telefonicznych. Niezale\u017cnie od wyboru, nie b\u0119dziesz rozczarowany.<\/span><\/p>","protected":false},"featured_media":11387,"comment_status":"closed","ping_status":"closed","template":"","meta":[],"product_cat":[15,163],"product_tag":[],"class_list":{"0":"post-4034","1":"product","2":"type-product","3":"status-publish","4":"has-post-thumbnail","6":"product_brand-angry-stag","7":"product_cat-all-products","8":"product_cat-hearing-protection","9":"pa_85db-compression-yes","10":"pa_foldadable-yes","11":"pa_function-take-calls-play-music-with-local-sound-compression","12":"pa_gel-ear-cups-yes","13":"pa_hours-continuous-use-10ptt-140","14":"pa_instruction-manual-yes","15":"pa_local-sound-amplification-5x","16":"pa_mics-152","17":"pa_nrr-123","18":"pa_other-no","19":"pa_pod-battery-recharger-no","20":"pa_radio-input-jack-yes","21":"pa_reaction-time-1ms","22":"pa_rechargeable-yes","23":"pa_recovery-time-1ms","24":"pa_rubberized-soft-coating-yes","25":"pa_soft-case-yes","26":"pa_speakers-hd-sound-quality","27":"pa_special-feature-bt-5-3","28":"pa_usage-shooting-hunting-home-use","29":"pa_usb-c-charge-adapter-yes","31":"first","32":"instock","33":"featured","34":"taxable","35":"shipping-taxable","36":"purchasable","37":"product-type-simple"},"yoast_head":"<!-- This site is optimized with the Yoast SEO plugin v27.2 - https:\/\/yoast.com\/product\/yoast-seo-wordpress\/ -->\n<title>Tactical Bluetooth Protective Ear Muffs - Angry Stag<\/title>\n<meta name=\"robots\" content=\"index, follow, max-snippet:-1, max-image-preview:large, max-video-preview:-1\" \/>\n<link rel=\"canonical\" href=\"https:\/\/angrystag.com\/pl\/product\/taktyczne-nauszniki-ochronne-bluetooth\/\" \/>\n<meta property=\"og:locale\" content=\"pl_PL\" \/>\n<meta property=\"og:type\" content=\"article\" \/>\n<meta property=\"og:title\" content=\"Tactical Bluetooth Protective Ear Muffs - Angry Stag\" \/>\n<meta property=\"og:description\" content=\"Tactical BT - Angry Stag Headsets are designed from the ground up right here is the USA. All hearing protection has ultrafast compression of any sound over 85db and all have the minimum OSHA required 25NRR rating. All our headsets are designed for all day use and comfort and have rechargeable batteries, ultra padded headbands, soft rubberized luxury coating and Gel muffs, all standard. Have normal conversations, but when a shot is fired, you hear it at a safe 85db level.\u00a0 Tactical BT adds Bluetooth technology allowing the user to listen to music and take phone calls. Whichever you choose, you will not be disappointed.\" \/>\n<meta property=\"og:url\" content=\"https:\/\/angrystag.com\/pl\/product\/taktyczne-nauszniki-ochronne-bluetooth\/\" \/>\n<meta property=\"og:site_name\" content=\"Angry Stag\" \/>\n<meta property=\"article:publisher\" content=\"https:\/\/www.facebook.com\/profile.php?id=100083670355772&amp;mibextid=LQQJ4d\" \/>\n<meta property=\"article:modified_time\" content=\"2025-03-12T13:45:14+00:00\" \/>\n<meta property=\"og:image\" content=\"https:\/\/angrystag.com\/wp-content\/uploads\/2024\/10\/5.jpg\" \/>\n\t<meta property=\"og:image:width\" content=\"2000\" \/>\n\t<meta property=\"og:image:height\" content=\"2000\" \/>\n\t<meta property=\"og:image:type\" content=\"image\/jpeg\" \/>\n<meta name=\"twitter:card\" content=\"summary_large_image\" \/>\n<meta name=\"twitter:label1\" content=\"Est. reading time\" \/>\n\t<meta name=\"twitter:data1\" content=\"2 minutes\" \/>\n<script type=\"application\/ld+json\" class=\"yoast-schema-graph\">{\"@context\":\"https:\/\/schema.org\",\"@graph\":[{\"@type\":\"WebPage\",\"@id\":\"https:\/\/angrystag.com\/pt\/produto\/auriculares-de-protecao-bluetooth-tacticos\/\",\"url\":\"https:\/\/angrystag.com\/pt\/produto\/auriculares-de-protecao-bluetooth-tacticos\/\",\"name\":\"Tactical Bluetooth Protective Ear Muffs - Angry Stag\",\"isPartOf\":{\"@id\":\"https:\/\/angrystag.com\/#website\"},\"primaryImageOfPage\":{\"@id\":\"https:\/\/angrystag.com\/pt\/produto\/auriculares-de-protecao-bluetooth-tacticos\/#primaryimage\"},\"image\":{\"@id\":\"https:\/\/angrystag.com\/pt\/produto\/auriculares-de-protecao-bluetooth-tacticos\/#primaryimage\"},\"thumbnailUrl\":\"https:\/\/angrystag.com\/wp-content\/uploads\/2024\/10\/5.jpg\",\"datePublished\":\"2024-09-24T07:39:40+00:00\",\"dateModified\":\"2025-03-12T13:45:14+00:00\",\"breadcrumb\":{\"@id\":\"https:\/\/angrystag.com\/pt\/produto\/auriculares-de-protecao-bluetooth-tacticos\/#breadcrumb\"},\"inLanguage\":\"pl-PL\",\"potentialAction\":[{\"@type\":\"ReadAction\",\"target\":[\"https:\/\/angrystag.com\/pt\/produto\/auriculares-de-protecao-bluetooth-tacticos\/\"]}]},{\"@type\":\"ImageObject\",\"inLanguage\":\"pl-PL\",\"@id\":\"https:\/\/angrystag.com\/pt\/produto\/auriculares-de-protecao-bluetooth-tacticos\/#primaryimage\",\"url\":\"https:\/\/angrystag.com\/wp-content\/uploads\/2024\/10\/5.jpg\",\"contentUrl\":\"https:\/\/angrystag.com\/wp-content\/uploads\/2024\/10\/5.jpg\",\"width\":2000,\"height\":2000},{\"@type\":\"BreadcrumbList\",\"@id\":\"https:\/\/angrystag.com\/pt\/produto\/auriculares-de-protecao-bluetooth-tacticos\/#breadcrumb\",\"itemListElement\":[{\"@type\":\"ListItem\",\"position\":1,\"name\":\"Home\",\"item\":\"https:\/\/angrystag.com\/\"},{\"@type\":\"ListItem\",\"position\":2,\"name\":\"Shop\",\"item\":\"https:\/\/angrystag.com\/shop\/\"},{\"@type\":\"ListItem\",\"position\":3,\"name\":\"Tactical Bluetooth Protective Ear Muffs\"}]},{\"@type\":\"WebSite\",\"@id\":\"https:\/\/angrystag.com\/#website\",\"url\":\"https:\/\/angrystag.com\/\",\"name\":\"Angry Stag\",\"description\":\"Innovative &amp; Reliable Outdoor Products\",\"publisher\":{\"@id\":\"https:\/\/angrystag.com\/#organization\"},\"potentialAction\":[{\"@type\":\"SearchAction\",\"target\":{\"@type\":\"EntryPoint\",\"urlTemplate\":\"https:\/\/angrystag.com\/?s={search_term_string}\"},\"query-input\":{\"@type\":\"PropertyValueSpecification\",\"valueRequired\":true,\"valueName\":\"search_term_string\"}}],\"inLanguage\":\"pl-PL\"},{\"@type\":\"Organization\",\"@id\":\"https:\/\/angrystag.com\/#organization\",\"name\":\"Angry Stag\",\"url\":\"https:\/\/angrystag.com\/\",\"logo\":{\"@type\":\"ImageObject\",\"inLanguage\":\"pl-PL\",\"@id\":\"https:\/\/angrystag.com\/#\/schema\/logo\/image\/\",\"url\":\"https:\/\/angrystag.com\/wp-content\/uploads\/2024\/09\/Angry-Stag-Horizontal-Logo.png\",\"contentUrl\":\"https:\/\/angrystag.com\/wp-content\/uploads\/2024\/09\/Angry-Stag-Horizontal-Logo.png\",\"width\":800,\"height\":214,\"caption\":\"Angry Stag\"},\"image\":{\"@id\":\"https:\/\/angrystag.com\/#\/schema\/logo\/image\/\"},\"sameAs\":[\"https:\/\/www.facebook.com\/profile.php?id=100083670355772&mibextid=LQQJ4d\",\"https:\/\/www.instagram.com\/angrystagbrand\/\"]}]}<\/script>\n<!-- \/ Yoast SEO plugin. -->","yoast_head_json":{"title":"Taktyczne nauszniki ochronne Bluetooth - Angry Stag","robots":{"index":"index","follow":"follow","max-snippet":"max-snippet:-1","max-image-preview":"max-image-preview:large","max-video-preview":"max-video-preview:-1"},"canonical":"https:\/\/angrystag.com\/pl\/product\/taktyczne-nauszniki-ochronne-bluetooth\/","og_locale":"pl_PL","og_type":"article","og_title":"Tactical Bluetooth Protective Ear Muffs - Angry Stag","og_description":"Tactical BT - Angry Stag Headsets are designed from the ground up right here is the USA. All hearing protection has ultrafast compression of any sound over 85db and all have the minimum OSHA required 25NRR rating. All our headsets are designed for all day use and comfort and have rechargeable batteries, ultra padded headbands, soft rubberized luxury coating and Gel muffs, all standard. Have normal conversations, but when a shot is fired, you hear it at a safe 85db level.\u00a0 Tactical BT adds Bluetooth technology allowing the user to listen to music and take phone calls. Whichever you choose, you will not be disappointed.","og_url":"https:\/\/angrystag.com\/pl\/product\/taktyczne-nauszniki-ochronne-bluetooth\/","og_site_name":"Angry Stag","article_publisher":"https:\/\/www.facebook.com\/profile.php?id=100083670355772&mibextid=LQQJ4d","article_modified_time":"2025-03-12T13:45:14+00:00","og_image":[{"width":2000,"height":2000,"url":"https:\/\/angrystag.com\/wp-content\/uploads\/2024\/10\/5.jpg","type":"image\/jpeg"}],"twitter_card":"summary_large_image","twitter_misc":{"Est. reading time":"2 minutes"},"schema":{"@context":"https:\/\/schema.org","@graph":[{"@type":"WebPage","@id":"https:\/\/angrystag.com\/pt\/produto\/auriculares-de-protecao-bluetooth-tacticos\/","url":"https:\/\/angrystag.com\/pt\/produto\/auriculares-de-protecao-bluetooth-tacticos\/","name":"Taktyczne nauszniki ochronne Bluetooth - Angry Stag","isPartOf":{"@id":"https:\/\/angrystag.com\/#website"},"primaryImageOfPage":{"@id":"https:\/\/angrystag.com\/pt\/produto\/auriculares-de-protecao-bluetooth-tacticos\/#primaryimage"},"image":{"@id":"https:\/\/angrystag.com\/pt\/produto\/auriculares-de-protecao-bluetooth-tacticos\/#primaryimage"},"thumbnailUrl":"https:\/\/angrystag.com\/wp-content\/uploads\/2024\/10\/5.jpg","datePublished":"2024-09-24T07:39:40+00:00","dateModified":"2025-03-12T13:45:14+00:00","breadcrumb":{"@id":"https:\/\/angrystag.com\/pt\/produto\/auriculares-de-protecao-bluetooth-tacticos\/#breadcrumb"},"inLanguage":"pl-PL","potentialAction":[{"@type":"ReadAction","target":["https:\/\/angrystag.com\/pt\/produto\/auriculares-de-protecao-bluetooth-tacticos\/"]}]},{"@type":"ImageObject","inLanguage":"pl-PL","@id":"https:\/\/angrystag.com\/pt\/produto\/auriculares-de-protecao-bluetooth-tacticos\/#primaryimage","url":"https:\/\/angrystag.com\/wp-content\/uploads\/2024\/10\/5.jpg","contentUrl":"https:\/\/angrystag.com\/wp-content\/uploads\/2024\/10\/5.jpg","width":2000,"height":2000},{"@type":"BreadcrumbList","@id":"https:\/\/angrystag.com\/pt\/produto\/auriculares-de-protecao-bluetooth-tacticos\/#breadcrumb","itemListElement":[{"@type":"ListItem","position":1,"name":"Home","item":"https:\/\/angrystag.com\/"},{"@type":"ListItem","position":2,"name":"Shop","item":"https:\/\/angrystag.com\/shop\/"},{"@type":"ListItem","position":3,"name":"Tactical Bluetooth Protective Ear Muffs"}]},{"@type":"WebSite","@id":"https:\/\/angrystag.com\/#website","url":"https:\/\/angrystag.com\/","name":"W\u015bciek\u0142y Jele\u0144","description":"Innowacyjne i niezawodne produkty outdoorowe","publisher":{"@id":"https:\/\/angrystag.com\/#organization"},"potentialAction":[{"@type":"SearchAction","target":{"@type":"EntryPoint","urlTemplate":"https:\/\/angrystag.com\/?s={search_term_string}"},"query-input":{"@type":"PropertyValueSpecification","valueRequired":true,"valueName":"search_term_string"}}],"inLanguage":"pl-PL"},{"@type":"Organization","@id":"https:\/\/angrystag.com\/#organization","name":"W\u015bciek\u0142y Jele\u0144","url":"https:\/\/angrystag.com\/","logo":{"@type":"ImageObject","inLanguage":"pl-PL","@id":"https:\/\/angrystag.com\/#\/schema\/logo\/image\/","url":"https:\/\/angrystag.com\/wp-content\/uploads\/2024\/09\/Angry-Stag-Horizontal-Logo.png","contentUrl":"https:\/\/angrystag.com\/wp-content\/uploads\/2024\/09\/Angry-Stag-Horizontal-Logo.png","width":800,"height":214,"caption":"Angry Stag"},"image":{"@id":"https:\/\/angrystag.com\/#\/schema\/logo\/image\/"},"sameAs":["https:\/\/www.facebook.com\/profile.php?id=100083670355772&mibextid=LQQJ4d","https:\/\/www.instagram.com\/angrystagbrand\/"]}]}},"_links":{"self":[{"href":"https:\/\/angrystag.com\/pl\/wp-json\/wp\/v2\/product\/4034","targetHints":{"allow":["GET"]}}],"collection":[{"href":"https:\/\/angrystag.com\/pl\/wp-json\/wp\/v2\/product"}],"about":[{"href":"https:\/\/angrystag.com\/pl\/wp-json\/wp\/v2\/types\/product"}],"replies":[{"embeddable":true,"href":"https:\/\/angrystag.com\/pl\/wp-json\/wp\/v2\/comments?post=4034"}],"wp:featuredmedia":[{"embeddable":true,"href":"https:\/\/angrystag.com\/pl\/wp-json\/wp\/v2\/media\/11387"}],"wp:attachment":[{"href":"https:\/\/angrystag.com\/pl\/wp-json\/wp\/v2\/media?parent=4034"}],"wp:term":[{"taxonomy":"product_cat","embeddable":true,"href":"https:\/\/angrystag.com\/pl\/wp-json\/wp\/v2\/product_cat?post=4034"},{"taxonomy":"product_tag","embeddable":true,"href":"https:\/\/angrystag.com\/pl\/wp-json\/wp\/v2\/product_tag?post=4034"}],"curies":[{"name":"wp","href":"https:\/\/api.w.org\/{rel}","templated":true}]}}