{"id":4036,"date":"2024-09-24T07:39:45","date_gmt":"2024-09-24T07:39:45","guid":{"rendered":"https:\/\/angrystag.com\/?post_type=product&#038;p=4036"},"modified":"2025-03-12T13:44:08","modified_gmt":"2025-03-12T13:44:08","slug":"system-ostrzegania-o-niskim-poziomie-amunicji-1","status":"publish","type":"product","link":"https:\/\/angrystag.com\/pl\/product\/low-ammunition-warning-system-1\/","title":{"rendered":"System ostrzegania o niskim poziomie amunicji-1"},"content":{"rendered":"<h4><strong>Ju\u017c wkr\u00f3tce!<\/strong><\/h4>\n<p>Zaprojektowany przez policjant\u00f3w i Angry Stag - koncepcja LAWS zosta\u0142a stworzona dla<br \/>\nfunkcjonariuszy policji i jest obj\u0119ty 2 ameryka\u0144skimi patentami. Jest zbudowany z my\u015bl\u0105 o trwa\u0142o\u015bci i ma stopie\u0144 ochrony IP67<br \/>\nwodoodporny. Urz\u0105dzenie jest zawsze w\u0142\u0105czone w trybie gotowo\u015bci, wi\u0119c ka\u017cdy strza\u0142 jest wykrywany.<br \/>\nNie ma pozycji wy\u0142\u0105czenia. Diody LED za\u015bwiec\u0105 si\u0119 w sekwencji, gdy bro\u0144 mag<br \/>\nma 3, 2, 1 i nie ma ju\u017c rund.<\/p>\n<p><strong>Cechy<\/strong><br \/>\nNIE DOTYCZY<\/p>\n<p><strong>Specyfikacja<\/strong><\/p>\n<ul>\n<li>Dioda LED licznika strza\u0142\u00f3w znajduje si\u0119 w dolnej cz\u0119\u015bci magazynka.<\/li>\n<li>Odlicza naboje od 3 (2 w magazynku, 1 w pistolecie). Magazynki 9 mm,<br \/>\n10, 15, 17, 19.<\/li>\n<\/ul>\n<p><strong>Numer produktu:<\/strong><br \/>\nLAWS-1 800807100107<\/p>\n<p>&nbsp;<\/p>","protected":false},"excerpt":{"rendered":"<p><span data-sheets-root=\"1\">B\u0105d\u017a na bie\u017c\u0105co i przygotowany dzi\u0119ki naszemu innowacyjnemu systemowi ostrzegania o niskim poziomie amunicji (LAWS). Zaprojektowane dla organ\u00f3w \u015bcigania, to wytrzyma\u0142e i wodoodporne urz\u0105dzenie dyskretnie monitoruje poziom magazynk\u00f3w, ostrzegaj\u0105c wyra\u017anymi wska\u017anikami LED, gdy ko\u0144czy si\u0119 amunicja. Nigdy wi\u0119cej nie daj si\u0119 zaskoczy\u0107.<\/span><\/p>","protected":false},"featured_media":12478,"comment_status":"closed","ping_status":"closed","template":"","meta":[],"product_cat":[15,167],"product_tag":[],"class_list":{"0":"post-4036","1":"product","2":"type-product","3":"status-publish","4":"has-post-thumbnail","6":"product_brand-angry-stag","7":"product_cat-all-products","8":"product_cat-ammunition-warning-system","10":"first","11":"outofstock","12":"taxable","13":"shipping-taxable","14":"product-type-simple"},"yoast_head":"<!-- This site is optimized with the Yoast SEO plugin v27.2 - https:\/\/yoast.com\/product\/yoast-seo-wordpress\/ -->\n<title>Low Ammunition Warning System-1 - Angry Stag<\/title>\n<meta name=\"robots\" content=\"index, follow, max-snippet:-1, max-image-preview:large, max-video-preview:-1\" \/>\n<link rel=\"canonical\" href=\"https:\/\/angrystag.com\/pl\/product\/system-ostrzegania-o-niskim-poziomie-amunicji-1\/\" \/>\n<meta property=\"og:locale\" content=\"pl_PL\" \/>\n<meta property=\"og:type\" content=\"article\" \/>\n<meta property=\"og:title\" content=\"Low Ammunition Warning System-1 - Angry Stag\" \/>\n<meta property=\"og:description\" content=\"Stay informed and prepared with our innovative Low Ammunition Warning System (LAWS). Designed for law enforcement, this durable and waterproof device discreetly monitors your magazine levels, alerting you with clear LED indicators when your ammunition is running low. Never be caught off guard again.\" \/>\n<meta property=\"og:url\" content=\"https:\/\/angrystag.com\/pl\/product\/system-ostrzegania-o-niskim-poziomie-amunicji-1\/\" \/>\n<meta property=\"og:site_name\" content=\"Angry Stag\" \/>\n<meta property=\"article:publisher\" content=\"https:\/\/www.facebook.com\/profile.php?id=100083670355772&amp;mibextid=LQQJ4d\" \/>\n<meta property=\"article:modified_time\" content=\"2025-03-12T13:44:08+00:00\" \/>\n<meta property=\"og:image\" content=\"https:\/\/angrystag.com\/wp-content\/uploads\/2024\/09\/low-ammunition-warning-system-1-image1.jpg\" \/>\n\t<meta property=\"og:image:width\" content=\"2000\" \/>\n\t<meta property=\"og:image:height\" content=\"2000\" \/>\n\t<meta property=\"og:image:type\" content=\"image\/jpeg\" \/>\n<meta name=\"twitter:card\" content=\"summary_large_image\" \/>\n<meta name=\"twitter:label1\" content=\"Est. reading time\" \/>\n\t<meta name=\"twitter:data1\" content=\"1 minute\" \/>\n<script type=\"application\/ld+json\" class=\"yoast-schema-graph\">{\"@context\":\"https:\/\/schema.org\",\"@graph\":[{\"@type\":\"WebPage\",\"@id\":\"https:\/\/angrystag.com\/es\/product\/sistema-de-aviso-de-municion-baja-1\/\",\"url\":\"https:\/\/angrystag.com\/es\/product\/sistema-de-aviso-de-municion-baja-1\/\",\"name\":\"Low Ammunition Warning System-1 - Angry Stag\",\"isPartOf\":{\"@id\":\"https:\/\/angrystag.com\/#website\"},\"primaryImageOfPage\":{\"@id\":\"https:\/\/angrystag.com\/es\/product\/sistema-de-aviso-de-municion-baja-1\/#primaryimage\"},\"image\":{\"@id\":\"https:\/\/angrystag.com\/es\/product\/sistema-de-aviso-de-municion-baja-1\/#primaryimage\"},\"thumbnailUrl\":\"https:\/\/angrystag.com\/wp-content\/uploads\/2024\/09\/low-ammunition-warning-system-1-image1.jpg\",\"datePublished\":\"2024-09-24T07:39:45+00:00\",\"dateModified\":\"2025-03-12T13:44:08+00:00\",\"breadcrumb\":{\"@id\":\"https:\/\/angrystag.com\/es\/product\/sistema-de-aviso-de-municion-baja-1\/#breadcrumb\"},\"inLanguage\":\"pl-PL\",\"potentialAction\":[{\"@type\":\"ReadAction\",\"target\":[\"https:\/\/angrystag.com\/es\/product\/sistema-de-aviso-de-municion-baja-1\/\"]}]},{\"@type\":\"ImageObject\",\"inLanguage\":\"pl-PL\",\"@id\":\"https:\/\/angrystag.com\/es\/product\/sistema-de-aviso-de-municion-baja-1\/#primaryimage\",\"url\":\"https:\/\/angrystag.com\/wp-content\/uploads\/2024\/09\/low-ammunition-warning-system-1-image1.jpg\",\"contentUrl\":\"https:\/\/angrystag.com\/wp-content\/uploads\/2024\/09\/low-ammunition-warning-system-1-image1.jpg\",\"width\":2000,\"height\":2000,\"caption\":\"Low Ammunition Warning System-1 image 1\"},{\"@type\":\"BreadcrumbList\",\"@id\":\"https:\/\/angrystag.com\/es\/product\/sistema-de-aviso-de-municion-baja-1\/#breadcrumb\",\"itemListElement\":[{\"@type\":\"ListItem\",\"position\":1,\"name\":\"Home\",\"item\":\"https:\/\/angrystag.com\/\"},{\"@type\":\"ListItem\",\"position\":2,\"name\":\"Shop\",\"item\":\"https:\/\/angrystag.com\/shop\/\"},{\"@type\":\"ListItem\",\"position\":3,\"name\":\"Low Ammunition Warning System-1\"}]},{\"@type\":\"WebSite\",\"@id\":\"https:\/\/angrystag.com\/#website\",\"url\":\"https:\/\/angrystag.com\/\",\"name\":\"Angry Stag\",\"description\":\"Innovative &amp; Reliable Outdoor Products\",\"publisher\":{\"@id\":\"https:\/\/angrystag.com\/#organization\"},\"potentialAction\":[{\"@type\":\"SearchAction\",\"target\":{\"@type\":\"EntryPoint\",\"urlTemplate\":\"https:\/\/angrystag.com\/?s={search_term_string}\"},\"query-input\":{\"@type\":\"PropertyValueSpecification\",\"valueRequired\":true,\"valueName\":\"search_term_string\"}}],\"inLanguage\":\"pl-PL\"},{\"@type\":\"Organization\",\"@id\":\"https:\/\/angrystag.com\/#organization\",\"name\":\"Angry Stag\",\"url\":\"https:\/\/angrystag.com\/\",\"logo\":{\"@type\":\"ImageObject\",\"inLanguage\":\"pl-PL\",\"@id\":\"https:\/\/angrystag.com\/#\/schema\/logo\/image\/\",\"url\":\"https:\/\/angrystag.com\/wp-content\/uploads\/2024\/09\/Angry-Stag-Horizontal-Logo.png\",\"contentUrl\":\"https:\/\/angrystag.com\/wp-content\/uploads\/2024\/09\/Angry-Stag-Horizontal-Logo.png\",\"width\":800,\"height\":214,\"caption\":\"Angry Stag\"},\"image\":{\"@id\":\"https:\/\/angrystag.com\/#\/schema\/logo\/image\/\"},\"sameAs\":[\"https:\/\/www.facebook.com\/profile.php?id=100083670355772&mibextid=LQQJ4d\",\"https:\/\/www.instagram.com\/angrystagbrand\/\"]}]}<\/script>\n<!-- \/ Yoast SEO plugin. -->","yoast_head_json":{"title":"System ostrzegania o niskim poziomie amunicji-1 - W\u015bciek\u0142y Jele\u0144","robots":{"index":"index","follow":"follow","max-snippet":"max-snippet:-1","max-image-preview":"max-image-preview:large","max-video-preview":"max-video-preview:-1"},"canonical":"https:\/\/angrystag.com\/pl\/product\/system-ostrzegania-o-niskim-poziomie-amunicji-1\/","og_locale":"pl_PL","og_type":"article","og_title":"Low Ammunition Warning System-1 - Angry Stag","og_description":"Stay informed and prepared with our innovative Low Ammunition Warning System (LAWS). Designed for law enforcement, this durable and waterproof device discreetly monitors your magazine levels, alerting you with clear LED indicators when your ammunition is running low. Never be caught off guard again.","og_url":"https:\/\/angrystag.com\/pl\/product\/system-ostrzegania-o-niskim-poziomie-amunicji-1\/","og_site_name":"Angry Stag","article_publisher":"https:\/\/www.facebook.com\/profile.php?id=100083670355772&mibextid=LQQJ4d","article_modified_time":"2025-03-12T13:44:08+00:00","og_image":[{"width":2000,"height":2000,"url":"https:\/\/angrystag.com\/wp-content\/uploads\/2024\/09\/low-ammunition-warning-system-1-image1.jpg","type":"image\/jpeg"}],"twitter_card":"summary_large_image","twitter_misc":{"Est. reading time":"1 minute"},"schema":{"@context":"https:\/\/schema.org","@graph":[{"@type":"WebPage","@id":"https:\/\/angrystag.com\/es\/product\/sistema-de-aviso-de-municion-baja-1\/","url":"https:\/\/angrystag.com\/es\/product\/sistema-de-aviso-de-municion-baja-1\/","name":"System ostrzegania o niskim poziomie amunicji-1 - W\u015bciek\u0142y Jele\u0144","isPartOf":{"@id":"https:\/\/angrystag.com\/#website"},"primaryImageOfPage":{"@id":"https:\/\/angrystag.com\/es\/product\/sistema-de-aviso-de-municion-baja-1\/#primaryimage"},"image":{"@id":"https:\/\/angrystag.com\/es\/product\/sistema-de-aviso-de-municion-baja-1\/#primaryimage"},"thumbnailUrl":"https:\/\/angrystag.com\/wp-content\/uploads\/2024\/09\/low-ammunition-warning-system-1-image1.jpg","datePublished":"2024-09-24T07:39:45+00:00","dateModified":"2025-03-12T13:44:08+00:00","breadcrumb":{"@id":"https:\/\/angrystag.com\/es\/product\/sistema-de-aviso-de-municion-baja-1\/#breadcrumb"},"inLanguage":"pl-PL","potentialAction":[{"@type":"ReadAction","target":["https:\/\/angrystag.com\/es\/product\/sistema-de-aviso-de-municion-baja-1\/"]}]},{"@type":"ImageObject","inLanguage":"pl-PL","@id":"https:\/\/angrystag.com\/es\/product\/sistema-de-aviso-de-municion-baja-1\/#primaryimage","url":"https:\/\/angrystag.com\/wp-content\/uploads\/2024\/09\/low-ammunition-warning-system-1-image1.jpg","contentUrl":"https:\/\/angrystag.com\/wp-content\/uploads\/2024\/09\/low-ammunition-warning-system-1-image1.jpg","width":2000,"height":2000,"caption":"Low Ammunition Warning System-1 image 1"},{"@type":"BreadcrumbList","@id":"https:\/\/angrystag.com\/es\/product\/sistema-de-aviso-de-municion-baja-1\/#breadcrumb","itemListElement":[{"@type":"ListItem","position":1,"name":"Home","item":"https:\/\/angrystag.com\/"},{"@type":"ListItem","position":2,"name":"Shop","item":"https:\/\/angrystag.com\/shop\/"},{"@type":"ListItem","position":3,"name":"Low Ammunition Warning System-1"}]},{"@type":"WebSite","@id":"https:\/\/angrystag.com\/#website","url":"https:\/\/angrystag.com\/","name":"W\u015bciek\u0142y Jele\u0144","description":"Innowacyjne i niezawodne produkty outdoorowe","publisher":{"@id":"https:\/\/angrystag.com\/#organization"},"potentialAction":[{"@type":"SearchAction","target":{"@type":"EntryPoint","urlTemplate":"https:\/\/angrystag.com\/?s={search_term_string}"},"query-input":{"@type":"PropertyValueSpecification","valueRequired":true,"valueName":"search_term_string"}}],"inLanguage":"pl-PL"},{"@type":"Organization","@id":"https:\/\/angrystag.com\/#organization","name":"W\u015bciek\u0142y Jele\u0144","url":"https:\/\/angrystag.com\/","logo":{"@type":"ImageObject","inLanguage":"pl-PL","@id":"https:\/\/angrystag.com\/#\/schema\/logo\/image\/","url":"https:\/\/angrystag.com\/wp-content\/uploads\/2024\/09\/Angry-Stag-Horizontal-Logo.png","contentUrl":"https:\/\/angrystag.com\/wp-content\/uploads\/2024\/09\/Angry-Stag-Horizontal-Logo.png","width":800,"height":214,"caption":"Angry Stag"},"image":{"@id":"https:\/\/angrystag.com\/#\/schema\/logo\/image\/"},"sameAs":["https:\/\/www.facebook.com\/profile.php?id=100083670355772&mibextid=LQQJ4d","https:\/\/www.instagram.com\/angrystagbrand\/"]}]}},"_links":{"self":[{"href":"https:\/\/angrystag.com\/pl\/wp-json\/wp\/v2\/product\/4036","targetHints":{"allow":["GET"]}}],"collection":[{"href":"https:\/\/angrystag.com\/pl\/wp-json\/wp\/v2\/product"}],"about":[{"href":"https:\/\/angrystag.com\/pl\/wp-json\/wp\/v2\/types\/product"}],"replies":[{"embeddable":true,"href":"https:\/\/angrystag.com\/pl\/wp-json\/wp\/v2\/comments?post=4036"}],"wp:featuredmedia":[{"embeddable":true,"href":"https:\/\/angrystag.com\/pl\/wp-json\/wp\/v2\/media\/12478"}],"wp:attachment":[{"href":"https:\/\/angrystag.com\/pl\/wp-json\/wp\/v2\/media?parent=4036"}],"wp:term":[{"taxonomy":"product_cat","embeddable":true,"href":"https:\/\/angrystag.com\/pl\/wp-json\/wp\/v2\/product_cat?post=4036"},{"taxonomy":"product_tag","embeddable":true,"href":"https:\/\/angrystag.com\/pl\/wp-json\/wp\/v2\/product_tag?post=4036"}],"curies":[{"name":"wp","href":"https:\/\/api.w.org\/{rel}","templated":true}]}}