{"id":4055,"date":"2024-09-24T07:40:10","date_gmt":"2024-09-24T07:40:10","guid":{"rendered":"https:\/\/angrystag.com\/?post_type=product&#038;p=4055"},"modified":"2025-03-12T13:19:48","modified_gmt":"2025-03-12T13:19:48","slug":"zakres-rf","status":"publish","type":"product","link":"https:\/\/angrystag.com\/pl\/product\/range-rf\/","title":{"rendered":"Zasi\u0119g RF"},"content":{"rendered":"<p>Nasze zestawy s\u0142uchawkowe zosta\u0142y zaprojektowane tak, aby umo\u017cliwi\u0107 strzelcom celowanie z karabin\u00f3w bez niepor\u0119cznych zak\u0142\u00f3ce\u0144 wi\u0119kszych ochronnik\u00f3w s\u0142uchu typu mufka, przy jednoczesnym zachowaniu solidnych wska\u017anik\u00f3w NRR. Zestawy s\u0142uchawkowe s\u0105 sk\u0142adane i mo\u017cna je z\u0142o\u017cy\u0107 do niewielkiego, przeno\u015bnego profilu.<\/p>\n<p><strong>Cechy:<\/strong><\/p>\n<ul>\n<li>Konstrukcja i komfort - Nasze zestawy s\u0142uchawkowe zosta\u0142y zaprojektowane tak, aby umo\u017cliwi\u0107 strzelcom celowanie.<br \/>\nkarabin\u00f3w bez niepor\u0119cznych zak\u0142\u00f3ce\u0144 wi\u0119kszych ochronnik\u00f3w s\u0142uchu typu mufka, przy jednoczesnym zachowaniu wymaganego przez OSHA 25NRR do strzelania. Wszystkie nasze zestawy s\u0142uchawkowe s\u0105 sk\u0142adane i mo\u017cna je z\u0142o\u017cy\u0107 do ma\u0142ego, przeno\u015bnego profilu, a wszystkie s\u0105 standardowo wyposa\u017cone w \u017celowe nauszniki i grube, wy\u015bcie\u0142ane opaski na g\u0142ow\u0119, zapewniaj\u0105ce wygod\u0119 u\u017cytkowania przez ca\u0142y dzie\u0144.<\/li>\n<li>Zaawansowane algorytmy - nasze zestawy s\u0142uchawkowe wykorzystuj\u0105 najnowocze\u015bniejsze algorytmy s\u0142yszenia.<br \/>\nAlgorytmy ochrony opracowane przez in\u017cynier\u00f3w Angry Stag, skutkuj\u0105ce<br \/>\nCie\u0144sze nauszniki, a tak\u017ce funkcja trybu podw\u00f3jnego pozwalaj\u0105ca na jednoczesne<br \/>\nKompresja 85 dB ORAZ \u0142\u0105czno\u015b\u0107 bezprzewodowa.<\/li>\n<li>Zielony - W przeciwie\u0144stwie do praktycznie wszystkich zestaw\u00f3w s\u0142uchawkowych poni\u017cej $100, wszystkie nasze zestawy s\u0142uchawkowe s\u0105<br \/>\nAkumulator o \u017cywotno\u015bci 70 godzin, 10 godzin w przypadku korzystania z funkcji PTT, wi\u0119c jest<br \/>\nnie trzeba wymienia\u0107 ani utylizowa\u0107 baterii, co obni\u017ca koszty u\u017cytkowania.<br \/>\ni zmniejszenie \u015bladu w\u0119glowego.<\/li>\n<li>\u0141\u0105czno\u015b\u0107 - Wszystkie nasze zestawy s\u0142uchawkowe maj\u0105 gniazdo wej\u015bciowe audio, kt\u00f3re umo\u017cliwia<br \/>\npo\u0142\u0105czenie z dowolnym radiotelefonem. Zestaw s\u0142uchawkowy Range RF wykorzystuje najnowsz\u0105 technologi\u0119 FRS<br \/>\nchipset radiowy z 7 otwartymi kana\u0142ami do treningu i otwartej komunikacji<br \/>\ni 2 kana\u0142y prywatne. Zaprojektowali\u015bmy ten zestaw s\u0142uchawkowy dla kr\u00f3tkiego zasi\u0119gu 100m<br \/>\nOdleg\u0142o\u015bci przede wszystkim do treningu na odleg\u0142o\u015b\u0107, ale mog\u0105 by\u0107 r\u00f3wnie\u017c u\u017cywane w ma\u0142ych grupach.<br \/>\npolowania, pain ball lub na placu budowy.<\/li>\n<li>Wydajno\u015b\u0107 - Nasz procesor DSP\/wzmacniacz pozwala na nawet 5-krotne wzmocnienie lokalnych<br \/>\nreaguj\u0105c na ka\u017cdy d\u017awi\u0119k powy\u017cej 85 dB w czasie &lt;1 ms. Zakres RF to<br \/>\nTryb Bi-Mode i mo\u017ce by\u0107 u\u017cywany jednocze\u015bnie, ochrona s\u0142uchu i RF-PTT<br \/>\n(push to talk), a tak\u017ce \u015bwiadomo\u015b\u0107 sytuacyjn\u0105.<\/li>\n<\/ul>\n<p><strong>Specyfikacje:<\/strong><\/p>\n<ul>\n<li>Radiotelefon FRS obs\u0142uguje 7 otwartych i 2 prywatne kana\u0142y.<\/li>\n<li>Najwy\u017cszej jako\u015bci \u017celowe nauszniki zapewniaj\u0105 najwy\u017cszy komfort u\u017cytkowania.<\/li>\n<li>3 pot\u0119\u017cne mikrofony dla lepszej jako\u015bci d\u017awi\u0119ku.<\/li>\n<\/ul>\n<p><strong>Zasoby<\/strong><\/p>\n<ul>\n<li><a href=\"https:\/\/angrystag.com\/wp-content\/uploads\/2025\/01\/SalesSheet-Muffs-EZ-12-15-24a.pdf\">Wy\u015bwietl arkusz sprzeda\u017cy<\/a><\/li>\n<li><a href=\"\/wp-content\/uploads\/2024\/10\/RangeRF-User-Guide-R-100-RFhqp.pdf\">Wy\u015bwietl Podr\u0119cznik u\u017cytkownika<\/a><\/li>\n<\/ul>\n<p><strong>Numer produktu:\u00a0<\/strong><\/p>\n<ul>\n<li>Range RF, R-100HD-RF, 800807100053<\/li>\n<\/ul>","protected":false},"excerpt":{"rendered":"<p><span style=\"font-weight: 400;\">Range RF - zestawy s\u0142uchawkowe Angry Stag s\u0105 projektowane od podstaw w USA. Wszystkie \u015brodki ochrony s\u0142uchu maj\u0105 ultraszybk\u0105 kompresj\u0119 ka\u017cdego d\u017awi\u0119ku powy\u017cej 85 dB i wszystkie maj\u0105 minimaln\u0105 wymagan\u0105 przez OSHA ocen\u0119 25NRR. Wszystkie nasze zestawy s\u0142uchawkowe zosta\u0142y zaprojektowane z my\u015bl\u0105 o ca\u0142odziennym u\u017cytkowaniu i komforcie oraz s\u0105 standardowo wyposa\u017cone w akumulatory, ultra wy\u015bcie\u0142ane pa\u0142\u0105ki, mi\u0119kk\u0105 gumowan\u0105 pow\u0142ok\u0119 i \u017celowe nauszniki. Mo\u017cesz prowadzi\u0107 normalne rozmowy, ale gdy padnie strza\u0142, us\u0142yszysz go na bezpiecznym poziomie 85 dB.  Range RF dodaje wbudowane radio FRS push to talk pozwalaj\u0105ce na rozmowy jeden do jednego lub jeden do wielu.  Doskona\u0142y do treningu lub polowa\u0144 w ma\u0142ych grupach, a nawet paintballu.\u00a0<\/span><\/p>","protected":false},"featured_media":12475,"comment_status":"closed","ping_status":"closed","template":"","meta":[],"product_cat":[15,163],"product_tag":[],"class_list":{"0":"post-4055","1":"product","2":"type-product","3":"status-publish","4":"has-post-thumbnail","6":"product_brand-angry-stag","7":"product_cat-all-products","8":"product_cat-hearing-protection","9":"pa_85db-compression-yes","10":"pa_foldadable-yes","11":"pa_function-compression-1to1-1-to-many-7-channles-2-private","12":"pa_gel-ear-cups-yes","13":"pa_hours-continuous-use-70-10ptt","14":"pa_instruction-manual-yes","15":"pa_local-sound-amplification-5x","16":"pa_mics-152","17":"pa_nrr-123","18":"pa_other-no","19":"pa_pod-battery-recharger-no","20":"pa_radio-input-jack-yes","21":"pa_reaction-time-1ms","22":"pa_rechargeable-yes","23":"pa_recovery-time-1ms","24":"pa_rubberized-soft-coating-yes","25":"pa_soft-case-yes","26":"pa_speakers-hd-sound-quality","27":"pa_special-feature-walkie-talkie-built-in","28":"pa_usage-training-small-hunting-parties-construction-home","29":"pa_usb-c-charge-adapter-yes","31":"first","32":"instock","33":"taxable","34":"shipping-taxable","35":"purchasable","36":"product-type-simple"},"yoast_head":"<!-- This site is optimized with the Yoast SEO plugin v27.2 - https:\/\/yoast.com\/product\/yoast-seo-wordpress\/ -->\n<title>Range RF - Angry Stag<\/title>\n<meta name=\"robots\" content=\"index, follow, max-snippet:-1, max-image-preview:large, max-video-preview:-1\" \/>\n<link rel=\"canonical\" href=\"https:\/\/angrystag.com\/pl\/product\/zakres-rf\/\" \/>\n<meta property=\"og:locale\" content=\"pl_PL\" \/>\n<meta property=\"og:type\" content=\"article\" \/>\n<meta property=\"og:title\" content=\"Range RF - Angry Stag\" \/>\n<meta property=\"og:description\" content=\"Range RF - Angry Stag Headsets are designed from the ground up right here is the USA. All hearing protection has ultrafast compression of any sound over 85db and all have the minimum OSHA required 25NRR rating. All our headsets are designed for all day use and comfort and have rechargeable batteries, ultra padded headbands, soft rubberized luxury coating and Gel muffs, all standard. Have normal conversations, but when a shot is fired, you hear it at a safe 85db level.\u00a0 The Range RF adds a built in FRS push to talk radio allowing for one to one, or one to many conversations.\u00a0 Great for training or small group hunts or even paintball.\u00a0\" \/>\n<meta property=\"og:url\" content=\"https:\/\/angrystag.com\/pl\/product\/zakres-rf\/\" \/>\n<meta property=\"og:site_name\" content=\"Angry Stag\" \/>\n<meta property=\"article:publisher\" content=\"https:\/\/www.facebook.com\/profile.php?id=100083670355772&amp;mibextid=LQQJ4d\" \/>\n<meta property=\"article:modified_time\" content=\"2025-03-12T13:19:48+00:00\" \/>\n<meta property=\"og:image\" content=\"https:\/\/angrystag.com\/wp-content\/uploads\/2024\/09\/range-rf.jpg\" \/>\n\t<meta property=\"og:image:width\" content=\"2000\" \/>\n\t<meta property=\"og:image:height\" content=\"2000\" \/>\n\t<meta property=\"og:image:type\" content=\"image\/jpeg\" \/>\n<meta name=\"twitter:card\" content=\"summary_large_image\" \/>\n<meta name=\"twitter:label1\" content=\"Est. reading time\" \/>\n\t<meta name=\"twitter:data1\" content=\"2 minutes\" \/>\n<script type=\"application\/ld+json\" class=\"yoast-schema-graph\">{\"@context\":\"https:\/\/schema.org\",\"@graph\":[{\"@type\":\"WebPage\",\"@id\":\"https:\/\/angrystag.com\/product\/range-rf\/\",\"url\":\"https:\/\/angrystag.com\/product\/range-rf\/\",\"name\":\"Range RF - Angry Stag\",\"isPartOf\":{\"@id\":\"https:\/\/angrystag.com\/#website\"},\"primaryImageOfPage\":{\"@id\":\"https:\/\/angrystag.com\/product\/range-rf\/#primaryimage\"},\"image\":{\"@id\":\"https:\/\/angrystag.com\/product\/range-rf\/#primaryimage\"},\"thumbnailUrl\":\"https:\/\/angrystag.com\/wp-content\/uploads\/2024\/09\/range-rf.jpg\",\"datePublished\":\"2024-09-24T07:40:10+00:00\",\"dateModified\":\"2025-03-12T13:19:48+00:00\",\"breadcrumb\":{\"@id\":\"https:\/\/angrystag.com\/product\/range-rf\/#breadcrumb\"},\"inLanguage\":\"pl-PL\",\"potentialAction\":[{\"@type\":\"ReadAction\",\"target\":[\"https:\/\/angrystag.com\/product\/range-rf\/\"]}]},{\"@type\":\"ImageObject\",\"inLanguage\":\"pl-PL\",\"@id\":\"https:\/\/angrystag.com\/product\/range-rf\/#primaryimage\",\"url\":\"https:\/\/angrystag.com\/wp-content\/uploads\/2024\/09\/range-rf.jpg\",\"contentUrl\":\"https:\/\/angrystag.com\/wp-content\/uploads\/2024\/09\/range-rf.jpg\",\"width\":2000,\"height\":2000,\"caption\":\"Range RF\"},{\"@type\":\"BreadcrumbList\",\"@id\":\"https:\/\/angrystag.com\/product\/range-rf\/#breadcrumb\",\"itemListElement\":[{\"@type\":\"ListItem\",\"position\":1,\"name\":\"Home\",\"item\":\"https:\/\/angrystag.com\/\"},{\"@type\":\"ListItem\",\"position\":2,\"name\":\"Shop\",\"item\":\"https:\/\/angrystag.com\/shop\/\"},{\"@type\":\"ListItem\",\"position\":3,\"name\":\"Range RF\"}]},{\"@type\":\"WebSite\",\"@id\":\"https:\/\/angrystag.com\/#website\",\"url\":\"https:\/\/angrystag.com\/\",\"name\":\"Angry Stag\",\"description\":\"Innovative &amp; Reliable Outdoor Products\",\"publisher\":{\"@id\":\"https:\/\/angrystag.com\/#organization\"},\"potentialAction\":[{\"@type\":\"SearchAction\",\"target\":{\"@type\":\"EntryPoint\",\"urlTemplate\":\"https:\/\/angrystag.com\/?s={search_term_string}\"},\"query-input\":{\"@type\":\"PropertyValueSpecification\",\"valueRequired\":true,\"valueName\":\"search_term_string\"}}],\"inLanguage\":\"pl-PL\"},{\"@type\":\"Organization\",\"@id\":\"https:\/\/angrystag.com\/#organization\",\"name\":\"Angry Stag\",\"url\":\"https:\/\/angrystag.com\/\",\"logo\":{\"@type\":\"ImageObject\",\"inLanguage\":\"pl-PL\",\"@id\":\"https:\/\/angrystag.com\/#\/schema\/logo\/image\/\",\"url\":\"https:\/\/angrystag.com\/wp-content\/uploads\/2024\/09\/Angry-Stag-Horizontal-Logo.png\",\"contentUrl\":\"https:\/\/angrystag.com\/wp-content\/uploads\/2024\/09\/Angry-Stag-Horizontal-Logo.png\",\"width\":800,\"height\":214,\"caption\":\"Angry Stag\"},\"image\":{\"@id\":\"https:\/\/angrystag.com\/#\/schema\/logo\/image\/\"},\"sameAs\":[\"https:\/\/www.facebook.com\/profile.php?id=100083670355772&mibextid=LQQJ4d\",\"https:\/\/www.instagram.com\/angrystagbrand\/\"]}]}<\/script>\n<!-- \/ Yoast SEO plugin. -->","yoast_head_json":{"title":"Zasi\u0119g RF - W\u015bciek\u0142y Jele\u0144","robots":{"index":"index","follow":"follow","max-snippet":"max-snippet:-1","max-image-preview":"max-image-preview:large","max-video-preview":"max-video-preview:-1"},"canonical":"https:\/\/angrystag.com\/pl\/product\/zakres-rf\/","og_locale":"pl_PL","og_type":"article","og_title":"Range RF - Angry Stag","og_description":"Range RF - Angry Stag Headsets are designed from the ground up right here is the USA. All hearing protection has ultrafast compression of any sound over 85db and all have the minimum OSHA required 25NRR rating. All our headsets are designed for all day use and comfort and have rechargeable batteries, ultra padded headbands, soft rubberized luxury coating and Gel muffs, all standard. Have normal conversations, but when a shot is fired, you hear it at a safe 85db level.\u00a0 The Range RF adds a built in FRS push to talk radio allowing for one to one, or one to many conversations.\u00a0 Great for training or small group hunts or even paintball.\u00a0","og_url":"https:\/\/angrystag.com\/pl\/product\/zakres-rf\/","og_site_name":"Angry Stag","article_publisher":"https:\/\/www.facebook.com\/profile.php?id=100083670355772&mibextid=LQQJ4d","article_modified_time":"2025-03-12T13:19:48+00:00","og_image":[{"width":2000,"height":2000,"url":"https:\/\/angrystag.com\/wp-content\/uploads\/2024\/09\/range-rf.jpg","type":"image\/jpeg"}],"twitter_card":"summary_large_image","twitter_misc":{"Est. reading time":"2 minutes"},"schema":{"@context":"https:\/\/schema.org","@graph":[{"@type":"WebPage","@id":"https:\/\/angrystag.com\/product\/range-rf\/","url":"https:\/\/angrystag.com\/product\/range-rf\/","name":"Zasi\u0119g RF - W\u015bciek\u0142y Jele\u0144","isPartOf":{"@id":"https:\/\/angrystag.com\/#website"},"primaryImageOfPage":{"@id":"https:\/\/angrystag.com\/product\/range-rf\/#primaryimage"},"image":{"@id":"https:\/\/angrystag.com\/product\/range-rf\/#primaryimage"},"thumbnailUrl":"https:\/\/angrystag.com\/wp-content\/uploads\/2024\/09\/range-rf.jpg","datePublished":"2024-09-24T07:40:10+00:00","dateModified":"2025-03-12T13:19:48+00:00","breadcrumb":{"@id":"https:\/\/angrystag.com\/product\/range-rf\/#breadcrumb"},"inLanguage":"pl-PL","potentialAction":[{"@type":"ReadAction","target":["https:\/\/angrystag.com\/product\/range-rf\/"]}]},{"@type":"ImageObject","inLanguage":"pl-PL","@id":"https:\/\/angrystag.com\/product\/range-rf\/#primaryimage","url":"https:\/\/angrystag.com\/wp-content\/uploads\/2024\/09\/range-rf.jpg","contentUrl":"https:\/\/angrystag.com\/wp-content\/uploads\/2024\/09\/range-rf.jpg","width":2000,"height":2000,"caption":"Range RF"},{"@type":"BreadcrumbList","@id":"https:\/\/angrystag.com\/product\/range-rf\/#breadcrumb","itemListElement":[{"@type":"ListItem","position":1,"name":"Home","item":"https:\/\/angrystag.com\/"},{"@type":"ListItem","position":2,"name":"Shop","item":"https:\/\/angrystag.com\/shop\/"},{"@type":"ListItem","position":3,"name":"Range RF"}]},{"@type":"WebSite","@id":"https:\/\/angrystag.com\/#website","url":"https:\/\/angrystag.com\/","name":"W\u015bciek\u0142y Jele\u0144","description":"Innowacyjne i niezawodne produkty outdoorowe","publisher":{"@id":"https:\/\/angrystag.com\/#organization"},"potentialAction":[{"@type":"SearchAction","target":{"@type":"EntryPoint","urlTemplate":"https:\/\/angrystag.com\/?s={search_term_string}"},"query-input":{"@type":"PropertyValueSpecification","valueRequired":true,"valueName":"search_term_string"}}],"inLanguage":"pl-PL"},{"@type":"Organization","@id":"https:\/\/angrystag.com\/#organization","name":"W\u015bciek\u0142y Jele\u0144","url":"https:\/\/angrystag.com\/","logo":{"@type":"ImageObject","inLanguage":"pl-PL","@id":"https:\/\/angrystag.com\/#\/schema\/logo\/image\/","url":"https:\/\/angrystag.com\/wp-content\/uploads\/2024\/09\/Angry-Stag-Horizontal-Logo.png","contentUrl":"https:\/\/angrystag.com\/wp-content\/uploads\/2024\/09\/Angry-Stag-Horizontal-Logo.png","width":800,"height":214,"caption":"Angry Stag"},"image":{"@id":"https:\/\/angrystag.com\/#\/schema\/logo\/image\/"},"sameAs":["https:\/\/www.facebook.com\/profile.php?id=100083670355772&mibextid=LQQJ4d","https:\/\/www.instagram.com\/angrystagbrand\/"]}]}},"_links":{"self":[{"href":"https:\/\/angrystag.com\/pl\/wp-json\/wp\/v2\/product\/4055","targetHints":{"allow":["GET"]}}],"collection":[{"href":"https:\/\/angrystag.com\/pl\/wp-json\/wp\/v2\/product"}],"about":[{"href":"https:\/\/angrystag.com\/pl\/wp-json\/wp\/v2\/types\/product"}],"replies":[{"embeddable":true,"href":"https:\/\/angrystag.com\/pl\/wp-json\/wp\/v2\/comments?post=4055"}],"wp:featuredmedia":[{"embeddable":true,"href":"https:\/\/angrystag.com\/pl\/wp-json\/wp\/v2\/media\/12475"}],"wp:attachment":[{"href":"https:\/\/angrystag.com\/pl\/wp-json\/wp\/v2\/media?parent=4055"}],"wp:term":[{"taxonomy":"product_cat","embeddable":true,"href":"https:\/\/angrystag.com\/pl\/wp-json\/wp\/v2\/product_cat?post=4055"},{"taxonomy":"product_tag","embeddable":true,"href":"https:\/\/angrystag.com\/pl\/wp-json\/wp\/v2\/product_tag?post=4055"}],"curies":[{"name":"wp","href":"https:\/\/api.w.org\/{rel}","templated":true}]}}