{"id":265,"date":"2024-05-10T02:20:19","date_gmt":"2024-05-10T02:20:19","guid":{"rendered":"https:\/\/demo2wpopal.b-cdn.net\/tactiko\/?page_id=265"},"modified":"2024-05-10T02:20:19","modified_gmt":"2024-05-10T02:20:19","slug":"perguntas-frequentes","status":"publish","type":"page","link":"https:\/\/angrystag.com\/pt\/faqs\/","title":{"rendered":"Perguntas frequentes"},"content":{"rendered":"<div data-elementor-type=\"wp-page\" data-elementor-id=\"265\" class=\"elementor elementor-265\">\n\t\t\t\t<div class=\"elementor-element elementor-element-b8305f4 e-flex e-con-boxed e-con e-parent\" data-id=\"b8305f4\" data-element_type=\"container\" data-e-type=\"container\" data-settings=\"{&quot;background_background&quot;:&quot;classic&quot;}\">\n\t\t\t\t\t<div class=\"e-con-inner\">\n\t\t\t\t<div class=\"elementor-element elementor-element-884e670 elementor-widget elementor-widget-heading\" data-id=\"884e670\" data-element_type=\"widget\" data-e-type=\"widget\" data-widget_type=\"heading.default\">\n\t\t\t\t<div class=\"elementor-widget-container\">\n\t\t\t\t\t<h2 class=\"elementor-heading-title elementor-size-default\">Encomendas<\/h2>\t\t\t\t<\/div>\n\t\t\t\t<\/div>\n\t\t\t\t<div class=\"elementor-element elementor-element-554018c elementor-widget elementor-widget-text-editor\" data-id=\"554018c\" data-element_type=\"widget\" data-e-type=\"widget\" data-widget_type=\"text-editor.default\">\n\t\t\t\t<div class=\"elementor-widget-container\">\n\t\t\t\t\t\t\t\t\tSeguem-se algumas das perguntas mais frequentes sobre encomendas\t\t\t\t\t\t\t\t<\/div>\n\t\t\t\t<\/div>\n\t\t\t\t<div class=\"elementor-element elementor-element-cc80e22 elementor-widget elementor-widget-n-accordion\" data-id=\"cc80e22\" data-element_type=\"widget\" data-e-type=\"widget\" data-settings=\"{&quot;default_state&quot;:&quot;expanded&quot;,&quot;max_items_expended&quot;:&quot;one&quot;,&quot;n_accordion_animation_duration&quot;:{&quot;unit&quot;:&quot;ms&quot;,&quot;size&quot;:400,&quot;sizes&quot;:[]}}\" data-widget_type=\"nested-accordion.default\">\n\t\t\t\t<div class=\"elementor-widget-container\">\n\t\t\t\t\t\t\t<div class=\"e-n-accordion\" aria-label=\"Acorde\u00e3o. Abrir liga\u00e7\u00f5es com Enter ou Espa\u00e7o, fechar com Escape e navegar com Setas\">\n\t\t\t\t\t\t<details id=\"e-n-accordion-item-2140\" class=\"e-n-accordion-item\" open>\n\t\t\t\t<summary class=\"e-n-accordion-item-title\" data-accordion-index=\"1\" tabindex=\"0\" aria-expanded=\"true\" aria-controls=\"e-n-accordion-item-2140\" >\n\t\t\t\t\t<span class='e-n-accordion-item-title-header'><div class=\"e-n-accordion-item-title-text\"> Como posso verificar\/acompanhar o estado da minha encomenda? <\/div><\/span>\n\t\t\t\t\t\t\t<span class='e-n-accordion-item-title-icon'>\n\t\t\t<span class='e-opened' ><i aria-hidden=\"true\" class=\"tactiko-icon- tactiko-icon-minus\"><\/i><\/span>\n\t\t\t<span class='e-closed'><i aria-hidden=\"true\" class=\"tactiko-icon- tactiko-icon-plus\"><\/i><\/span>\n\t\t<\/span>\n\n\t\t\t\t\t\t<\/summary>\n\t\t\t\t<div role=\"region\" aria-labelledby=\"e-n-accordion-item-2140\" class=\"elementor-element elementor-element-15676f1 e-con-full e-flex e-con e-child\" data-id=\"15676f1\" data-element_type=\"container\" data-e-type=\"container\">\n\t\t\t\t<div class=\"elementor-element elementor-element-7f4b954 elementor-widget__width-initial elementor-widget elementor-widget-text-editor\" data-id=\"7f4b954\" data-element_type=\"widget\" data-e-type=\"widget\" data-widget_type=\"text-editor.default\">\n\t\t\t\t<div class=\"elementor-widget-container\">\n\t\t\t\t\t\t\t\t\tEsta camisola leve e ajustada ao corpo apresenta costuras planas para maior conforto e durabilidade excecional. Um acabamento anti-odor e de absor\u00e7\u00e3o de \u00e1gua mant\u00e9m-no fresco desde o nascer ao p\u00f4r do sol.\t\t\t\t\t\t\t\t<\/div>\n\t\t\t\t<\/div>\n\t\t\t\t<\/div>\n\t\t\t\t\t<\/details>\n\t\t\t\t\t\t<details id=\"e-n-accordion-item-2141\" class=\"e-n-accordion-item\" >\n\t\t\t\t<summary class=\"e-n-accordion-item-title\" data-accordion-index=\"2\" tabindex=\"-1\" aria-expanded=\"false\" aria-controls=\"e-n-accordion-item-2141\" >\n\t\t\t\t\t<span class='e-n-accordion-item-title-header'><div class=\"e-n-accordion-item-title-text\"> Como posso efetuar uma encomenda? <\/div><\/span>\n\t\t\t\t\t\t\t<span class='e-n-accordion-item-title-icon'>\n\t\t\t<span class='e-opened' ><i aria-hidden=\"true\" class=\"tactiko-icon- tactiko-icon-minus\"><\/i><\/span>\n\t\t\t<span class='e-closed'><i aria-hidden=\"true\" class=\"tactiko-icon- tactiko-icon-plus\"><\/i><\/span>\n\t\t<\/span>\n\n\t\t\t\t\t\t<\/summary>\n\t\t\t\t<div role=\"region\" aria-labelledby=\"e-n-accordion-item-2141\" class=\"elementor-element elementor-element-f511073 e-con-full e-flex e-con e-child\" data-id=\"f511073\" data-element_type=\"container\" data-e-type=\"container\">\n\t\t\t\t<div class=\"elementor-element elementor-element-589713a elementor-widget__width-initial elementor-widget elementor-widget-text-editor\" data-id=\"589713a\" data-element_type=\"widget\" data-e-type=\"widget\" data-widget_type=\"text-editor.default\">\n\t\t\t\t<div class=\"elementor-widget-container\">\n\t\t\t\t\t\t\t\t\tEsta camisola leve e ajustada ao corpo apresenta costuras planas para maior conforto e durabilidade excecional. Um acabamento anti-odor e de absor\u00e7\u00e3o de \u00e1gua mant\u00e9m-no fresco desde o nascer ao p\u00f4r do sol.\t\t\t\t\t\t\t\t<\/div>\n\t\t\t\t<\/div>\n\t\t\t\t<\/div>\n\t\t\t\t\t<\/details>\n\t\t\t\t\t\t<details id=\"e-n-accordion-item-2142\" class=\"e-n-accordion-item\" >\n\t\t\t\t<summary class=\"e-n-accordion-item-title\" data-accordion-index=\"3\" tabindex=\"-1\" aria-expanded=\"false\" aria-controls=\"e-n-accordion-item-2142\" >\n\t\t\t\t\t<span class='e-n-accordion-item-title-header'><div class=\"e-n-accordion-item-title-text\"> Quando \u00e9 que a minha encomenda ser\u00e1 processada? <\/div><\/span>\n\t\t\t\t\t\t\t<span class='e-n-accordion-item-title-icon'>\n\t\t\t<span class='e-opened' ><i aria-hidden=\"true\" class=\"tactiko-icon- tactiko-icon-minus\"><\/i><\/span>\n\t\t\t<span class='e-closed'><i aria-hidden=\"true\" class=\"tactiko-icon- tactiko-icon-plus\"><\/i><\/span>\n\t\t<\/span>\n\n\t\t\t\t\t\t<\/summary>\n\t\t\t\t<div role=\"region\" aria-labelledby=\"e-n-accordion-item-2142\" class=\"elementor-element elementor-element-3e95bf2 e-con-full e-flex e-con e-child\" data-id=\"3e95bf2\" data-element_type=\"container\" data-e-type=\"container\">\n\t\t\t\t<div class=\"elementor-element elementor-element-2f3af29 elementor-widget__width-initial elementor-widget elementor-widget-text-editor\" data-id=\"2f3af29\" data-element_type=\"widget\" data-e-type=\"widget\" data-widget_type=\"text-editor.default\">\n\t\t\t\t<div class=\"elementor-widget-container\">\n\t\t\t\t\t\t\t\t\tEsta camisola leve e ajustada ao corpo apresenta costuras planas para maior conforto e durabilidade excecional. Um acabamento anti-odor e de absor\u00e7\u00e3o de \u00e1gua mant\u00e9m-no fresco desde o nascer ao p\u00f4r do sol.\t\t\t\t\t\t\t\t<\/div>\n\t\t\t\t<\/div>\n\t\t\t\t<\/div>\n\t\t\t\t\t<\/details>\n\t\t\t\t\t<\/div>\n\t\t\t\t\t\t<\/div>\n\t\t\t\t<\/div>\n\t\t\t\t<div class=\"elementor-element elementor-element-f8b6852 elementor-widget elementor-widget-heading\" data-id=\"f8b6852\" data-element_type=\"widget\" data-e-type=\"widget\" data-widget_type=\"heading.default\">\n\t\t\t\t<div class=\"elementor-widget-container\">\n\t\t\t\t\t<h2 class=\"elementor-heading-title elementor-size-default\">Envio e devolu\u00e7\u00f5es<\/h2>\t\t\t\t<\/div>\n\t\t\t\t<\/div>\n\t\t\t\t<div class=\"elementor-element elementor-element-5c5bfec elementor-widget elementor-widget-text-editor\" data-id=\"5c5bfec\" data-element_type=\"widget\" data-e-type=\"widget\" data-widget_type=\"text-editor.default\">\n\t\t\t\t<div class=\"elementor-widget-container\">\n\t\t\t\t\t\t\t\t\tAbaixo est\u00e3o algumas perguntas comuns sobre envio, devolu\u00e7\u00f5es e trocas\t\t\t\t\t\t\t\t<\/div>\n\t\t\t\t<\/div>\n\t\t\t\t<div class=\"elementor-element elementor-element-a238815 elementor-widget elementor-widget-n-accordion\" data-id=\"a238815\" data-element_type=\"widget\" data-e-type=\"widget\" data-settings=\"{&quot;default_state&quot;:&quot;expanded&quot;,&quot;max_items_expended&quot;:&quot;one&quot;,&quot;n_accordion_animation_duration&quot;:{&quot;unit&quot;:&quot;ms&quot;,&quot;size&quot;:400,&quot;sizes&quot;:[]}}\" data-widget_type=\"nested-accordion.default\">\n\t\t\t\t<div class=\"elementor-widget-container\">\n\t\t\t\t\t\t\t<div class=\"e-n-accordion\" aria-label=\"Acorde\u00e3o. Abrir liga\u00e7\u00f5es com Enter ou Espa\u00e7o, fechar com Escape e navegar com Setas\">\n\t\t\t\t\t\t<details id=\"e-n-accordion-item-1700\" class=\"e-n-accordion-item\" open>\n\t\t\t\t<summary class=\"e-n-accordion-item-title\" data-accordion-index=\"1\" tabindex=\"0\" aria-expanded=\"true\" aria-controls=\"e-n-accordion-item-1700\" >\n\t\t\t\t\t<span class='e-n-accordion-item-title-header'><div class=\"e-n-accordion-item-title-text\"> Quanto tempo demora a minha encomenda a chegar? <\/div><\/span>\n\t\t\t\t\t\t\t<span class='e-n-accordion-item-title-icon'>\n\t\t\t<span class='e-opened' ><i aria-hidden=\"true\" class=\"tactiko-icon- tactiko-icon-minus\"><\/i><\/span>\n\t\t\t<span class='e-closed'><i aria-hidden=\"true\" class=\"tactiko-icon- tactiko-icon-plus\"><\/i><\/span>\n\t\t<\/span>\n\n\t\t\t\t\t\t<\/summary>\n\t\t\t\t<div role=\"region\" aria-labelledby=\"e-n-accordion-item-1700\" class=\"elementor-element elementor-element-f776f73 e-con-full e-flex e-con e-child\" data-id=\"f776f73\" data-element_type=\"container\" data-e-type=\"container\">\n\t\t\t\t<div class=\"elementor-element elementor-element-b978bad elementor-widget__width-initial elementor-widget elementor-widget-text-editor\" data-id=\"b978bad\" data-element_type=\"widget\" data-e-type=\"widget\" data-widget_type=\"text-editor.default\">\n\t\t\t\t<div class=\"elementor-widget-container\">\n\t\t\t\t\t\t\t\t\tEsta camisola leve e ajustada ao corpo apresenta costuras planas para maior conforto e durabilidade excecional. Um acabamento anti-odor e de absor\u00e7\u00e3o de \u00e1gua mant\u00e9m-no fresco desde o nascer ao p\u00f4r do sol.\t\t\t\t\t\t\t\t<\/div>\n\t\t\t\t<\/div>\n\t\t\t\t<\/div>\n\t\t\t\t\t<\/details>\n\t\t\t\t\t\t<details id=\"e-n-accordion-item-1701\" class=\"e-n-accordion-item\" >\n\t\t\t\t<summary class=\"e-n-accordion-item-title\" data-accordion-index=\"2\" tabindex=\"-1\" aria-expanded=\"false\" aria-controls=\"e-n-accordion-item-1701\" >\n\t\t\t\t\t<span class='e-n-accordion-item-title-header'><div class=\"e-n-accordion-item-title-text\"> Qual \u00e9 a vossa pol\u00edtica de devolu\u00e7\u00e3o? <\/div><\/span>\n\t\t\t\t\t\t\t<span class='e-n-accordion-item-title-icon'>\n\t\t\t<span class='e-opened' ><i aria-hidden=\"true\" class=\"tactiko-icon- tactiko-icon-minus\"><\/i><\/span>\n\t\t\t<span class='e-closed'><i aria-hidden=\"true\" class=\"tactiko-icon- tactiko-icon-plus\"><\/i><\/span>\n\t\t<\/span>\n\n\t\t\t\t\t\t<\/summary>\n\t\t\t\t<div role=\"region\" aria-labelledby=\"e-n-accordion-item-1701\" class=\"elementor-element elementor-element-ecae453 e-con-full e-flex e-con e-child\" data-id=\"ecae453\" data-element_type=\"container\" data-e-type=\"container\">\n\t\t\t\t<div class=\"elementor-element elementor-element-e7ea235 elementor-widget__width-initial elementor-widget elementor-widget-text-editor\" data-id=\"e7ea235\" data-element_type=\"widget\" data-e-type=\"widget\" data-widget_type=\"text-editor.default\">\n\t\t\t\t<div class=\"elementor-widget-container\">\n\t\t\t\t\t\t\t\t\tEsta camisola leve e ajustada ao corpo apresenta costuras planas para maior conforto e durabilidade excecional. Um acabamento anti-odor e de absor\u00e7\u00e3o de \u00e1gua mant\u00e9m-no fresco desde o nascer ao p\u00f4r do sol.\t\t\t\t\t\t\t\t<\/div>\n\t\t\t\t<\/div>\n\t\t\t\t<\/div>\n\t\t\t\t\t<\/details>\n\t\t\t\t\t\t<details id=\"e-n-accordion-item-1702\" class=\"e-n-accordion-item\" >\n\t\t\t\t<summary class=\"e-n-accordion-item-title\" data-accordion-index=\"3\" tabindex=\"-1\" aria-expanded=\"false\" aria-controls=\"e-n-accordion-item-1702\" >\n\t\t\t\t\t<span class='e-n-accordion-item-title-header'><div class=\"e-n-accordion-item-title-text\"> Como posso verificar\/acompanhar o estado da minha encomenda? <\/div><\/span>\n\t\t\t\t\t\t\t<span class='e-n-accordion-item-title-icon'>\n\t\t\t<span class='e-opened' ><i aria-hidden=\"true\" class=\"tactiko-icon- tactiko-icon-minus\"><\/i><\/span>\n\t\t\t<span class='e-closed'><i aria-hidden=\"true\" class=\"tactiko-icon- tactiko-icon-plus\"><\/i><\/span>\n\t\t<\/span>\n\n\t\t\t\t\t\t<\/summary>\n\t\t\t\t<div role=\"region\" aria-labelledby=\"e-n-accordion-item-1702\" class=\"elementor-element elementor-element-4ca6d28 e-con-full e-flex e-con e-child\" data-id=\"4ca6d28\" data-element_type=\"container\" data-e-type=\"container\">\n\t\t\t\t<div class=\"elementor-element elementor-element-225fed1 elementor-widget__width-initial elementor-widget elementor-widget-text-editor\" data-id=\"225fed1\" data-element_type=\"widget\" data-e-type=\"widget\" data-widget_type=\"text-editor.default\">\n\t\t\t\t<div class=\"elementor-widget-container\">\n\t\t\t\t\t\t\t\t\tEsta camisola leve e ajustada ao corpo apresenta costuras planas para maior conforto e durabilidade excecional. Um acabamento anti-odor e de absor\u00e7\u00e3o de \u00e1gua mant\u00e9m-no fresco desde o nascer ao p\u00f4r do sol.\t\t\t\t\t\t\t\t<\/div>\n\t\t\t\t<\/div>\n\t\t\t\t<\/div>\n\t\t\t\t\t<\/details>\n\t\t\t\t\t<\/div>\n\t\t\t\t\t\t<\/div>\n\t\t\t\t<\/div>\n\t\t\t\t<div class=\"elementor-element elementor-element-caab527 elementor-widget elementor-widget-heading\" data-id=\"caab527\" data-element_type=\"widget\" data-e-type=\"widget\" data-widget_type=\"heading.default\">\n\t\t\t\t<div class=\"elementor-widget-container\">\n\t\t\t\t\t<h2 class=\"elementor-heading-title elementor-size-default\">ajuda e apoio<\/h2>\t\t\t\t<\/div>\n\t\t\t\t<\/div>\n\t\t\t\t<div class=\"elementor-element elementor-element-dccc4bc elementor-widget elementor-widget-text-editor\" data-id=\"dccc4bc\" data-element_type=\"widget\" data-e-type=\"widget\" data-widget_type=\"text-editor.default\">\n\t\t\t\t<div class=\"elementor-widget-container\">\n\t\t\t\t\t\t\t\t\tSeguem-se algumas das perguntas mais frequentes sobre encomendas\t\t\t\t\t\t\t\t<\/div>\n\t\t\t\t<\/div>\n\t\t\t\t<div class=\"elementor-element elementor-element-66ecf3e elementor-widget elementor-widget-n-accordion\" data-id=\"66ecf3e\" data-element_type=\"widget\" data-e-type=\"widget\" data-settings=\"{&quot;default_state&quot;:&quot;expanded&quot;,&quot;max_items_expended&quot;:&quot;one&quot;,&quot;n_accordion_animation_duration&quot;:{&quot;unit&quot;:&quot;ms&quot;,&quot;size&quot;:400,&quot;sizes&quot;:[]}}\" data-widget_type=\"nested-accordion.default\">\n\t\t\t\t<div class=\"elementor-widget-container\">\n\t\t\t\t\t\t\t<div class=\"e-n-accordion\" aria-label=\"Acorde\u00e3o. Abrir liga\u00e7\u00f5es com Enter ou Espa\u00e7o, fechar com Escape e navegar com Setas\">\n\t\t\t\t\t\t<details id=\"e-n-accordion-item-1070\" class=\"e-n-accordion-item\" open>\n\t\t\t\t<summary class=\"e-n-accordion-item-title\" data-accordion-index=\"1\" tabindex=\"0\" aria-expanded=\"true\" aria-controls=\"e-n-accordion-item-1070\" >\n\t\t\t\t\t<span class='e-n-accordion-item-title-header'><div class=\"e-n-accordion-item-title-text\"> Como posso verificar\/acompanhar o estado da minha encomenda? <\/div><\/span>\n\t\t\t\t\t\t\t<span class='e-n-accordion-item-title-icon'>\n\t\t\t<span class='e-opened' ><i aria-hidden=\"true\" class=\"tactiko-icon- tactiko-icon-minus\"><\/i><\/span>\n\t\t\t<span class='e-closed'><i aria-hidden=\"true\" class=\"tactiko-icon- tactiko-icon-plus\"><\/i><\/span>\n\t\t<\/span>\n\n\t\t\t\t\t\t<\/summary>\n\t\t\t\t<div role=\"region\" aria-labelledby=\"e-n-accordion-item-1070\" class=\"elementor-element elementor-element-bb4a954 e-con-full e-flex e-con e-child\" data-id=\"bb4a954\" data-element_type=\"container\" data-e-type=\"container\">\n\t\t\t\t<div class=\"elementor-element elementor-element-058aa1b elementor-widget__width-initial elementor-widget elementor-widget-text-editor\" data-id=\"058aa1b\" data-element_type=\"widget\" data-e-type=\"widget\" data-widget_type=\"text-editor.default\">\n\t\t\t\t<div class=\"elementor-widget-container\">\n\t\t\t\t\t\t\t\t\tEsta camisola leve e ajustada ao corpo apresenta costuras planas para maior conforto e durabilidade excecional. Um acabamento anti-odor e de absor\u00e7\u00e3o de \u00e1gua mant\u00e9m-no fresco desde o nascer ao p\u00f4r do sol.\t\t\t\t\t\t\t\t<\/div>\n\t\t\t\t<\/div>\n\t\t\t\t<\/div>\n\t\t\t\t\t<\/details>\n\t\t\t\t\t\t<details id=\"e-n-accordion-item-1071\" class=\"e-n-accordion-item\" >\n\t\t\t\t<summary class=\"e-n-accordion-item-title\" data-accordion-index=\"2\" tabindex=\"-1\" aria-expanded=\"false\" aria-controls=\"e-n-accordion-item-1071\" >\n\t\t\t\t\t<span class='e-n-accordion-item-title-header'><div class=\"e-n-accordion-item-title-text\"> Como posso efetuar uma encomenda? <\/div><\/span>\n\t\t\t\t\t\t\t<span class='e-n-accordion-item-title-icon'>\n\t\t\t<span class='e-opened' ><i aria-hidden=\"true\" class=\"tactiko-icon- tactiko-icon-minus\"><\/i><\/span>\n\t\t\t<span class='e-closed'><i aria-hidden=\"true\" class=\"tactiko-icon- tactiko-icon-plus\"><\/i><\/span>\n\t\t<\/span>\n\n\t\t\t\t\t\t<\/summary>\n\t\t\t\t<div role=\"region\" aria-labelledby=\"e-n-accordion-item-1071\" class=\"elementor-element elementor-element-a17ffc3 e-con-full e-flex e-con e-child\" data-id=\"a17ffc3\" data-element_type=\"container\" data-e-type=\"container\">\n\t\t\t\t<div class=\"elementor-element elementor-element-1055396 elementor-widget__width-initial elementor-widget elementor-widget-text-editor\" data-id=\"1055396\" data-element_type=\"widget\" data-e-type=\"widget\" data-widget_type=\"text-editor.default\">\n\t\t\t\t<div class=\"elementor-widget-container\">\n\t\t\t\t\t\t\t\t\tEsta camisola leve e ajustada ao corpo apresenta costuras planas para maior conforto e durabilidade excecional. Um acabamento anti-odor e de absor\u00e7\u00e3o de \u00e1gua mant\u00e9m-no fresco desde o nascer ao p\u00f4r do sol.\t\t\t\t\t\t\t\t<\/div>\n\t\t\t\t<\/div>\n\t\t\t\t<\/div>\n\t\t\t\t\t<\/details>\n\t\t\t\t\t\t<details id=\"e-n-accordion-item-1072\" class=\"e-n-accordion-item\" >\n\t\t\t\t<summary class=\"e-n-accordion-item-title\" data-accordion-index=\"3\" tabindex=\"-1\" aria-expanded=\"false\" aria-controls=\"e-n-accordion-item-1072\" >\n\t\t\t\t\t<span class='e-n-accordion-item-title-header'><div class=\"e-n-accordion-item-title-text\"> Quando \u00e9 que a minha encomenda ser\u00e1 processada? <\/div><\/span>\n\t\t\t\t\t\t\t<span class='e-n-accordion-item-title-icon'>\n\t\t\t<span class='e-opened' ><i aria-hidden=\"true\" class=\"tactiko-icon- tactiko-icon-minus\"><\/i><\/span>\n\t\t\t<span class='e-closed'><i aria-hidden=\"true\" class=\"tactiko-icon- tactiko-icon-plus\"><\/i><\/span>\n\t\t<\/span>\n\n\t\t\t\t\t\t<\/summary>\n\t\t\t\t<div role=\"region\" aria-labelledby=\"e-n-accordion-item-1072\" class=\"elementor-element elementor-element-a6f0ea2 e-con-full e-flex e-con e-child\" data-id=\"a6f0ea2\" data-element_type=\"container\" data-e-type=\"container\">\n\t\t\t\t<div class=\"elementor-element elementor-element-153b5b4 elementor-widget__width-initial elementor-widget elementor-widget-text-editor\" data-id=\"153b5b4\" data-element_type=\"widget\" data-e-type=\"widget\" data-widget_type=\"text-editor.default\">\n\t\t\t\t<div class=\"elementor-widget-container\">\n\t\t\t\t\t\t\t\t\tEsta camisola leve e ajustada ao corpo apresenta costuras planas para maior conforto e durabilidade excecional. Um acabamento anti-odor e de absor\u00e7\u00e3o de \u00e1gua mant\u00e9m-no fresco desde o nascer ao p\u00f4r do sol.\t\t\t\t\t\t\t\t<\/div>\n\t\t\t\t<\/div>\n\t\t\t\t<\/div>\n\t\t\t\t\t<\/details>\n\t\t\t\t\t<\/div>\n\t\t\t\t\t\t<\/div>\n\t\t\t\t<\/div>\n\t\t\t\t\t<\/div>\n\t\t\t\t<\/div>\n\t\t\t\t<\/div>","protected":false},"excerpt":{"rendered":"","protected":false},"author":1,"featured_media":0,"parent":0,"menu_order":0,"comment_status":"closed","ping_status":"closed","template":"template-homepage.php","meta":{"footnotes":""},"class_list":["post-265","page","type-page","status-publish","hentry"],"yoast_head":"<!-- This site is optimized with the Yoast SEO plugin v27.2 - https:\/\/yoast.com\/product\/yoast-seo-wordpress\/ -->\n<title>Faqs - Angry Stag<\/title>\n<meta name=\"robots\" content=\"index, follow, max-snippet:-1, max-image-preview:large, max-video-preview:-1\" \/>\n<link rel=\"canonical\" href=\"https:\/\/angrystag.com\/pt\/perguntas-frequentes\/\" \/>\n<meta property=\"og:locale\" content=\"pt_PT\" \/>\n<meta property=\"og:type\" content=\"article\" \/>\n<meta property=\"og:title\" content=\"Faqs - Angry Stag\" \/>\n<meta property=\"og:url\" content=\"https:\/\/angrystag.com\/pt\/perguntas-frequentes\/\" \/>\n<meta property=\"og:site_name\" content=\"Angry Stag\" \/>\n<meta property=\"article:publisher\" content=\"https:\/\/www.facebook.com\/profile.php?id=100083670355772&amp;mibextid=LQQJ4d\" \/>\n<meta name=\"twitter:card\" content=\"summary_large_image\" \/>\n<script type=\"application\/ld+json\" class=\"yoast-schema-graph\">{\"@context\":\"https:\/\/schema.org\",\"@graph\":[{\"@type\":\"WebPage\",\"@id\":\"https:\/\/angrystag.com\/faqs\/\",\"url\":\"https:\/\/angrystag.com\/faqs\/\",\"name\":\"Faqs - Angry Stag\",\"isPartOf\":{\"@id\":\"https:\/\/angrystag.com\/#website\"},\"datePublished\":\"2024-05-10T02:20:19+00:00\",\"breadcrumb\":{\"@id\":\"https:\/\/angrystag.com\/faqs\/#breadcrumb\"},\"inLanguage\":\"pt-PT\",\"potentialAction\":[{\"@type\":\"ReadAction\",\"target\":[\"https:\/\/angrystag.com\/faqs\/\"]}]},{\"@type\":\"BreadcrumbList\",\"@id\":\"https:\/\/angrystag.com\/faqs\/#breadcrumb\",\"itemListElement\":[{\"@type\":\"ListItem\",\"position\":1,\"name\":\"Home\",\"item\":\"https:\/\/angrystag.com\/\"},{\"@type\":\"ListItem\",\"position\":2,\"name\":\"Faqs\"}]},{\"@type\":\"WebSite\",\"@id\":\"https:\/\/angrystag.com\/#website\",\"url\":\"https:\/\/angrystag.com\/\",\"name\":\"Angry Stag\",\"description\":\"Innovative &amp; Reliable Outdoor Products\",\"publisher\":{\"@id\":\"https:\/\/angrystag.com\/#organization\"},\"potentialAction\":[{\"@type\":\"SearchAction\",\"target\":{\"@type\":\"EntryPoint\",\"urlTemplate\":\"https:\/\/angrystag.com\/?s={search_term_string}\"},\"query-input\":{\"@type\":\"PropertyValueSpecification\",\"valueRequired\":true,\"valueName\":\"search_term_string\"}}],\"inLanguage\":\"pt-PT\"},{\"@type\":\"Organization\",\"@id\":\"https:\/\/angrystag.com\/#organization\",\"name\":\"Angry Stag\",\"url\":\"https:\/\/angrystag.com\/\",\"logo\":{\"@type\":\"ImageObject\",\"inLanguage\":\"pt-PT\",\"@id\":\"https:\/\/angrystag.com\/#\/schema\/logo\/image\/\",\"url\":\"https:\/\/angrystag.com\/wp-content\/uploads\/2024\/09\/Angry-Stag-Horizontal-Logo.png\",\"contentUrl\":\"https:\/\/angrystag.com\/wp-content\/uploads\/2024\/09\/Angry-Stag-Horizontal-Logo.png\",\"width\":800,\"height\":214,\"caption\":\"Angry Stag\"},\"image\":{\"@id\":\"https:\/\/angrystag.com\/#\/schema\/logo\/image\/\"},\"sameAs\":[\"https:\/\/www.facebook.com\/profile.php?id=100083670355772&mibextid=LQQJ4d\",\"https:\/\/www.instagram.com\/angrystagbrand\/\"]}]}<\/script>\n<!-- \/ Yoast SEO plugin. -->","yoast_head_json":{"title":"Perguntas frequentes - Angry Stag","robots":{"index":"index","follow":"follow","max-snippet":"max-snippet:-1","max-image-preview":"max-image-preview:large","max-video-preview":"max-video-preview:-1"},"canonical":"https:\/\/angrystag.com\/pt\/perguntas-frequentes\/","og_locale":"pt_PT","og_type":"article","og_title":"Faqs - Angry Stag","og_url":"https:\/\/angrystag.com\/pt\/perguntas-frequentes\/","og_site_name":"Angry Stag","article_publisher":"https:\/\/www.facebook.com\/profile.php?id=100083670355772&mibextid=LQQJ4d","twitter_card":"summary_large_image","schema":{"@context":"https:\/\/schema.org","@graph":[{"@type":"WebPage","@id":"https:\/\/angrystag.com\/faqs\/","url":"https:\/\/angrystag.com\/faqs\/","name":"Perguntas frequentes - Angry Stag","isPartOf":{"@id":"https:\/\/angrystag.com\/#website"},"datePublished":"2024-05-10T02:20:19+00:00","breadcrumb":{"@id":"https:\/\/angrystag.com\/faqs\/#breadcrumb"},"inLanguage":"pt-PT","potentialAction":[{"@type":"ReadAction","target":["https:\/\/angrystag.com\/faqs\/"]}]},{"@type":"BreadcrumbList","@id":"https:\/\/angrystag.com\/faqs\/#breadcrumb","itemListElement":[{"@type":"ListItem","position":1,"name":"Home","item":"https:\/\/angrystag.com\/"},{"@type":"ListItem","position":2,"name":"Faqs"}]},{"@type":"WebSite","@id":"https:\/\/angrystag.com\/#website","url":"https:\/\/angrystag.com\/","name":"Veado furioso","description":"Produtos inovadores e fi\u00e1veis para exteriores","publisher":{"@id":"https:\/\/angrystag.com\/#organization"},"potentialAction":[{"@type":"SearchAction","target":{"@type":"EntryPoint","urlTemplate":"https:\/\/angrystag.com\/?s={search_term_string}"},"query-input":{"@type":"PropertyValueSpecification","valueRequired":true,"valueName":"search_term_string"}}],"inLanguage":"pt-PT"},{"@type":"Organization","@id":"https:\/\/angrystag.com\/#organization","name":"Veado furioso","url":"https:\/\/angrystag.com\/","logo":{"@type":"ImageObject","inLanguage":"pt-PT","@id":"https:\/\/angrystag.com\/#\/schema\/logo\/image\/","url":"https:\/\/angrystag.com\/wp-content\/uploads\/2024\/09\/Angry-Stag-Horizontal-Logo.png","contentUrl":"https:\/\/angrystag.com\/wp-content\/uploads\/2024\/09\/Angry-Stag-Horizontal-Logo.png","width":800,"height":214,"caption":"Angry Stag"},"image":{"@id":"https:\/\/angrystag.com\/#\/schema\/logo\/image\/"},"sameAs":["https:\/\/www.facebook.com\/profile.php?id=100083670355772&mibextid=LQQJ4d","https:\/\/www.instagram.com\/angrystagbrand\/"]}]}},"_links":{"self":[{"href":"https:\/\/angrystag.com\/pt\/wp-json\/wp\/v2\/pages\/265","targetHints":{"allow":["GET"]}}],"collection":[{"href":"https:\/\/angrystag.com\/pt\/wp-json\/wp\/v2\/pages"}],"about":[{"href":"https:\/\/angrystag.com\/pt\/wp-json\/wp\/v2\/types\/page"}],"author":[{"embeddable":true,"href":"https:\/\/angrystag.com\/pt\/wp-json\/wp\/v2\/users\/1"}],"replies":[{"embeddable":true,"href":"https:\/\/angrystag.com\/pt\/wp-json\/wp\/v2\/comments?post=265"}],"version-history":[{"count":0,"href":"https:\/\/angrystag.com\/pt\/wp-json\/wp\/v2\/pages\/265\/revisions"}],"wp:attachment":[{"href":"https:\/\/angrystag.com\/pt\/wp-json\/wp\/v2\/media?parent=265"}],"curies":[{"name":"wp","href":"https:\/\/api.w.org\/{rel}","templated":true}]}}