{"id":11123,"date":"2024-09-30T12:03:45","date_gmt":"2024-09-30T12:03:45","guid":{"rendered":"https:\/\/angrystag.com\/?post_type=product&#038;p=11123"},"modified":"2026-02-06T07:21:43","modified_gmt":"2026-02-06T07:21:43","slug":"termometro-as-384-50-trimode","status":"publish","type":"product","link":"https:\/\/angrystag.com\/pt\/product\/thermal-scope-as-384-50-trimode\/","title":{"rendered":"Term\u00f3metro AS-384-50 TriMode\u2122"},"content":{"rendered":"<h4><strong>Pre-Order Today! Ships in 3Q25<\/strong><\/h4>\n<p><span style=\"font-weight: 400;\">Este videosc\u00f3pio utiliza um sensor de baixa resolu\u00e7\u00e3o &lt;25mK 384\u00d7288. Foi concebido com a mais recente tecnologia para proporcionar aos utilizadores uma experi\u00eancia de imagem de alta qualidade. Esta mira foi concebida para ser vers\u00e1til e pode ser utilizada como montagem de clipe, de m\u00e3o ou de espingarda. A mira possui uma focagem manual e uma objetiva de 50 mm. Esta mira tamb\u00e9m possui um micro ecr\u00e3 OLED HD de 1024\u00d7768 e uma taxa de fotogramas de 60Hz. Para al\u00e9m destas carater\u00edsticas, esta mira est\u00e1 equipada com um obturador e um NUC sem obturador, bem como com um melhoramento de cores falsas e uma amplia\u00e7\u00e3o digital suave de 12 passos. Este videosc\u00f3pio possui uma bateria recarreg\u00e1vel de longa dura\u00e7\u00e3o que proporciona at\u00e9 10 horas de utiliza\u00e7\u00e3o (Poupan\u00e7a de energia ligada) e inclui capacidades de grava\u00e7\u00e3o pr\u00e9-evento, fotografias e v\u00eddeo, bem como 16 GB de mem\u00f3ria flash EMMC fi\u00e1vel integrada.<\/span><\/p>\n<p><span style=\"font-weight: 400;\">Est\u00e1 equipado com streaming Wi-Fi e carregamento USB-C. O firmware pode ser atualizado no terreno. Para obter ainda mais funcionalidades, os utilizadores podem optar pelo acess\u00f3rio de encaixe do tel\u00e9metro a laser de 1 km. Com a economia de energia Tilt, a vida \u00fatil da bateria pode ser estendida em 20%. E, o melhor de tudo, esta mira tem o custo mais baixo do setor e \u00e9 fabricada orgulhosamente nos EUA.<\/span><\/p>\n<p><strong>Carater\u00edsticas<\/strong><\/p>\n<ul>\n<li>Capacidade de montagem em clipe ou em espingarda<\/li>\n<li>Focagem manual, op\u00e7\u00f5es de objectivas de 35 mm e 50 mm<\/li>\n<li>Micro-ecr\u00e3 OLED 720P<\/li>\n<li>Taxa de quadros de 50Hz<\/li>\n<li>NUC com e sem obturador<\/li>\n<li>7 realce de cores falsas<\/li>\n<li>Amplia\u00e7\u00e3o digital<\/li>\n<li>Bateria recarreg\u00e1vel com dura\u00e7\u00e3o de 8 horas<\/li>\n<li>Grava\u00e7\u00e3o pr\u00e9-evento, fotografias e v\u00eddeo com a fi\u00e1vel mem\u00f3ria Flash EMMC integrada<\/li>\n<li>Transmiss\u00e3o Wi-Fi<\/li>\n<li>Carregamento USB-C<\/li>\n<li>Op\u00e7\u00e3o de acess\u00f3rio de encaixe do tel\u00e9metro laser com c\u00e1lculos bal\u00edsticos<\/li>\n<li>Tecnologia de ponta, ultra-leve<\/li>\n<li>Caixa de alum\u00ednio de qualidade aeron\u00e1utica<\/li>\n<li>Poupan\u00e7a de energia com inclina\u00e7\u00e3o e desligamento autom\u00e1tico para aumentar a dura\u00e7\u00e3o da bateria<\/li>\n<li>O custo mais baixo do sector<\/li>\n<li>Fabricado nos EUA<\/li>\n<\/ul>\n<p><strong>Especifica\u00e7\u00e3o<\/strong><\/p>\n<ul>\n<li style=\"font-weight: 400;\" aria-level=\"4\"><span style=\"font-weight: 400;\">Sensor - Sensor t\u00e9rmico 384\u00d7288 &lt;25mK (22mK t\u00edpico)<\/span><\/li>\n<li style=\"font-weight: 400;\" aria-level=\"4\"><span style=\"font-weight: 400;\">A ocular TriMode\u2122 permite o funcionamento com clip, com riflesc\u00f3pio ou com a m\u00e3o (patente pendente)<\/span><\/li>\n<li style=\"font-weight: 400;\" aria-level=\"4\"><span style=\"font-weight: 400;\">ThermaLoc\u2122 - permite ca\u00e7ar de dia ou de noite sem nunca perder o alvo (Patente Pendente)<\/span><\/li>\n<li style=\"font-weight: 400;\" aria-level=\"4\"><span style=\"font-weight: 400;\">Grava\u00e7\u00e3o - v\u00eddeo, fotografias, pr\u00e9-evento, 16 GB de Flash a bordo (10 horas de v\u00eddeo)<\/span><\/li>\n<li style=\"font-weight: 400;\" aria-level=\"4\"><span style=\"font-weight: 400;\">Transmiss\u00e3o USB-C<\/span><\/li>\n<li style=\"font-weight: 400;\" aria-level=\"4\"><span style=\"font-weight: 400;\">Transmiss\u00e3o Wi-Fi<\/span><\/li>\n<li style=\"font-weight: 400;\" aria-level=\"4\"><span style=\"font-weight: 400;\">Ecr\u00e3 - 1024\u00d7768 OLED, 60Hz<\/span><\/li>\n<li style=\"font-weight: 400;\" aria-level=\"4\"><span style=\"font-weight: 400;\">Amplia\u00e7\u00e3o digital suave de 12 n\u00edveis<\/span><\/li>\n<li style=\"font-weight: 400;\" aria-level=\"4\"><span style=\"font-weight: 400;\">Campo USB-C Firmware atualiz\u00e1vel<\/span><\/li>\n<li style=\"font-weight: 400;\" aria-level=\"4\"><span style=\"font-weight: 400;\">6 l\u00ednguas<\/span><\/li>\n<li><span style=\"font-weight: 400;\">5 ret\u00edculos multicoloridos<\/span><\/li>\n<li style=\"font-weight: 400;\" aria-level=\"4\"><span style=\"font-weight: 400;\">6 paletes de cores selecion\u00e1veis<\/span><\/li>\n<li style=\"font-weight: 400;\" aria-level=\"4\"><span style=\"font-weight: 400;\">Bateria recarreg\u00e1vel de 3AH integrada, 8+ horas<\/span><\/li>\n<li style=\"font-weight: 400;\" aria-level=\"4\"><span style=\"font-weight: 400;\">Alinhamento de uma s\u00f3 vez<\/span><\/li>\n<li style=\"font-weight: 400;\" aria-level=\"4\"><span style=\"font-weight: 400;\">Corre\u00e7\u00e3o de n\u00e3o uniformidade sem obturador (NUC), calibrada de 20C a 60C<\/span><\/li>\n<li style=\"font-weight: 400;\" aria-level=\"4\"><span style=\"font-weight: 400;\">A poupan\u00e7a de energia com inclina\u00e7\u00e3o pode aumentar a dura\u00e7\u00e3o da bateria para mais de 10 horas<\/span><\/li>\n<li style=\"font-weight: 400;\" aria-level=\"4\"><span style=\"font-weight: 400;\">Carregamento a partir do adaptador USB (fornecido) ou de qualquer fonte de alimenta\u00e7\u00e3o<\/span><\/li>\n<li>Amplia\u00e7\u00e3o de 4-24x<\/li>\n<\/ul>\n<p><strong>Acess\u00f3rios na caixa<\/strong><\/p>\n<ul>\n<li>Estojo de transporte macio em EVA<\/li>\n<li>Oculares de encaixe e de montagem em espingarda<\/li>\n<li>Montagem em calha Picatinny<\/li>\n<li>Cord\u00e3o para opera\u00e7\u00e3o manual<\/li>\n<li>Limpador de lentes em microfibra<\/li>\n<li>Carregador de bateria USB-C 2A<\/li>\n<li>Alvo de alinhamento<\/li>\n<li>Almofadas t\u00e9rmicas Stick-on Alignment 5<\/li>\n<li>Guia de in\u00edcio r\u00e1pido<\/li>\n<li>Guia detalhado do utilizador<\/li>\n<\/ul>\n<p><strong>Recursos<\/strong><\/p>\n<ul>\n<li><a href=\"https:\/\/angrystag.com\/wp-content\/uploads\/2025\/01\/SalesSheetScopes1-5-25sm.pdf\">Ver ficha de vendas<\/a><\/li>\n<li><a href=\"https:\/\/angrystag.com\/wp-content\/uploads\/2025\/07\/Scope_UserGuide7-14-253.pdf\">Ver manual do utilizador<\/a><\/li>\n<li><a href=\"https:\/\/angrystag.com\/wp-content\/uploads\/2024\/12\/Scope_Quickstart_12-3-24.pdf\">Ver Guia de in\u00edcio r\u00e1pido<\/a><\/li>\n<\/ul>\n<p><strong>Nome do produto<\/strong><\/p>\n<ul>\n<li>AS-384-50<\/li>\n<\/ul>","protected":false},"excerpt":{"rendered":"<p><span style=\"font-weight: 400;\">Experimente imagens t\u00e9rmicas de qualidade superior com esta mira avan\u00e7ada com um sensor de 384\u00d7288. Concebido para uma utiliza\u00e7\u00e3o vers\u00e1til, oferece a melhor imagem t\u00e9rmica da sua classe, focagem manual e uma objetiva de 50 mm. Equipado com um NUC sem obturador, melhoramento de cores falsas e amplia\u00e7\u00e3o digital, este videosc\u00f3pio proporciona um desempenho excecional. Alimentado por uma bateria de longa dura\u00e7\u00e3o, fornece transmiss\u00e3o Wi-Fi e carregamento USB-C. O Thermal Scope AS384 \u00e9 constru\u00eddo com alum\u00ednio de aeronave dur\u00e1vel e oferece recursos como grava\u00e7\u00e3o pr\u00e9-evento, fotos e v\u00eddeo. Todos os escopos t\u00e9rmicos Angry Stag v\u00eam de f\u00e1brica com Trimode \u2122, permitindo o uso como um riflesc\u00f3pio, um clip-on ou um dispositivo port\u00e1til, e ThermaLoc \u2122 permitindo a ca\u00e7a e observa\u00e7\u00e3o diurna. Fabricado nos EUA, \u00e9 acess\u00edvel para ca\u00e7adores e entusiastas que procuram imagens t\u00e9rmicas de topo.<\/span><\/p>","protected":false},"featured_media":12487,"comment_status":"closed","ping_status":"closed","template":"","meta":[],"product_cat":[15,168,164],"product_tag":[241],"class_list":{"0":"post-11123","1":"product","2":"type-product","3":"status-publish","4":"has-post-thumbnail","6":"product_cat-all-products","7":"product_cat-scopes","8":"product_cat-thermal-scopes","9":"product_tag-384-50","10":"pa_1000gs-tested-yes","11":"pa_5-year-limited-warranty-yes","12":"pa_50hz-refresh-rate-yes","13":"pa_6-reticles-3-colors-yes","14":"pa_7-false-color-pallets-yes","15":"pa_accessories-carrying-case","16":"pa_accessories-eyecup-for-riflescope-and-clip-on","17":"pa_accessories-flip-up-lens-cover","18":"pa_accessories-microfiber-lens-cleaner","19":"pa_accessories-owners-manual","20":"pa_accessories-quickstart-guide","21":"pa_accessories-thermal-targets","22":"pa_accessories-usb-c-changing-adpater","23":"pa_accessories-usb-c-streaming-cable","24":"pa_field-firmware-update-no","25":"pa_horizontal-field-of-view-7-degrees","26":"pa_mk-76","27":"pa_oled-1024x768-yes","28":"pa_one-shot-freeze-alignment-yes","29":"pa_pixel-size-17um","30":"pa_sensor-resolution-384x288","31":"pa_thermal-lens-50mm","32":"pa_tilt-power-savings-yes","33":"pa_tilt-sensor-yes","34":"pa_trimode-mount-yes","36":"first","37":"instock","38":"taxable","39":"shipping-taxable","40":"purchasable","41":"product-type-simple"},"yoast_head":"<!-- This site is optimized with the Yoast SEO plugin v27.2 - https:\/\/yoast.com\/product\/yoast-seo-wordpress\/ -->\n<title>Thermal Scope AS-384-50 TriMode\u2122 - Angry Stag<\/title>\n<meta name=\"robots\" content=\"index, follow, max-snippet:-1, max-image-preview:large, max-video-preview:-1\" \/>\n<link rel=\"canonical\" href=\"https:\/\/angrystag.com\/pt\/produto\/termometro-as-384-50-trimode\/\" \/>\n<meta property=\"og:locale\" content=\"pt_PT\" \/>\n<meta property=\"og:type\" content=\"article\" \/>\n<meta property=\"og:title\" content=\"Thermal Scope AS-384-50 TriMode\u2122 - Angry Stag\" \/>\n<meta property=\"og:description\" content=\"Experience superior thermal imaging with this advanced scope featuring a 384\u00d7288 sensor. Designed for versatile use, it offers best-in-class thermal imaging, manual focus, and a 50mm lens. Equipped with a shutterless NUC, false color enhancement, and digital magnification, this scope delivers exceptional performance. Powered by a long-lasting battery, it provides Wi-Fi streaming and USB-C charging. The Thermal Scope AS384 is built with durable aircraft Aluminum and offers features like pre-event recording, stills, and video. All Angry Stag Thermal scopes come standard with Trimode\u2122 allowing for use as a riflescope, a clip-on, or a handheld, and ThermaLoc\u2122 allowing for daytime hunting and observing. Made in the USA, it\u2019s affordable for hunters and enthusiasts seeking top-tier thermal imaging.\" \/>\n<meta property=\"og:url\" content=\"https:\/\/angrystag.com\/pt\/produto\/termometro-as-384-50-trimode\/\" \/>\n<meta property=\"og:site_name\" content=\"Angry Stag\" \/>\n<meta property=\"article:publisher\" content=\"https:\/\/www.facebook.com\/profile.php?id=100083670355772&amp;mibextid=LQQJ4d\" \/>\n<meta property=\"article:modified_time\" content=\"2026-02-06T07:21:43+00:00\" \/>\n<meta property=\"og:image\" content=\"https:\/\/angrystag.com\/wp-content\/uploads\/2024\/09\/thermal-scope-as-384-50-trimode.jpg\" \/>\n\t<meta property=\"og:image:width\" content=\"2560\" \/>\n\t<meta property=\"og:image:height\" content=\"2560\" \/>\n\t<meta property=\"og:image:type\" content=\"image\/jpeg\" \/>\n<meta name=\"twitter:card\" content=\"summary_large_image\" \/>\n<meta name=\"twitter:label1\" content=\"Est. reading time\" \/>\n\t<meta name=\"twitter:data1\" content=\"2 minutes\" \/>\n<script type=\"application\/ld+json\" class=\"yoast-schema-graph\">{\"@context\":\"https:\/\/schema.org\",\"@graph\":[{\"@type\":\"WebPage\",\"@id\":\"https:\/\/angrystag.com\/product\/thermal-scope-as-384-50-trimode\/\",\"url\":\"https:\/\/angrystag.com\/product\/thermal-scope-as-384-50-trimode\/\",\"name\":\"Thermal Scope AS-384-50 TriMode\u2122 - Angry Stag\",\"isPartOf\":{\"@id\":\"https:\/\/angrystag.com\/#website\"},\"primaryImageOfPage\":{\"@id\":\"https:\/\/angrystag.com\/product\/thermal-scope-as-384-50-trimode\/#primaryimage\"},\"image\":{\"@id\":\"https:\/\/angrystag.com\/product\/thermal-scope-as-384-50-trimode\/#primaryimage\"},\"thumbnailUrl\":\"https:\/\/angrystag.com\/wp-content\/uploads\/2024\/09\/thermal-scope-as-384-50-trimode.jpg\",\"datePublished\":\"2024-09-30T12:03:45+00:00\",\"dateModified\":\"2026-02-06T07:21:43+00:00\",\"breadcrumb\":{\"@id\":\"https:\/\/angrystag.com\/product\/thermal-scope-as-384-50-trimode\/#breadcrumb\"},\"inLanguage\":\"pt-PT\",\"potentialAction\":[{\"@type\":\"ReadAction\",\"target\":[\"https:\/\/angrystag.com\/product\/thermal-scope-as-384-50-trimode\/\"]}]},{\"@type\":\"ImageObject\",\"inLanguage\":\"pt-PT\",\"@id\":\"https:\/\/angrystag.com\/product\/thermal-scope-as-384-50-trimode\/#primaryimage\",\"url\":\"https:\/\/angrystag.com\/wp-content\/uploads\/2024\/09\/thermal-scope-as-384-50-trimode.jpg\",\"contentUrl\":\"https:\/\/angrystag.com\/wp-content\/uploads\/2024\/09\/thermal-scope-as-384-50-trimode.jpg\",\"width\":2560,\"height\":2560,\"caption\":\"Thermal Scope AS-384-50 TriMode\u2122\"},{\"@type\":\"BreadcrumbList\",\"@id\":\"https:\/\/angrystag.com\/product\/thermal-scope-as-384-50-trimode\/#breadcrumb\",\"itemListElement\":[{\"@type\":\"ListItem\",\"position\":1,\"name\":\"Home\",\"item\":\"https:\/\/angrystag.com\/\"},{\"@type\":\"ListItem\",\"position\":2,\"name\":\"Shop\",\"item\":\"https:\/\/angrystag.com\/shop\/\"},{\"@type\":\"ListItem\",\"position\":3,\"name\":\"Thermal Scope AS-384-50 TriMode\u2122\"}]},{\"@type\":\"WebSite\",\"@id\":\"https:\/\/angrystag.com\/#website\",\"url\":\"https:\/\/angrystag.com\/\",\"name\":\"Angry Stag\",\"description\":\"Innovative &amp; Reliable Outdoor Products\",\"publisher\":{\"@id\":\"https:\/\/angrystag.com\/#organization\"},\"potentialAction\":[{\"@type\":\"SearchAction\",\"target\":{\"@type\":\"EntryPoint\",\"urlTemplate\":\"https:\/\/angrystag.com\/?s={search_term_string}\"},\"query-input\":{\"@type\":\"PropertyValueSpecification\",\"valueRequired\":true,\"valueName\":\"search_term_string\"}}],\"inLanguage\":\"pt-PT\"},{\"@type\":\"Organization\",\"@id\":\"https:\/\/angrystag.com\/#organization\",\"name\":\"Angry Stag\",\"url\":\"https:\/\/angrystag.com\/\",\"logo\":{\"@type\":\"ImageObject\",\"inLanguage\":\"pt-PT\",\"@id\":\"https:\/\/angrystag.com\/#\/schema\/logo\/image\/\",\"url\":\"https:\/\/angrystag.com\/wp-content\/uploads\/2024\/09\/Angry-Stag-Horizontal-Logo.png\",\"contentUrl\":\"https:\/\/angrystag.com\/wp-content\/uploads\/2024\/09\/Angry-Stag-Horizontal-Logo.png\",\"width\":800,\"height\":214,\"caption\":\"Angry Stag\"},\"image\":{\"@id\":\"https:\/\/angrystag.com\/#\/schema\/logo\/image\/\"},\"sameAs\":[\"https:\/\/www.facebook.com\/profile.php?id=100083670355772&mibextid=LQQJ4d\",\"https:\/\/www.instagram.com\/angrystagbrand\/\"]}]}<\/script>\n<!-- \/ Yoast SEO plugin. -->","yoast_head_json":{"title":"Mira t\u00e9rmica AS-384-50 TriMode\u2122 - Angry Stag","robots":{"index":"index","follow":"follow","max-snippet":"max-snippet:-1","max-image-preview":"max-image-preview:large","max-video-preview":"max-video-preview:-1"},"canonical":"https:\/\/angrystag.com\/pt\/produto\/termometro-as-384-50-trimode\/","og_locale":"pt_PT","og_type":"article","og_title":"Thermal Scope AS-384-50 TriMode\u2122 - Angry Stag","og_description":"Experience superior thermal imaging with this advanced scope featuring a 384\u00d7288 sensor. Designed for versatile use, it offers best-in-class thermal imaging, manual focus, and a 50mm lens. Equipped with a shutterless NUC, false color enhancement, and digital magnification, this scope delivers exceptional performance. Powered by a long-lasting battery, it provides Wi-Fi streaming and USB-C charging. The Thermal Scope AS384 is built with durable aircraft Aluminum and offers features like pre-event recording, stills, and video. All Angry Stag Thermal scopes come standard with Trimode\u2122 allowing for use as a riflescope, a clip-on, or a handheld, and ThermaLoc\u2122 allowing for daytime hunting and observing. Made in the USA, it\u2019s affordable for hunters and enthusiasts seeking top-tier thermal imaging.","og_url":"https:\/\/angrystag.com\/pt\/produto\/termometro-as-384-50-trimode\/","og_site_name":"Angry Stag","article_publisher":"https:\/\/www.facebook.com\/profile.php?id=100083670355772&mibextid=LQQJ4d","article_modified_time":"2026-02-06T07:21:43+00:00","og_image":[{"width":2560,"height":2560,"url":"https:\/\/angrystag.com\/wp-content\/uploads\/2024\/09\/thermal-scope-as-384-50-trimode.jpg","type":"image\/jpeg"}],"twitter_card":"summary_large_image","twitter_misc":{"Est. reading time":"2 minutes"},"schema":{"@context":"https:\/\/schema.org","@graph":[{"@type":"WebPage","@id":"https:\/\/angrystag.com\/product\/thermal-scope-as-384-50-trimode\/","url":"https:\/\/angrystag.com\/product\/thermal-scope-as-384-50-trimode\/","name":"Mira t\u00e9rmica AS-384-50 TriMode\u2122 - Angry Stag","isPartOf":{"@id":"https:\/\/angrystag.com\/#website"},"primaryImageOfPage":{"@id":"https:\/\/angrystag.com\/product\/thermal-scope-as-384-50-trimode\/#primaryimage"},"image":{"@id":"https:\/\/angrystag.com\/product\/thermal-scope-as-384-50-trimode\/#primaryimage"},"thumbnailUrl":"https:\/\/angrystag.com\/wp-content\/uploads\/2024\/09\/thermal-scope-as-384-50-trimode.jpg","datePublished":"2024-09-30T12:03:45+00:00","dateModified":"2026-02-06T07:21:43+00:00","breadcrumb":{"@id":"https:\/\/angrystag.com\/product\/thermal-scope-as-384-50-trimode\/#breadcrumb"},"inLanguage":"pt-PT","potentialAction":[{"@type":"ReadAction","target":["https:\/\/angrystag.com\/product\/thermal-scope-as-384-50-trimode\/"]}]},{"@type":"ImageObject","inLanguage":"pt-PT","@id":"https:\/\/angrystag.com\/product\/thermal-scope-as-384-50-trimode\/#primaryimage","url":"https:\/\/angrystag.com\/wp-content\/uploads\/2024\/09\/thermal-scope-as-384-50-trimode.jpg","contentUrl":"https:\/\/angrystag.com\/wp-content\/uploads\/2024\/09\/thermal-scope-as-384-50-trimode.jpg","width":2560,"height":2560,"caption":"Thermal Scope AS-384-50 TriMode\u2122"},{"@type":"BreadcrumbList","@id":"https:\/\/angrystag.com\/product\/thermal-scope-as-384-50-trimode\/#breadcrumb","itemListElement":[{"@type":"ListItem","position":1,"name":"Home","item":"https:\/\/angrystag.com\/"},{"@type":"ListItem","position":2,"name":"Shop","item":"https:\/\/angrystag.com\/shop\/"},{"@type":"ListItem","position":3,"name":"Thermal Scope AS-384-50 TriMode\u2122"}]},{"@type":"WebSite","@id":"https:\/\/angrystag.com\/#website","url":"https:\/\/angrystag.com\/","name":"Veado furioso","description":"Produtos inovadores e fi\u00e1veis para exteriores","publisher":{"@id":"https:\/\/angrystag.com\/#organization"},"potentialAction":[{"@type":"SearchAction","target":{"@type":"EntryPoint","urlTemplate":"https:\/\/angrystag.com\/?s={search_term_string}"},"query-input":{"@type":"PropertyValueSpecification","valueRequired":true,"valueName":"search_term_string"}}],"inLanguage":"pt-PT"},{"@type":"Organization","@id":"https:\/\/angrystag.com\/#organization","name":"Veado furioso","url":"https:\/\/angrystag.com\/","logo":{"@type":"ImageObject","inLanguage":"pt-PT","@id":"https:\/\/angrystag.com\/#\/schema\/logo\/image\/","url":"https:\/\/angrystag.com\/wp-content\/uploads\/2024\/09\/Angry-Stag-Horizontal-Logo.png","contentUrl":"https:\/\/angrystag.com\/wp-content\/uploads\/2024\/09\/Angry-Stag-Horizontal-Logo.png","width":800,"height":214,"caption":"Angry Stag"},"image":{"@id":"https:\/\/angrystag.com\/#\/schema\/logo\/image\/"},"sameAs":["https:\/\/www.facebook.com\/profile.php?id=100083670355772&mibextid=LQQJ4d","https:\/\/www.instagram.com\/angrystagbrand\/"]}]}},"_links":{"self":[{"href":"https:\/\/angrystag.com\/pt\/wp-json\/wp\/v2\/product\/11123","targetHints":{"allow":["GET"]}}],"collection":[{"href":"https:\/\/angrystag.com\/pt\/wp-json\/wp\/v2\/product"}],"about":[{"href":"https:\/\/angrystag.com\/pt\/wp-json\/wp\/v2\/types\/product"}],"replies":[{"embeddable":true,"href":"https:\/\/angrystag.com\/pt\/wp-json\/wp\/v2\/comments?post=11123"}],"wp:featuredmedia":[{"embeddable":true,"href":"https:\/\/angrystag.com\/pt\/wp-json\/wp\/v2\/media\/12487"}],"wp:attachment":[{"href":"https:\/\/angrystag.com\/pt\/wp-json\/wp\/v2\/media?parent=11123"}],"wp:term":[{"taxonomy":"product_cat","embeddable":true,"href":"https:\/\/angrystag.com\/pt\/wp-json\/wp\/v2\/product_cat?post=11123"},{"taxonomy":"product_tag","embeddable":true,"href":"https:\/\/angrystag.com\/pt\/wp-json\/wp\/v2\/product_tag?post=11123"}],"curies":[{"name":"wp","href":"https:\/\/api.w.org\/{rel}","templated":true}]}}