{"id":12951,"date":"2025-12-15T18:43:35","date_gmt":"2025-12-15T18:43:35","guid":{"rendered":"https:\/\/angrystag.com\/?post_type=product&#038;p=12951"},"modified":"2025-12-15T18:59:16","modified_gmt":"2025-12-15T18:59:16","slug":"thermal-scope-as-320-15-trimode","status":"publish","type":"product","link":"https:\/\/angrystag.com\/pt\/product\/thermal-scope-as-320-15-trimode\/","title":{"rendered":"\u00c2mbito T\u00e9rmico AS-320-15 TriMode\u2122"},"content":{"rendered":"<p><span style=\"font-weight: 400\">O nosso alcance est\u00e1 dispon\u00edvel com uma resolu\u00e7\u00e3o de sensor de 320\u00d7240. Este alcance foi projetado com a mais recente tecnologia para proporcionar aos utilizadores uma experi\u00eancia de imagem de alta qualidade. Este alcance foi projetado para ser vers\u00e1til e pode ser usado com um clipe ou montagem de rifle. O alcance possui focagem manual e tem um 15<\/span><span style=\"font-weight: 400\">lente mm. Possui tamb\u00e9m um micro-ecr\u00e3 OLED de 720P e uma taxa de atualiza\u00e7\u00e3o de 50 Hz. Al\u00e9m destas caracter\u00edsticas, esta mira vem equipada com um obturador e um NUC sem obturador, bem como realce de cor falsa e zoom digital. Esta mira tem uma bateria recarreg\u00e1vel de longa dura\u00e7\u00e3o que proporciona at\u00e9 12 horas de uso, e vem com grava\u00e7\u00e3o de pr\u00e9-evento, capacidade de tirar fotografias e gravar v\u00eddeos, bem como uma mem\u00f3ria flash EMMC fi\u00e1vel integrada.<\/span><\/p>\n<p><span style=\"font-weight: 400\">A mira vem com funcionalidades de transmiss\u00e3o via Wi-Fi e carregamento USB-C. O firmware pode ser atualizado em campo. Para ainda mais funcionalidades, os utilizadores podem optar pelo acess\u00f3rio de encaixe de tel\u00e9metro a laser, que fornece c\u00e1lculos bal\u00edsticos. Esta mira foi tamb\u00e9m concebida para ser ultraleve. A mira tem poupan\u00e7a de energia por inclina\u00e7\u00e3o e funcionalidades de desligamento autom\u00e1tico para prolongar a vida da bateria. E, o melhor de tudo, esta mira tem o custo mais baixo da ind\u00fastria e \u00e9 orgulhosamente fabricada nos EUA.<\/span><\/p>\n<p><strong>Carater\u00edsticas<\/strong><\/p>\n<ul>\n<li>Capacidade de montagem em clipe ou em espingarda<\/li>\n<li>Focagem manual, op\u00e7\u00f5es de objectivas de 35 mm e 50 mm<\/li>\n<li>Micro-ecr\u00e3 OLED 720P<\/li>\n<li>Taxa de quadros de 50Hz<\/li>\n<li>NUC com e sem obturador<\/li>\n<li>7 realce de cores falsas<\/li>\n<li>Amplia\u00e7\u00e3o digital<\/li>\n<li>Bateria recarreg\u00e1vel com dura\u00e7\u00e3o de 8 horas<\/li>\n<li>Grava\u00e7\u00e3o pr\u00e9-evento, fotografias e v\u00eddeo com a fi\u00e1vel mem\u00f3ria Flash EMMC integrada<\/li>\n<li>Transmiss\u00e3o Wi-Fi<\/li>\n<li>Carregamento USB-C<\/li>\n<li>Op\u00e7\u00e3o de acess\u00f3rio de encaixe do tel\u00e9metro laser com c\u00e1lculos bal\u00edsticos<\/li>\n<li>Tecnologia de ponta, ultra-leve<\/li>\n<li>Caixa de alum\u00ednio de qualidade aeron\u00e1utica<\/li>\n<li>Poupan\u00e7a de energia com inclina\u00e7\u00e3o e desligamento autom\u00e1tico para aumentar a dura\u00e7\u00e3o da bateria<\/li>\n<li>O custo mais baixo do sector<\/li>\n<li>Fabricado nos EUA<\/li>\n<\/ul>\n<p><strong>Especifica\u00e7\u00e3o<\/strong><\/p>\n<ul>\n<li>Sensor 320\u00d7240<\/li>\n<li>Lente de 15 mm<\/li>\n<li>3-9x amplia\u00e7\u00e3o<\/li>\n<li>15 deg FOV horizontal<\/li>\n<li>TriMode\u2122<\/li>\n<li>ThermaLoc\u2122<\/li>\n<\/ul>\n<p><strong>Acess\u00f3rios na caixa<\/strong><\/p>\n<ul>\n<li>Estojo de transporte macio em EVA<\/li>\n<li>Oculares de encaixe e de montagem em espingarda<\/li>\n<li>Montagem em calha Picatinny<\/li>\n<li>Cord\u00e3o para opera\u00e7\u00e3o manual<\/li>\n<li>Limpador de lentes em microfibra<\/li>\n<li>Carregador de bateria USB-C 2A<\/li>\n<li>Alvo de alinhamento<\/li>\n<li>Almofadas t\u00e9rmicas Stick-on Alignment 5<\/li>\n<li>Guia de in\u00edcio r\u00e1pido<\/li>\n<li>Guia detalhado do utilizador<\/li>\n<\/ul>\n<p><strong>Recursos<\/strong><\/p>\n<ul>\n<li><a href=\"https:\/\/angrystag.com\/wp-content\/uploads\/2025\/01\/SalesSheetScopes1-5-25sm.pdf\">Ver ficha de vendas<\/a><\/li>\n<li><a href=\"https:\/\/angrystag.com\/wp-content\/uploads\/2025\/07\/Scope_UserGuide7-14-253.pdf\">Ver manual do utilizador<\/a><\/li>\n<li><a href=\"https:\/\/angrystag.com\/wp-content\/uploads\/2024\/12\/Scope_Quickstart_12-3-24.pdf\">Ver Guia de in\u00edcio r\u00e1pido<\/a><\/li>\n<\/ul>\n<p><strong>Nome do produto<\/strong><\/p>\n<ul>\n<li>AS-320-15<\/li>\n<\/ul>","protected":false},"excerpt":{"rendered":"<p><span style=\"font-weight: 400\">Experimente imagens t\u00e9rmicas de qualidade superior com este avan\u00e7ado videosc\u00f3pio que inclui um <\/span><span style=\"font-weight: 400\">320\u00d7240<\/span><span style=\"font-weight: 400\"> sensor. Concebida para uma utiliza\u00e7\u00e3o vers\u00e1til, oferece a melhor imagem t\u00e9rmica da sua classe, focagem manual e um sensor de 15<\/span><span style=\"font-weight: 400\">lente mm. Equipado com um NUC sem obturador, realce de cores falsas e amplia\u00e7\u00e3o digital, este alcance oferece um desempenho excecional. Alimentado por uma bateria de longa dura\u00e7\u00e3o, proporciona streaming Wi-Fi e carregamento USB-C. O alcance t\u00e9rmico AS320 \u00e9 constru\u00eddo em alum\u00ednio de avia\u00e7\u00e3o dur\u00e1vel e oferece funcionalidades como grava\u00e7\u00e3o pr\u00e9-evento, fotografias e v\u00eddeo. Todos os alcances t\u00e9rmicos Angry Stag v\u00eam de s\u00e9rie com Trimode\u2122, permitindo o uso como mira telesc\u00f3pica, como acess\u00f3rio de acoplamento ou como dispositivo port\u00e1til, e ThermaLoc\u2122, permitindo a ca\u00e7a e observa\u00e7\u00e3o diurna. Fabricado nos EUA, \u00e9 acess\u00edvel para ca\u00e7adores e entusiastas que procuram imagens t\u00e9rmicas de topo.<\/span><\/p>","protected":false},"featured_media":12483,"comment_status":"closed","ping_status":"closed","template":"","meta":[],"product_cat":[168,164],"product_tag":[263],"class_list":{"0":"post-12951","1":"product","2":"type-product","3":"status-publish","4":"has-post-thumbnail","6":"product_cat-scopes","7":"product_cat-thermal-scopes","8":"product_tag-320-15","9":"pa_1000gs-tested-yes","10":"pa_5-year-limited-warranty-yes","11":"pa_50hz-refresh-rate-yes","12":"pa_6-reticles-3-colors-yes","13":"pa_7-false-color-pallets-yes","14":"pa_accessories-carrying-case","15":"pa_accessories-eyecup-for-riflescope-and-clip-on","16":"pa_accessories-flip-up-lens-cover","17":"pa_accessories-microfiber-lens-cleaner","18":"pa_accessories-owners-manual","19":"pa_accessories-quickstart-guide","20":"pa_accessories-thermal-targets","21":"pa_accessories-usb-c-changing-adpater","22":"pa_accessories-usb-c-streaming-cable","23":"pa_field-firmware-update-no","24":"pa_horizontal-field-of-view-15-degrees","25":"pa_mk-74","26":"pa_oled-1024x768-yes","27":"pa_one-shot-freeze-alignment-yes","28":"pa_pixel-size-12um","29":"pa_sensor-resolution-320x240","30":"pa_thermal-lens-15mm","31":"pa_tilt-power-savings-yes","32":"pa_tilt-sensor-yes","33":"pa_trimode-mount-yes","35":"first","36":"instock","37":"taxable","38":"shipping-taxable","39":"purchasable","40":"product-type-simple"},"yoast_head":"<!-- This site is optimized with the Yoast SEO plugin v27.2 - https:\/\/yoast.com\/product\/yoast-seo-wordpress\/ -->\n<title>Thermal Scope AS-320-15 TriMode\u2122 - Angry Stag<\/title>\n<meta name=\"robots\" content=\"index, follow, max-snippet:-1, max-image-preview:large, max-video-preview:-1\" \/>\n<link rel=\"canonical\" href=\"https:\/\/angrystag.com\/pt\/produto\/thermal-scope-as-320-15-trimode\/\" \/>\n<meta property=\"og:locale\" content=\"pt_PT\" \/>\n<meta property=\"og:type\" content=\"article\" \/>\n<meta property=\"og:title\" content=\"Thermal Scope AS-320-15 TriMode\u2122 - Angry Stag\" \/>\n<meta property=\"og:description\" content=\"Experience superior thermal imaging with this advanced scope featuring a 320\u00d7240 sensor. Designed for versatile use, it offers best-in-class thermal imaging, manual focus, and a 15mm lens. Equipped with a shutterless NUC, false color enhancement, and digital magnification, this scope delivers exceptional performance. Powered by a long-lasting battery, it provides Wi-Fi streaming and USB-C charging. The Thermal Scope AS320 is built with durable aircraft Aluminum and offers features like pre-event recording, stills, and video. All Angry Stag Thermal scopes come standard with Trimode\u2122 allowing for use as a riflescope, a clip-on, or a handheld, and ThermaLoc\u2122 allowing for daytime hunting and observing. Made in the USA, it\u2019s affordable for hunters and enthusiasts seeking top-tier thermal imaging.\" \/>\n<meta property=\"og:url\" content=\"https:\/\/angrystag.com\/pt\/produto\/thermal-scope-as-320-15-trimode\/\" \/>\n<meta property=\"og:site_name\" content=\"Angry Stag\" \/>\n<meta property=\"article:publisher\" content=\"https:\/\/www.facebook.com\/profile.php?id=100083670355772&amp;mibextid=LQQJ4d\" \/>\n<meta property=\"article:modified_time\" content=\"2025-12-15T18:59:16+00:00\" \/>\n<meta property=\"og:image\" content=\"https:\/\/angrystag.com\/wp-content\/uploads\/2024\/09\/thermal-scope-as-256-15-trimode.png\" \/>\n\t<meta property=\"og:image:width\" content=\"1536\" \/>\n\t<meta property=\"og:image:height\" content=\"1536\" \/>\n\t<meta property=\"og:image:type\" content=\"image\/png\" \/>\n<meta name=\"twitter:card\" content=\"summary_large_image\" \/>\n<meta name=\"twitter:label1\" content=\"Est. reading time\" \/>\n\t<meta name=\"twitter:data1\" content=\"2 minutes\" \/>\n<script type=\"application\/ld+json\" class=\"yoast-schema-graph\">{\"@context\":\"https:\/\/schema.org\",\"@graph\":[{\"@type\":\"WebPage\",\"@id\":\"https:\/\/angrystag.com\/product\/thermal-scope-as-320-15-trimode\/\",\"url\":\"https:\/\/angrystag.com\/product\/thermal-scope-as-320-15-trimode\/\",\"name\":\"Thermal Scope AS-320-15 TriMode\u2122 - Angry Stag\",\"isPartOf\":{\"@id\":\"https:\/\/angrystag.com\/#website\"},\"primaryImageOfPage\":{\"@id\":\"https:\/\/angrystag.com\/product\/thermal-scope-as-320-15-trimode\/#primaryimage\"},\"image\":{\"@id\":\"https:\/\/angrystag.com\/product\/thermal-scope-as-320-15-trimode\/#primaryimage\"},\"thumbnailUrl\":\"https:\/\/angrystag.com\/wp-content\/uploads\/2024\/09\/thermal-scope-as-256-15-trimode.png\",\"datePublished\":\"2025-12-15T18:43:35+00:00\",\"dateModified\":\"2025-12-15T18:59:16+00:00\",\"breadcrumb\":{\"@id\":\"https:\/\/angrystag.com\/product\/thermal-scope-as-320-15-trimode\/#breadcrumb\"},\"inLanguage\":\"pt-PT\",\"potentialAction\":[{\"@type\":\"ReadAction\",\"target\":[\"https:\/\/angrystag.com\/product\/thermal-scope-as-320-15-trimode\/\"]}]},{\"@type\":\"ImageObject\",\"inLanguage\":\"pt-PT\",\"@id\":\"https:\/\/angrystag.com\/product\/thermal-scope-as-320-15-trimode\/#primaryimage\",\"url\":\"https:\/\/angrystag.com\/wp-content\/uploads\/2024\/09\/thermal-scope-as-256-15-trimode.png\",\"contentUrl\":\"https:\/\/angrystag.com\/wp-content\/uploads\/2024\/09\/thermal-scope-as-256-15-trimode.png\",\"width\":1536,\"height\":1536,\"caption\":\"Thermal Scope AS-256-15 TriMode\u2122\"},{\"@type\":\"BreadcrumbList\",\"@id\":\"https:\/\/angrystag.com\/product\/thermal-scope-as-320-15-trimode\/#breadcrumb\",\"itemListElement\":[{\"@type\":\"ListItem\",\"position\":1,\"name\":\"Home\",\"item\":\"https:\/\/angrystag.com\/\"},{\"@type\":\"ListItem\",\"position\":2,\"name\":\"Shop\",\"item\":\"https:\/\/angrystag.com\/shop\/\"},{\"@type\":\"ListItem\",\"position\":3,\"name\":\"Thermal Scope AS-320-15 TriMode\u2122\"}]},{\"@type\":\"WebSite\",\"@id\":\"https:\/\/angrystag.com\/#website\",\"url\":\"https:\/\/angrystag.com\/\",\"name\":\"Angry Stag\",\"description\":\"Innovative &amp; Reliable Outdoor Products\",\"publisher\":{\"@id\":\"https:\/\/angrystag.com\/#organization\"},\"potentialAction\":[{\"@type\":\"SearchAction\",\"target\":{\"@type\":\"EntryPoint\",\"urlTemplate\":\"https:\/\/angrystag.com\/?s={search_term_string}\"},\"query-input\":{\"@type\":\"PropertyValueSpecification\",\"valueRequired\":true,\"valueName\":\"search_term_string\"}}],\"inLanguage\":\"pt-PT\"},{\"@type\":\"Organization\",\"@id\":\"https:\/\/angrystag.com\/#organization\",\"name\":\"Angry Stag\",\"url\":\"https:\/\/angrystag.com\/\",\"logo\":{\"@type\":\"ImageObject\",\"inLanguage\":\"pt-PT\",\"@id\":\"https:\/\/angrystag.com\/#\/schema\/logo\/image\/\",\"url\":\"https:\/\/angrystag.com\/wp-content\/uploads\/2024\/09\/Angry-Stag-Horizontal-Logo.png\",\"contentUrl\":\"https:\/\/angrystag.com\/wp-content\/uploads\/2024\/09\/Angry-Stag-Horizontal-Logo.png\",\"width\":800,\"height\":214,\"caption\":\"Angry Stag\"},\"image\":{\"@id\":\"https:\/\/angrystag.com\/#\/schema\/logo\/image\/\"},\"sameAs\":[\"https:\/\/www.facebook.com\/profile.php?id=100083670355772&mibextid=LQQJ4d\",\"https:\/\/www.instagram.com\/angrystagbrand\/\"]}]}<\/script>\n<!-- \/ Yoast SEO plugin. -->","yoast_head_json":{"title":"Thermal Scope AS-320-15 TriMode\u2122 - Angry Stag","robots":{"index":"index","follow":"follow","max-snippet":"max-snippet:-1","max-image-preview":"max-image-preview:large","max-video-preview":"max-video-preview:-1"},"canonical":"https:\/\/angrystag.com\/pt\/produto\/thermal-scope-as-320-15-trimode\/","og_locale":"pt_PT","og_type":"article","og_title":"Thermal Scope AS-320-15 TriMode\u2122 - Angry Stag","og_description":"Experience superior thermal imaging with this advanced scope featuring a 320\u00d7240 sensor. Designed for versatile use, it offers best-in-class thermal imaging, manual focus, and a 15mm lens. Equipped with a shutterless NUC, false color enhancement, and digital magnification, this scope delivers exceptional performance. Powered by a long-lasting battery, it provides Wi-Fi streaming and USB-C charging. The Thermal Scope AS320 is built with durable aircraft Aluminum and offers features like pre-event recording, stills, and video. All Angry Stag Thermal scopes come standard with Trimode\u2122 allowing for use as a riflescope, a clip-on, or a handheld, and ThermaLoc\u2122 allowing for daytime hunting and observing. Made in the USA, it\u2019s affordable for hunters and enthusiasts seeking top-tier thermal imaging.","og_url":"https:\/\/angrystag.com\/pt\/produto\/thermal-scope-as-320-15-trimode\/","og_site_name":"Angry Stag","article_publisher":"https:\/\/www.facebook.com\/profile.php?id=100083670355772&mibextid=LQQJ4d","article_modified_time":"2025-12-15T18:59:16+00:00","og_image":[{"width":1536,"height":1536,"url":"https:\/\/angrystag.com\/wp-content\/uploads\/2024\/09\/thermal-scope-as-256-15-trimode.png","type":"image\/png"}],"twitter_card":"summary_large_image","twitter_misc":{"Est. reading time":"2 minutes"},"schema":{"@context":"https:\/\/schema.org","@graph":[{"@type":"WebPage","@id":"https:\/\/angrystag.com\/product\/thermal-scope-as-320-15-trimode\/","url":"https:\/\/angrystag.com\/product\/thermal-scope-as-320-15-trimode\/","name":"Thermal Scope AS-320-15 TriMode\u2122 - Angry Stag","isPartOf":{"@id":"https:\/\/angrystag.com\/#website"},"primaryImageOfPage":{"@id":"https:\/\/angrystag.com\/product\/thermal-scope-as-320-15-trimode\/#primaryimage"},"image":{"@id":"https:\/\/angrystag.com\/product\/thermal-scope-as-320-15-trimode\/#primaryimage"},"thumbnailUrl":"https:\/\/angrystag.com\/wp-content\/uploads\/2024\/09\/thermal-scope-as-256-15-trimode.png","datePublished":"2025-12-15T18:43:35+00:00","dateModified":"2025-12-15T18:59:16+00:00","breadcrumb":{"@id":"https:\/\/angrystag.com\/product\/thermal-scope-as-320-15-trimode\/#breadcrumb"},"inLanguage":"pt-PT","potentialAction":[{"@type":"ReadAction","target":["https:\/\/angrystag.com\/product\/thermal-scope-as-320-15-trimode\/"]}]},{"@type":"ImageObject","inLanguage":"pt-PT","@id":"https:\/\/angrystag.com\/product\/thermal-scope-as-320-15-trimode\/#primaryimage","url":"https:\/\/angrystag.com\/wp-content\/uploads\/2024\/09\/thermal-scope-as-256-15-trimode.png","contentUrl":"https:\/\/angrystag.com\/wp-content\/uploads\/2024\/09\/thermal-scope-as-256-15-trimode.png","width":1536,"height":1536,"caption":"Thermal Scope AS-256-15 TriMode\u2122"},{"@type":"BreadcrumbList","@id":"https:\/\/angrystag.com\/product\/thermal-scope-as-320-15-trimode\/#breadcrumb","itemListElement":[{"@type":"ListItem","position":1,"name":"Home","item":"https:\/\/angrystag.com\/"},{"@type":"ListItem","position":2,"name":"Shop","item":"https:\/\/angrystag.com\/shop\/"},{"@type":"ListItem","position":3,"name":"Thermal Scope AS-320-15 TriMode\u2122"}]},{"@type":"WebSite","@id":"https:\/\/angrystag.com\/#website","url":"https:\/\/angrystag.com\/","name":"Veado furioso","description":"Produtos inovadores e fi\u00e1veis para exteriores","publisher":{"@id":"https:\/\/angrystag.com\/#organization"},"potentialAction":[{"@type":"SearchAction","target":{"@type":"EntryPoint","urlTemplate":"https:\/\/angrystag.com\/?s={search_term_string}"},"query-input":{"@type":"PropertyValueSpecification","valueRequired":true,"valueName":"search_term_string"}}],"inLanguage":"pt-PT"},{"@type":"Organization","@id":"https:\/\/angrystag.com\/#organization","name":"Veado furioso","url":"https:\/\/angrystag.com\/","logo":{"@type":"ImageObject","inLanguage":"pt-PT","@id":"https:\/\/angrystag.com\/#\/schema\/logo\/image\/","url":"https:\/\/angrystag.com\/wp-content\/uploads\/2024\/09\/Angry-Stag-Horizontal-Logo.png","contentUrl":"https:\/\/angrystag.com\/wp-content\/uploads\/2024\/09\/Angry-Stag-Horizontal-Logo.png","width":800,"height":214,"caption":"Angry Stag"},"image":{"@id":"https:\/\/angrystag.com\/#\/schema\/logo\/image\/"},"sameAs":["https:\/\/www.facebook.com\/profile.php?id=100083670355772&mibextid=LQQJ4d","https:\/\/www.instagram.com\/angrystagbrand\/"]}]}},"_links":{"self":[{"href":"https:\/\/angrystag.com\/pt\/wp-json\/wp\/v2\/product\/12951","targetHints":{"allow":["GET"]}}],"collection":[{"href":"https:\/\/angrystag.com\/pt\/wp-json\/wp\/v2\/product"}],"about":[{"href":"https:\/\/angrystag.com\/pt\/wp-json\/wp\/v2\/types\/product"}],"replies":[{"embeddable":true,"href":"https:\/\/angrystag.com\/pt\/wp-json\/wp\/v2\/comments?post=12951"}],"wp:featuredmedia":[{"embeddable":true,"href":"https:\/\/angrystag.com\/pt\/wp-json\/wp\/v2\/media\/12483"}],"wp:attachment":[{"href":"https:\/\/angrystag.com\/pt\/wp-json\/wp\/v2\/media?parent=12951"}],"wp:term":[{"taxonomy":"product_cat","embeddable":true,"href":"https:\/\/angrystag.com\/pt\/wp-json\/wp\/v2\/product_cat?post=12951"},{"taxonomy":"product_tag","embeddable":true,"href":"https:\/\/angrystag.com\/pt\/wp-json\/wp\/v2\/product_tag?post=12951"}],"curies":[{"name":"wp","href":"https:\/\/api.w.org\/{rel}","templated":true}]}}