{"id":4020,"date":"2024-09-24T07:39:14","date_gmt":"2024-09-24T07:39:14","guid":{"rendered":"https:\/\/angrystag.com\/?post_type=product&#038;p=4020"},"modified":"2025-03-12T13:50:05","modified_gmt":"2025-03-12T13:50:05","slug":"carregador-eletronico-de-revistas-ez-load","status":"publish","type":"product","link":"https:\/\/angrystag.com\/pt\/product\/ez-load-electronic-magazine-loader\/","title":{"rendered":"Carregador de carregadores eletr\u00f3nico EZ Load"},"content":{"rendered":"<p>O carregador de carregadores EZ load carrega at\u00e9 45 cartuchos 223\/5.56 Universal AR15. Poupa os polegares e muito tempo ao carregar os carregadores. O EZ Load funciona com um adaptador de parede (fornecido na caixa) ou com 6 pilhas de l\u00edtio AA (n\u00e3o inclu\u00eddas). \u00c9 port\u00e1til: tem uma pega de transporte pr\u00e1tica e pesa menos de 2,7 kg (6 libras). Para utilizar, basta introduzir o n\u00famero de cartuchos a carregar utilizando os controlos do ecr\u00e3 LCD, adicionar at\u00e9 40 cartuchos no compartimento, ligar o carregador e premir \"go\". \u00d3timo para campos de tiro, militares, for\u00e7as da lei e entusiastas de armas. Funciona com muni\u00e7\u00f5es de caixa .223, 5.56 Universal, de lat\u00e3o ou de n\u00edquel. A ponta oca n\u00e3o \u00e9 recomendada devido ao desgaste das pe\u00e7as internas. Concebida na Calif\u00f3rnia, fabricada em pa\u00edses que cumprem as normas TAA.<\/p>\n<p>Carater\u00edsticas principais<\/p>\n<ul>\n<li>Dep\u00f3sito de muni\u00e7\u00f5es de grande capacidade: O carregador el\u00e9trico de carregadores EZ Load tem capacidade para 40 cartuchos, pelo que pode carregar v\u00e1rios carregadores sem ter de parar para reabastecer.<\/li>\n<li>Compatibilidade vers\u00e1til: Este carregador \u00e9 compat\u00edvel com muni\u00e7\u00f5es .223 e .556, pelo que pode ser utilizado com uma vasta gama de armas de fogo.<\/li>\n<li>Velocidade de carregamento r\u00e1pida: Com o seu potente motor el\u00e9trico, este carregador pode encher um carregador de 30 cartuchos em menos de 45 segundos, e pode faz\u00ea-lo durante todo o dia!<\/li>\n<li>Fonte de alimenta\u00e7\u00e3o dupla: O carregador de revistas el\u00e9trico Angry Stag tem uma fonte de alimenta\u00e7\u00e3o dupla, pelo que pode facilmente mudar de pilhas para uma tomada de parede utilizando o adaptador.<\/li>\n<li>Constru\u00e7\u00e3o duradoura: Este carregador foi constru\u00eddo para durar, com uma caixa de alto impacto que pode suportar uma utiliza\u00e7\u00e3o regular.<\/li>\n<\/ul>\n<p><strong>Recursos<\/strong><\/p>\n<ul>\n<li><a href=\"https:\/\/angrystag.com\/wp-content\/uploads\/2025\/01\/SalesSheet-Muffs-EZ-12-15-24a.pdf\" target=\"_blank\" rel=\"noopener\">Ver ficha de vendas<\/a><\/li>\n<li><a href=\"\/wp-content\/uploads\/2024\/10\/EZLoad_UserGuideSm-copy.pdf\">Ver manual do utilizador<\/a><\/li>\n<\/ul>\n<p><strong>N\u00famero do produto<\/strong><\/p>\n<ul>\n<li>AG-15ARLDR, 800807100015<\/li>\n<\/ul>\n<p><iframe src=\"https:\/\/player.vimeo.com\/video\/799277444?&amp;title=0&amp;color=ffd700&amp;byline=0&amp;portrait=0\" width=\"500px\" height=\"294px\"><\/iframe><\/p>\n<div style=\"width: 900px;\" class=\"wp-video\"><video class=\"wp-video-shortcode\" id=\"video-4020-1\" width=\"900\" height=\"506\" preload=\"metadata\" controls=\"controls\"><source type=\"video\/mp4\" src=\"https:\/\/angrystag.com\/wp-content\/uploads\/2023\/11\/Untitled-video-Made-with-Clipchamp.mp4?_=1\" \/><a href=\"https:\/\/angrystag.com\/wp-content\/uploads\/2023\/11\/Untitled-video-Made-with-Clipchamp.mp4\">https:\/\/angrystag.com\/wp-content\/uploads\/2023\/11\/Untitled-video-Made-with-Clipchamp.mp4<\/a><\/video><\/div>","protected":false},"excerpt":{"rendered":"<p><span data-sheets-root=\"1\">Carregue os seus carregadores AR-15 de forma r\u00e1pida e eficiente com o carregador el\u00e9trico de carregadores EZ Load. Esta ferramenta potente e vers\u00e1til pode carregar at\u00e9 40 cartuchos de muni\u00e7\u00f5es .223 ou .556, poupando-lhe tempo e esfor\u00e7o. Com a sua fonte de alimenta\u00e7\u00e3o dupla, design pr\u00e1tico e constru\u00e7\u00e3o duradoura, o EZ Load \u00e9 o acess\u00f3rio perfeito para qualquer entusiasta de armas.<\/span><\/p>","protected":false},"featured_media":12482,"comment_status":"closed","ping_status":"closed","template":"","meta":[],"product_cat":[15,166],"product_tag":[],"class_list":{"0":"post-4020","1":"product","2":"type-product","3":"status-publish","4":"has-post-thumbnail","6":"product_brand-angry-stag","7":"product_cat-all-products","8":"product_cat-magazine-loader","10":"first","11":"instock","12":"featured","13":"taxable","14":"shipping-taxable","15":"purchasable","16":"product-type-simple"},"yoast_head":"<!-- This site is optimized with the Yoast SEO plugin v27.2 - https:\/\/yoast.com\/product\/yoast-seo-wordpress\/ -->\n<title>EZ Load Electronic Magazine Loader - Angry Stag<\/title>\n<meta name=\"robots\" content=\"index, follow, max-snippet:-1, max-image-preview:large, max-video-preview:-1\" \/>\n<link rel=\"canonical\" href=\"https:\/\/angrystag.com\/pt\/produto\/carregador-eletronico-de-revistas-ez-load\/\" \/>\n<meta property=\"og:locale\" content=\"pt_PT\" \/>\n<meta property=\"og:type\" content=\"article\" \/>\n<meta property=\"og:title\" content=\"EZ Load Electronic Magazine Loader - Angry Stag\" \/>\n<meta property=\"og:description\" content=\"Load your AR-15 magazines quickly and efficiently with the EZ Load Electric Magazine Loader. This powerful and versatile tool can load up to 40 rounds of .223 or .556 ammunition, saving you time and effort. With its dual power supply, convenient design, and durable construction, the EZ Load is the perfect accessory for any gun enthusiast.\" \/>\n<meta property=\"og:url\" content=\"https:\/\/angrystag.com\/pt\/produto\/carregador-eletronico-de-revistas-ez-load\/\" \/>\n<meta property=\"og:site_name\" content=\"Angry Stag\" \/>\n<meta property=\"article:publisher\" content=\"https:\/\/www.facebook.com\/profile.php?id=100083670355772&amp;mibextid=LQQJ4d\" \/>\n<meta property=\"article:modified_time\" content=\"2025-03-12T13:50:05+00:00\" \/>\n<meta property=\"og:image\" content=\"https:\/\/angrystag.com\/wp-content\/uploads\/2024\/09\/ez-load-electronic-magazine-loader.jpg\" \/>\n\t<meta property=\"og:image:width\" content=\"2000\" \/>\n\t<meta property=\"og:image:height\" content=\"2000\" \/>\n\t<meta property=\"og:image:type\" content=\"image\/jpeg\" \/>\n<meta name=\"twitter:card\" content=\"summary_large_image\" \/>\n<meta name=\"twitter:label1\" content=\"Est. reading time\" \/>\n\t<meta name=\"twitter:data1\" content=\"2 minutes\" \/>\n<script type=\"application\/ld+json\" class=\"yoast-schema-graph\">{\"@context\":\"https:\/\/schema.org\",\"@graph\":[{\"@type\":\"WebPage\",\"@id\":\"https:\/\/angrystag.com\/product\/ez-load-electronic-magazine-loader\/\",\"url\":\"https:\/\/angrystag.com\/product\/ez-load-electronic-magazine-loader\/\",\"name\":\"EZ Load Electronic Magazine Loader - Angry Stag\",\"isPartOf\":{\"@id\":\"https:\/\/angrystag.com\/#website\"},\"primaryImageOfPage\":{\"@id\":\"https:\/\/angrystag.com\/product\/ez-load-electronic-magazine-loader\/#primaryimage\"},\"image\":{\"@id\":\"https:\/\/angrystag.com\/product\/ez-load-electronic-magazine-loader\/#primaryimage\"},\"thumbnailUrl\":\"https:\/\/angrystag.com\/wp-content\/uploads\/2024\/09\/ez-load-electronic-magazine-loader.jpg\",\"datePublished\":\"2024-09-24T07:39:14+00:00\",\"dateModified\":\"2025-03-12T13:50:05+00:00\",\"breadcrumb\":{\"@id\":\"https:\/\/angrystag.com\/product\/ez-load-electronic-magazine-loader\/#breadcrumb\"},\"inLanguage\":\"pt-PT\",\"potentialAction\":[{\"@type\":\"ReadAction\",\"target\":[\"https:\/\/angrystag.com\/product\/ez-load-electronic-magazine-loader\/\"]}]},{\"@type\":\"ImageObject\",\"inLanguage\":\"pt-PT\",\"@id\":\"https:\/\/angrystag.com\/product\/ez-load-electronic-magazine-loader\/#primaryimage\",\"url\":\"https:\/\/angrystag.com\/wp-content\/uploads\/2024\/09\/ez-load-electronic-magazine-loader.jpg\",\"contentUrl\":\"https:\/\/angrystag.com\/wp-content\/uploads\/2024\/09\/ez-load-electronic-magazine-loader.jpg\",\"width\":2000,\"height\":2000,\"caption\":\"EZ Load Electronic Magazine Loader\"},{\"@type\":\"BreadcrumbList\",\"@id\":\"https:\/\/angrystag.com\/product\/ez-load-electronic-magazine-loader\/#breadcrumb\",\"itemListElement\":[{\"@type\":\"ListItem\",\"position\":1,\"name\":\"Home\",\"item\":\"https:\/\/angrystag.com\/\"},{\"@type\":\"ListItem\",\"position\":2,\"name\":\"Shop\",\"item\":\"https:\/\/angrystag.com\/shop\/\"},{\"@type\":\"ListItem\",\"position\":3,\"name\":\"EZ Load Electronic Magazine Loader\"}]},{\"@type\":\"WebSite\",\"@id\":\"https:\/\/angrystag.com\/#website\",\"url\":\"https:\/\/angrystag.com\/\",\"name\":\"Angry Stag\",\"description\":\"Innovative &amp; Reliable Outdoor Products\",\"publisher\":{\"@id\":\"https:\/\/angrystag.com\/#organization\"},\"potentialAction\":[{\"@type\":\"SearchAction\",\"target\":{\"@type\":\"EntryPoint\",\"urlTemplate\":\"https:\/\/angrystag.com\/?s={search_term_string}\"},\"query-input\":{\"@type\":\"PropertyValueSpecification\",\"valueRequired\":true,\"valueName\":\"search_term_string\"}}],\"inLanguage\":\"pt-PT\"},{\"@type\":\"Organization\",\"@id\":\"https:\/\/angrystag.com\/#organization\",\"name\":\"Angry Stag\",\"url\":\"https:\/\/angrystag.com\/\",\"logo\":{\"@type\":\"ImageObject\",\"inLanguage\":\"pt-PT\",\"@id\":\"https:\/\/angrystag.com\/#\/schema\/logo\/image\/\",\"url\":\"https:\/\/angrystag.com\/wp-content\/uploads\/2024\/09\/Angry-Stag-Horizontal-Logo.png\",\"contentUrl\":\"https:\/\/angrystag.com\/wp-content\/uploads\/2024\/09\/Angry-Stag-Horizontal-Logo.png\",\"width\":800,\"height\":214,\"caption\":\"Angry Stag\"},\"image\":{\"@id\":\"https:\/\/angrystag.com\/#\/schema\/logo\/image\/\"},\"sameAs\":[\"https:\/\/www.facebook.com\/profile.php?id=100083670355772&mibextid=LQQJ4d\",\"https:\/\/www.instagram.com\/angrystagbrand\/\"]}]}<\/script>\n<!-- \/ Yoast SEO plugin. -->","yoast_head_json":{"title":"Carregador de carregadores eletr\u00f3nico EZ Load - Angry Stag","robots":{"index":"index","follow":"follow","max-snippet":"max-snippet:-1","max-image-preview":"max-image-preview:large","max-video-preview":"max-video-preview:-1"},"canonical":"https:\/\/angrystag.com\/pt\/produto\/carregador-eletronico-de-revistas-ez-load\/","og_locale":"pt_PT","og_type":"article","og_title":"EZ Load Electronic Magazine Loader - Angry Stag","og_description":"Load your AR-15 magazines quickly and efficiently with the EZ Load Electric Magazine Loader. This powerful and versatile tool can load up to 40 rounds of .223 or .556 ammunition, saving you time and effort. With its dual power supply, convenient design, and durable construction, the EZ Load is the perfect accessory for any gun enthusiast.","og_url":"https:\/\/angrystag.com\/pt\/produto\/carregador-eletronico-de-revistas-ez-load\/","og_site_name":"Angry Stag","article_publisher":"https:\/\/www.facebook.com\/profile.php?id=100083670355772&mibextid=LQQJ4d","article_modified_time":"2025-03-12T13:50:05+00:00","og_image":[{"width":2000,"height":2000,"url":"https:\/\/angrystag.com\/wp-content\/uploads\/2024\/09\/ez-load-electronic-magazine-loader.jpg","type":"image\/jpeg"}],"twitter_card":"summary_large_image","twitter_misc":{"Est. reading time":"2 minutes"},"schema":{"@context":"https:\/\/schema.org","@graph":[{"@type":"WebPage","@id":"https:\/\/angrystag.com\/product\/ez-load-electronic-magazine-loader\/","url":"https:\/\/angrystag.com\/product\/ez-load-electronic-magazine-loader\/","name":"Carregador de carregadores eletr\u00f3nico EZ Load - Angry Stag","isPartOf":{"@id":"https:\/\/angrystag.com\/#website"},"primaryImageOfPage":{"@id":"https:\/\/angrystag.com\/product\/ez-load-electronic-magazine-loader\/#primaryimage"},"image":{"@id":"https:\/\/angrystag.com\/product\/ez-load-electronic-magazine-loader\/#primaryimage"},"thumbnailUrl":"https:\/\/angrystag.com\/wp-content\/uploads\/2024\/09\/ez-load-electronic-magazine-loader.jpg","datePublished":"2024-09-24T07:39:14+00:00","dateModified":"2025-03-12T13:50:05+00:00","breadcrumb":{"@id":"https:\/\/angrystag.com\/product\/ez-load-electronic-magazine-loader\/#breadcrumb"},"inLanguage":"pt-PT","potentialAction":[{"@type":"ReadAction","target":["https:\/\/angrystag.com\/product\/ez-load-electronic-magazine-loader\/"]}]},{"@type":"ImageObject","inLanguage":"pt-PT","@id":"https:\/\/angrystag.com\/product\/ez-load-electronic-magazine-loader\/#primaryimage","url":"https:\/\/angrystag.com\/wp-content\/uploads\/2024\/09\/ez-load-electronic-magazine-loader.jpg","contentUrl":"https:\/\/angrystag.com\/wp-content\/uploads\/2024\/09\/ez-load-electronic-magazine-loader.jpg","width":2000,"height":2000,"caption":"EZ Load Electronic Magazine Loader"},{"@type":"BreadcrumbList","@id":"https:\/\/angrystag.com\/product\/ez-load-electronic-magazine-loader\/#breadcrumb","itemListElement":[{"@type":"ListItem","position":1,"name":"Home","item":"https:\/\/angrystag.com\/"},{"@type":"ListItem","position":2,"name":"Shop","item":"https:\/\/angrystag.com\/shop\/"},{"@type":"ListItem","position":3,"name":"EZ Load Electronic Magazine Loader"}]},{"@type":"WebSite","@id":"https:\/\/angrystag.com\/#website","url":"https:\/\/angrystag.com\/","name":"Veado furioso","description":"Produtos inovadores e fi\u00e1veis para exteriores","publisher":{"@id":"https:\/\/angrystag.com\/#organization"},"potentialAction":[{"@type":"SearchAction","target":{"@type":"EntryPoint","urlTemplate":"https:\/\/angrystag.com\/?s={search_term_string}"},"query-input":{"@type":"PropertyValueSpecification","valueRequired":true,"valueName":"search_term_string"}}],"inLanguage":"pt-PT"},{"@type":"Organization","@id":"https:\/\/angrystag.com\/#organization","name":"Veado furioso","url":"https:\/\/angrystag.com\/","logo":{"@type":"ImageObject","inLanguage":"pt-PT","@id":"https:\/\/angrystag.com\/#\/schema\/logo\/image\/","url":"https:\/\/angrystag.com\/wp-content\/uploads\/2024\/09\/Angry-Stag-Horizontal-Logo.png","contentUrl":"https:\/\/angrystag.com\/wp-content\/uploads\/2024\/09\/Angry-Stag-Horizontal-Logo.png","width":800,"height":214,"caption":"Angry Stag"},"image":{"@id":"https:\/\/angrystag.com\/#\/schema\/logo\/image\/"},"sameAs":["https:\/\/www.facebook.com\/profile.php?id=100083670355772&mibextid=LQQJ4d","https:\/\/www.instagram.com\/angrystagbrand\/"]}]}},"_links":{"self":[{"href":"https:\/\/angrystag.com\/pt\/wp-json\/wp\/v2\/product\/4020","targetHints":{"allow":["GET"]}}],"collection":[{"href":"https:\/\/angrystag.com\/pt\/wp-json\/wp\/v2\/product"}],"about":[{"href":"https:\/\/angrystag.com\/pt\/wp-json\/wp\/v2\/types\/product"}],"replies":[{"embeddable":true,"href":"https:\/\/angrystag.com\/pt\/wp-json\/wp\/v2\/comments?post=4020"}],"wp:featuredmedia":[{"embeddable":true,"href":"https:\/\/angrystag.com\/pt\/wp-json\/wp\/v2\/media\/12482"}],"wp:attachment":[{"href":"https:\/\/angrystag.com\/pt\/wp-json\/wp\/v2\/media?parent=4020"}],"wp:term":[{"taxonomy":"product_cat","embeddable":true,"href":"https:\/\/angrystag.com\/pt\/wp-json\/wp\/v2\/product_cat?post=4020"},{"taxonomy":"product_tag","embeddable":true,"href":"https:\/\/angrystag.com\/pt\/wp-json\/wp\/v2\/product_tag?post=4020"}],"curies":[{"name":"wp","href":"https:\/\/api.w.org\/{rel}","templated":true}]}}