{"id":4034,"date":"2024-09-24T07:39:40","date_gmt":"2024-09-24T07:39:40","guid":{"rendered":"https:\/\/angrystag.com\/?post_type=product&#038;p=4034"},"modified":"2025-03-12T13:45:14","modified_gmt":"2025-03-12T13:45:14","slug":"auriculares-de-protecao-bluetooth-tacticos","status":"publish","type":"product","link":"https:\/\/angrystag.com\/pt\/product\/tactical-bluetooth-protective-ear-muffs\/","title":{"rendered":"Protectores auriculares t\u00e1cticos Bluetooth"},"content":{"rendered":"<p>Os nossos auriculares foram concebidos para permitir que os atiradores apontem as espingardas sem a interfer\u00eancia volumosa de uma prote\u00e7\u00e3o auditiva do tipo muff maior, mantendo simultaneamente classifica\u00e7\u00f5es NRR s\u00f3lidas. Os auriculares s\u00e3o desmont\u00e1veis e podem ser dobrados num perfil pequeno e port\u00e1til.<\/p>\n<p><strong>Carater\u00edsticas:<\/strong><\/p>\n<ul>\n<li>Design - Os nossos auscultadores foram concebidos para permitir aos atiradores apontar<br \/>\nsem a interfer\u00eancia volumosa de uma prote\u00e7\u00e3o auditiva do tipo abafador de maiores dimens\u00f5es, mantendo, ao mesmo tempo, os 25NRR exigidos pela OSHA para tiro. Todos os nossos auriculares s\u00e3o desmont\u00e1veis e podem ser dobrados num perfil pequeno e port\u00e1til e todos s\u00e3o de s\u00e9rie com abafadores em gel e fitas para a cabe\u00e7a almofadadas e espessas para uma utiliza\u00e7\u00e3o confort\u00e1vel durante todo o dia.<\/li>\n<li>Algoritmos avan\u00e7ados - Os nossos auscultadores utilizam algoritmos de prote\u00e7\u00e3o auditiva de \u00faltima gera\u00e7\u00e3o desenvolvidos pelos engenheiros da Angry Stag, o que resulta em abafadores mais finos com classifica\u00e7\u00f5es NRR s\u00f3lidas.<\/li>\n<li>Conforto - concebemos fitas para a cabe\u00e7a almofadadas e almofadas para os abafadores de alta qualidade. Tanto o Range como o Tactical utilizam bandoletes almofadadas melhoradas juntamente com abafadores em gel raramente vistos, resultando nos \"abafadores mais confort\u00e1veis do planeta\". Estes s\u00e3o o m\u00e1ximo em conforto para uma utiliza\u00e7\u00e3o de longa dura\u00e7\u00e3o.<\/li>\n<li>Verde - <span style=\"font-weight: 400;\">Todos os nossos auscultadores s\u00e3o recarreg\u00e1veis e t\u00eam uma longa dura\u00e7\u00e3o, pelo que n\u00e3o \u00e9 necess\u00e1rio substituir ou eliminar pilhas, o que reduz o custo de funcionamento e a pegada de carbono.<\/span><\/li>\n<li>Conectividade - Todos os nossos auriculares t\u00eam uma tomada de entrada de \u00e1udio que permite a liga\u00e7\u00e3o a r\u00e1dios FRS ou outros. Os auriculares t\u00e1cticos utilizam o mais recente chipset Bluetooth juntamente com NFC para uma liga\u00e7\u00e3o f\u00e1cil. Pode atender chamadas telef\u00f3nicas ou ouvir m\u00fasica transmitida a partir do seu smartphone, tablet ou outro dispositivo Bluetooth.<\/li>\n<li>Desempenho - O nosso DSP\/amplificador permite uma amplifica\u00e7\u00e3o at\u00e9 5X do som local, reagindo a qualquer som acima de 85dB em &lt;1ms.<\/li>\n<\/ul>\n<p><strong>Especifica\u00e7\u00f5es:<\/strong><\/p>\n<ul>\n<li>O Bluetooth 5.3 suporta chamadas telef\u00f3nicas e transmiss\u00e3o de m\u00fasica.<\/li>\n<li>Protectores auriculares em gel de alta qualidade para uma experi\u00eancia mais confort\u00e1vel.<\/li>\n<li>3 microfones potentes para um melhor desempenho \u00e1udio.<\/li>\n<\/ul>\n<p><strong>Recursos<\/strong><\/p>\n<ul>\n<li><a href=\"https:\/\/angrystag.com\/wp-content\/uploads\/2025\/01\/SalesSheet-Muffs-EZ-12-15-24a.pdf\">Ver ficha de vendas<\/a><\/li>\n<li><a href=\"\/wp-content\/uploads\/2024\/10\/Tactical-BT-User-Guide-T-100-BThqp.pdf\">Ver manual do utilizador<\/a><\/li>\n<\/ul>\n<p><strong>N\u00famero do produto:<\/strong><\/p>\n<ul>\n<li>T\u00e1tico: T-100, 800807100077<\/li>\n<\/ul>","protected":false},"excerpt":{"rendered":"<p><span style=\"font-weight: 400;\">Tactical BT - Os auscultadores Angry Stag s\u00e3o concebidos de raiz aqui mesmo, nos EUA. Todos os protectores auditivos t\u00eam uma compress\u00e3o ultra-r\u00e1pida de qualquer som superior a 85db e todos t\u00eam a classifica\u00e7\u00e3o m\u00ednima de 25NRR exigida pela OSHA. Todos os nossos auriculares s\u00e3o concebidos para utiliza\u00e7\u00e3o e conforto durante todo o dia e possuem baterias recarreg\u00e1veis, fitas para a cabe\u00e7a ultra acolchoadas, revestimento de luxo em borracha macia e abafadores em gel, tudo de s\u00e9rie. Tenha conversas normais, mas quando \u00e9 disparado um tiro, ouve-o a um n\u00edvel seguro de 85db.  O Tactical BT adiciona tecnologia Bluetooth, permitindo ao utilizador ouvir m\u00fasica e atender chamadas telef\u00f3nicas. Qualquer que seja a sua escolha, n\u00e3o ficar\u00e1 desiludido.<\/span><\/p>","protected":false},"featured_media":11387,"comment_status":"closed","ping_status":"closed","template":"","meta":[],"product_cat":[15,163],"product_tag":[],"class_list":{"0":"post-4034","1":"product","2":"type-product","3":"status-publish","4":"has-post-thumbnail","6":"product_brand-angry-stag","7":"product_cat-all-products","8":"product_cat-hearing-protection","9":"pa_85db-compression-yes","10":"pa_foldadable-yes","11":"pa_function-take-calls-play-music-with-local-sound-compression","12":"pa_gel-ear-cups-yes","13":"pa_hours-continuous-use-10ptt-140","14":"pa_instruction-manual-yes","15":"pa_local-sound-amplification-5x","16":"pa_mics-152","17":"pa_nrr-123","18":"pa_other-no","19":"pa_pod-battery-recharger-no","20":"pa_radio-input-jack-yes","21":"pa_reaction-time-1ms","22":"pa_rechargeable-yes","23":"pa_recovery-time-1ms","24":"pa_rubberized-soft-coating-yes","25":"pa_soft-case-yes","26":"pa_speakers-hd-sound-quality","27":"pa_special-feature-bt-5-3","28":"pa_usage-shooting-hunting-home-use","29":"pa_usb-c-charge-adapter-yes","31":"first","32":"instock","33":"featured","34":"taxable","35":"shipping-taxable","36":"purchasable","37":"product-type-simple"},"yoast_head":"<!-- This site is optimized with the Yoast SEO plugin v27.2 - https:\/\/yoast.com\/product\/yoast-seo-wordpress\/ -->\n<title>Tactical Bluetooth Protective Ear Muffs - Angry Stag<\/title>\n<meta name=\"robots\" content=\"index, follow, max-snippet:-1, max-image-preview:large, max-video-preview:-1\" \/>\n<link rel=\"canonical\" href=\"https:\/\/angrystag.com\/pt\/produto\/auriculares-de-protecao-bluetooth-tacticos\/\" \/>\n<meta property=\"og:locale\" content=\"pt_PT\" \/>\n<meta property=\"og:type\" content=\"article\" \/>\n<meta property=\"og:title\" content=\"Tactical Bluetooth Protective Ear Muffs - Angry Stag\" \/>\n<meta property=\"og:description\" content=\"Tactical BT - Angry Stag Headsets are designed from the ground up right here is the USA. All hearing protection has ultrafast compression of any sound over 85db and all have the minimum OSHA required 25NRR rating. All our headsets are designed for all day use and comfort and have rechargeable batteries, ultra padded headbands, soft rubberized luxury coating and Gel muffs, all standard. Have normal conversations, but when a shot is fired, you hear it at a safe 85db level.\u00a0 Tactical BT adds Bluetooth technology allowing the user to listen to music and take phone calls. Whichever you choose, you will not be disappointed.\" \/>\n<meta property=\"og:url\" content=\"https:\/\/angrystag.com\/pt\/produto\/auriculares-de-protecao-bluetooth-tacticos\/\" \/>\n<meta property=\"og:site_name\" content=\"Angry Stag\" \/>\n<meta property=\"article:publisher\" content=\"https:\/\/www.facebook.com\/profile.php?id=100083670355772&amp;mibextid=LQQJ4d\" \/>\n<meta property=\"article:modified_time\" content=\"2025-03-12T13:45:14+00:00\" \/>\n<meta property=\"og:image\" content=\"https:\/\/angrystag.com\/wp-content\/uploads\/2024\/10\/5.jpg\" \/>\n\t<meta property=\"og:image:width\" content=\"2000\" \/>\n\t<meta property=\"og:image:height\" content=\"2000\" \/>\n\t<meta property=\"og:image:type\" content=\"image\/jpeg\" \/>\n<meta name=\"twitter:card\" content=\"summary_large_image\" \/>\n<meta name=\"twitter:label1\" content=\"Est. reading time\" \/>\n\t<meta name=\"twitter:data1\" content=\"2 minutes\" \/>\n<script type=\"application\/ld+json\" class=\"yoast-schema-graph\">{\"@context\":\"https:\/\/schema.org\",\"@graph\":[{\"@type\":\"WebPage\",\"@id\":\"https:\/\/angrystag.com\/pt\/produto\/auriculares-de-protecao-bluetooth-tacticos\/\",\"url\":\"https:\/\/angrystag.com\/pt\/produto\/auriculares-de-protecao-bluetooth-tacticos\/\",\"name\":\"Tactical Bluetooth Protective Ear Muffs - Angry Stag\",\"isPartOf\":{\"@id\":\"https:\/\/angrystag.com\/#website\"},\"primaryImageOfPage\":{\"@id\":\"https:\/\/angrystag.com\/pt\/produto\/auriculares-de-protecao-bluetooth-tacticos\/#primaryimage\"},\"image\":{\"@id\":\"https:\/\/angrystag.com\/pt\/produto\/auriculares-de-protecao-bluetooth-tacticos\/#primaryimage\"},\"thumbnailUrl\":\"https:\/\/angrystag.com\/wp-content\/uploads\/2024\/10\/5.jpg\",\"datePublished\":\"2024-09-24T07:39:40+00:00\",\"dateModified\":\"2025-03-12T13:45:14+00:00\",\"breadcrumb\":{\"@id\":\"https:\/\/angrystag.com\/pt\/produto\/auriculares-de-protecao-bluetooth-tacticos\/#breadcrumb\"},\"inLanguage\":\"pt-PT\",\"potentialAction\":[{\"@type\":\"ReadAction\",\"target\":[\"https:\/\/angrystag.com\/pt\/produto\/auriculares-de-protecao-bluetooth-tacticos\/\"]}]},{\"@type\":\"ImageObject\",\"inLanguage\":\"pt-PT\",\"@id\":\"https:\/\/angrystag.com\/pt\/produto\/auriculares-de-protecao-bluetooth-tacticos\/#primaryimage\",\"url\":\"https:\/\/angrystag.com\/wp-content\/uploads\/2024\/10\/5.jpg\",\"contentUrl\":\"https:\/\/angrystag.com\/wp-content\/uploads\/2024\/10\/5.jpg\",\"width\":2000,\"height\":2000},{\"@type\":\"BreadcrumbList\",\"@id\":\"https:\/\/angrystag.com\/pt\/produto\/auriculares-de-protecao-bluetooth-tacticos\/#breadcrumb\",\"itemListElement\":[{\"@type\":\"ListItem\",\"position\":1,\"name\":\"Home\",\"item\":\"https:\/\/angrystag.com\/\"},{\"@type\":\"ListItem\",\"position\":2,\"name\":\"Shop\",\"item\":\"https:\/\/angrystag.com\/shop\/\"},{\"@type\":\"ListItem\",\"position\":3,\"name\":\"Tactical Bluetooth Protective Ear Muffs\"}]},{\"@type\":\"WebSite\",\"@id\":\"https:\/\/angrystag.com\/#website\",\"url\":\"https:\/\/angrystag.com\/\",\"name\":\"Angry Stag\",\"description\":\"Innovative &amp; Reliable Outdoor Products\",\"publisher\":{\"@id\":\"https:\/\/angrystag.com\/#organization\"},\"potentialAction\":[{\"@type\":\"SearchAction\",\"target\":{\"@type\":\"EntryPoint\",\"urlTemplate\":\"https:\/\/angrystag.com\/?s={search_term_string}\"},\"query-input\":{\"@type\":\"PropertyValueSpecification\",\"valueRequired\":true,\"valueName\":\"search_term_string\"}}],\"inLanguage\":\"pt-PT\"},{\"@type\":\"Organization\",\"@id\":\"https:\/\/angrystag.com\/#organization\",\"name\":\"Angry Stag\",\"url\":\"https:\/\/angrystag.com\/\",\"logo\":{\"@type\":\"ImageObject\",\"inLanguage\":\"pt-PT\",\"@id\":\"https:\/\/angrystag.com\/#\/schema\/logo\/image\/\",\"url\":\"https:\/\/angrystag.com\/wp-content\/uploads\/2024\/09\/Angry-Stag-Horizontal-Logo.png\",\"contentUrl\":\"https:\/\/angrystag.com\/wp-content\/uploads\/2024\/09\/Angry-Stag-Horizontal-Logo.png\",\"width\":800,\"height\":214,\"caption\":\"Angry Stag\"},\"image\":{\"@id\":\"https:\/\/angrystag.com\/#\/schema\/logo\/image\/\"},\"sameAs\":[\"https:\/\/www.facebook.com\/profile.php?id=100083670355772&mibextid=LQQJ4d\",\"https:\/\/www.instagram.com\/angrystagbrand\/\"]}]}<\/script>\n<!-- \/ Yoast SEO plugin. -->","yoast_head_json":{"title":"Protectores auriculares t\u00e1cticos Bluetooth - Angry Stag","robots":{"index":"index","follow":"follow","max-snippet":"max-snippet:-1","max-image-preview":"max-image-preview:large","max-video-preview":"max-video-preview:-1"},"canonical":"https:\/\/angrystag.com\/pt\/produto\/auriculares-de-protecao-bluetooth-tacticos\/","og_locale":"pt_PT","og_type":"article","og_title":"Tactical Bluetooth Protective Ear Muffs - Angry Stag","og_description":"Tactical BT - Angry Stag Headsets are designed from the ground up right here is the USA. All hearing protection has ultrafast compression of any sound over 85db and all have the minimum OSHA required 25NRR rating. All our headsets are designed for all day use and comfort and have rechargeable batteries, ultra padded headbands, soft rubberized luxury coating and Gel muffs, all standard. Have normal conversations, but when a shot is fired, you hear it at a safe 85db level.\u00a0 Tactical BT adds Bluetooth technology allowing the user to listen to music and take phone calls. Whichever you choose, you will not be disappointed.","og_url":"https:\/\/angrystag.com\/pt\/produto\/auriculares-de-protecao-bluetooth-tacticos\/","og_site_name":"Angry Stag","article_publisher":"https:\/\/www.facebook.com\/profile.php?id=100083670355772&mibextid=LQQJ4d","article_modified_time":"2025-03-12T13:45:14+00:00","og_image":[{"width":2000,"height":2000,"url":"https:\/\/angrystag.com\/wp-content\/uploads\/2024\/10\/5.jpg","type":"image\/jpeg"}],"twitter_card":"summary_large_image","twitter_misc":{"Est. reading time":"2 minutes"},"schema":{"@context":"https:\/\/schema.org","@graph":[{"@type":"WebPage","@id":"https:\/\/angrystag.com\/pt\/produto\/auriculares-de-protecao-bluetooth-tacticos\/","url":"https:\/\/angrystag.com\/pt\/produto\/auriculares-de-protecao-bluetooth-tacticos\/","name":"Protectores auriculares t\u00e1cticos Bluetooth - Angry Stag","isPartOf":{"@id":"https:\/\/angrystag.com\/#website"},"primaryImageOfPage":{"@id":"https:\/\/angrystag.com\/pt\/produto\/auriculares-de-protecao-bluetooth-tacticos\/#primaryimage"},"image":{"@id":"https:\/\/angrystag.com\/pt\/produto\/auriculares-de-protecao-bluetooth-tacticos\/#primaryimage"},"thumbnailUrl":"https:\/\/angrystag.com\/wp-content\/uploads\/2024\/10\/5.jpg","datePublished":"2024-09-24T07:39:40+00:00","dateModified":"2025-03-12T13:45:14+00:00","breadcrumb":{"@id":"https:\/\/angrystag.com\/pt\/produto\/auriculares-de-protecao-bluetooth-tacticos\/#breadcrumb"},"inLanguage":"pt-PT","potentialAction":[{"@type":"ReadAction","target":["https:\/\/angrystag.com\/pt\/produto\/auriculares-de-protecao-bluetooth-tacticos\/"]}]},{"@type":"ImageObject","inLanguage":"pt-PT","@id":"https:\/\/angrystag.com\/pt\/produto\/auriculares-de-protecao-bluetooth-tacticos\/#primaryimage","url":"https:\/\/angrystag.com\/wp-content\/uploads\/2024\/10\/5.jpg","contentUrl":"https:\/\/angrystag.com\/wp-content\/uploads\/2024\/10\/5.jpg","width":2000,"height":2000},{"@type":"BreadcrumbList","@id":"https:\/\/angrystag.com\/pt\/produto\/auriculares-de-protecao-bluetooth-tacticos\/#breadcrumb","itemListElement":[{"@type":"ListItem","position":1,"name":"Home","item":"https:\/\/angrystag.com\/"},{"@type":"ListItem","position":2,"name":"Shop","item":"https:\/\/angrystag.com\/shop\/"},{"@type":"ListItem","position":3,"name":"Tactical Bluetooth Protective Ear Muffs"}]},{"@type":"WebSite","@id":"https:\/\/angrystag.com\/#website","url":"https:\/\/angrystag.com\/","name":"Veado furioso","description":"Produtos inovadores e fi\u00e1veis para exteriores","publisher":{"@id":"https:\/\/angrystag.com\/#organization"},"potentialAction":[{"@type":"SearchAction","target":{"@type":"EntryPoint","urlTemplate":"https:\/\/angrystag.com\/?s={search_term_string}"},"query-input":{"@type":"PropertyValueSpecification","valueRequired":true,"valueName":"search_term_string"}}],"inLanguage":"pt-PT"},{"@type":"Organization","@id":"https:\/\/angrystag.com\/#organization","name":"Veado furioso","url":"https:\/\/angrystag.com\/","logo":{"@type":"ImageObject","inLanguage":"pt-PT","@id":"https:\/\/angrystag.com\/#\/schema\/logo\/image\/","url":"https:\/\/angrystag.com\/wp-content\/uploads\/2024\/09\/Angry-Stag-Horizontal-Logo.png","contentUrl":"https:\/\/angrystag.com\/wp-content\/uploads\/2024\/09\/Angry-Stag-Horizontal-Logo.png","width":800,"height":214,"caption":"Angry Stag"},"image":{"@id":"https:\/\/angrystag.com\/#\/schema\/logo\/image\/"},"sameAs":["https:\/\/www.facebook.com\/profile.php?id=100083670355772&mibextid=LQQJ4d","https:\/\/www.instagram.com\/angrystagbrand\/"]}]}},"_links":{"self":[{"href":"https:\/\/angrystag.com\/pt\/wp-json\/wp\/v2\/product\/4034","targetHints":{"allow":["GET"]}}],"collection":[{"href":"https:\/\/angrystag.com\/pt\/wp-json\/wp\/v2\/product"}],"about":[{"href":"https:\/\/angrystag.com\/pt\/wp-json\/wp\/v2\/types\/product"}],"replies":[{"embeddable":true,"href":"https:\/\/angrystag.com\/pt\/wp-json\/wp\/v2\/comments?post=4034"}],"wp:featuredmedia":[{"embeddable":true,"href":"https:\/\/angrystag.com\/pt\/wp-json\/wp\/v2\/media\/11387"}],"wp:attachment":[{"href":"https:\/\/angrystag.com\/pt\/wp-json\/wp\/v2\/media?parent=4034"}],"wp:term":[{"taxonomy":"product_cat","embeddable":true,"href":"https:\/\/angrystag.com\/pt\/wp-json\/wp\/v2\/product_cat?post=4034"},{"taxonomy":"product_tag","embeddable":true,"href":"https:\/\/angrystag.com\/pt\/wp-json\/wp\/v2\/product_tag?post=4034"}],"curies":[{"name":"wp","href":"https:\/\/api.w.org\/{rel}","templated":true}]}}