{"id":4100,"date":"2024-09-25T10:45:30","date_gmt":"2024-09-25T10:45:30","guid":{"rendered":"https:\/\/angrystag.com\/?post_type=product&#038;p=4100"},"modified":"2026-02-06T07:24:07","modified_gmt":"2026-02-06T07:24:07","slug":"termometro-as-640-50-trimode","status":"publish","type":"product","link":"https:\/\/angrystag.com\/pt\/product\/thermal-scope-as-640-50-trimode\/","title":{"rendered":"Term\u00f3metro AS-640-50 TriMode\u2122"},"content":{"rendered":"<p><span style=\"font-weight: 400;\">Apresentamos o term\u00f3metro AS640: Experimente o auge da imagem t\u00e9rmica com a nossa mais recente inova\u00e7\u00e3o. Este term\u00f3metro de vanguarda possui uma resolu\u00e7\u00e3o de sensor superior de 640\u00d7512, proporcionando uma nitidez e um detalhe inigual\u00e1veis. Com um tamanho de pixel de 12um e uma gama de lentes t\u00e9rmicas de 50 mm, este term\u00f3metro capta at\u00e9 as assinaturas de calor mais t\u00e9nues.<\/span><\/p>\n<p><span style=\"font-weight: 400;\">Concebida a pensar nos ca\u00e7adores, a mira t\u00e9rmica AS640 possui um campo de vis\u00e3o horizontal de 9 graus, uma taxa de atualiza\u00e7\u00e3o de 50 Hz e um vibrante ecr\u00e3 OLED de 1024\u00d7768. A montagem patenteada TriMode\u2122 assegura uma fixa\u00e7\u00e3o segura e vers\u00e1til, enquanto a tecnologia de bloqueio de alvo ThermaLoc\u2122 garante uma pontaria precisa.<\/span><\/p>\n<p><span style=\"font-weight: 400;\">Para maior comodidade, esta mira oferece actualiza\u00e7\u00f5es de firmware no terreno, um sensor de inclina\u00e7\u00e3o para poupan\u00e7a de energia, alinhamento de congelamento de uma s\u00f3 vez e uma vasta sele\u00e7\u00e3o de paletas de cores falsas e 5 ret\u00edculas multicoloridas. Constru\u00edda para suportar as condi\u00e7\u00f5es mais dif\u00edceis, foi testada para suportar 1000 G de for\u00e7a e tem uma garantia limitada de 3 anos.<\/span><\/p>\n<p><strong>Carater\u00edsticas<\/strong><\/p>\n<ul>\n<li><span data-sheets-root=\"1\">Capacidade de montagem em clipe ou em espingarda<\/span><\/li>\n<li><span data-sheets-root=\"1\">Focagem manual, op\u00e7\u00f5es de objectivas de 35 mm e 50 mm<\/span><\/li>\n<li><span data-sheets-root=\"1\">Micro-ecr\u00e3 OLED 720P<\/span><\/li>\n<li><span data-sheets-root=\"1\">Taxa de quadros de 50Hz<\/span><\/li>\n<li><span data-sheets-root=\"1\">NUC com e sem obturador<\/span><\/li>\n<li><span data-sheets-root=\"1\">7 realce de cores falsas<\/span><\/li>\n<li><span data-sheets-root=\"1\">Amplia\u00e7\u00e3o digital<\/span><\/li>\n<li><span data-sheets-root=\"1\">Bateria recarreg\u00e1vel com dura\u00e7\u00e3o de 8 horas<\/span><\/li>\n<li><span data-sheets-root=\"1\">Grava\u00e7\u00e3o pr\u00e9-evento, fotografias e v\u00eddeo com a fi\u00e1vel mem\u00f3ria Flash EMMC integrada<\/span><\/li>\n<li><span data-sheets-root=\"1\">Transmiss\u00e3o Wi-Fi<\/span><\/li>\n<li><span data-sheets-root=\"1\">Carregamento USB-C<\/span><\/li>\n<li><span data-sheets-root=\"1\">Op\u00e7\u00e3o de acess\u00f3rio de encaixe do tel\u00e9metro laser com c\u00e1lculos bal\u00edsticos<\/span><\/li>\n<li><span data-sheets-root=\"1\">Tecnologia de ponta, ultra-leve<\/span><\/li>\n<li>Caixa de alum\u00ednio de qualidade aeron\u00e1utica<\/li>\n<li><span data-sheets-root=\"1\">Poupan\u00e7a de energia com inclina\u00e7\u00e3o e desligamento autom\u00e1tico para aumentar a dura\u00e7\u00e3o da bateria<\/span><\/li>\n<li><span data-sheets-root=\"1\">O custo mais baixo do sector<\/span><\/li>\n<li><span data-sheets-root=\"1\">Fabricado nos EUA<\/span><\/li>\n<\/ul>\n<p><strong>Acess\u00f3rios<\/strong><\/p>\n<ul>\n<li><span data-sheets-root=\"1\">Mala de transporte<\/span><\/li>\n<li><span data-sheets-root=\"1\">Eyecup para mira telesc\u00f3pica de espingarda e clip-on<\/span><\/li>\n<li><span data-sheets-root=\"1\">Tampa da lente rebat\u00edvel<\/span><\/li>\n<li><span data-sheets-root=\"1\">Limpador de lentes em microfibra<\/span><\/li>\n<li><span data-sheets-root=\"1\">Manual do utilizador<\/span><\/li>\n<li><span data-sheets-root=\"1\">Livro de receitas de carne de porco (uma adi\u00e7\u00e3o \u00fanica e divertida!)<\/span><\/li>\n<li><span data-sheets-root=\"1\">Guia de in\u00edcio r\u00e1pido<\/span><\/li>\n<li><span data-sheets-root=\"1\">Alvos t\u00e9rmicos<\/span><\/li>\n<li><span data-sheets-root=\"1\">Adaptador de carregamento USB-C<\/span><\/li>\n<li><span data-sheets-root=\"1\">Cabo USB-C<\/span><\/li>\n<\/ul>\n<p><strong>Recursos<\/strong><\/p>\n<ul>\n<li><a href=\"https:\/\/angrystag.com\/wp-content\/uploads\/2025\/01\/SalesSheetScopes1-5-25sm.pdf\">Ver ficha de vendas<\/a><\/li>\n<li><a href=\"https:\/\/angrystag.com\/wp-content\/uploads\/2025\/07\/Scope_UserGuide7-14-253.pdf\">Ver manual do utilizador<\/a><\/li>\n<li><a href=\"https:\/\/angrystag.com\/wp-content\/uploads\/2024\/12\/Scope_Quickstart_12-3-24.pdf\">Ver Guia de in\u00edcio r\u00e1pido<\/a><\/li>\n<\/ul>\n<p><strong>Nome do produto<\/strong><\/p>\n<ul>\n<li>AS-640-50<\/li>\n<\/ul>","protected":false},"excerpt":{"rendered":"<p><span style=\"font-weight: 400;\">Experimente imagens t\u00e9rmicas de qualidade superior com este avan\u00e7ado videosc\u00f3pio que inclui um <\/span><span style=\"font-weight: 400;\">640&#215;512<\/span><span style=\"font-weight: 400;\"> sensor. Concebida para uma utiliza\u00e7\u00e3o vers\u00e1til, oferece a melhor imagem t\u00e9rmica da sua classe, focagem manual e uma objetiva de 50 mm. Equipado com um NUC sem obturador, melhoramento de cores falsas e amplia\u00e7\u00e3o digital, este videosc\u00f3pio oferece um desempenho excecional. Alimentado por uma bateria de longa dura\u00e7\u00e3o, fornece transmiss\u00e3o Wi-Fi e carregamento USB-C. O Thermal Scope AS640 \u00e9 constru\u00eddo com alum\u00ednio de aeronave dur\u00e1vel e oferece recursos como grava\u00e7\u00e3o pr\u00e9-evento, fotos e v\u00eddeo. Todos os escopos t\u00e9rmicos Angry Stag v\u00eam de f\u00e1brica com Trimode \u2122, permitindo o uso como um riflesc\u00f3pio, um clip-on ou um dispositivo port\u00e1til, e ThermaLoc \u2122 permitindo a ca\u00e7a e observa\u00e7\u00e3o diurna. Fabricado nos EUA, \u00e9 acess\u00edvel para ca\u00e7adores e entusiastas que procuram imagens t\u00e9rmicas de topo.<\/span><\/p>","protected":false},"featured_media":11588,"comment_status":"closed","ping_status":"closed","template":"","meta":[],"product_cat":[15,168,164],"product_tag":[246],"class_list":{"0":"post-4100","1":"product","2":"type-product","3":"status-publish","4":"has-post-thumbnail","6":"product_cat-all-products","7":"product_cat-scopes","8":"product_cat-thermal-scopes","9":"product_tag-640-50","10":"pa_1000gs-tested-yes","11":"pa_5-year-limited-warranty-yes","12":"pa_50hz-refresh-rate-yes","13":"pa_6-reticles-3-colors-yes","14":"pa_7-false-color-pallets-yes","15":"pa_accessories-carrying-case","16":"pa_accessories-eyecup-for-riflescope-and-clip-on","17":"pa_accessories-flip-up-lens-cover","18":"pa_accessories-microfiber-lens-cleaner","19":"pa_accessories-owners-manual","20":"pa_accessories-quickstart-guide","21":"pa_accessories-thermal-targets","22":"pa_accessories-usb-c-changing-adpater","23":"pa_accessories-usb-c-streaming-cable","24":"pa_field-firmware-update-no","25":"pa_horizontal-field-of-view-9-degrees","26":"pa_mk-75","27":"pa_oled-1024x768-yes","28":"pa_one-shot-freeze-alignment-yes","29":"pa_pixel-size-12um","30":"pa_sensor-resolution-640x512","31":"pa_thermal-lens-50mm","32":"pa_tilt-power-savings-yes","33":"pa_tilt-sensor-yes","34":"pa_trimode-mount-yes","36":"first","37":"instock","38":"taxable","39":"shipping-taxable","40":"purchasable","41":"product-type-simple"},"yoast_head":"<!-- This site is optimized with the Yoast SEO plugin v27.2 - https:\/\/yoast.com\/product\/yoast-seo-wordpress\/ -->\n<title>Thermal Scope AS-640-50 TriMode\u2122 - Angry Stag<\/title>\n<meta name=\"robots\" content=\"index, follow, max-snippet:-1, max-image-preview:large, max-video-preview:-1\" \/>\n<link rel=\"canonical\" href=\"https:\/\/angrystag.com\/pt\/produto\/termometro-as-640-50-trimode\/\" \/>\n<meta property=\"og:locale\" content=\"pt_PT\" \/>\n<meta property=\"og:type\" content=\"article\" \/>\n<meta property=\"og:title\" content=\"Thermal Scope AS-640-50 TriMode\u2122 - Angry Stag\" \/>\n<meta property=\"og:description\" content=\"Experience superior thermal imaging with this advanced scope featuring a 640x512 sensor. Designed for versatile use, it offers best-in-class thermal imaging, manual focus, and a 50mm lens. Equipped with a shutterless NUC, false color enhancement, and digital magnification, this scope delivers exceptional performance. Powered by a long-lasting battery, it provides Wi-Fi streaming and USB-C charging. The Thermal Scope AS640 is built with durable aircraft Aluminum and offers features like pre-event recording, stills, and video. All Angry Stag Thermal scopes come standard with Trimode\u2122 allowing for use as a riflescope, a clip-on, or a handheld, and ThermaLoc\u2122 allowing for daytime hunting and observing. Made in the USA, it\u2019s affordable for hunters and enthusiasts seeking top-tier thermal imaging.\" \/>\n<meta property=\"og:url\" content=\"https:\/\/angrystag.com\/pt\/produto\/termometro-as-640-50-trimode\/\" \/>\n<meta property=\"og:site_name\" content=\"Angry Stag\" \/>\n<meta property=\"article:publisher\" content=\"https:\/\/www.facebook.com\/profile.php?id=100083670355772&amp;mibextid=LQQJ4d\" \/>\n<meta property=\"article:modified_time\" content=\"2026-02-06T07:24:07+00:00\" \/>\n<meta property=\"og:image\" content=\"https:\/\/angrystag.com\/wp-content\/uploads\/2024\/10\/50mm-scope-scaled.jpg\" \/>\n\t<meta property=\"og:image:width\" content=\"2560\" \/>\n\t<meta property=\"og:image:height\" content=\"2560\" \/>\n\t<meta property=\"og:image:type\" content=\"image\/jpeg\" \/>\n<meta name=\"twitter:card\" content=\"summary_large_image\" \/>\n<meta name=\"twitter:label1\" content=\"Est. reading time\" \/>\n\t<meta name=\"twitter:data1\" content=\"2 minutes\" \/>\n<script type=\"application\/ld+json\" class=\"yoast-schema-graph\">{\"@context\":\"https:\/\/schema.org\",\"@graph\":[{\"@type\":\"WebPage\",\"@id\":\"https:\/\/angrystag.com\/product\/thermal-scope-as-640-50-trimode\/\",\"url\":\"https:\/\/angrystag.com\/product\/thermal-scope-as-640-50-trimode\/\",\"name\":\"Thermal Scope AS-640-50 TriMode\u2122 - Angry Stag\",\"isPartOf\":{\"@id\":\"https:\/\/angrystag.com\/#website\"},\"primaryImageOfPage\":{\"@id\":\"https:\/\/angrystag.com\/product\/thermal-scope-as-640-50-trimode\/#primaryimage\"},\"image\":{\"@id\":\"https:\/\/angrystag.com\/product\/thermal-scope-as-640-50-trimode\/#primaryimage\"},\"thumbnailUrl\":\"https:\/\/angrystag.com\/wp-content\/uploads\/2024\/10\/50mm-scope-scaled.jpg\",\"datePublished\":\"2024-09-25T10:45:30+00:00\",\"dateModified\":\"2026-02-06T07:24:07+00:00\",\"breadcrumb\":{\"@id\":\"https:\/\/angrystag.com\/product\/thermal-scope-as-640-50-trimode\/#breadcrumb\"},\"inLanguage\":\"pt-PT\",\"potentialAction\":[{\"@type\":\"ReadAction\",\"target\":[\"https:\/\/angrystag.com\/product\/thermal-scope-as-640-50-trimode\/\"]}]},{\"@type\":\"ImageObject\",\"inLanguage\":\"pt-PT\",\"@id\":\"https:\/\/angrystag.com\/product\/thermal-scope-as-640-50-trimode\/#primaryimage\",\"url\":\"https:\/\/angrystag.com\/wp-content\/uploads\/2024\/10\/50mm-scope-scaled.jpg\",\"contentUrl\":\"https:\/\/angrystag.com\/wp-content\/uploads\/2024\/10\/50mm-scope-scaled.jpg\",\"width\":2560,\"height\":2560,\"caption\":\"Thermal Scope AS-640-50 TriMode\u2122\"},{\"@type\":\"BreadcrumbList\",\"@id\":\"https:\/\/angrystag.com\/product\/thermal-scope-as-640-50-trimode\/#breadcrumb\",\"itemListElement\":[{\"@type\":\"ListItem\",\"position\":1,\"name\":\"Home\",\"item\":\"https:\/\/angrystag.com\/\"},{\"@type\":\"ListItem\",\"position\":2,\"name\":\"Shop\",\"item\":\"https:\/\/angrystag.com\/shop\/\"},{\"@type\":\"ListItem\",\"position\":3,\"name\":\"Thermal Scope AS-640-50 TriMode\u2122\"}]},{\"@type\":\"WebSite\",\"@id\":\"https:\/\/angrystag.com\/#website\",\"url\":\"https:\/\/angrystag.com\/\",\"name\":\"Angry Stag\",\"description\":\"Innovative &amp; Reliable Outdoor Products\",\"publisher\":{\"@id\":\"https:\/\/angrystag.com\/#organization\"},\"potentialAction\":[{\"@type\":\"SearchAction\",\"target\":{\"@type\":\"EntryPoint\",\"urlTemplate\":\"https:\/\/angrystag.com\/?s={search_term_string}\"},\"query-input\":{\"@type\":\"PropertyValueSpecification\",\"valueRequired\":true,\"valueName\":\"search_term_string\"}}],\"inLanguage\":\"pt-PT\"},{\"@type\":\"Organization\",\"@id\":\"https:\/\/angrystag.com\/#organization\",\"name\":\"Angry Stag\",\"url\":\"https:\/\/angrystag.com\/\",\"logo\":{\"@type\":\"ImageObject\",\"inLanguage\":\"pt-PT\",\"@id\":\"https:\/\/angrystag.com\/#\/schema\/logo\/image\/\",\"url\":\"https:\/\/angrystag.com\/wp-content\/uploads\/2024\/09\/Angry-Stag-Horizontal-Logo.png\",\"contentUrl\":\"https:\/\/angrystag.com\/wp-content\/uploads\/2024\/09\/Angry-Stag-Horizontal-Logo.png\",\"width\":800,\"height\":214,\"caption\":\"Angry Stag\"},\"image\":{\"@id\":\"https:\/\/angrystag.com\/#\/schema\/logo\/image\/\"},\"sameAs\":[\"https:\/\/www.facebook.com\/profile.php?id=100083670355772&mibextid=LQQJ4d\",\"https:\/\/www.instagram.com\/angrystagbrand\/\"]}]}<\/script>\n<!-- \/ Yoast SEO plugin. -->","yoast_head_json":{"title":"Mira t\u00e9rmica AS-640-50 TriMode\u2122 - Angry Stag","robots":{"index":"index","follow":"follow","max-snippet":"max-snippet:-1","max-image-preview":"max-image-preview:large","max-video-preview":"max-video-preview:-1"},"canonical":"https:\/\/angrystag.com\/pt\/produto\/termometro-as-640-50-trimode\/","og_locale":"pt_PT","og_type":"article","og_title":"Thermal Scope AS-640-50 TriMode\u2122 - Angry Stag","og_description":"Experience superior thermal imaging with this advanced scope featuring a 640x512 sensor. Designed for versatile use, it offers best-in-class thermal imaging, manual focus, and a 50mm lens. Equipped with a shutterless NUC, false color enhancement, and digital magnification, this scope delivers exceptional performance. Powered by a long-lasting battery, it provides Wi-Fi streaming and USB-C charging. The Thermal Scope AS640 is built with durable aircraft Aluminum and offers features like pre-event recording, stills, and video. All Angry Stag Thermal scopes come standard with Trimode\u2122 allowing for use as a riflescope, a clip-on, or a handheld, and ThermaLoc\u2122 allowing for daytime hunting and observing. Made in the USA, it\u2019s affordable for hunters and enthusiasts seeking top-tier thermal imaging.","og_url":"https:\/\/angrystag.com\/pt\/produto\/termometro-as-640-50-trimode\/","og_site_name":"Angry Stag","article_publisher":"https:\/\/www.facebook.com\/profile.php?id=100083670355772&mibextid=LQQJ4d","article_modified_time":"2026-02-06T07:24:07+00:00","og_image":[{"width":2560,"height":2560,"url":"https:\/\/angrystag.com\/wp-content\/uploads\/2024\/10\/50mm-scope-scaled.jpg","type":"image\/jpeg"}],"twitter_card":"summary_large_image","twitter_misc":{"Est. reading time":"2 minutes"},"schema":{"@context":"https:\/\/schema.org","@graph":[{"@type":"WebPage","@id":"https:\/\/angrystag.com\/product\/thermal-scope-as-640-50-trimode\/","url":"https:\/\/angrystag.com\/product\/thermal-scope-as-640-50-trimode\/","name":"Mira t\u00e9rmica AS-640-50 TriMode\u2122 - Angry Stag","isPartOf":{"@id":"https:\/\/angrystag.com\/#website"},"primaryImageOfPage":{"@id":"https:\/\/angrystag.com\/product\/thermal-scope-as-640-50-trimode\/#primaryimage"},"image":{"@id":"https:\/\/angrystag.com\/product\/thermal-scope-as-640-50-trimode\/#primaryimage"},"thumbnailUrl":"https:\/\/angrystag.com\/wp-content\/uploads\/2024\/10\/50mm-scope-scaled.jpg","datePublished":"2024-09-25T10:45:30+00:00","dateModified":"2026-02-06T07:24:07+00:00","breadcrumb":{"@id":"https:\/\/angrystag.com\/product\/thermal-scope-as-640-50-trimode\/#breadcrumb"},"inLanguage":"pt-PT","potentialAction":[{"@type":"ReadAction","target":["https:\/\/angrystag.com\/product\/thermal-scope-as-640-50-trimode\/"]}]},{"@type":"ImageObject","inLanguage":"pt-PT","@id":"https:\/\/angrystag.com\/product\/thermal-scope-as-640-50-trimode\/#primaryimage","url":"https:\/\/angrystag.com\/wp-content\/uploads\/2024\/10\/50mm-scope-scaled.jpg","contentUrl":"https:\/\/angrystag.com\/wp-content\/uploads\/2024\/10\/50mm-scope-scaled.jpg","width":2560,"height":2560,"caption":"Thermal Scope AS-640-50 TriMode\u2122"},{"@type":"BreadcrumbList","@id":"https:\/\/angrystag.com\/product\/thermal-scope-as-640-50-trimode\/#breadcrumb","itemListElement":[{"@type":"ListItem","position":1,"name":"Home","item":"https:\/\/angrystag.com\/"},{"@type":"ListItem","position":2,"name":"Shop","item":"https:\/\/angrystag.com\/shop\/"},{"@type":"ListItem","position":3,"name":"Thermal Scope AS-640-50 TriMode\u2122"}]},{"@type":"WebSite","@id":"https:\/\/angrystag.com\/#website","url":"https:\/\/angrystag.com\/","name":"Veado furioso","description":"Produtos inovadores e fi\u00e1veis para exteriores","publisher":{"@id":"https:\/\/angrystag.com\/#organization"},"potentialAction":[{"@type":"SearchAction","target":{"@type":"EntryPoint","urlTemplate":"https:\/\/angrystag.com\/?s={search_term_string}"},"query-input":{"@type":"PropertyValueSpecification","valueRequired":true,"valueName":"search_term_string"}}],"inLanguage":"pt-PT"},{"@type":"Organization","@id":"https:\/\/angrystag.com\/#organization","name":"Veado furioso","url":"https:\/\/angrystag.com\/","logo":{"@type":"ImageObject","inLanguage":"pt-PT","@id":"https:\/\/angrystag.com\/#\/schema\/logo\/image\/","url":"https:\/\/angrystag.com\/wp-content\/uploads\/2024\/09\/Angry-Stag-Horizontal-Logo.png","contentUrl":"https:\/\/angrystag.com\/wp-content\/uploads\/2024\/09\/Angry-Stag-Horizontal-Logo.png","width":800,"height":214,"caption":"Angry Stag"},"image":{"@id":"https:\/\/angrystag.com\/#\/schema\/logo\/image\/"},"sameAs":["https:\/\/www.facebook.com\/profile.php?id=100083670355772&mibextid=LQQJ4d","https:\/\/www.instagram.com\/angrystagbrand\/"]}]}},"_links":{"self":[{"href":"https:\/\/angrystag.com\/pt\/wp-json\/wp\/v2\/product\/4100","targetHints":{"allow":["GET"]}}],"collection":[{"href":"https:\/\/angrystag.com\/pt\/wp-json\/wp\/v2\/product"}],"about":[{"href":"https:\/\/angrystag.com\/pt\/wp-json\/wp\/v2\/types\/product"}],"replies":[{"embeddable":true,"href":"https:\/\/angrystag.com\/pt\/wp-json\/wp\/v2\/comments?post=4100"}],"wp:featuredmedia":[{"embeddable":true,"href":"https:\/\/angrystag.com\/pt\/wp-json\/wp\/v2\/media\/11588"}],"wp:attachment":[{"href":"https:\/\/angrystag.com\/pt\/wp-json\/wp\/v2\/media?parent=4100"}],"wp:term":[{"taxonomy":"product_cat","embeddable":true,"href":"https:\/\/angrystag.com\/pt\/wp-json\/wp\/v2\/product_cat?post=4100"},{"taxonomy":"product_tag","embeddable":true,"href":"https:\/\/angrystag.com\/pt\/wp-json\/wp\/v2\/product_tag?post=4100"}],"curies":[{"name":"wp","href":"https:\/\/api.w.org\/{rel}","templated":true}]}}